{"id":79290,"date":"2025-07-14T15:37:47","date_gmt":"2025-07-14T12:37:47","guid":{"rendered":"https:\/\/demo8.ecube.lv\/sezona.lv\/products\/bresser-juniors-6x21-kompakts-kabatas-binoklis-berniem\/"},"modified":"2025-07-14T15:37:47","modified_gmt":"2025-07-14T12:37:47","slug":"bresser-juniors-6x21-kompakts-kabatas-binoklis-berniem","status":"publish","type":"product","link":"https:\/\/sezona.lv\/en\/products\/bresser-juniors-6x21-kompakts-kabatas-binoklis-berniem\/","title":{"rendered":"Bresser Juniors 6&#215;21 Kompakts Kabatas Binoklis B\u0113rniem"},"content":{"rendered":"<p><span style=\"font-size: 12pt;font-weight: bold;color: #444444\">Kompakts  b\u0113rnu binoklis ar 6 rei\u017eu palielin\u0101jumu un 21mm l\u0113cu diametru.  Piem\u0113rots b\u0113rniem no 6 gadu vecuma. Binoklim ir centr\u0101l\u0101 fokus\u0113&scaron;ana.<\/span><\/p>\n<p>&nbsp;<\/p>\n<table style=\"font-size: 10pt;width: 0px;border: none\" dir=\"ltr\" border=\"1\" cellspacing=\"0\" cellpadding=\"0\">\n<colgroup>\n<col width=\"131\"><\/col>\n<col width=\"328\"><\/col>\n<\/colgroup>\n<tbody>\n<tr style=\"height: 21px\">\n<td style=\"border-color: #000000;overflow: hidden;padding: 2px 3px;vertical-align: top;font-size: 9pt;font-weight: bold;color: #222222;text-align: center\" colspan=\"2\"><span>Specifik\u0101cija<\/span><\/td>\n<\/tr>\n<tr style=\"height: 21px\">\n<td style=\"border-right-color: #000000;border-bottom-color: #000000;border-left-color: #000000;overflow: hidden;padding: 2px 3px;vertical-align: top;font-size: 9pt;color: #222222;text-align: center\"><span>Aplik\u0101cija<\/span><\/td>\n<td style=\"border-right-color: #000000;border-bottom-color: #000000;overflow: hidden;padding: 2px 3px;vertical-align: top;font-size: 9pt;color: #222222;text-align: center\"><span>Putnu v\u0113ro&scaron;ana un dabas nov\u0113ro&scaron;ana Ce\u013co&scaron;ana un sports<\/span><\/td>\n<\/tr>\n<tr style=\"height: 52px\">\n<td style=\"border-right-color: #000000;border-bottom-color: #000000;border-left-color: #000000;overflow: hidden;padding: 2px 3px;vertical-align: top;font-size: 9pt;color: #222222;text-align: center\"><span>Fokus\u0113&scaron;anas sist\u0113ma<\/span><\/td>\n<td style=\"border-right-color: #000000;border-bottom-color: #000000;overflow: hidden;padding: 2px 3px;vertical-align: top;font-size: 9pt;color: #222222;text-align: center\"><span>Centr\u0101lais fokusa ritenis<\/span><\/td>\n<\/tr>\n<tr style=\"height: 21px\">\n<td style=\"border-right-color: #000000;border-bottom-color: #000000;border-left-color: #000000;overflow: hidden;padding: 2px 3px;vertical-align: top;font-size: 9pt;color: #222222;text-align: center\"><span>Izm\u0113ri<\/span><\/td>\n<td style=\"border-right-color: #000000;border-bottom-color: #000000;overflow: hidden;padding: 2px 3px;vertical-align: top;font-size: 9pt;color: #222222;text-align: center\"><span>110 x 90 x 35 mm 177g<\/span><\/td>\n<\/tr>\n<tr style=\"height: 21px\">\n<td style=\"border-right-color: #000000;border-bottom-color: #000000;border-left-color: #000000;overflow: hidden;padding: 2px 3px;vertical-align: top;font-size: 9pt;color: #222222;text-align: center\"><span>m\u0113r\u0137a diametrs<\/span><\/td>\n<td style=\"border-right-color: #000000;border-bottom-color: #000000;overflow: hidden;padding: 2px 3px;vertical-align: top;font-size: 9pt;color: #222222;text-align: center\"><span>21 mm<\/span><\/td>\n<\/tr>\n<tr style=\"height: 21px\">\n<td style=\"border-right-color: #000000;border-bottom-color: #000000;border-left-color: #000000;overflow: hidden;padding: 2px 3px;vertical-align: top;font-size: 9pt;color: #222222;text-align: center\"><span>Okul\u0101ri<\/span><\/td>\n<td style=\"border-right-color: #000000;border-bottom-color: #000000;overflow: hidden;padding: 2px 3px;vertical-align: top;font-size: 9pt;color: #222222;text-align: center\"><span>Gumijas eyecups, salok\u0101mas<\/span><\/td>\n<\/tr>\n<tr style=\"height: 21px\">\n<td style=\"border-right-color: #000000;border-bottom-color: #000000;border-left-color: #000000;overflow: hidden;padding: 2px 3px;vertical-align: top;font-size: 9pt;color: #222222;text-align: center\"><span>Optiskais dizains<\/span><\/td>\n<td style=\"border-right-color: #000000;border-bottom-color: #000000;overflow: hidden;padding: 2px 3px;vertical-align: top;font-size: 9pt;color: #222222;text-align: center\"><span>Roof<\/span><\/td>\n<\/tr>\n<tr style=\"height: 21px\">\n<td style=\"border-right-color: #000000;border-bottom-color: #000000;border-left-color: #000000;overflow: hidden;padding: 2px 3px;vertical-align: top;font-size: 9pt;color: #222222;text-align: center\"><span>Palielin\u0101jums<\/span><\/td>\n<td style=\"border-right-color: #000000;border-bottom-color: #000000;overflow: hidden;padding: 2px 3px;vertical-align: top;font-size: 9pt;color: #222222;text-align: center\"><span>6<\/span><\/td>\n<\/tr>\n<\/tbody>\n<\/table>\n<p><span><br \/><\/span><\/p>\n<p style=\"line-height: 1.38;margin-top: 0pt;margin-bottom: 0pt\" dir=\"ltr\"><span style=\"font-size: 11pt;color: #212121;background-color: #ffffff;font-weight: 400;font-style: normal;text-decoration: none;vertical-align: baseline\">&Scaron;ie binok\u013ci \u013cauj, jums redz\u0113t visu ar 6 reizes palielin\u0101jumu. Tie ir triecieniztur\u012bgi, un pateicoties gumijotai virsmai, neizsl\u012bd\u0113s no rokas! Ir ar\u012b soma, ko varat piestiprin\u0101t pie j\u016bsu jostas.<\/span><\/p>\n<p style=\"line-height: 1.38;margin-top: 0pt;margin-bottom: 0pt\" dir=\"ltr\"><span style=\"font-size: 11pt;color: #212121;background-color: #ffffff;font-weight: 400;font-style: normal;text-decoration: none;vertical-align: baseline\"> <\/span><\/p>\n<p style=\"line-height: 1.38;margin-top: 0pt;margin-bottom: 0pt\" dir=\"ltr\"><span><span style=\"font-size: 11pt;color: #212121;background-color: #ffffff;font-weight: 400;font-style: normal;text-decoration: none;vertical-align: baseline\"> &nbsp;&nbsp;&nbsp;&nbsp;&nbsp;&nbsp;&nbsp;&nbsp;&nbsp;&nbsp;&nbsp;&nbsp;&nbsp;&nbsp;&nbsp;<\/span><span style=\"font-size: 11pt;color: #212121;background-color: #ffffff;font-weight: 400;font-style: normal;text-decoration: none;vertical-align: baseline\"><span class=\"Apple-tab-span\"> <\/span><\/span><span style=\"font-size: 11pt;color: #212121;background-color: #ffffff;font-weight: 400;font-style: normal;text-decoration: none;vertical-align: baseline\">Centr\u0101l\u0101 Rite\u0146a Fokus\u0113&scaron;ana<\/span><\/span><\/p>\n<p style=\"line-height: 1.38;margin-top: 0pt;margin-bottom: 0pt\" dir=\"ltr\"><span><span style=\"font-size: 11pt;color: #212121;background-color: #ffffff;font-weight: 400;font-style: normal;text-decoration: none;vertical-align: baseline\"> &nbsp;&nbsp;&nbsp;&nbsp;&nbsp;&nbsp;&nbsp;&nbsp;&nbsp;&nbsp;&nbsp;&nbsp;&nbsp;&nbsp;&nbsp;<\/span><span style=\"font-size: 11pt;color: #212121;background-color: #ffffff;font-weight: 400;font-style: normal;text-decoration: none;vertical-align: baseline\"><span class=\"Apple-tab-span\"> <\/span><\/span><span style=\"font-size: 11pt;color: #212121;background-color: #ffffff;font-weight: 400;font-style: normal;text-decoration: none;vertical-align: baseline\">Saliekams &nbsp;Okul\u0101rs &ndash; Bri\u013c\u013cu \u012bpa&scaron;niekiem<\/span><\/span><\/p>\n<p style=\"line-height: 1.38;margin-top: 0pt;margin-bottom: 0pt\" dir=\"ltr\"><span><span style=\"font-size: 11pt;color: #212121;background-color: #ffffff;font-weight: 400;font-style: normal;text-decoration: none;vertical-align: baseline\"> &nbsp;&nbsp;&nbsp;&nbsp;&nbsp;&nbsp;&nbsp;&nbsp;&nbsp;&nbsp;&nbsp;&nbsp;&nbsp;&nbsp;&nbsp;<\/span><span style=\"font-size: 11pt;color: #212121;background-color: #ffffff;font-weight: 400;font-style: normal;text-decoration: none;vertical-align: baseline\"><span class=\"Apple-tab-span\"> <\/span><\/span><span style=\"font-size: 11pt;color: #212121;background-color: #ffffff;font-weight: 400;font-style: normal;text-decoration: none;vertical-align: baseline\">Dioptrijas Regul\u0113&scaron;\u0101na<\/span><\/span><\/p>\n<p style=\"line-height: 1.38;margin-top: 0pt;margin-bottom: 0pt\" dir=\"ltr\"><span><span style=\"font-size: 11pt;color: #212121;background-color: #ffffff;font-weight: 400;font-style: normal;text-decoration: none;vertical-align: baseline\"> &nbsp;&nbsp;&nbsp;&nbsp;&nbsp;&nbsp;&nbsp;&nbsp;&nbsp;&nbsp;&nbsp;&nbsp;&nbsp;&nbsp;&nbsp;<\/span><span style=\"font-size: 11pt;color: #212121;background-color: #ffffff;font-weight: 400;font-style: normal;text-decoration: none;vertical-align: baseline\"><span class=\"Apple-tab-span\"> <\/span><\/span><span style=\"font-size: 11pt;color: #212121;background-color: #ffffff;font-weight: 400;font-style: normal;text-decoration: none;vertical-align: baseline\">Regul\u0113jama starpst\u016bra att\u0101lums<\/span><\/span><\/p>\n<p style=\"line-height: 1.38;margin-top: 0pt;margin-bottom: 0pt\" dir=\"ltr\"><span style=\"font-size: 11pt;color: #212121;background-color: #ffffff;font-weight: 400;font-style: normal;text-decoration: none;vertical-align: baseline\"> <\/span><\/p>\n<p style=\"line-height: 1.38;margin-top: 0pt;margin-bottom: 0pt\" dir=\"ltr\"><span style=\"font-size: 11pt;color: #212121;background-color: #ffffff;font-weight: 700;font-style: normal;text-decoration: none;vertical-align: baseline\">Komplekt\u0101 ietilpst:<\/span><\/p>\n<p style=\"line-height: 1.38;margin-top: 0pt;margin-bottom: 0pt;margin-left: 36pt;text-indent: -18pt;padding: 0pt 0pt 0pt 18pt\" dir=\"ltr\"><span><span style=\"font-size: 11pt;color: #212121;background-color: #ffffff;font-weight: 400;font-style: normal;text-decoration: none;vertical-align: baseline\">1.<\/span><span style=\"font-size: 7pt;color: #212121;background-color: #ffffff;font-weight: 400;font-style: normal;text-decoration: none;vertical-align: baseline\"> &nbsp;&nbsp;<\/span><span style=\"font-size: 7pt;color: #212121;background-color: #ffffff;font-weight: 400;font-style: normal;text-decoration: none;vertical-align: baseline\"><span class=\"Apple-tab-span\"> <\/span><\/span><span style=\"font-size: 11pt;color: #212121;background-color: #ffffff;font-weight: 400;font-style: normal;text-decoration: none;vertical-align: baseline\">Binoklis<\/span><\/span><\/p>\n<p style=\"line-height: 1.38;margin-top: 0pt;margin-bottom: 0pt;margin-left: 36pt;text-indent: -18pt;padding: 0pt 0pt 0pt 18pt\" dir=\"ltr\"><span><span style=\"font-size: 11pt;color: #212121;background-color: #ffffff;font-weight: 400;font-style: normal;text-decoration: none;vertical-align: baseline\">2.<\/span><span style=\"font-size: 7pt;color: #212121;background-color: #ffffff;font-weight: 400;font-style: normal;text-decoration: none;vertical-align: baseline\"> &nbsp;&nbsp;<\/span><span style=\"font-size: 7pt;color: #212121;background-color: #ffffff;font-weight: 400;font-style: normal;text-decoration: none;vertical-align: baseline\"><span class=\"Apple-tab-span\"> <\/span><\/span><span style=\"font-size: 11pt;color: #212121;background-color: #ffffff;font-weight: 400;font-style: normal;text-decoration: none;vertical-align: baseline\">Rokas siksna<\/span><\/span><\/p>\n<p style=\"line-height: 1.38;margin-top: 0pt;margin-bottom: 0pt;margin-left: 36pt;text-indent: -18pt;padding: 0pt 0pt 0pt 18pt\" dir=\"ltr\"><span><span style=\"font-size: 11pt;color: #212121;background-color: #ffffff;font-weight: 400;font-style: normal;text-decoration: none;vertical-align: baseline\">3.<\/span><span style=\"font-size: 7pt;color: #212121;background-color: #ffffff;font-weight: 400;font-style: normal;text-decoration: none;vertical-align: baseline\"> &nbsp;&nbsp;<\/span><span style=\"font-size: 7pt;color: #212121;background-color: #ffffff;font-weight: 400;font-style: normal;text-decoration: none;vertical-align: baseline\"><span class=\"Apple-tab-span\"> <\/span><\/span><span style=\"font-size: 11pt;color: #212121;background-color: #ffffff;font-weight: 400;font-style: normal;text-decoration: none;vertical-align: baseline\">Soma<\/span><\/span><\/p>\n<p style=\"line-height: 1.38;margin-top: 0pt;margin-bottom: 0pt;margin-left: 36pt;text-indent: -18pt;padding: 0pt 0pt 0pt 18pt\" dir=\"ltr\"><span><span style=\"font-size: 11pt;color: #212121;background-color: #ffffff;font-weight: 400;font-style: normal;text-decoration: none;vertical-align: baseline\">4.<\/span><span style=\"font-size: 7pt;color: #212121;background-color: #ffffff;font-weight: 400;font-style: normal;text-decoration: none;vertical-align: baseline\"> &nbsp;&nbsp;<\/span><span style=\"font-size: 7pt;color: #212121;background-color: #ffffff;font-weight: 400;font-style: normal;text-decoration: none;vertical-align: baseline\"><span class=\"Apple-tab-span\"> <\/span><\/span><span style=\"font-size: 11pt;color: #212121;background-color: #ffffff;font-weight: 400;font-style: normal;text-decoration: none;vertical-align: baseline\">L\u0113cas, t\u012bram\u0101 lupati\u0146\u0101<\/span><\/span><\/p>\n<p>&nbsp;<\/p>\n<p style=\"line-height: 1.38;margin-top: 0pt;margin-bottom: 0pt;margin-left: 36pt;text-indent: -18pt;padding: 0pt 0pt 0pt 18pt\" dir=\"ltr\"><span><span style=\"font-size: 11pt;color: #212121;background-color: #ffffff;font-weight: 400;font-style: normal;text-decoration: none;vertical-align: baseline\">5.<\/span><span style=\"font-size: 7pt;color: #212121;background-color: #ffffff;font-weight: 400;font-style: normal;text-decoration: none;vertical-align: baseline\"> &nbsp;&nbsp;<\/span><span style=\"font-size: 7pt;color: #212121;background-color: #ffffff;font-weight: 400;font-style: normal;text-decoration: none;vertical-align: baseline\"><span class=\"Apple-tab-span\"> <\/span><\/span><span style=\"font-size: 11pt;color: #212121;background-color: #ffffff;font-weight: 400;font-style: normal;text-decoration: none;vertical-align: baseline\">Rokasgr\u0101mata<\/span><\/span><\/p>\n<p style=\"line-height: 1.38;margin-top: 0pt;margin-bottom: 0pt;margin-left: 36pt;text-indent: -18pt;padding: 0pt 0pt 0pt 18pt\" dir=\"ltr\">&nbsp;<\/p>\n<table class=\"table table-bordered\" border=\"0\">\n<thead>\n<tr>\n<td colspan=\"2\"><strong>Atrib\u016bti<\/strong><\/td>\n<\/tr>\n<\/thead>\n<tbody>\n<tr>\n<td>Aplik\u0101cija<\/td>\n<td>Putnu v\u0113ro&scaron;ana un dabas nov\u0113ro&scaron;ana Ce\u013co&scaron;ana un sports<\/td>\n<\/tr>\n<tr>\n<td>Fokus\u0113&scaron;anas sist\u0113ma<\/td>\n<td>Centr\u0101lais fokusa ritenis<\/td>\n<\/tr>\n<tr>\n<td>Izm\u0113ri<\/td>\n<td>110 x 90 x 35 mm  177g<\/td>\n<\/tr>\n<tr>\n<td>m\u0113r\u0137a diametrs<\/td>\n<td>21 mm<\/td>\n<\/tr>\n<tr>\n<td>Okul\u0101ri<\/td>\n<td>Gumijas eyecups, salok\u0101mas<\/td>\n<\/tr>\n<tr>\n<td>Optiskais dizains<\/td>\n<td>Roof<\/td>\n<\/tr>\n<tr>\n<td>Palielin\u0101jums<\/td>\n<td>6<\/td>\n<\/tr>\n<\/tbody>\n<\/table>\n<p style=\"line-height: 1.38;margin-top: 0pt;margin-bottom: 0pt;margin-left: 36pt;text-indent: -18pt;padding: 0pt 0pt 0pt 18pt\" dir=\"ltr\"><span><span style=\"font-size: 11pt;color: #212121;background-color: #ffffff;font-weight: 400;font-style: normal;text-decoration: none;vertical-align: baseline\"><\/span><\/span><\/p>\n","protected":false},"excerpt":{"rendered":"<p>Kompakts b\u0113rnu binoklis ar 6 rei\u017eu palielin\u0101jumu un 21mm l\u0113cu diametru. Piem\u0113rots b\u0113rniem no 6 gadu vecuma. Binoklim ir centr\u0101l\u0101 fokus\u0113&scaron;ana. &nbsp; Specifik\u0101cija Aplik\u0101cija Putnu v\u0113ro&scaron;ana un dabas nov\u0113ro&scaron;ana Ce\u013co&scaron;ana un sports Fokus\u0113&scaron;anas sist\u0113ma Centr\u0101lais fokusa ritenis Izm\u0113ri 110 x 90 x 35 mm 177g m\u0113r\u0137a diametrs 21 mm Okul\u0101ri Gumijas eyecups, salok\u0101mas Optiskais dizains [&hellip;]<\/p>\n","protected":false},"featured_media":0,"template":"","meta":[],"product_brand":[],"product_cat":[4640,4938,4939],"product_tag":[],"class_list":{"0":"post-79290","1":"product","2":"type-product","3":"status-publish","5":"product_cat-recreation","6":"product_cat-optics-recreation","7":"product_cat-binoculars-optics-recreation","9":"first","10":"instock","11":"shipping-taxable","12":"purchasable","13":"product-type-simple"},"_links":{"self":[{"href":"https:\/\/sezona.lv\/en\/wp-json\/wp\/v2\/product\/79290","targetHints":{"allow":["GET"]}}],"collection":[{"href":"https:\/\/sezona.lv\/en\/wp-json\/wp\/v2\/product"}],"about":[{"href":"https:\/\/sezona.lv\/en\/wp-json\/wp\/v2\/types\/product"}],"wp:attachment":[{"href":"https:\/\/sezona.lv\/en\/wp-json\/wp\/v2\/media?parent=79290"}],"wp:term":[{"taxonomy":"product_brand","embeddable":true,"href":"https:\/\/sezona.lv\/en\/wp-json\/wp\/v2\/product_brand?post=79290"},{"taxonomy":"product_cat","embeddable":true,"href":"https:\/\/sezona.lv\/en\/wp-json\/wp\/v2\/product_cat?post=79290"},{"taxonomy":"product_tag","embeddable":true,"href":"https:\/\/sezona.lv\/en\/wp-json\/wp\/v2\/product_tag?post=79290"}],"curies":[{"name":"wp","href":"https:\/\/api.w.org\/{rel}","templated":true}]}}