{"id":79291,"date":"2025-07-14T15:37:48","date_gmt":"2025-07-14T12:37:48","guid":{"rendered":"https:\/\/demo8.ecube.lv\/sezona.lv\/products\/bresser-national-geographic-plus-8x32-talskatis-teleskops-berniem\/"},"modified":"2025-07-14T15:37:48","modified_gmt":"2025-07-14T12:37:48","slug":"bresser-national-geographic-plus-8x32-talskatis-teleskops-berniem","status":"publish","type":"product","link":"https:\/\/sezona.lv\/en\/products\/bresser-national-geographic-plus-8x32-talskatis-teleskops-berniem\/","title":{"rendered":"Bresser National Geographic Plus 8&#215;32 T\u0101lskatis &amp; Teleskops B\u0113rniem"},"content":{"rendered":"<p><span style=\"color: #000000;, Helvetica, Arial, sans-serif;font-size: 14px\">B\u0113rnu  T\u0101lskatis &amp; Teleskops ar 8 rei\u017eu palielin\u0101jumu un 32 mm l\u0113cu  diametru. Objekt\u012bvi izgatavoti no optisk\u0101s plastmasas Roof tipa prizm\u0101m.  Meln\u0101 kr\u0101s\u0101 un ieteicams no 3 gadu vecuma.<\/span><\/p>\n<p><br style=\"color: #000000;, Helvetica, Arial, sans-serif;font-size: 14px\" \/><span style=\"font-weight: 700;color: #000000;, Helvetica, Arial, sans-serif;font-size: 14px\">Funkcijas<\/span><\/p>\n<p><span style=\"color: #000000;, Helvetica, Arial, sans-serif;font-size: 14px\">Izvelkams t\u0101lskatis b\u0113rniem<\/span><\/p>\n<p><span style=\"color: #000000;, Helvetica, Arial, sans-serif;font-size: 14px\">palielin\u0101jums: 8x<\/span><\/p>\n<p><span style=\"color: #000000;, Helvetica, Arial, sans-serif;font-size: 14px\">optisk\u0101 sist\u0113ma: Roof<\/span><\/p>\n<p><span style=\"color: #000000;, Helvetica, Arial, sans-serif;font-size: 14px\">sver tikai aptuveni 100 g<\/span><\/p>\n<p><span style=\"color: #000000;, Helvetica, Arial, sans-serif;font-size: 14px\"><br \/><\/span><\/p>\n<p>&nbsp;<\/p>\n<table style=\"background-color: #ffffff;font-size: 13px;font-family: arial, sans, sans-serif;border: none\" dir=\"ltr\" border=\"1\" cellspacing=\"0\" cellpadding=\"0\">\n<colgroup>\n<col width=\"268\"><\/col>\n<col width=\"57\"><\/col>\n<\/colgroup>\n<tbody>\n<tr style=\"height: 21px\">\n<td style=\"padding: 2px 3px;border: 1px solid #000000;font-family: Arial;font-size: 18.2px;color: #808080;vertical-align: middle;text-align: center\" colspan=\"2\"><span style=\"font-weight: bold\">Tehnisk\u0101 inform\u0101cija<\/span><\/td>\n<\/tr>\n<tr style=\"height: 21px\">\n<td style=\"padding: 2px 3px;font-family: Arial;font-size: 14.3px;font-weight: bold;color: #000000;vertical-align: middle;text-align: center;border: 1px solid #cccccc #000000 #000000\" colspan=\"2\">Optisk\u0101 specifik\u0101cija<\/td>\n<\/tr>\n<tr style=\"height: 21px\">\n<td style=\"padding: 2px 3px;font-family: Arial;font-size: 14.3px;color: #000000;vertical-align: middle;text-align: center;border: 1px solid #cccccc #000000 #000000\">Optiskais Dizains<\/td>\n<td style=\"padding: 2px 3px;font-family: Arial;font-size: 14.3px;color: #000000;vertical-align: middle;text-align: center;border: 1px solid #cccccc #000000 #000000 #cccccc\">Roof<\/td>\n<\/tr>\n<tr style=\"height: 21px\">\n<td style=\"padding: 2px 3px;font-family: Arial;font-size: 14.3px;color: #000000;vertical-align: middle;text-align: center;border: 1px solid #cccccc #000000 #000000\">Palielin\u0101jums<\/td>\n<td style=\"padding: 2px 3px;font-family: Arial;font-size: 14.3px;color: #000000;vertical-align: middle;text-align: center;border: 1px solid #cccccc #000000 #000000 #cccccc\">8 fixed<\/td>\n<\/tr>\n<tr style=\"height: 21px\">\n<td style=\"padding: 2px 3px;font-family: Arial;font-size: 14.3px;color: #000000;vertical-align: middle;text-align: center;border: 1px solid #cccccc #000000 #000000\">Objekt\u012bva Diametrs<\/td>\n<td style=\"padding: 2px 3px;font-family: Arial;font-size: 14.3px;color: #000000;vertical-align: middle;text-align: center;border: 1px solid #cccccc #000000 #000000 #cccccc\">32 mm<\/td>\n<\/tr>\n<tr style=\"height: 21px\">\n<td style=\"padding: 2px 3px;font-family: Arial;font-size: 14.3px;color: #000000;vertical-align: middle;text-align: center;border: 1px solid #cccccc #000000 #000000\">Exit pupil up max.<\/td>\n<td style=\"padding: 2px 3px;font-family: Arial;font-size: 14.3px;color: #000000;vertical-align: middle;text-align: center;border: 1px solid #cccccc #000000 #000000 #cccccc\">4 mm<\/td>\n<\/tr>\n<tr style=\"height: 21px\">\n<td style=\"padding: 2px 3px;font-family: Arial;font-size: 14.3px;color: #000000;vertical-align: middle;text-align: center;border: 1px solid #cccccc #000000 #000000\">Field of view at 1000m7<\/td>\n<td style=\"padding: 2px 3px;font-family: Arial;font-size: 14.3px;color: #000000;vertical-align: middle;text-align: center;border: 1px solid #cccccc #000000 #000000 #cccccc\">85 m<\/td>\n<\/tr>\n<tr style=\"height: 21px\">\n<td style=\"padding: 2px 3px;font-family: Arial;font-size: 14.3px;font-weight: bold;color: #000000;vertical-align: middle;text-align: center;border: 1px solid #cccccc #000000 #000000\" colspan=\"2\">Specifik\u0101cija<\/td>\n<\/tr>\n<tr style=\"height: 21px\">\n<td style=\"padding: 2px 3px;font-family: Arial;font-size: 14.3px;color: #000000;vertical-align: middle;text-align: center;border: 1px solid #cccccc #000000 #000000\">Kr\u0101sa<\/td>\n<td style=\"padding: 2px 3px;font-family: Arial;font-size: 14.3px;color: #000000;vertical-align: middle;text-align: center;border: 1px solid #cccccc #000000 #000000 #cccccc\">Melns<\/td>\n<\/tr>\n<tr style=\"height: 21px\">\n<td style=\"padding: 2px 3px;font-family: Arial;font-size: 14.3px;color: #000000;vertical-align: middle;text-align: center;border: 1px solid #cccccc #000000 #000000\">Garantija<\/td>\n<td style=\"padding: 2px 3px;font-family: Arial;font-size: 14.3px;color: #000000;vertical-align: middle;text-align: center;border: 1px solid #cccccc #000000 #000000 #cccccc\">5 Gadi<\/td>\n<\/tr>\n<tr style=\"height: 21px\">\n<td style=\"padding: 2px 3px;font-family: Arial;font-size: 14.3px;font-weight: bold;color: #000000;vertical-align: middle;text-align: center;border: 1px solid #cccccc #000000 #000000\" colspan=\"2\">Izm\u0113rs &amp; Svars<\/td>\n<\/tr>\n<tr style=\"height: 21px\">\n<td style=\"padding: 2px 3px;font-family: Arial;font-size: 14.3px;color: #000000;vertical-align: middle;text-align: center;border: 1px solid #cccccc #000000 #000000\">Garums<\/td>\n<td style=\"padding: 2px 3px;font-family: Arial;font-size: 14.3px;color: #000000;vertical-align: middle;text-align: center;border: 1px solid #cccccc #000000 #000000 #cccccc\">210 mm<\/td>\n<\/tr>\n<tr style=\"height: 21px\">\n<td style=\"padding: 2px 3px;font-family: Arial;font-size: 14.3px;color: #000000;vertical-align: middle;text-align: center;border: 1px solid #cccccc #000000 #000000\">Platums<\/td>\n<td style=\"padding: 2px 3px;font-family: Arial;font-size: 14.3px;color: #000000;vertical-align: middle;text-align: center;border: 1px solid #cccccc #000000 #000000 #cccccc\">46 mm<\/td>\n<\/tr>\n<tr style=\"height: 21px\">\n<td style=\"padding: 2px 3px;font-family: Arial;font-size: 14.3px;color: #000000;vertical-align: middle;text-align: center;border: 1px solid #cccccc #000000 #000000\">Augstums<\/td>\n<td style=\"padding: 2px 3px;font-family: Arial;font-size: 14.3px;color: #000000;vertical-align: middle;text-align: center;border: 1px solid #cccccc #000000 #000000 #cccccc\">46 mm<\/td>\n<\/tr>\n<tr style=\"height: 21px\">\n<td style=\"padding: 2px 3px;font-family: Arial;font-size: 14.3px;color: #000000;vertical-align: middle;text-align: center;border: 1px solid #cccccc #000000 #000000\">Svars<\/td>\n<td style=\"padding: 2px 3px;font-family: Arial;font-size: 14.3px;color: #000000;vertical-align: middle;text-align: center;border: 1px solid #cccccc #000000 #000000 #cccccc\">98 g<\/td>\n<\/tr>\n<\/tbody>\n<\/table>\n<p>&nbsp;<\/p>\n<p style=\"line-height: 1.38;margin-top: 0pt;margin-bottom: 0pt;margin-left: 36pt;text-indent: -18pt;padding: 0pt 0pt 0pt 18pt\" dir=\"ltr\"><span><\/span><\/p>\n","protected":false},"excerpt":{"rendered":"<p>B\u0113rnu T\u0101lskatis &amp; Teleskops ar 8 rei\u017eu palielin\u0101jumu un 32 mm l\u0113cu diametru. Objekt\u012bvi izgatavoti no optisk\u0101s plastmasas Roof tipa prizm\u0101m. Meln\u0101 kr\u0101s\u0101 un ieteicams no 3 gadu vecuma. Funkcijas Izvelkams t\u0101lskatis b\u0113rniem palielin\u0101jums: 8x optisk\u0101 sist\u0113ma: Roof sver tikai aptuveni 100 g &nbsp; Tehnisk\u0101 inform\u0101cija Optisk\u0101 specifik\u0101cija Optiskais Dizains Roof Palielin\u0101jums 8 fixed Objekt\u012bva [&hellip;]<\/p>\n","protected":false},"featured_media":0,"template":"","meta":[],"product_brand":[],"product_cat":[4640,4938,4939,4940],"product_tag":[],"class_list":{"0":"post-79291","1":"product","2":"type-product","3":"status-publish","5":"product_cat-recreation","6":"product_cat-optics-recreation","7":"product_cat-binoculars-optics-recreation","8":"product_cat-spotting-scopes-binoculars-optics-recreation","10":"first","11":"instock","12":"shipping-taxable","13":"purchasable","14":"product-type-simple"},"_links":{"self":[{"href":"https:\/\/sezona.lv\/en\/wp-json\/wp\/v2\/product\/79291","targetHints":{"allow":["GET"]}}],"collection":[{"href":"https:\/\/sezona.lv\/en\/wp-json\/wp\/v2\/product"}],"about":[{"href":"https:\/\/sezona.lv\/en\/wp-json\/wp\/v2\/types\/product"}],"wp:attachment":[{"href":"https:\/\/sezona.lv\/en\/wp-json\/wp\/v2\/media?parent=79291"}],"wp:term":[{"taxonomy":"product_brand","embeddable":true,"href":"https:\/\/sezona.lv\/en\/wp-json\/wp\/v2\/product_brand?post=79291"},{"taxonomy":"product_cat","embeddable":true,"href":"https:\/\/sezona.lv\/en\/wp-json\/wp\/v2\/product_cat?post=79291"},{"taxonomy":"product_tag","embeddable":true,"href":"https:\/\/sezona.lv\/en\/wp-json\/wp\/v2\/product_tag?post=79291"}],"curies":[{"name":"wp","href":"https:\/\/api.w.org\/{rel}","templated":true}]}}