{"id":79293,"date":"2025-07-14T15:37:50","date_gmt":"2025-07-14T12:37:50","guid":{"rendered":"https:\/\/demo8.ecube.lv\/sezona.lv\/products\/bresser-hunter-10x25-kompakts-roof-prismas-mitrumizturigs-kabatas-binoklis\/"},"modified":"2025-07-14T15:37:50","modified_gmt":"2025-07-14T12:37:50","slug":"bresser-hunter-10x25-kompakts-roof-prismas-mitrumizturigs-kabatas-binoklis","status":"publish","type":"product","link":"https:\/\/sezona.lv\/en\/products\/bresser-hunter-10x25-kompakts-roof-prismas-mitrumizturigs-kabatas-binoklis\/","title":{"rendered":"Bresser Hunter 10&#215;25 Kompakts Roof Prismas Mitrumiztur\u012bgs Kabatas Binoklis"},"content":{"rendered":"<p><span id=\"docs-internal-guid-d54afcb9-1f4e-a30a-2d81-ea75bcdc6fdc\"><\/p>\n<ul style=\"margin-top: 0pt;margin-bottom: 0pt\">\n<li style=\"list-style-type: disc;font-size: 11pt;font-family: Arial;color: #000000;background-color: transparent;vertical-align: baseline\" dir=\"ltr\">\n<p style=\"line-height: 1.38;margin-top: 0pt;margin-bottom: 0pt\" dir=\"ltr\"><span style=\"font-size: 11pt;background-color: transparent;vertical-align: baseline\">Binoklis \u013coti kompakt\u0101 un \u0113rtas &nbsp;strukt\u016bras &nbsp;izpild\u012bjum\u0101.<\/span><\/p>\n<\/li>\n<li style=\"list-style-type: disc;font-size: 11pt;font-family: Arial;color: #000000;background-color: transparent;vertical-align: baseline\" dir=\"ltr\">\n<p style=\"line-height: 1.38;margin-top: 0pt;margin-bottom: 0pt\" dir=\"ltr\"><span style=\"font-size: 11pt;background-color: transparent;vertical-align: baseline\">Binoklis ir viegls, svars tikai 27 grami;<\/span><\/p>\n<\/li>\n<li style=\"list-style-type: disc;font-size: 11pt;font-family: Arial;color: #000000;background-color: transparent;vertical-align: baseline\" dir=\"ltr\">\n<p style=\"line-height: 1.38;margin-top: 0pt;margin-bottom: 0pt\" dir=\"ltr\"><span style=\"font-size: 11pt;background-color: transparent;vertical-align: baseline\">Binoklim ir BAK7 stikla prizmas;<\/span><\/p>\n<\/li>\n<li style=\"list-style-type: disc;font-size: 11pt;font-family: Arial;color: #000000;background-color: transparent;vertical-align: baseline\" dir=\"ltr\">\n<p style=\"line-height: 1.38;margin-top: 0pt;margin-bottom: 0pt\" dir=\"ltr\"><span style=\"font-size: 11pt;background-color: transparent;vertical-align: baseline\">10 rei\u017eu palielin\u0101jums ar labu meh\u0101niku sniegs dzidrus, kr\u0101sainus att\u0113lus;<\/span><\/p>\n<\/li>\n<li style=\"list-style-type: disc;font-size: 11pt;font-family: Arial;color: #000000;background-color: transparent;vertical-align: baseline\" dir=\"ltr\">\n<p style=\"line-height: 1.38;margin-top: 0pt;margin-bottom: 0pt\" dir=\"ltr\"><span style=\"font-size: 11pt;background-color: transparent;vertical-align: baseline\">25 mm l\u0113cu diametram b\u016bs diezgan pla&scaron;s r\u0101diuss;<\/span><\/p>\n<\/li>\n<li style=\"list-style-type: disc;font-size: 11pt;font-family: Arial;color: #000000;background-color: transparent;vertical-align: baseline\" dir=\"ltr\">\n<p style=\"line-height: 1.38;margin-top: 0pt;margin-bottom: 0pt\" dir=\"ltr\"><span style=\"font-size: 11pt;background-color: transparent;vertical-align: baseline\">Bresser Hunter 10&#215;25 binoklis b\u016bs ide\u0101ls sabiedrotais par tikai par jebkuru \u0101ra aktivit\u0101tes;<\/span><\/p>\n<\/li>\n<li style=\"list-style-type: disc;font-size: 11pt;font-family: Arial;color: #000000;background-color: transparent;vertical-align: baseline\" dir=\"ltr\">\n<p style=\"line-height: 1.38;margin-top: 0pt;margin-bottom: 0pt\" dir=\"ltr\"><span style=\"font-size: 11pt;background-color: transparent;vertical-align: baseline\">Labi der\u0113s v\u0113rot dabas skatus, sporta aktivit\u0101t\u0113m, p\u0101rg\u0101jieniem, ce\u013cojumiem; <\/span><\/p>\n<\/li>\n<li style=\"list-style-type: disc;font-size: 11pt;font-family: Arial;color: #000000;background-color: transparent;vertical-align: baseline\" dir=\"ltr\">\n<p style=\"line-height: 1.38;margin-top: 0pt;margin-bottom: 6pt\" dir=\"ltr\"><span style=\"font-size: 11pt;background-color: transparent;vertical-align: baseline\">Somu sa\u0146emsiet komplekt\u0101;Bresser Hunter 10&#215;25 Binoklis<\/span><\/p>\n<\/li>\n<\/ul>\n<p style=\"line-height: 1.38;margin-top: 0pt;margin-bottom: 0pt\" dir=\"ltr\"><span style=\"font-size: 11pt;font-family: Arial;color: #000000;vertical-align: baseline\">Kompaktais un \u0113rtais \u0137ermenis, \u013cauj <\/span><span style=\"font-size: 11pt;font-family: Arial;color: #000000;font-weight: 700;vertical-align: baseline\">BRESSER Hunter 10&#215;25<\/span><span style=\"font-size: 11pt;font-family: Arial;color: #000000;vertical-align: baseline\"> binoklis, k\u013c\u016bt par perfektu sabiedroto gandr\u012bz jebkur\u0101 \u0101ra aktivit\u0101t\u0113. Piln\u012bb\u0101 p\u0101rkl\u0101ta optika un t\u0101 ciet\u0101 meh\u0101nika, nodro&scaron;ina<\/span><span style=\"font-size: 11pt;font-family: Arial;color: #000000;font-weight: 700;vertical-align: baseline\"> patiesu kr\u0101su att\u0113la replik\u0101ciju.<\/span><span style=\"font-size: 11pt;font-family: Arial;color: #000000;font-weight: 700;vertical-align: baseline\"><br class=\"kix-line-break\" \/><\/span><span style=\"font-size: 11pt;font-family: Arial;color: #000000;vertical-align: baseline\">L\u0113cas diametra un palielin\u0101juma priek&scaron;roc\u012bba, \u013cauj v\u0113rot kr\u0113sl\u0101. Visi mode\u013ci ietver neoplazmas dioptriju, bet ar\u012b <\/span><span style=\"font-size: 11pt;font-family: Arial;color: #000000;font-weight: 700;vertical-align: baseline\">saliekam\u0101s gumijas acu uzlikas, kas paredz\u0113tas bri\u013c\u013cu \u012bpa&scaron;niekiem<\/span><span style=\"font-size: 11pt;font-family: Arial;color: #000000;vertical-align: baseline\">. <\/span><span style=\"font-size: 11pt;font-family: Arial;color: #000000;font-weight: 700;vertical-align: baseline\">BRESSER Hunter 10&#215;25<\/span><span style=\"font-size: 11pt;font-family: Arial;color: #000000;vertical-align: baseline\"> binoklis ir \u0113rts, gumijas bru\u0146ots korpuss, kas nodro&scaron;ina stingru sa\u0137eri. <\/span><span style=\"font-size: 11pt;font-family: Arial;color: #000000;font-weight: 700;vertical-align: baseline\">Trijk\u0101ja v\u012btne ir standarta vis\u0101s Hunter binok\u013cos.<\/span><\/p>\n<p><\/p>\n<p style=\"line-height: 1.38;margin-top: 0pt;margin-bottom: 0pt\" dir=\"ltr\"><span style=\"font-size: 11pt;font-family: Arial;color: #212121;font-weight: 700;vertical-align: baseline\">Funckijas:<\/span><\/p>\n<p style=\"line-height: 1.38;margin-top: 0pt;margin-bottom: 0pt\" dir=\"ltr\"><span style=\"font-size: 11pt;font-family: Arial;color: #212121;vertical-align: baseline\"><br class=\"kix-line-break\" \/><\/span><span style=\"font-size: 11pt;font-family: Arial;color: #212121;vertical-align: baseline\">Lietojumu kl\u0101sts: sports, daba, p\u0101rg\u0101jieni, ce\u013cojumi<\/span><span style=\"font-size: 11pt;font-family: Arial;color: #212121;vertical-align: baseline\"><br class=\"kix-line-break\" \/><\/span><span style=\"font-size: 11pt;font-family: Arial;color: #212121;vertical-align: baseline\">Prizmas stikls: BK-7<\/span><span style=\"font-size: 11pt;font-family: Arial;color: #212121;vertical-align: baseline\"><br class=\"kix-line-break\" \/><\/span><span style=\"font-size: 11pt;font-family: Arial;color: #212121;vertical-align: baseline\">Fokusa veids: centrs<\/span><span style=\"font-size: 11pt;font-family: Arial;color: #212121;vertical-align: baseline\"><br class=\"kix-line-break\" \/><\/span><span style=\"font-size: 11pt;font-family: Arial;color: #212121;vertical-align: baseline\">Papildier\u012bces: stat\u012bva adaptera v\u012btne, gumijas bru\u0146as<\/span><span style=\"font-size: 11pt;font-family: Arial;color: #212121;vertical-align: baseline\"><br class=\"kix-line-break\" \/><\/span><span style=\"font-size: 11pt;font-family: Arial;color: #212121;vertical-align: baseline\">Kr\u0101sa: melna<\/span><span style=\"font-size: 11pt;font-family: Arial;color: #212121;vertical-align: baseline\"><br class=\"kix-line-break\" \/><\/span><span style=\"font-size: 11pt;font-family: Arial;color: #212121;vertical-align: baseline\">Prizma un objekt\u012bva materi\u0101li no <\/span><span style=\"font-size: 11pt;font-family: Arial;color: #212121;font-weight: 700;vertical-align: baseline\">BaK-7 stikla materi\u0101la<\/span><span style=\"font-size: 11pt;font-family: Arial;color: #212121;font-weight: 700;vertical-align: baseline\"><br class=\"kix-line-break\" \/><\/span><span style=\"font-size: 11pt;font-family: Arial;color: #212121;vertical-align: baseline\">Optisk\u0101s virsmas ir piln\u012bb\u0101 p\u0101rkl\u0101tas ar p\u0101rkl\u0101jumu<\/span><span style=\"font-size: 11pt;font-family: Arial;color: #212121;vertical-align: baseline\"><br class=\"kix-line-break\" \/><\/span><span style=\"font-size: 11pt;font-family: Arial;color: #212121;vertical-align: baseline\">Centr\u0101l\u0101 rite\u0146a fokus\u0113&scaron;ana<\/span><span style=\"font-size: 11pt;font-family: Arial;color: #212121;vertical-align: baseline\"><br class=\"kix-line-break\" \/><\/span><span style=\"font-size: 11pt;font-family: Arial;color: #212121;vertical-align: baseline\">Individu\u0101la okul\u0101ra dioptrijas regul\u0113&scaron;ana<\/span><span style=\"font-size: 11pt;font-family: Arial;color: #212121;vertical-align: baseline\"><br class=\"kix-line-break\" \/><\/span><span style=\"font-size: 11pt;font-family: Arial;color: #212121;vertical-align: baseline\">Trikot\u0101\u017eas adaptera v\u012btne<\/span><span style=\"font-size: 11pt;font-family: Arial;color: #212121;vertical-align: baseline\"><br class=\"kix-line-break\" \/><\/span><span style=\"font-size: 11pt;font-family: Arial;color: #212121;vertical-align: baseline\">Iztur\u012bgs, gumijas bronzas binoklis<\/span><span style=\"font-size: 11pt;font-family: Arial;color: #212121;vertical-align: baseline\"><br class=\"kix-line-break\" \/><br class=\"kix-line-break\" \/><\/span><\/p>\n<p style=\"line-height: 1.38;margin-top: 0pt;margin-bottom: 0pt\" dir=\"ltr\"><span style=\"font-size: 11pt;font-family: Arial;color: #212121;font-weight: 700;vertical-align: baseline\">Komplekt\u0101 ietilpst:<\/span><span style=\"font-size: 11pt;font-family: Arial;color: #212121;font-weight: 700;vertical-align: baseline\"><br class=\"kix-line-break\" \/><\/span><span style=\"font-size: 11pt;font-family: Arial;color: #212121;vertical-align: baseline\"><br class=\"kix-line-break\" \/><\/span><span style=\"font-size: 11pt;font-family: Arial;color: #212121;vertical-align: baseline\">Binoklis<\/span><span style=\"font-size: 11pt;font-family: Arial;color: #212121;vertical-align: baseline\"><br class=\"kix-line-break\" \/><\/span><span style=\"font-size: 11pt;font-family: Arial;color: #212121;vertical-align: baseline\">Neilona soma<\/span><span style=\"font-size: 11pt;font-family: Arial;color: #212121;vertical-align: baseline\"><br class=\"kix-line-break\" \/><\/span><span style=\"font-size: 11pt;font-family: Arial;color: #212121;vertical-align: baseline\">Siksna<\/span><span style=\"font-size: 11pt;font-family: Arial;color: #212121;vertical-align: baseline\"><br class=\"kix-line-break\" \/><\/span><span style=\"font-size: 11pt;font-family: Arial;color: #212121;vertical-align: baseline\">Aizsardz\u012bbas objekt\u012bva v\u0101ci\u0146i<\/span><span style=\"font-size: 11pt;font-family: Arial;color: #212121;vertical-align: baseline\"><br class=\"kix-line-break\" \/><\/span><span style=\"font-size: 11pt;font-family: Arial;color: #212121;vertical-align: baseline\">Aizsarg\u0101ti okul\u0101ra v\u0101ci\u0146i<\/span><\/p>\n<p><\/span><\/p>\n<p><span style=\"color: #000000;, Helvetica, Arial, sans-serif;font-size: 14px\"><br \/><\/span><\/p>\n<p>&nbsp;<\/p>\n<p>&nbsp;<\/p>\n<p>&nbsp;<\/p>\n<p style=\"line-height: 1.38;margin-top: 0pt;margin-bottom: 0pt;margin-left: 36pt;text-indent: -18pt;padding: 0pt 0pt 0pt 18pt\" dir=\"ltr\">&nbsp;<\/p>\n","protected":false},"excerpt":{"rendered":"<p>Binoklis \u013coti kompakt\u0101 un \u0113rtas &nbsp;strukt\u016bras &nbsp;izpild\u012bjum\u0101. Binoklis ir viegls, svars tikai 27 grami; Binoklim ir BAK7 stikla prizmas; 10 rei\u017eu palielin\u0101jums ar labu meh\u0101niku sniegs dzidrus, kr\u0101sainus att\u0113lus; 25 mm l\u0113cu diametram b\u016bs diezgan pla&scaron;s r\u0101diuss; Bresser Hunter 10&#215;25 binoklis b\u016bs ide\u0101ls sabiedrotais par tikai par jebkuru \u0101ra aktivit\u0101tes; Labi der\u0113s v\u0113rot dabas skatus, [&hellip;]<\/p>\n","protected":false},"featured_media":0,"template":"","meta":[],"product_brand":[],"product_cat":[4640,4938,4939],"product_tag":[],"class_list":{"0":"post-79293","1":"product","2":"type-product","3":"status-publish","5":"product_cat-recreation","6":"product_cat-optics-recreation","7":"product_cat-binoculars-optics-recreation","9":"first","10":"instock","11":"shipping-taxable","12":"purchasable","13":"product-type-simple"},"_links":{"self":[{"href":"https:\/\/sezona.lv\/en\/wp-json\/wp\/v2\/product\/79293","targetHints":{"allow":["GET"]}}],"collection":[{"href":"https:\/\/sezona.lv\/en\/wp-json\/wp\/v2\/product"}],"about":[{"href":"https:\/\/sezona.lv\/en\/wp-json\/wp\/v2\/types\/product"}],"wp:attachment":[{"href":"https:\/\/sezona.lv\/en\/wp-json\/wp\/v2\/media?parent=79293"}],"wp:term":[{"taxonomy":"product_brand","embeddable":true,"href":"https:\/\/sezona.lv\/en\/wp-json\/wp\/v2\/product_brand?post=79293"},{"taxonomy":"product_cat","embeddable":true,"href":"https:\/\/sezona.lv\/en\/wp-json\/wp\/v2\/product_cat?post=79293"},{"taxonomy":"product_tag","embeddable":true,"href":"https:\/\/sezona.lv\/en\/wp-json\/wp\/v2\/product_tag?post=79293"}],"curies":[{"name":"wp","href":"https:\/\/api.w.org\/{rel}","templated":true}]}}