{"id":79294,"date":"2025-07-14T15:37:51","date_gmt":"2025-07-14T12:37:51","guid":{"rendered":"https:\/\/demo8.ecube.lv\/sezona.lv\/products\/barska-10x25-lucid-view-camo-kompakts-roof-prismas-mitrumizturigs-kabatas-binoklis\/"},"modified":"2025-07-14T15:37:51","modified_gmt":"2025-07-14T12:37:51","slug":"barska-10x25-lucid-view-camo-kompakts-roof-prismas-mitrumizturigs-kabatas-binoklis","status":"publish","type":"product","link":"https:\/\/sezona.lv\/en\/products\/barska-10x25-lucid-view-camo-kompakts-roof-prismas-mitrumizturigs-kabatas-binoklis\/","title":{"rendered":"Barska 10&#215;25 Lucid View Camo Kompakts Roof Prismas Mitrumiztur\u012bgs Kabatas Binoklis"},"content":{"rendered":"<p style=\"line-height: 1.38;margin-top: 0pt;margin-bottom: 0pt\" dir=\"ltr\"><span style=\"font-size: 11pt;font-family: Arial;color: #000000;background-color: transparent;vertical-align: baseline\">Barska 10&#215;25 Lucid View binoklis ir kompakts binoklis, kas paredz\u0113ts, lai nodro&scaron;in\u0101tu vieglu p\u0101rn\u0113s\u0101&scaron;anu un p\u0101rvad\u0101&scaron;anas. Binoklim ir piln\u012bb\u0101 dzidrin\u0101ta (fully-coated) optika, t\u0101dej\u0101di palielinot gaismas caurlaid\u012bbu un palielinot att\u0113la spilgtumu. Ergonomisks un amortiz\u0113jo&scaron;s gumijas p\u0101rkl\u0101jums ar stingru rokturi nodro&scaron;ina dro&scaron;\u012bbu un \u0113rtumu. Komplekt\u0101 iek\u013cauta kakla josti\u0146a un p\u0101rn\u0113s\u0101&scaron;anas somi\u0146a. Neatkar\u012bgi vai dodaties p\u0101rg\u0101jien\u0101, v\u0113rojat putnus, vai med\u012bjat ,&scaron;is binoklis b\u016bs \u0113rts l\u012bdz\u0146em&scaron;anai.<\/span><\/p>\n<p style=\"line-height: 1.38;margin-top: 0pt;margin-bottom: 0pt\" dir=\"ltr\"><span id=\"docs-internal-guid-fa3eedaa-21d8-e995-87b9-78badc75362c\"><br \/><\/span><\/p>\n<p style=\"line-height: 1.38;margin-top: 0pt;margin-bottom: 0pt\" dir=\"ltr\"><span style=\"font-size: 11pt;font-family: Arial;color: #000000;background-color: transparent;font-weight: 700;vertical-align: baseline\">\u012apa&scaron;\u012bbas:<\/span><\/p>\n<ul style=\"margin-top: 0pt;margin-bottom: 0pt\">\n<li style=\"list-style-type: disc;font-size: 11pt;font-family: Arial;color: #000000;background-color: transparent;vertical-align: baseline\" dir=\"ltr\">\n<p style=\"line-height: 1.38;margin-top: 0pt;margin-bottom: 0pt\" dir=\"ltr\"><span style=\"font-size: 11pt;background-color: transparent;vertical-align: baseline\">10x Palielin\u0101jums<\/span><\/p>\n<\/li>\n<li style=\"list-style-type: disc;font-size: 11pt;font-family: Arial;color: #000000;background-color: transparent;vertical-align: baseline\" dir=\"ltr\">\n<p style=\"line-height: 1.38;margin-top: 0pt;margin-bottom: 0pt\" dir=\"ltr\"><span style=\"font-size: 11pt;background-color: transparent;vertical-align: baseline\">25mm objekt\u012bva l\u0113ca<\/span><\/p>\n<\/li>\n<li style=\"list-style-type: disc;font-size: 11pt;font-family: Arial;color: #000000;background-color: transparent;vertical-align: baseline\" dir=\"ltr\">\n<p style=\"line-height: 1.38;margin-top: 0pt;margin-bottom: 0pt\" dir=\"ltr\"><span style=\"font-size: 11pt;background-color: transparent;vertical-align: baseline\">BAK7 Roof Prizma<\/span><\/p>\n<\/li>\n<li style=\"list-style-type: disc;font-size: 11pt;font-family: Arial;color: #000000;background-color: transparent;vertical-align: baseline\" dir=\"ltr\">\n<p style=\"line-height: 1.38;margin-top: 0pt;margin-bottom: 0pt\" dir=\"ltr\"><span style=\"font-size: 11pt;background-color: transparent;vertical-align: baseline\">Piln\u012bb\u0101 dzidrin\u0101tas l\u0113cas<\/span><\/p>\n<\/li>\n<li style=\"list-style-type: disc;font-size: 11pt;font-family: Arial;color: #000000;background-color: transparent;vertical-align: baseline\" dir=\"ltr\">\n<p style=\"line-height: 1.38;margin-top: 0pt;margin-bottom: 0pt\" dir=\"ltr\"><span style=\"font-size: 11pt;background-color: transparent;vertical-align: baseline\">Kompakts saliekamais dive\u0146\u0123u dizains<\/span><\/p>\n<\/li>\n<li style=\"list-style-type: disc;font-size: 11pt;font-family: Arial;color: #000000;background-color: transparent;vertical-align: baseline\" dir=\"ltr\">\n<p style=\"line-height: 1.38;margin-top: 0pt;margin-bottom: 0pt\" dir=\"ltr\"><span style=\"font-size: 11pt;background-color: transparent;vertical-align: baseline\">Centra fokuss<\/span><\/p>\n<\/li>\n<li style=\"list-style-type: disc;font-size: 11pt;font-family: Arial;color: #000000;background-color: transparent;vertical-align: baseline\" dir=\"ltr\">\n<p style=\"line-height: 1.38;margin-top: 0pt;margin-bottom: 0pt\" dir=\"ltr\"><span style=\"font-size: 11pt;background-color: transparent;vertical-align: baseline\">Gumijas p\u0101rkl\u0101jums<\/span><\/p>\n<\/li>\n<\/ul>\n<div><span style=\"font-size: 11pt;font-family: Arial;color: #000000;background-color: transparent;vertical-align: baseline\"><br \/><\/span><\/div>\n<p><br style=\"margin: 0px;padding: 0px;color: #555555;font-size: 14px;line-height: 22px\" \/><\/p>\n<table style=\"font-size: 10pt;font-family: arial, sans, sans-serif;width: 0px;border: none\" dir=\"ltr\" border=\"1\" cellspacing=\"0\" cellpadding=\"0\">\n<colgroup>\n<col width=\"307\"><\/col>\n<col width=\"337\"><\/col>\n<\/colgroup>\n<tbody>\n<tr style=\"height: 21px\">\n<td style=\"border-color: #06dcff;overflow: hidden;padding: 2px 3px;vertical-align: middle;background-color: #06dcff;font-size: 12pt;font-weight: bold;color: #ffffff;text-align: center\" colspan=\"2\">Specifik\u0101cijas<\/td>\n<\/tr>\n<tr style=\"height: 21px\">\n<td style=\"border-right-color: #06dcff;border-bottom-color: #06dcff;border-left-color: #06dcff;overflow: hidden;padding: 2px 3px;vertical-align: middle;font-family: Arial;font-size: 11pt;font-weight: bold;color: #000000\">Modelis<\/td>\n<td style=\"border-right-color: #06dcff;border-bottom-color: #06dcff;overflow: hidden;padding: 2px 3px;vertical-align: middle;font-family: Arial;font-size: 11pt;color: #000000\">AB10118<\/td>\n<\/tr>\n<tr style=\"height: 21px\">\n<td style=\"border-right-color: #06dcff;border-bottom-color: #06dcff;border-left-color: #06dcff;overflow: hidden;padding: 2px 3px;vertical-align: middle;font-family: Arial;font-size: 11pt;font-weight: bold;color: #000000\">Palielin\u0101jums<\/td>\n<td style=\"border-right-color: #06dcff;border-bottom-color: #06dcff;overflow: hidden;padding: 2px 3px;vertical-align: middle;font-family: Arial;font-size: 11pt;color: #000000\">10x<\/td>\n<\/tr>\n<tr style=\"height: 21px\">\n<td style=\"border-right-color: #06dcff;border-bottom-color: #06dcff;border-left-color: #06dcff;overflow: hidden;padding: 2px 3px;vertical-align: middle;font-family: Arial;font-size: 11pt;font-weight: bold;color: #000000\">Objekt\u012bva l\u0113ca<\/td>\n<td style=\"border-right-color: #06dcff;border-bottom-color: #06dcff;overflow: hidden;padding: 2px 3px;vertical-align: middle;font-family: Arial;font-size: 11pt;color: #000000\">25mm<\/td>\n<\/tr>\n<tr style=\"height: 21px\">\n<td style=\"border-right-color: #06dcff;border-bottom-color: #06dcff;border-left-color: #06dcff;overflow: hidden;padding: 2px 3px;vertical-align: middle;font-family: Arial;font-size: 11pt;font-weight: bold;color: #000000\">Prizmas tips<\/td>\n<td style=\"border-right-color: #06dcff;border-bottom-color: #06dcff;overflow: hidden;padding: 2px 3px;vertical-align: middle;font-family: Arial;font-size: 11pt;color: #000000\">Roof<\/td>\n<\/tr>\n<tr style=\"height: 21px\">\n<td style=\"border-right-color: #06dcff;border-bottom-color: #06dcff;border-left-color: #06dcff;overflow: hidden;padding: 2px 3px;vertical-align: middle;font-family: Arial;font-size: 11pt;font-weight: bold;color: #000000\">Prizmas stikls<\/td>\n<td style=\"border-right-color: #06dcff;border-bottom-color: #06dcff;overflow: hidden;padding: 2px 3px;vertical-align: middle;font-family: Arial;font-size: 11pt;color: #000000\">BK-7<\/td>\n<\/tr>\n<tr style=\"height: 21px\">\n<td style=\"border-right-color: #06dcff;border-bottom-color: #06dcff;border-left-color: #06dcff;overflow: hidden;padding: 2px 3px;vertical-align: middle;font-family: Arial;font-size: 11pt;font-weight: bold;color: #000000\">Exit-Pupil<\/td>\n<td style=\"border-right-color: #06dcff;border-bottom-color: #06dcff;overflow: hidden;padding: 2px 3px;vertical-align: middle;font-family: Arial;font-size: 11pt;color: #000000\">2.5mm<\/td>\n<\/tr>\n<tr style=\"height: 21px\">\n<td style=\"border-right-color: #06dcff;border-bottom-color: #06dcff;border-left-color: #06dcff;overflow: hidden;padding: 2px 3px;vertical-align: middle;font-family: Arial;font-size: 11pt;font-weight: bold;color: #000000\">Optiskais dzidrin\u0101jums<\/td>\n<td style=\"border-right-color: #06dcff;border-bottom-color: #06dcff;overflow: hidden;padding: 2px 3px;vertical-align: middle;font-family: Arial;font-size: 11pt;color: #000000\">Piln\u012bb\u0101 dzidrin\u0101ts (Fully Coated)<\/td>\n<\/tr>\n<tr style=\"height: 21px\">\n<td style=\"border-right-color: #06dcff;border-bottom-color: #06dcff;border-left-color: #06dcff;overflow: hidden;padding: 2px 3px;vertical-align: middle;font-family: Arial;font-size: 11pt;font-weight: bold;color: #000000\">Fokus\u0113&scaron;anas sist\u0113ma<\/td>\n<td style=\"border-right-color: #06dcff;border-bottom-color: #06dcff;overflow: hidden;padding: 2px 3px;vertical-align: middle;font-family: Arial;font-size: 11pt;color: #000000\">Centra<\/td>\n<\/tr>\n<tr style=\"height: 21px\">\n<td style=\"border-right-color: #06dcff;border-bottom-color: #06dcff;border-left-color: #06dcff;overflow: hidden;padding: 2px 3px;vertical-align: middle;font-family: Arial;font-size: 11pt;font-weight: bold;color: #000000\">Skata lauks(ft@100yds\/m@100m)<\/td>\n<td style=\"border-right-color: #06dcff;border-bottom-color: #06dcff;overflow: hidden;padding: 2px 3px;vertical-align: middle;font-family: Arial;font-size: 11pt;color: #000000\">302\/101<\/td>\n<\/tr>\n<tr style=\"height: 21px\">\n<td style=\"border-right-color: #06dcff;border-bottom-color: #06dcff;border-left-color: #06dcff;overflow: hidden;padding: 2px 3px;vertical-align: middle;font-family: Arial;font-size: 11pt;font-weight: bold;color: #000000\">Close Focus (ft\/m)<\/td>\n<td style=\"border-right-color: #06dcff;border-bottom-color: #06dcff;overflow: hidden;padding: 2px 3px;vertical-align: middle;font-family: Arial;font-size: 11pt;color: #000000\">20\/6<\/td>\n<\/tr>\n<tr style=\"height: 21px\">\n<td style=\"border-right-color: #06dcff;border-bottom-color: #06dcff;border-left-color: #06dcff;overflow: hidden;padding: 2px 3px;vertical-align: middle;font-family: Arial;font-size: 11pt;font-weight: bold;color: #000000\">Eye Relief<\/td>\n<td style=\"border-right-color: #06dcff;border-bottom-color: #06dcff;overflow: hidden;padding: 2px 3px;vertical-align: middle;font-family: Arial;font-size: 11pt;color: #000000\">10.5mm<\/td>\n<\/tr>\n<tr style=\"height: 21px\">\n<td style=\"border-right-color: #06dcff;border-bottom-color: #06dcff;border-left-color: #06dcff;overflow: hidden;padding: 2px 3px;vertical-align: middle;font-family: Arial;font-size: 11pt;font-weight: bold;color: #000000\">Svars<\/td>\n<td style=\"border-right-color: #06dcff;border-bottom-color: #06dcff;overflow: hidden;padding: 2px 3px;vertical-align: middle;font-family: Arial;font-size: 11pt;color: #000000\">10.14 unces<\/td>\n<\/tr>\n<tr style=\"height: 21px\">\n<td style=\"border-right-color: #06dcff;border-bottom-color: #06dcff;border-left-color: #06dcff;overflow: hidden;padding: 2px 3px;vertical-align: middle;font-family: Arial;font-size: 11pt;font-weight: bold;color: #000000\">Iek\u013cautie aksesu\u0101ri<\/td>\n<td style=\"border-right-color: #06dcff;border-bottom-color: #06dcff;overflow: hidden;padding: 2px 3px;vertical-align: middle;font-family: Arial;font-size: 11pt;color: #000000\">Soma p\u0101rn\u0113s\u0101&scaron;anai, Kakla josti\u0146a un L\u0113cas dr\u0101ni\u0146a<\/td>\n<\/tr>\n<tr style=\"height: 21px\">\n<td style=\"border-right-color: #06dcff;border-bottom-color: #06dcff;border-left-color: #06dcff;overflow: hidden;padding: 2px 3px;vertical-align: middle;font-family: Arial;font-size: 11pt;font-weight: bold;color: #000000\">Garantija<\/td>\n<td style=\"border-right-color: #06dcff;border-bottom-color: #06dcff;overflow: hidden;padding: 2px 3px;vertical-align: middle;font-family: Arial;font-size: 11pt;color: #000000\">Ierobe\u017eota m\u016b\u017ea garantija<\/td>\n<\/tr>\n<\/tbody>\n<\/table>\n","protected":false},"excerpt":{"rendered":"<p>Barska 10&#215;25 Lucid View binoklis ir kompakts binoklis, kas paredz\u0113ts, lai nodro&scaron;in\u0101tu vieglu p\u0101rn\u0113s\u0101&scaron;anu un p\u0101rvad\u0101&scaron;anas. Binoklim ir piln\u012bb\u0101 dzidrin\u0101ta (fully-coated) optika, t\u0101dej\u0101di palielinot gaismas caurlaid\u012bbu un palielinot att\u0113la spilgtumu. Ergonomisks un amortiz\u0113jo&scaron;s gumijas p\u0101rkl\u0101jums ar stingru rokturi nodro&scaron;ina dro&scaron;\u012bbu un \u0113rtumu. Komplekt\u0101 iek\u013cauta kakla josti\u0146a un p\u0101rn\u0113s\u0101&scaron;anas somi\u0146a. Neatkar\u012bgi vai dodaties p\u0101rg\u0101jien\u0101, v\u0113rojat putnus, [&hellip;]<\/p>\n","protected":false},"featured_media":0,"template":"","meta":[],"product_brand":[],"product_cat":[4640,4938,4939],"product_tag":[],"class_list":{"0":"post-79294","1":"product","2":"type-product","3":"status-publish","5":"product_cat-recreation","6":"product_cat-optics-recreation","7":"product_cat-binoculars-optics-recreation","9":"first","10":"instock","11":"shipping-taxable","12":"purchasable","13":"product-type-simple"},"_links":{"self":[{"href":"https:\/\/sezona.lv\/en\/wp-json\/wp\/v2\/product\/79294","targetHints":{"allow":["GET"]}}],"collection":[{"href":"https:\/\/sezona.lv\/en\/wp-json\/wp\/v2\/product"}],"about":[{"href":"https:\/\/sezona.lv\/en\/wp-json\/wp\/v2\/types\/product"}],"wp:attachment":[{"href":"https:\/\/sezona.lv\/en\/wp-json\/wp\/v2\/media?parent=79294"}],"wp:term":[{"taxonomy":"product_brand","embeddable":true,"href":"https:\/\/sezona.lv\/en\/wp-json\/wp\/v2\/product_brand?post=79294"},{"taxonomy":"product_cat","embeddable":true,"href":"https:\/\/sezona.lv\/en\/wp-json\/wp\/v2\/product_cat?post=79294"},{"taxonomy":"product_tag","embeddable":true,"href":"https:\/\/sezona.lv\/en\/wp-json\/wp\/v2\/product_tag?post=79294"}],"curies":[{"name":"wp","href":"https:\/\/api.w.org\/{rel}","templated":true}]}}