{"id":79296,"date":"2025-07-14T15:37:52","date_gmt":"2025-07-14T12:37:52","guid":{"rendered":"https:\/\/demo8.ecube.lv\/sezona.lv\/products\/bresser-national-geographics-8x21-kompakts-kabatas-binokli\/"},"modified":"2025-07-14T15:37:52","modified_gmt":"2025-07-14T12:37:52","slug":"bresser-national-geographics-8x21-kompakts-kabatas-binokli","status":"publish","type":"product","link":"https:\/\/sezona.lv\/en\/products\/bresser-national-geographics-8x21-kompakts-kabatas-binokli\/","title":{"rendered":"Bresser National Geographics 8&#215;21 Kompakts Kabatas Binokli"},"content":{"rendered":"<p><span id=\"docs-internal-guid-d54afcb9-1f4e-a30a-2d81-ea75bcdc6fdc\"> <\/span><\/p>\n<p style=\"line-height: 1.38;margin-top: 0pt;margin-bottom: 0pt\" dir=\"ltr\"><span style=\"font-size: 11pt;font-family: Arial;color: #212121;vertical-align: baseline\">Salok\u0101mais NATIONAL GEOGRAPHIC 8&#215;21 kabatas binoklis ir piln\u012bgi kompakts un viegls &#8211; ide\u0101ls binoklis dabas m\u012b\u013cot\u0101jiem, kuri nev\u0113las p\u0101rvad\u0101t daudz bag\u0101\u017eas.<\/span><\/p>\n<p>&nbsp;<\/p>\n<p style=\"line-height: 1.656;margin-top: 0pt;margin-bottom: 0pt\" dir=\"ltr\"><span style=\"font-size: 11pt;font-family: Arial;color: #212121;font-weight: 700;vertical-align: baseline\">Funkcijas:<\/span><\/p>\n<p style=\"line-height: 1.656;margin-top: 0pt;margin-bottom: 0pt\" dir=\"ltr\">&nbsp;<\/p>\n<ul style=\"margin-top: 0pt;margin-bottom: 0pt\">\n<li style=\"list-style-type: disc;font-size: 10.5pt;font-family: Arial;color: #000000;vertical-align: baseline\" dir=\"ltr\">\n<p style=\"line-height: 1.656;margin-top: 0pt;margin-bottom: 0pt\" dir=\"ltr\"><span style=\"font-size: 11pt;color: #212121;vertical-align: baseline\">Kabatas Binoklis priek&scaron; ce\u013cot\u0101jiem un p\u0101rg\u0101jieniem <\/span><\/p>\n<\/li>\n<li style=\"list-style-type: disc;font-size: 10.5pt;font-family: Arial;color: #000000;vertical-align: baseline\" dir=\"ltr\">\n<p style=\"line-height: 1.656;margin-top: 0pt;margin-bottom: 0pt\" dir=\"ltr\"><span style=\"font-size: 11pt;color: #212121;vertical-align: baseline\">Saliekams<\/span><\/p>\n<\/li>\n<li style=\"list-style-type: disc;font-size: 10.5pt;font-family: Arial;color: #000000;vertical-align: baseline\" dir=\"ltr\">\n<p style=\"line-height: 1.656;margin-top: 0pt;margin-bottom: 0pt\" dir=\"ltr\"><span style=\"font-size: 11pt;color: #212121;vertical-align: baseline\">Liels redzes le\u0146\u0137is<\/span><\/p>\n<\/li>\n<li style=\"list-style-type: disc;font-size: 10.5pt;font-family: Arial;color: #000000;vertical-align: baseline\" dir=\"ltr\">\n<p style=\"line-height: 1.656;margin-top: 0pt;margin-bottom: 0pt\" dir=\"ltr\"><span style=\"font-size: 11pt;color: #212121;vertical-align: baseline\">Ar\u012b piem\u0113rots brilles lietot\u0101jiem<\/span><\/p>\n<\/li>\n<\/ul>\n<p style=\"line-height: 1.38;margin-top: 0pt;margin-bottom: 6pt\" dir=\"ltr\">&nbsp;<\/p>\n<p style=\"line-height: 1.656;margin-top: 0pt;margin-bottom: 0pt\" dir=\"ltr\"><span style=\"font-size: 11pt;font-family: Arial;color: #212121;font-weight: 700;vertical-align: baseline\">Komplekt\u0101 ietilpst:<\/span><\/p>\n<ul style=\"margin-top: 0pt;margin-bottom: 0pt\">\n<li style=\"list-style-type: disc;font-size: 10.5pt;font-family: Arial;color: #000000;vertical-align: baseline\" dir=\"ltr\">\n<p style=\"line-height: 1.656;margin-top: 0pt;margin-bottom: 0pt\" dir=\"ltr\"><span style=\"font-size: 11pt;color: #212121;vertical-align: baseline\">Saliekams Binoklis<\/span><\/p>\n<\/li>\n<li style=\"list-style-type: disc;font-size: 10.5pt;font-family: Arial;color: #000000;vertical-align: baseline\" dir=\"ltr\">\n<p style=\"line-height: 1.656;margin-top: 0pt;margin-bottom: 0pt\" dir=\"ltr\"><span style=\"font-size: 11pt;color: #212121;vertical-align: baseline\">Pleca siksna<\/span><\/p>\n<\/li>\n<li style=\"list-style-type: disc;font-size: 10.5pt;font-family: Arial;color: #000000;vertical-align: baseline\" dir=\"ltr\">\n<p style=\"line-height: 1.656;margin-top: 0pt;margin-bottom: 0pt\" dir=\"ltr\"><span style=\"font-size: 11pt;color: #212121;vertical-align: baseline\">Neilona soma<\/span><\/p>\n<p style=\"line-height: 1.656;margin-top: 0pt;margin-bottom: 0pt\" dir=\"ltr\"><span style=\"font-size: 11pt;color: #212121;vertical-align: baseline\"><br \/><\/span><\/p>\n<p style=\"line-height: 1.656;margin-top: 0pt;margin-bottom: 0pt\" dir=\"ltr\"><span style=\"font-size: 11pt;color: #212121;vertical-align: baseline\"><br \/><\/span><\/p>\n<p style=\"line-height: 1.656;margin-top: 0pt;margin-bottom: 0pt\" dir=\"ltr\"><span style=\"font-size: 11pt;color: #212121;vertical-align: baseline\"><br \/><\/span><\/p>\n<\/li>\n<li style=\"list-style-type: disc;font-size: 10.5pt;font-family: Arial;color: #000000;vertical-align: baseline\" dir=\"ltr\">\n<p style=\"line-height: 1.656;margin-top: 0pt;margin-bottom: 0pt\" dir=\"ltr\">&nbsp;<\/p>\n<table style=\"background-color: #ffffff;font-size: 10pt;font-family: arial, sans, sans-serif;width: 0px;border: none\" dir=\"ltr\" border=\"1\" cellspacing=\"0\" cellpadding=\"0\">\n<colgroup>\n<col width=\"301\"><\/col>\n<col width=\"288\"><\/col>\n<\/colgroup>\n<tbody>\n<tr style=\"height: 21px\">\n<td style=\"padding: 2px 3px;border-bottom-color: #0dc7ff;overflow: hidden;vertical-align: top;background-color: #0dc7ff;font-family: Arial;font-size: 11pt;font-weight: bold;color: #ffffff;text-align: center\" colspan=\"2\">OPTICAL SPECIFICATIONS<\/td>\n<\/tr>\n<tr style=\"height: 21px\">\n<td style=\"padding: 2px 3px;border-right-color: #0dc7ff;border-bottom-color: #0dc7ff;border-left-color: #0dc7ff;overflow: hidden;vertical-align: top;font-family: Arial;font-size: 11pt;font-weight: bold\">Optical design<\/td>\n<td style=\"padding: 2px 3px;border-right-color: #0dc7ff;border-bottom-color: #0dc7ff;overflow: hidden;vertical-align: top;font-family: Arial;font-size: 11pt\">Roof<\/td>\n<\/tr>\n<tr style=\"height: 21px\">\n<td style=\"padding: 2px 3px;border-right-color: #0dc7ff;border-bottom-color: #0dc7ff;border-left-color: #0dc7ff;overflow: hidden;vertical-align: top;font-family: Arial;font-size: 11pt;font-weight: bold\">Magnification<\/td>\n<td style=\"padding: 2px 3px;border-right-color: #0dc7ff;border-bottom-color: #0dc7ff;overflow: hidden;vertical-align: top;font-family: Arial;font-size: 11pt\">8 fixed<\/td>\n<\/tr>\n<tr style=\"height: 21px\">\n<td style=\"padding: 2px 3px;border-right-color: #0dc7ff;border-bottom-color: #0dc7ff;border-left-color: #0dc7ff;overflow: hidden;vertical-align: top;font-family: Arial;font-size: 11pt;font-weight: bold\">Objective diameter<\/td>\n<td style=\"padding: 2px 3px;border-right-color: #0dc7ff;border-bottom-color: #0dc7ff;overflow: hidden;vertical-align: top;font-family: Arial;font-size: 11pt\">21 mm<\/td>\n<\/tr>\n<tr style=\"height: 21px\">\n<td style=\"padding: 2px 3px;border-right-color: #0dc7ff;border-bottom-color: #0dc7ff;border-left-color: #0dc7ff;overflow: hidden;vertical-align: top;font-family: Arial;font-size: 11pt;font-weight: bold\">Type of coating<\/td>\n<td style=\"padding: 2px 3px;border-right-color: #0dc7ff;border-bottom-color: #0dc7ff;overflow: hidden;vertical-align: top;font-family: Arial;font-size: 11pt\">Fully coated<\/td>\n<\/tr>\n<tr style=\"height: 21px\">\n<td style=\"padding: 2px 3px;border-right-color: #0dc7ff;border-bottom-color: #0dc7ff;border-left-color: #0dc7ff;overflow: hidden;vertical-align: top;font-family: Arial;font-size: 11pt;font-weight: bold\">Field of view at 1000m<\/td>\n<td style=\"padding: 2px 3px;border-right-color: #0dc7ff;border-bottom-color: #0dc7ff;overflow: hidden;vertical-align: top;font-family: Arial;font-size: 11pt\">121 m<\/td>\n<\/tr>\n<tr style=\"height: 21px\">\n<td style=\"padding: 2px 3px;border-right-color: #0dc7ff;border-bottom-color: #0dc7ff;border-left-color: #0dc7ff;overflow: hidden;vertical-align: top;font-family: Arial;font-size: 11pt;font-weight: bold\">Field of view<\/td>\n<td style=\"padding: 2px 3px;border-right-color: #0dc7ff;border-bottom-color: #0dc7ff;overflow: hidden;vertical-align: top;font-family: Arial;font-size: 11pt\">6.91 degrees<\/td>\n<\/tr>\n<tr style=\"height: 21px\">\n<td style=\"padding: 2px 3px;border-right-color: #0dc7ff;border-bottom-color: #0dc7ff;border-left-color: #0dc7ff;overflow: hidden;vertical-align: top;font-family: Arial;font-size: 11pt;font-weight: bold\">Light intensity<\/td>\n<td style=\"padding: 2px 3px;border-right-color: #0dc7ff;border-bottom-color: #0dc7ff;overflow: hidden;vertical-align: top;font-family: Arial;font-size: 11pt\">6.9<\/td>\n<\/tr>\n<tr style=\"height: 21px\">\n<td style=\"padding: 2px 3px;border-right-color: #0dc7ff;border-bottom-color: #0dc7ff;border-left-color: #0dc7ff;overflow: hidden;vertical-align: top;font-family: Arial;font-size: 11pt;font-weight: bold\">Twilight factor<\/td>\n<td style=\"padding: 2px 3px;border-right-color: #0dc7ff;border-bottom-color: #0dc7ff;overflow: hidden;vertical-align: top;font-family: Arial;font-size: 11pt\">12.96<\/td>\n<\/tr>\n<tr style=\"height: 21px\">\n<td style=\"padding: 2px 3px;border-bottom-color: #0dc7ff;overflow: hidden;vertical-align: top;background-color: #0dc7ff;font-family: Arial;font-size: 11pt;font-weight: bold;color: #ffffff;text-align: center\" colspan=\"2\">GENERAL TECHNICAL DATA<\/td>\n<\/tr>\n<tr style=\"height: 21px\">\n<td style=\"padding: 2px 3px;border-right-color: #0dc7ff;border-bottom-color: #0dc7ff;border-left-color: #0dc7ff;overflow: hidden;vertical-align: top;font-family: Arial;font-size: 11pt;font-weight: bold\">Turns of focus drive over entire focal range<\/td>\n<td style=\"padding: 2px 3px;border-right-color: #0dc7ff;border-bottom-color: #0dc7ff;overflow: hidden;vertical-align: top;font-family: Arial;font-size: 11pt\">1.75<\/td>\n<\/tr>\n<tr style=\"height: 21px\">\n<td style=\"padding: 2px 3px;border-right-color: #0dc7ff;border-bottom-color: #0dc7ff;border-left-color: #0dc7ff;overflow: hidden;vertical-align: top;font-family: Arial;font-size: 11pt;font-weight: bold\">Eyecups<\/td>\n<td style=\"padding: 2px 3px;border-right-color: #0dc7ff;border-bottom-color: #0dc7ff;overflow: hidden;vertical-align: top;font-family: Arial;font-size: 11pt\">Rubber eyecups, foldable<\/td>\n<\/tr>\n<tr style=\"height: 21px\">\n<td style=\"padding: 2px 3px;border-right-color: #0dc7ff;border-bottom-color: #0dc7ff;border-left-color: #0dc7ff;overflow: hidden;vertical-align: top;font-family: Arial;font-size: 11pt;font-weight: bold\">Interpupilar distance min.<\/td>\n<td style=\"padding: 2px 3px;border-right-color: #0dc7ff;border-bottom-color: #0dc7ff;overflow: hidden;vertical-align: top;font-family: Arial;font-size: 11pt\">41.67 mm<\/td>\n<\/tr>\n<tr style=\"height: 21px\">\n<td style=\"padding: 2px 3px;border-right-color: #0dc7ff;border-bottom-color: #0dc7ff;border-left-color: #0dc7ff;overflow: hidden;vertical-align: top;font-family: Arial;font-size: 11pt;font-weight: bold\">Interpupilar distance max.<\/td>\n<td style=\"padding: 2px 3px;border-right-color: #0dc7ff;border-bottom-color: #0dc7ff;overflow: hidden;vertical-align: top;font-family: Arial;font-size: 11pt\">71.97 mm<\/td>\n<\/tr>\n<tr style=\"height: 21px\">\n<td style=\"padding: 2px 3px;border-right-color: #0dc7ff;border-bottom-color: #0dc7ff;border-left-color: #0dc7ff;overflow: hidden;vertical-align: top;font-family: Arial;font-size: 11pt;font-weight: bold\">Colour<\/td>\n<td style=\"padding: 2px 3px;border-right-color: #0dc7ff;border-bottom-color: #0dc7ff;overflow: hidden;vertical-align: top;font-family: Arial;font-size: 11pt\">black<\/td>\n<\/tr>\n<tr style=\"height: 21px\">\n<td style=\"padding: 2px 3px;border-right-color: #0dc7ff;border-bottom-color: #0dc7ff;border-left-color: #0dc7ff;overflow: hidden;vertical-align: top;font-family: Arial;font-size: 11pt;font-weight: bold\">Body material<\/td>\n<td style=\"padding: 2px 3px;border-right-color: #0dc7ff;border-bottom-color: #0dc7ff;overflow: hidden;vertical-align: top;font-family: Arial;font-size: 11pt\">Metal<\/td>\n<\/tr>\n<tr style=\"height: 21px\">\n<td style=\"padding: 2px 3px;border-right-color: #0dc7ff;border-bottom-color: #0dc7ff;border-left-color: #0dc7ff;overflow: hidden;vertical-align: top;font-family: Arial;font-size: 11pt;font-weight: bold\">Body armouring<\/td>\n<td style=\"padding: 2px 3px;border-right-color: #0dc7ff;border-bottom-color: #0dc7ff;overflow: hidden;vertical-align: top;font-family: Arial;font-size: 11pt\">Rubber\/Metal<\/td>\n<\/tr>\n<\/tbody>\n<\/table>\n<\/li>\n<\/ul>\n<p>&nbsp;<\/p>\n<p>&nbsp;<\/p>\n<p>&nbsp;<\/p>\n<p style=\"line-height: 1.38;margin-top: 0pt;margin-bottom: 0pt;margin-left: 36pt;text-indent: -18pt;padding: 0pt 0pt 0pt 18pt\" dir=\"ltr\">&nbsp;<\/p>\n","protected":false},"excerpt":{"rendered":"<p>Salok\u0101mais NATIONAL GEOGRAPHIC 8&#215;21 kabatas binoklis ir piln\u012bgi kompakts un viegls &#8211; ide\u0101ls binoklis dabas m\u012b\u013cot\u0101jiem, kuri nev\u0113las p\u0101rvad\u0101t daudz bag\u0101\u017eas. &nbsp; Funkcijas: &nbsp; Kabatas Binoklis priek&scaron; ce\u013cot\u0101jiem un p\u0101rg\u0101jieniem Saliekams Liels redzes le\u0146\u0137is Ar\u012b piem\u0113rots brilles lietot\u0101jiem &nbsp; Komplekt\u0101 ietilpst: Saliekams Binoklis Pleca siksna Neilona soma &nbsp; OPTICAL SPECIFICATIONS Optical design Roof Magnification 8 [&hellip;]<\/p>\n","protected":false},"featured_media":0,"template":"","meta":[],"product_brand":[],"product_cat":[4640,4938,4939],"product_tag":[],"class_list":{"0":"post-79296","1":"product","2":"type-product","3":"status-publish","5":"product_cat-recreation","6":"product_cat-optics-recreation","7":"product_cat-binoculars-optics-recreation","9":"first","10":"instock","11":"shipping-taxable","12":"purchasable","13":"product-type-simple"},"_links":{"self":[{"href":"https:\/\/sezona.lv\/en\/wp-json\/wp\/v2\/product\/79296","targetHints":{"allow":["GET"]}}],"collection":[{"href":"https:\/\/sezona.lv\/en\/wp-json\/wp\/v2\/product"}],"about":[{"href":"https:\/\/sezona.lv\/en\/wp-json\/wp\/v2\/types\/product"}],"wp:attachment":[{"href":"https:\/\/sezona.lv\/en\/wp-json\/wp\/v2\/media?parent=79296"}],"wp:term":[{"taxonomy":"product_brand","embeddable":true,"href":"https:\/\/sezona.lv\/en\/wp-json\/wp\/v2\/product_brand?post=79296"},{"taxonomy":"product_cat","embeddable":true,"href":"https:\/\/sezona.lv\/en\/wp-json\/wp\/v2\/product_cat?post=79296"},{"taxonomy":"product_tag","embeddable":true,"href":"https:\/\/sezona.lv\/en\/wp-json\/wp\/v2\/product_tag?post=79296"}],"curies":[{"name":"wp","href":"https:\/\/api.w.org\/{rel}","templated":true}]}}