{"id":79297,"date":"2025-07-14T15:37:53","date_gmt":"2025-07-14T12:37:53","guid":{"rendered":"https:\/\/demo8.ecube.lv\/sezona.lv\/products\/levenhuk-bino-plus-8x40-kompakts-porro-prizmas-mitrumizturigs-binoklis\/"},"modified":"2025-07-14T15:37:53","modified_gmt":"2025-07-14T12:37:53","slug":"levenhuk-bino-plus-8x40-kompakts-porro-prizmas-mitrumizturigs-binoklis","status":"publish","type":"product","link":"https:\/\/sezona.lv\/en\/products\/levenhuk-bino-plus-8x40-kompakts-porro-prizmas-mitrumizturigs-binoklis\/","title":{"rendered":"Levenhuk Bino PLUS 8&#215;40 Kompakts porro Prizmas Mitrumiztur\u012bgs Binoklis"},"content":{"rendered":"<p><span style=\"font-size: 160%;font-family: arial,sans,sans-serif\">Specifik\u0101cijas<\/span><\/p>\n<p>&nbsp;<\/p>\n<table style=\"font-size: 13px;font-family: arial, sans, sans-serif;border: none\" dir=\"ltr\" border=\"1\" cellspacing=\"0\" cellpadding=\"0\">\n<colgroup>\n<col width=\"284\"><\/col>\n<col width=\"266\"><\/col>\n<\/colgroup>\n<tbody>\n<tr style=\"height: 21px\">\n<td style=\"padding: 2px 3px;vertical-align: bottom;border-color: #000000;font-family: Arial;font-size: 110%;color: #3a3a3a;text-align: center\">Palielin\u0101jums, x<\/td>\n<td style=\"padding: 2px 3px;vertical-align: bottom;border-top-color: #000000;border-right-color: #000000;border-bottom-color: #000000;font-family: Arial;font-size: 110%;color: #3a3a3a;text-align: center\">8<\/td>\n<\/tr>\n<tr style=\"height: 21px\">\n<td style=\"padding: 2px 3px;vertical-align: bottom;border-right-color: #000000;border-bottom-color: #000000;border-left-color: #000000;font-family: Arial;font-size: 110%;color: #3a3a3a;text-align: center\">Tips<\/td>\n<td style=\"padding: 2px 3px;vertical-align: bottom;border-right-color: #000000;border-bottom-color: #000000;font-family: Arial;font-size: 110%;color: #3a3a3a;text-align: center\">Porro prism<\/td>\n<\/tr>\n<tr style=\"height: 21px\">\n<td style=\"padding: 2px 3px;vertical-align: bottom;border-right-color: #000000;border-bottom-color: #000000;border-left-color: #000000;font-family: Arial;font-size: 110%;color: #3a3a3a;text-align: center\">Optikas materi\u0101li<\/td>\n<td style=\"padding: 2px 3px;vertical-align: bottom;border-right-color: #000000;border-bottom-color: #000000;font-family: Arial;font-size: 110%;color: #3a3a3a;text-align: center\">BaK-4 glass<\/td>\n<\/tr>\n<tr style=\"height: 21px\">\n<td style=\"padding: 2px 3px;vertical-align: bottom;border-right-color: #000000;border-bottom-color: #000000;border-left-color: #000000;font-family: Arial;font-size: 110%;color: #3a3a3a;text-align: center\">Optikas p\u0101rkl\u0101jums<\/td>\n<td style=\"padding: 2px 3px;vertical-align: bottom;border-right-color: #000000;border-bottom-color: #000000;font-family: Arial;font-size: 110%;color: #3a3a3a;text-align: center\">fully multi-coated<\/td>\n<\/tr>\n<tr style=\"height: 21px\">\n<td style=\"padding: 2px 3px;vertical-align: bottom;border-right-color: #000000;border-bottom-color: #000000;border-left-color: #000000;font-family: Arial;font-size: 110%;color: #3a3a3a;text-align: center\">Objekt\u012bva l\u0113cas diametrs (atv\u0113rums), mm<\/td>\n<td style=\"padding: 2px 3px;vertical-align: bottom;border-right-color: #000000;border-bottom-color: #000000;font-family: Arial;font-size: 110%;color: #3a3a3a;text-align: center\">40<\/td>\n<\/tr>\n<tr style=\"height: 21px\">\n<td style=\"padding: 2px 3px;vertical-align: bottom;border-right-color: #000000;border-bottom-color: #000000;border-left-color: #000000;font-family: Arial;font-size: 110%;color: #3a3a3a;text-align: center\">Izejas z\u012bl\u012b&scaron;u diametrs, mm<\/td>\n<td style=\"padding: 2px 3px;vertical-align: bottom;border-right-color: #000000;border-bottom-color: #000000;font-family: Arial;font-size: 110%;color: #3a3a3a;text-align: center\">5<\/td>\n<\/tr>\n<tr style=\"height: 21px\">\n<td style=\"padding: 2px 3px;vertical-align: bottom;border-right-color: #000000;border-bottom-color: #000000;border-left-color: #000000;font-family: Arial;font-size: 110%;color: #3a3a3a;text-align: center\">Acs att\u0101lums, mm<\/td>\n<td style=\"padding: 2px 3px;vertical-align: bottom;border-right-color: #000000;border-bottom-color: #000000;font-family: Arial;font-size: 110%;color: #3a3a3a;text-align: center\">15<\/td>\n<\/tr>\n<tr style=\"height: 21px\">\n<td style=\"padding: 2px 3px;vertical-align: bottom;border-right-color: #000000;border-bottom-color: #000000;border-left-color: #000000;font-family: Arial;font-size: 110%;color: #3a3a3a;text-align: center\">Kr\u0113slas koeficients<\/td>\n<td style=\"padding: 2px 3px;vertical-align: bottom;border-right-color: #000000;border-bottom-color: #000000;font-family: Arial;font-size: 110%;color: #3a3a3a;text-align: center\">50.6<\/td>\n<\/tr>\n<tr style=\"height: 21px\">\n<td style=\"padding: 2px 3px;vertical-align: bottom;border-right-color: #000000;border-bottom-color: #000000;border-left-color: #000000;font-family: Arial;font-size: 110%;color: #3a3a3a;text-align: center\">Relat\u012bvais spilgtums<\/td>\n<td style=\"padding: 2px 3px;vertical-align: bottom;border-right-color: #000000;border-bottom-color: #000000;font-family: Arial;font-size: 110%;color: #3a3a3a;text-align: center\">25<\/td>\n<\/tr>\n<tr style=\"height: 21px\">\n<td style=\"padding: 2px 3px;vertical-align: bottom;border-right-color: #000000;border-bottom-color: #000000;border-left-color: #000000;font-family: Arial;font-size: 110%;color: #3a3a3a;text-align: center\">Iz&scaron;\u0137irtsp\u0113jas slieksnis, (arcsecundes)<\/td>\n<td style=\"padding: 2px 3px;vertical-align: bottom;border-right-color: #000000;border-bottom-color: #000000;font-family: Arial;font-size: 110%;color: #3a3a3a;text-align: center\">7<\/td>\n<\/tr>\n<tr style=\"height: 21px\">\n<td style=\"padding: 2px 3px;vertical-align: bottom;border-right-color: #000000;border-bottom-color: #000000;border-left-color: #000000;font-family: Arial;font-size: 110%;color: #3a3a3a;text-align: center\">Redzes lauks, &deg;<\/td>\n<td style=\"padding: 2px 3px;vertical-align: bottom;border-right-color: #000000;border-bottom-color: #000000;font-family: Arial;font-size: 110%;color: #3a3a3a;text-align: center\">9<\/td>\n<\/tr>\n<tr style=\"height: 21px\">\n<td style=\"padding: 2px 3px;vertical-align: bottom;border-right-color: #000000;border-bottom-color: #000000;border-left-color: #000000;font-family: Arial;font-size: 110%;color: #3a3a3a;text-align: center\">Redzes lauks, m\/1000 m<\/td>\n<td style=\"padding: 2px 3px;vertical-align: bottom;border-right-color: #000000;border-bottom-color: #000000;font-family: Arial;font-size: 110%;color: #3a3a3a;text-align: center\">140<br \/>420<\/td>\n<\/tr>\n<tr style=\"height: 21px\">\n<td style=\"padding: 2px 3px;vertical-align: bottom;border-right-color: #000000;border-bottom-color: #000000;border-left-color: #000000;font-family: Arial;font-size: 110%;color: #3a3a3a;text-align: center\">Tuvais fokus, m<\/td>\n<td style=\"padding: 2px 3px;vertical-align: bottom;border-right-color: #000000;border-bottom-color: #000000;font-family: Arial;font-size: 110%;color: #3a3a3a;text-align: center\">4.5<br \/>14.8<\/td>\n<\/tr>\n<tr style=\"height: 21px\">\n<td style=\"padding: 2px 3px;vertical-align: bottom;border-right-color: #000000;border-bottom-color: #000000;border-left-color: #000000;font-family: Arial;font-size: 110%;color: #3a3a3a;text-align: center\">Okul\u0101ru dioptriju korekcija, dioptriju skala<\/td>\n<td style=\"padding: 2px 3px;vertical-align: bottom;border-right-color: #000000;border-bottom-color: #000000;font-family: Arial;font-size: 110%;color: #3a3a3a;text-align: center\">&plusmn;4<\/td>\n<\/tr>\n<tr style=\"height: 21px\">\n<td style=\"padding: 2px 3px;vertical-align: bottom;border-right-color: #000000;border-bottom-color: #000000;border-left-color: #000000;font-family: Arial;font-size: 110%;color: #3a3a3a;text-align: center\">Starp-z\u012bl\u012b&scaron;u att\u0101lums (IPD), mm<\/td>\n<td style=\"padding: 2px 3px;vertical-align: bottom;border-right-color: #000000;border-bottom-color: #000000;font-family: Arial;font-size: 110%;color: #3a3a3a;text-align: center\">58-72<\/td>\n<\/tr>\n<tr style=\"height: 21px\">\n<td style=\"padding: 2px 3px;vertical-align: bottom;border-right-color: #000000;border-bottom-color: #000000;border-left-color: #000000;font-family: Arial;font-size: 110%;color: #3a3a3a;text-align: center\">Fokus\u0113&scaron;ana<\/td>\n<td style=\"padding: 2px 3px;vertical-align: bottom;border-right-color: #000000;border-bottom-color: #000000;font-family: Arial;font-size: 110%;color: #3a3a3a;text-align: center\">central<\/td>\n<\/tr>\n<tr style=\"height: 21px\">\n<td style=\"padding: 2px 3px;vertical-align: bottom;border-right-color: #000000;border-bottom-color: #000000;border-left-color: #000000;font-family: Arial;font-size: 110%;color: #3a3a3a;text-align: center\">Lietojums<\/td>\n<td style=\"padding: 2px 3px;vertical-align: bottom;border-right-color: #000000;border-bottom-color: #000000;font-family: Arial;font-size: 110%;color: #3a3a3a;text-align: center\">Visp\u0101r\u012bg\u0101s lieto&scaron;anas produkts.<br \/>Dr\u012bkst lietot b\u0113rni, kas ir<br \/>vec\u0101ki par 3 gadiem.<\/td>\n<\/tr>\n<\/tbody>\n<\/table>\n<p>&nbsp;<\/p>\n","protected":false},"excerpt":{"rendered":"<p>Specifik\u0101cijas &nbsp; Palielin\u0101jums, x 8 Tips Porro prism Optikas materi\u0101li BaK-4 glass Optikas p\u0101rkl\u0101jums fully multi-coated Objekt\u012bva l\u0113cas diametrs (atv\u0113rums), mm 40 Izejas z\u012bl\u012b&scaron;u diametrs, mm 5 Acs att\u0101lums, mm 15 Kr\u0113slas koeficients 50.6 Relat\u012bvais spilgtums 25 Iz&scaron;\u0137irtsp\u0113jas slieksnis, (arcsecundes) 7 Redzes lauks, &deg; 9 Redzes lauks, m\/1000 m 140420 Tuvais fokus, m 4.514.8 Okul\u0101ru [&hellip;]<\/p>\n","protected":false},"featured_media":0,"template":"","meta":[],"product_brand":[3372],"product_cat":[4640,4938,4939],"product_tag":[],"class_list":{"0":"post-79297","1":"product","2":"type-product","3":"status-publish","5":"product_brand-levenhuk","6":"product_cat-recreation","7":"product_cat-optics-recreation","8":"product_cat-binoculars-optics-recreation","10":"first","11":"instock","12":"shipping-taxable","13":"purchasable","14":"product-type-simple"},"_links":{"self":[{"href":"https:\/\/sezona.lv\/en\/wp-json\/wp\/v2\/product\/79297","targetHints":{"allow":["GET"]}}],"collection":[{"href":"https:\/\/sezona.lv\/en\/wp-json\/wp\/v2\/product"}],"about":[{"href":"https:\/\/sezona.lv\/en\/wp-json\/wp\/v2\/types\/product"}],"wp:attachment":[{"href":"https:\/\/sezona.lv\/en\/wp-json\/wp\/v2\/media?parent=79297"}],"wp:term":[{"taxonomy":"product_brand","embeddable":true,"href":"https:\/\/sezona.lv\/en\/wp-json\/wp\/v2\/product_brand?post=79297"},{"taxonomy":"product_cat","embeddable":true,"href":"https:\/\/sezona.lv\/en\/wp-json\/wp\/v2\/product_cat?post=79297"},{"taxonomy":"product_tag","embeddable":true,"href":"https:\/\/sezona.lv\/en\/wp-json\/wp\/v2\/product_tag?post=79297"}],"curies":[{"name":"wp","href":"https:\/\/api.w.org\/{rel}","templated":true}]}}