{"id":79298,"date":"2025-07-14T15:37:54","date_gmt":"2025-07-14T12:37:54","guid":{"rendered":"https:\/\/demo8.ecube.lv\/sezona.lv\/products\/levenhuk-spyglass-sg2-spotting-scope\/"},"modified":"2025-07-14T15:37:54","modified_gmt":"2025-07-14T12:37:54","slug":"levenhuk-spyglass-sg2-spotting-scope","status":"publish","type":"product","link":"https:\/\/sezona.lv\/en\/products\/levenhuk-spyglass-sg2-spotting-scope\/","title":{"rendered":"Levenhuk Spyglass SG2 Spotting Scope"},"content":{"rendered":"<p style=\"line-height: 1.38;margin-top: 0pt;margin-bottom: 0pt\" dir=\"ltr\"><span style=\"font-size: 11pt;font-family: Arial;color: #212121;background-color: #ffffff;font-weight: 400;font-style: normal;font-variant: normal;text-decoration: none;vertical-align: baseline\">Levenhuk Spyglass SG2 Spotting ,ide\u0101ls priek&scaron;mets ikvienam, kas m\u012bl funkcion\u0101las lietas. &Scaron;\u012b stil\u012bg\u0101 un izsmalcin\u0101t\u0101 ier\u012bce atg\u0101dina ant\u012bko spiegu stiklu. Taj\u0101 pa&scaron;\u0101 laik\u0101 tas nevainojami pietuvina att\u0101lus objektus. Objekt\u012bva<\/span><span style=\"font-size: 11pt;font-family: Arial;color: #212121;background-color: #ffffff;font-weight: 700;font-style: normal;font-variant: normal;text-decoration: none;vertical-align: baseline\"> palielin\u0101jums ir 12x<\/span><span style=\"font-size: 11pt;font-family: Arial;color: #212121;background-color: #ffffff;font-weight: 400;font-style: normal;font-variant: normal;text-decoration: none;vertical-align: baseline\">. J\u016bs varat nov\u0113rot jebkuru t\u0101lu objektu vai dabu: ainavas, dz\u012bvnieki, putni, automa&scaron;\u012bnas, sporta sp\u0113les un daudz ko citu.<\/span><span style=\"font-size: 11pt;font-family: Arial;color: #212121;background-color: #ffffff;font-weight: 400;font-style: normal;font-variant: normal;text-decoration: none;vertical-align: baseline\"><br class=\"kix-line-break\" \/><\/span><span style=\"font-size: 11pt;font-family: Arial;color: #212121;background-color: #ffffff;font-weight: 400;font-style: normal;font-variant: normal;text-decoration: none;vertical-align: baseline\"><br class=\"kix-line-break\" \/><\/span><span style=\"font-size: 11pt;font-family: Arial;color: #212121;background-color: #ffffff;font-weight: 400;font-style: normal;font-variant: normal;text-decoration: none;vertical-align: baseline\">Levenhuk Spyglass SG2 Spotting sast\u0101v no trim izvelkamiem misi\u0146a caurul\u0113m. Galven\u0101 caurule ir <\/span><span style=\"font-size: 11pt;font-family: Arial;color: #212121;background-color: #ffffff;font-weight: 700;font-style: normal;font-variant: normal;text-decoration: none;vertical-align: baseline\">p\u0101rkl\u0101ta ar \u0101du<\/span><span style=\"font-size: 11pt;font-family: Arial;color: #212121;background-color: #ffffff;font-weight: 400;font-style: normal;font-variant: normal;text-decoration: none;vertical-align: baseline\">. Optika ir izgatavota no BK-7 stikla, un objekt\u012bvs ir viegls un sp\u0113c\u012bgs. Ar Levenhuk Spyglass SG2 Spotting, J\u016bs vienm\u0113r sa\u0146emsiet asus, spilgtus un kontrastu att\u0113lus.<\/span><span style=\"font-size: 11pt;font-family: Arial;color: #212121;background-color: #ffffff;font-weight: 400;font-style: normal;font-variant: normal;text-decoration: none;vertical-align: baseline\"><br class=\"kix-line-break\" \/><\/span><span style=\"font-size: 11pt;font-family: Arial;color: #212121;background-color: #ffffff;font-weight: 400;font-style: normal;font-variant: normal;text-decoration: none;vertical-align: baseline\"><br class=\"kix-line-break\" \/><\/span><span style=\"font-size: 11pt;font-family: Arial;color: #212121;background-color: #ffffff;font-weight: 700;font-style: normal;font-variant: normal;text-decoration: none;vertical-align: baseline\">Komplekt\u0101 ietilpst:<\/span><span style=\"font-size: 11pt;font-family: Arial;color: #212121;background-color: #ffffff;font-weight: 400;font-style: normal;font-variant: normal;text-decoration: none;vertical-align: baseline\"><br class=\"kix-line-break\" \/><\/span><span style=\"font-size: 11pt;font-family: Arial;color: #212121;background-color: #ffffff;font-weight: 400;font-style: normal;font-variant: normal;text-decoration: none;vertical-align: baseline\"><br class=\"kix-line-break\" \/><\/span><span style=\"font-size: 11pt;font-family: Arial;color: #212121;background-color: #ffffff;font-weight: 400;font-style: normal;font-variant: normal;text-decoration: none;vertical-align: baseline\">Levenhuk Spyglass SG2<\/span><span style=\"font-size: 11pt;font-family: Arial;color: #212121;background-color: #ffffff;font-weight: 400;font-style: normal;font-variant: normal;text-decoration: none;vertical-align: baseline\"><br class=\"kix-line-break\" \/><\/span><span style=\"font-size: 11pt;font-family: Arial;color: #212121;background-color: #ffffff;font-weight: 400;font-style: normal;font-variant: normal;text-decoration: none;vertical-align: baseline\">T\u012br\u012b&scaron;ana lupati\u0146a<\/span><span style=\"font-size: 11pt;font-family: Arial;color: #212121;background-color: #ffffff;font-weight: 400;font-style: normal;font-variant: normal;text-decoration: none;vertical-align: baseline\"><br class=\"kix-line-break\" \/><\/span><span style=\"font-size: 11pt;font-family: Arial;color: #212121;background-color: #ffffff;font-weight: 400;font-style: normal;font-variant: normal;text-decoration: none;vertical-align: baseline\">Lieto&scaron;anas instrukcija un m\u016b\u017ea garantija<\/span><\/p>\n<p style=\"line-height: 1.38;margin-top: 0pt;margin-bottom: 0pt\" dir=\"ltr\"><span style=\"font-size: 11pt;font-family: Arial;color: #212121;background-color: #ffffff;font-weight: 400;font-style: normal;font-variant: normal;text-decoration: none;vertical-align: baseline\"><br \/><\/span><\/p>\n<table style=\"font-size: 10pt;font-family: arial, sans, sans-serif;width: 0px;border: none\" dir=\"ltr\" border=\"1\" cellspacing=\"0\" cellpadding=\"0\">\n<colgroup>\n<col width=\"256\"><\/col>\n<col width=\"311\"><\/col>\n<\/colgroup>\n<tbody>\n<tr style=\"height: 21px\">\n<td style=\"border-color: #000000;overflow: hidden;padding: 2px 3px;vertical-align: bottom;font-family: Vardana;font-size: 11pt;color: #3a3a3a\">Optikas materi\u0101li<\/td>\n<td style=\"border-top-color: #000000;border-right-color: #000000;border-bottom-color: #000000;overflow: hidden;padding: 2px 3px;vertical-align: bottom;font-family: Vardana;font-size: 11pt;color: #3a3a3a\">BK-7 stikls<\/td>\n<\/tr>\n<tr style=\"height: 21px\">\n<td style=\"border-right-color: #000000;border-bottom-color: #000000;border-left-color: #000000;overflow: hidden;padding: 2px 3px;vertical-align: bottom;font-family: Vardana;font-size: 11pt;color: #3a3a3a\">Optikas p\u0101rkl\u0101jums<\/td>\n<td style=\"border-right-color: #000000;border-bottom-color: #000000;overflow: hidden;padding: 2px 3px;vertical-align: bottom;font-family: Vardana;font-size: 11pt;color: #3a3a3a\">cyan<\/td>\n<\/tr>\n<tr style=\"height: 21px\">\n<td style=\"border-right-color: #000000;border-bottom-color: #000000;border-left-color: #000000;overflow: hidden;padding: 2px 3px;vertical-align: bottom;font-family: Vardana;font-size: 11pt;color: #3a3a3a\">Objekt\u012bva l\u0113cas diametrs (atv\u0113rums), mm<\/td>\n<td style=\"border-right-color: #000000;border-bottom-color: #000000;overflow: hidden;padding: 2px 3px;vertical-align: bottom;font-family: Vardana;font-size: 11pt;color: #3a3a3a\">30<\/td>\n<\/tr>\n<tr style=\"height: 21px\">\n<td style=\"border-right-color: #000000;border-bottom-color: #000000;border-left-color: #000000;overflow: hidden;padding: 2px 3px;vertical-align: bottom;font-family: Vardana;font-size: 11pt;color: #3a3a3a\">Palielin\u0101jums, x<\/td>\n<td style=\"border-right-color: #000000;border-bottom-color: #000000;overflow: hidden;padding: 2px 3px;vertical-align: bottom;font-family: Vardana;font-size: 11pt;color: #3a3a3a\">12<\/td>\n<\/tr>\n<tr style=\"height: 21px\">\n<td style=\"border-right-color: #000000;border-bottom-color: #000000;border-left-color: #000000;overflow: hidden;padding: 2px 3px;vertical-align: bottom;font-family: Vardana;font-size: 11pt;color: #3a3a3a\">Redzes lauks, &deg;<\/td>\n<td style=\"border-right-color: #000000;border-bottom-color: #000000;overflow: hidden;padding: 2px 3px;vertical-align: bottom;font-family: Vardana;font-size: 11pt;color: #3a3a3a\">2.1<\/td>\n<\/tr>\n<tr style=\"height: 21px\">\n<td style=\"border-right-color: #000000;border-bottom-color: #000000;border-left-color: #000000;overflow: hidden;padding: 2px 3px;vertical-align: bottom;font-family: Vardana;font-size: 11pt;color: #3a3a3a\">Acs att\u0101lums, mm<\/td>\n<td style=\"border-right-color: #000000;border-bottom-color: #000000;overflow: hidden;padding: 2px 3px;vertical-align: bottom;font-family: Vardana;font-size: 11pt;color: #3a3a3a\">11<\/td>\n<\/tr>\n<tr style=\"height: 21px\">\n<td style=\"border-right-color: #000000;border-bottom-color: #000000;border-left-color: #000000;overflow: hidden;padding: 2px 3px;vertical-align: bottom;font-family: Vardana;font-size: 11pt;color: #3a3a3a\">Kr\u0113slas koeficients<\/td>\n<td style=\"border-right-color: #000000;border-bottom-color: #000000;overflow: hidden;padding: 2px 3px;vertical-align: bottom;font-family: Vardana;font-size: 11pt;color: #3a3a3a\">24.5<\/td>\n<\/tr>\n<tr style=\"height: 21px\">\n<td style=\"border-right-color: #000000;border-bottom-color: #000000;border-left-color: #000000;overflow: hidden;padding: 2px 3px;vertical-align: bottom;font-family: Vardana;font-size: 11pt;color: #3a3a3a\">Tuvais fokus, m<\/td>\n<td style=\"border-right-color: #000000;border-bottom-color: #000000;overflow: hidden;padding: 2px 3px;vertical-align: bottom;font-family: Vardana;font-size: 11pt;color: #3a3a3a\">5<br \/>16.4<\/td>\n<\/tr>\n<tr style=\"height: 21px\">\n<td style=\"border-right-color: #000000;border-bottom-color: #000000;border-left-color: #000000;overflow: hidden;padding: 2px 3px;vertical-align: bottom;font-family: Vardana;font-size: 11pt;color: #3a3a3a\">Redzes lauks, m\/1000 m<\/td>\n<td style=\"border-right-color: #000000;border-bottom-color: #000000;overflow: hidden;padding: 2px 3px;vertical-align: bottom;font-family: Vardana;font-size: 11pt;color: #3a3a3a\">35<br \/>38.3<\/td>\n<\/tr>\n<tr style=\"height: 21px\">\n<td style=\"border-right-color: #000000;border-bottom-color: #000000;border-left-color: #000000;overflow: hidden;padding: 2px 3px;vertical-align: bottom;font-family: Vardana;font-size: 11pt;color: #3a3a3a\">Korpusa materi\u0101ls<\/td>\n<td style=\"border-right-color: #000000;border-bottom-color: #000000;overflow: hidden;padding: 2px 3px;vertical-align: bottom;font-family: Vardana;font-size: 11pt;color: #3a3a3a\">met\u0101ls<\/td>\n<\/tr>\n<tr style=\"height: 21px\">\n<td style=\"border-right-color: #000000;border-bottom-color: #000000;border-left-color: #000000;overflow: hidden;padding: 2px 3px;vertical-align: bottom;font-family: Vardana;font-size: 11pt;color: #3a3a3a\">Lietojums<\/td>\n<td style=\"border-right-color: #000000;border-bottom-color: #000000;overflow: hidden;padding: 2px 3px;vertical-align: bottom;font-family: Vardana;font-size: 11pt;color: #3a3a3a\">Visp\u0101r\u012bg\u0101s lieto&scaron;anas produkts.<br \/>Dr\u012bkst lietot b\u0113rni, kas ir vec\u0101ki par 3 gadiem.<\/td>\n<\/tr>\n<tr style=\"height: 21px\">\n<td style=\"border-right-color: #000000;border-bottom-color: #000000;border-left-color: #000000;overflow: hidden;padding: 2px 3px;vertical-align: bottom;font-family: Vardana;font-size: 11pt;color: #3a3a3a\">Izejas z\u012bl\u012b&scaron;u diametrs, mm<\/td>\n<td style=\"border-right-color: #000000;border-bottom-color: #000000;overflow: hidden;padding: 2px 3px;vertical-align: bottom;font-family: Vardana;font-size: 11pt;color: #3a3a3a\">11<\/td>\n<\/tr>\n<tr style=\"height: 21px\">\n<td style=\"border-right-color: #000000;border-bottom-color: #000000;border-left-color: #000000;overflow: hidden;padding: 2px 3px;vertical-align: bottom;font-family: Vardana;font-size: 11pt;color: #3a3a3a\">Relat\u012bvais spilgtums<\/td>\n<td style=\"border-right-color: #000000;border-bottom-color: #000000;overflow: hidden;padding: 2px 3px;vertical-align: bottom;font-family: Vardana;font-size: 11pt;color: #3a3a3a\">24.5<\/td>\n<\/tr>\n<\/tbody>\n<\/table>\n<p>&nbsp;<\/p>\n<p>&nbsp;<\/p>\n","protected":false},"excerpt":{"rendered":"<p>Levenhuk Spyglass SG2 Spotting ,ide\u0101ls priek&scaron;mets ikvienam, kas m\u012bl funkcion\u0101las lietas. &Scaron;\u012b stil\u012bg\u0101 un izsmalcin\u0101t\u0101 ier\u012bce atg\u0101dina ant\u012bko spiegu stiklu. Taj\u0101 pa&scaron;\u0101 laik\u0101 tas nevainojami pietuvina att\u0101lus objektus. Objekt\u012bva palielin\u0101jums ir 12x. J\u016bs varat nov\u0113rot jebkuru t\u0101lu objektu vai dabu: ainavas, dz\u012bvnieki, putni, automa&scaron;\u012bnas, sporta sp\u0113les un daudz ko citu.Levenhuk Spyglass SG2 Spotting sast\u0101v no [&hellip;]<\/p>\n","protected":false},"featured_media":0,"template":"","meta":[],"product_brand":[3372],"product_cat":[4640,4938,4939,4940],"product_tag":[],"class_list":{"0":"post-79298","1":"product","2":"type-product","3":"status-publish","5":"product_brand-levenhuk","6":"product_cat-recreation","7":"product_cat-optics-recreation","8":"product_cat-binoculars-optics-recreation","9":"product_cat-spotting-scopes-binoculars-optics-recreation","11":"first","12":"instock","13":"shipping-taxable","14":"purchasable","15":"product-type-simple"},"_links":{"self":[{"href":"https:\/\/sezona.lv\/en\/wp-json\/wp\/v2\/product\/79298","targetHints":{"allow":["GET"]}}],"collection":[{"href":"https:\/\/sezona.lv\/en\/wp-json\/wp\/v2\/product"}],"about":[{"href":"https:\/\/sezona.lv\/en\/wp-json\/wp\/v2\/types\/product"}],"wp:attachment":[{"href":"https:\/\/sezona.lv\/en\/wp-json\/wp\/v2\/media?parent=79298"}],"wp:term":[{"taxonomy":"product_brand","embeddable":true,"href":"https:\/\/sezona.lv\/en\/wp-json\/wp\/v2\/product_brand?post=79298"},{"taxonomy":"product_cat","embeddable":true,"href":"https:\/\/sezona.lv\/en\/wp-json\/wp\/v2\/product_cat?post=79298"},{"taxonomy":"product_tag","embeddable":true,"href":"https:\/\/sezona.lv\/en\/wp-json\/wp\/v2\/product_tag?post=79298"}],"curies":[{"name":"wp","href":"https:\/\/api.w.org\/{rel}","templated":true}]}}