{"id":79299,"date":"2025-07-14T15:37:55","date_gmt":"2025-07-14T12:37:55","guid":{"rendered":"https:\/\/demo8.ecube.lv\/sezona.lv\/products\/bresser-national-geographic-10x25-kompakts-kabatas-binoklis\/"},"modified":"2025-07-14T15:37:55","modified_gmt":"2025-07-14T12:37:55","slug":"bresser-national-geographic-10x25-kompakts-kabatas-binoklis","status":"publish","type":"product","link":"https:\/\/sezona.lv\/en\/products\/bresser-national-geographic-10x25-kompakts-kabatas-binoklis\/","title":{"rendered":"Bresser National Geographic 10&#215;25 Kompakts Kabatas Binoklis"},"content":{"rendered":"<p style=\"line-height: 1.38;margin-top: 0pt;margin-bottom: 0pt\" dir=\"ltr\"><span style=\"font-size: 11pt;font-family: Arial;color: #000000;background-color: transparent;font-weight: 400;font-style: normal;font-variant: normal;text-decoration: none;vertical-align: baseline\">Binoklis ar 10 rei\u017eu palielin\u0101jumu un 25mm l\u0113cu diametru. Svar\u0101 viegls, izm\u0113ros kompakts, noder\u0113s p\u0101rg\u0101jieniem, ekskursij\u0101m, ce\u013cojumiem. T\u0101 BK-7 stikla prizmas sniegs kvalitat\u012bvus att\u0113lus. Komplekt\u0101 soma.<\/span><\/p>\n<p style=\"margin-top: 0pt;margin-bottom: 0pt;line-height: 1.38\" dir=\"ltr\"><span style=\"font-size: 11pt;font-family: Arial;color: #000000;background-color: transparent;font-weight: 700;vertical-align: baseline\"><br \/><\/span><\/p>\n<p style=\"margin-top: 0pt;margin-bottom: 0pt;line-height: 1.38\" dir=\"ltr\">&nbsp;<\/p>\n<p style=\"line-height: 1.38;margin-top: 0pt;margin-bottom: 0pt\" dir=\"ltr\"><span style=\"font-size: 12pt;font-family: Arial;color: #212121;background-color: #ffffff;font-weight: 700;font-style: normal;font-variant: normal;text-decoration: none;vertical-align: baseline\">Funkcijas:<\/span><span style=\"font-size: 12pt;font-family: Arial;color: #212121;background-color: #ffffff;font-weight: 400;font-style: normal;font-variant: normal;text-decoration: none;vertical-align: baseline\"><br class=\"kix-line-break\" \/><\/span><span style=\"font-size: 12pt;font-family: Arial;color: #212121;background-color: #ffffff;font-weight: 400;font-style: normal;font-variant: normal;text-decoration: none;vertical-align: baseline\">Kompakts salok\u0101ms binoklis<\/span><span style=\"font-size: 12pt;font-family: Arial;color: #212121;background-color: #ffffff;font-weight: 400;font-style: normal;font-variant: normal;text-decoration: none;vertical-align: baseline\"><br class=\"kix-line-break\" \/><\/span><span style=\"font-size: 12pt;font-family: Arial;color: #212121;background-color: #ffffff;font-weight: 400;font-style: normal;font-variant: normal;text-decoration: none;vertical-align: baseline\">Ide\u0101ls ce\u013co&scaron;anai un p\u0101rg\u0101jieniem<\/span><span style=\"font-size: 12pt;font-family: Arial;color: #212121;background-color: #ffffff;font-weight: 400;font-style: normal;font-variant: normal;text-decoration: none;vertical-align: baseline\"><br class=\"kix-line-break\" \/><\/span><span style=\"font-size: 12pt;font-family: Arial;color: #212121;background-color: #ffffff;font-weight: 400;font-style: normal;font-variant: normal;text-decoration: none;vertical-align: baseline\">Ar\u012b piem\u0113rots brilles lietot\u0101jiem<\/span><span style=\"font-size: 12pt;font-family: Arial;color: #212121;background-color: #ffffff;font-weight: 400;font-style: normal;font-variant: normal;text-decoration: none;vertical-align: baseline\"><br class=\"kix-line-break\" \/><\/span><span style=\"font-size: 12pt;font-family: Arial;color: #212121;background-color: #ffffff;font-weight: 400;font-style: normal;font-variant: normal;text-decoration: none;vertical-align: baseline\"><br class=\"kix-line-break\" \/><\/span><span style=\"font-size: 12pt;font-family: Arial;color: #212121;background-color: #ffffff;font-weight: 700;font-style: normal;font-variant: normal;text-decoration: none;vertical-align: baseline\">Komplekt\u0101 ietilpst:<\/span><span style=\"font-size: 12pt;font-family: Arial;color: #212121;background-color: #ffffff;font-weight: 400;font-style: normal;font-variant: normal;text-decoration: none;vertical-align: baseline\"><br class=\"kix-line-break\" \/><\/span><span style=\"font-size: 12pt;font-family: Arial;color: #212121;background-color: #ffffff;font-weight: 400;font-style: normal;font-variant: normal;text-decoration: none;vertical-align: baseline\">Binoklis<\/span><span style=\"font-size: 12pt;font-family: Arial;color: #212121;background-color: #ffffff;font-weight: 400;font-style: normal;font-variant: normal;text-decoration: none;vertical-align: baseline\"><br class=\"kix-line-break\" \/><\/span><span style=\"font-size: 12pt;font-family: Arial;color: #212121;background-color: #ffffff;font-weight: 400;font-style: normal;font-variant: normal;text-decoration: none;vertical-align: baseline\">Soma<\/span><span style=\"font-size: 12pt;font-family: Arial;color: #212121;background-color: #ffffff;font-weight: 400;font-style: normal;font-variant: normal;text-decoration: none;vertical-align: baseline\"><br class=\"kix-line-break\" \/><\/span><span style=\"font-size: 12pt;font-family: Arial;color: #212121;background-color: #ffffff;font-weight: 400;font-style: normal;font-variant: normal;text-decoration: none;vertical-align: baseline\">L\u0113cas audums<\/span><span style=\"font-size: 12pt;font-family: Arial;color: #212121;background-color: #ffffff;font-weight: 400;font-style: normal;font-variant: normal;text-decoration: none;vertical-align: baseline\"><br class=\"kix-line-break\" \/><\/span><span style=\"font-size: 12pt;font-family: Arial;color: #212121;background-color: #ffffff;font-weight: 400;font-style: normal;font-variant: normal;text-decoration: none;vertical-align: baseline\">Siksna<\/span><span style=\"font-size: 12pt;font-family: Arial;color: #212121;background-color: #ffffff;font-weight: 400;font-style: normal;font-variant: normal;text-decoration: none;vertical-align: baseline\"><br class=\"kix-line-break\" \/><\/span><span style=\"font-size: 12pt;font-family: Arial;color: #212121;background-color: #ffffff;font-weight: 400;font-style: normal;font-variant: normal;text-decoration: none;vertical-align: baseline\">Rokasgr\u0101mata<\/span><\/p>\n<table style=\"background-color: #ffffff;font-size: 10pt;font-family: arial, sans, sans-serif;width: 0px;border: none\" dir=\"ltr\" border=\"1\" cellspacing=\"0\" cellpadding=\"0\">\n<colgroup>\n<col width=\"314\"><\/col>\n<col width=\"131\"><\/col>\n<\/colgroup>\n<tbody>\n<tr style=\"height: 21px\">\n<td style=\"padding: 2px 3px;border: 1px solid #2bafee;overflow: hidden;vertical-align: top;background-color: #2bafee;font-family: Arial;font-size: 11pt;font-weight: bold;color: #ffffff;text-align: center\" colspan=\"2\">OPTICAL SPECIFICATIONS<\/td>\n<\/tr>\n<tr style=\"height: 21px\">\n<td style=\"padding: 2px 3px;overflow: hidden;vertical-align: top;font-family: Arial;font-size: 11pt;font-weight: bold;color: #000000;border: 1px solid #cccccc #2bafee #2bafee\">Optical design<\/td>\n<td style=\"padding: 2px 3px;overflow: hidden;vertical-align: top;font-family: Arial;font-size: 11pt;color: #000000;border: 1px solid #cccccc #2bafee #2bafee #cccccc\">Roof<\/td>\n<\/tr>\n<tr style=\"height: 21px\">\n<td style=\"padding: 2px 3px;overflow: hidden;vertical-align: top;font-family: Arial;font-size: 11pt;font-weight: bold;color: #000000;border: 1px solid #cccccc #2bafee #2bafee\">Magnification<\/td>\n<td style=\"padding: 2px 3px;overflow: hidden;vertical-align: top;font-family: Arial;font-size: 11pt;color: #000000;border: 1px solid #cccccc #2bafee #2bafee #cccccc\">10 fixed<\/td>\n<\/tr>\n<tr style=\"height: 21px\">\n<td style=\"padding: 2px 3px;overflow: hidden;vertical-align: top;font-family: Arial;font-size: 11pt;font-weight: bold;color: #000000;border: 1px solid #cccccc #2bafee #2bafee\">Objective diameter<\/td>\n<td style=\"padding: 2px 3px;overflow: hidden;vertical-align: top;font-family: Arial;font-size: 11pt;color: #000000;border: 1px solid #cccccc #2bafee #2bafee #cccccc\">25 mm<\/td>\n<\/tr>\n<tr style=\"height: 21px\">\n<td style=\"padding: 2px 3px;overflow: hidden;vertical-align: top;font-family: Arial;font-size: 11pt;font-weight: bold;color: #000000;border: 1px solid #cccccc #2bafee #2bafee\">Type of coating<\/td>\n<td style=\"padding: 2px 3px;overflow: hidden;vertical-align: top;font-family: Arial;font-size: 11pt;color: #000000;border: 1px solid #cccccc #2bafee #2bafee #cccccc\">Fully coated<\/td>\n<\/tr>\n<tr style=\"height: 21px\">\n<td style=\"padding: 2px 3px;overflow: hidden;vertical-align: top;font-family: Arial;font-size: 11pt;font-weight: bold;color: #000000;border: 1px solid #cccccc #2bafee #2bafee\">Eyepieces for eyeglass wearers<\/td>\n<td style=\"padding: 2px 3px;overflow: hidden;vertical-align: top;font-family: Arial;font-size: 11pt;color: #000000;border: 1px solid #cccccc #2bafee #2bafee #cccccc\">\u2713<\/td>\n<\/tr>\n<tr style=\"height: 21px\">\n<td style=\"padding: 2px 3px;overflow: hidden;vertical-align: top;font-family: Arial;font-size: 11pt;font-weight: bold;color: #000000;border: 1px solid #cccccc #2bafee #2bafee\">Diopter setting<\/td>\n<td style=\"padding: 2px 3px;overflow: hidden;vertical-align: top;font-family: Arial;font-size: 11pt;color: #000000;border: 1px solid #cccccc #2bafee #2bafee #cccccc\">\u2713<\/td>\n<\/tr>\n<tr style=\"height: 21px\">\n<td style=\"padding: 2px 3px;overflow: hidden;vertical-align: top;font-family: Arial;font-size: 11pt;font-weight: bold;color: #000000;border: 1px solid #cccccc #2bafee #2bafee\">Field of view at 1000m7<\/td>\n<td style=\"padding: 2px 3px;overflow: hidden;vertical-align: top;font-family: Arial;font-size: 11pt;color: #000000;border: 1px solid #cccccc #2bafee #2bafee #cccccc\">97 m<\/td>\n<\/tr>\n<tr style=\"height: 21px\">\n<td style=\"padding: 2px 3px;overflow: hidden;vertical-align: top;font-family: Arial;font-size: 11pt;font-weight: bold;color: #000000;border: 1px solid #cccccc #2bafee #2bafee\">Field of view<\/td>\n<td style=\"padding: 2px 3px;overflow: hidden;vertical-align: top;font-family: Arial;font-size: 11pt;color: #000000;border: 1px solid #cccccc #2bafee #2bafee #cccccc\">5.54 degrees<\/td>\n<\/tr>\n<tr style=\"height: 21px\">\n<td style=\"padding: 2px 3px;overflow: hidden;vertical-align: top;font-family: Arial;font-size: 11pt;font-weight: bold;color: #000000;border: 1px solid #cccccc #2bafee #2bafee\">Light intensity7<\/td>\n<td style=\"padding: 2px 3px;overflow: hidden;vertical-align: top;font-family: Arial;font-size: 11pt;color: #000000;border: 1px solid #cccccc #2bafee #2bafee #cccccc\">6.25<\/td>\n<\/tr>\n<tr style=\"height: 21px\">\n<td style=\"padding: 2px 3px;overflow: hidden;vertical-align: top;font-family: Arial;font-size: 11pt;font-weight: bold;color: #000000;border: 1px solid #cccccc #2bafee #2bafee\">Twilight factor7<\/td>\n<td style=\"padding: 2px 3px;overflow: hidden;vertical-align: top;font-family: Arial;font-size: 11pt;color: #000000;border: 1px solid #cccccc #2bafee #2bafee #cccccc\">15.81<\/td>\n<\/tr>\n<tr style=\"height: 21px\">\n<td style=\"padding: 2px 3px;overflow: hidden;vertical-align: top;background-color: #2bafee;font-family: Arial;font-size: 11pt;font-weight: bold;color: #ffffff;text-align: center;border: 1px solid #cccccc #2bafee #2bafee\" colspan=\"2\">GENERAL TECHNICAL DATA<\/td>\n<\/tr>\n<tr style=\"height: 21px\">\n<td style=\"padding: 2px 3px;overflow: hidden;vertical-align: top;font-family: Arial;font-size: 11pt;font-weight: bold;color: #000000;border: 1px solid #cccccc #2bafee #2bafee\">Tripod adapter thread<\/td>\n<td style=\"padding: 2px 3px;overflow: hidden;vertical-align: top;font-family: Arial;font-size: 11pt;color: #000000;border: 1px solid #cccccc #2bafee #2bafee #cccccc\">\u2713<\/td>\n<\/tr>\n<tr style=\"height: 21px\">\n<td style=\"padding: 2px 3px;overflow: hidden;vertical-align: top;font-family: Arial;font-size: 11pt;font-weight: bold;color: #000000;border: 1px solid #cccccc #2bafee #2bafee\">Focusing system<\/td>\n<td style=\"padding: 2px 3px;overflow: hidden;vertical-align: top;font-family: Arial;font-size: 11pt;color: #000000;border: 1px solid #cccccc #2bafee #2bafee #cccccc\">Central focus wheel<\/td>\n<\/tr>\n<tr style=\"height: 21px\">\n<td style=\"padding: 2px 3px;overflow: hidden;vertical-align: top;font-family: Arial;font-size: 11pt;font-weight: bold;color: #000000;border: 1px solid #cccccc #2bafee #2bafee\">Turns of focus drive over entire focal range<\/td>\n<td style=\"padding: 2px 3px;overflow: hidden;vertical-align: top;font-family: Arial;font-size: 11pt;color: #000000;border: 1px solid #cccccc #2bafee #2bafee #cccccc\">2<\/td>\n<\/tr>\n<tr style=\"height: 21px\">\n<td style=\"padding: 2px 3px;overflow: hidden;vertical-align: top;font-family: Arial;font-size: 11pt;font-weight: bold;color: #000000;border: 1px solid #cccccc #2bafee #2bafee\">Eyecups<\/td>\n<td style=\"padding: 2px 3px;overflow: hidden;vertical-align: top;font-family: Arial;font-size: 11pt;color: #000000;border: 1px solid #cccccc #2bafee #2bafee #cccccc\">TwistUp eyecups<\/td>\n<\/tr>\n<tr style=\"height: 21px\">\n<td style=\"padding: 2px 3px;overflow: hidden;vertical-align: top;font-family: Arial;font-size: 11pt;font-weight: bold;color: #000000;border: 1px solid #cccccc #2bafee #2bafee\">Interpupilar distance min.<\/td>\n<td style=\"padding: 2px 3px;overflow: hidden;vertical-align: top;font-family: Arial;font-size: 11pt;color: #000000;border: 1px solid #cccccc #2bafee #2bafee #cccccc\">44.42 mm<\/td>\n<\/tr>\n<tr style=\"height: 21px\">\n<td style=\"padding: 2px 3px;overflow: hidden;vertical-align: top;font-family: Arial;font-size: 11pt;font-weight: bold;color: #000000;border: 1px solid #cccccc #2bafee #2bafee\">Interpupilar distance max.<\/td>\n<td style=\"padding: 2px 3px;overflow: hidden;vertical-align: top;font-family: Arial;font-size: 11pt;color: #000000;border: 1px solid #cccccc #2bafee #2bafee #cccccc\">74.44 mm<\/td>\n<\/tr>\n<tr style=\"height: 21px\">\n<td style=\"padding: 2px 3px;overflow: hidden;vertical-align: top;font-family: Arial;font-size: 11pt;font-weight: bold;color: #000000;border: 1px solid #cccccc #2bafee #2bafee\">Body material<\/td>\n<td style=\"padding: 2px 3px;overflow: hidden;vertical-align: top;font-family: Arial;font-size: 11pt;color: #000000;border: 1px solid #cccccc #2bafee #2bafee #cccccc\">Plastic<\/td>\n<\/tr>\n<tr style=\"height: 21px\">\n<td style=\"padding: 2px 3px;overflow: hidden;vertical-align: top;font-family: Arial;font-size: 11pt;font-weight: bold;color: #000000;border: 1px solid #cccccc #2bafee #2bafee\">Body armouring<\/td>\n<td style=\"padding: 2px 3px;overflow: hidden;vertical-align: top;font-family: Arial;font-size: 11pt;color: #000000;border: 1px solid #cccccc #2bafee #2bafee #cccccc\">Rubber\/Plastic<\/td>\n<\/tr>\n<\/tbody>\n<\/table>\n<p>&nbsp;<\/p>\n<p>&nbsp;<\/p>\n<p>&nbsp;<\/p>\n<p style=\"line-height: 1.38;margin-top: 0pt;margin-bottom: 0pt;margin-left: 36pt;text-indent: -18pt;padding: 0pt 0pt 0pt 18pt\" dir=\"ltr\">&nbsp;<\/p>\n","protected":false},"excerpt":{"rendered":"<p>Binoklis ar 10 rei\u017eu palielin\u0101jumu un 25mm l\u0113cu diametru. Svar\u0101 viegls, izm\u0113ros kompakts, noder\u0113s p\u0101rg\u0101jieniem, ekskursij\u0101m, ce\u013cojumiem. T\u0101 BK-7 stikla prizmas sniegs kvalitat\u012bvus att\u0113lus. Komplekt\u0101 soma. &nbsp; Funkcijas:Kompakts salok\u0101ms binoklisIde\u0101ls ce\u013co&scaron;anai un p\u0101rg\u0101jieniemAr\u012b piem\u0113rots brilles lietot\u0101jiemKomplekt\u0101 ietilpst:BinoklisSomaL\u0113cas audumsSiksnaRokasgr\u0101mata OPTICAL SPECIFICATIONS Optical design Roof Magnification 10 fixed Objective diameter 25 mm Type of coating Fully coated [&hellip;]<\/p>\n","protected":false},"featured_media":0,"template":"","meta":[],"product_brand":[],"product_cat":[4640,4938,4939],"product_tag":[],"class_list":{"0":"post-79299","1":"product","2":"type-product","3":"status-publish","5":"product_cat-recreation","6":"product_cat-optics-recreation","7":"product_cat-binoculars-optics-recreation","9":"first","10":"instock","11":"shipping-taxable","12":"purchasable","13":"product-type-simple"},"_links":{"self":[{"href":"https:\/\/sezona.lv\/en\/wp-json\/wp\/v2\/product\/79299","targetHints":{"allow":["GET"]}}],"collection":[{"href":"https:\/\/sezona.lv\/en\/wp-json\/wp\/v2\/product"}],"about":[{"href":"https:\/\/sezona.lv\/en\/wp-json\/wp\/v2\/types\/product"}],"wp:attachment":[{"href":"https:\/\/sezona.lv\/en\/wp-json\/wp\/v2\/media?parent=79299"}],"wp:term":[{"taxonomy":"product_brand","embeddable":true,"href":"https:\/\/sezona.lv\/en\/wp-json\/wp\/v2\/product_brand?post=79299"},{"taxonomy":"product_cat","embeddable":true,"href":"https:\/\/sezona.lv\/en\/wp-json\/wp\/v2\/product_cat?post=79299"},{"taxonomy":"product_tag","embeddable":true,"href":"https:\/\/sezona.lv\/en\/wp-json\/wp\/v2\/product_tag?post=79299"}],"curies":[{"name":"wp","href":"https:\/\/api.w.org\/{rel}","templated":true}]}}