{"id":79300,"date":"2025-07-14T15:37:55","date_gmt":"2025-07-14T12:37:55","guid":{"rendered":"https:\/\/demo8.ecube.lv\/sezona.lv\/products\/barska-10x42-lucid-view-kompakts-roof-mitrumziturigs-binoklis\/"},"modified":"2025-07-14T15:37:55","modified_gmt":"2025-07-14T12:37:55","slug":"barska-10x42-lucid-view-kompakts-roof-mitrumziturigs-binoklis","status":"publish","type":"product","link":"https:\/\/sezona.lv\/en\/products\/barska-10x42-lucid-view-kompakts-roof-mitrumziturigs-binoklis\/","title":{"rendered":"Barska 10&#215;42, Lucid View Kompakts roof Mitrumzitur\u012bgs Binoklis"},"content":{"rendered":"<p><span style=\"background-color: transparent;color: #000000;font-family: Arial;font-size: 11pt\">Air View 10&#215;42 binoklis ir kompakts, kur&scaron; ra\u017eots t\u0101, lai nodro&scaron;in\u0101tu vieglu p\u0101rn\u0113s\u0101&scaron;anu un p\u0101rvad\u0101&scaron;anas komfortu. Atv\u0113rt\u0101 tilta konstrukcija nodro&scaron;ina liel\u0101ku komfortu un stabilit\u0101ti, ja nepiecie&scaron;ama ilg\u0101kai skat\u012b&scaron;an\u0101s. Vair\u0101k p\u0101rkl\u0101jumu optika sniedz nep\u0101rsp\u0113jamu att\u0113la skaidr\u012bbu un kr\u0101sainumu. Kompaktais izm\u0113rs 10&#215;42 \u013cauj binokli viegli transport\u0113t bez apgr\u016btin\u0101jumiem, un \u0113rtais dizains padara binokli \u0113rtu izmanto&scaron;an\u0101, ja dodaties v\u0113rot putnus, p\u0101rg\u0101jien\u0101 vai cit\u0101s \u0101ra aktivit\u0101t\u0113s. <span style=\"font-weight: bold\">Stat\u012bvs nav iek\u013cauts.<\/span><\/span><\/p>\n<p><span id=\"docs-internal-guid-fa3eedaa-220d-0a29-84d5-5874dfb2a3f2\"><\/p>\n<p style=\"line-height: 1.38;margin-top: 0pt;margin-bottom: 0pt\" dir=\"ltr\"><span style=\"font-size: 11pt;font-family: Arial;color: #000000;background-color: transparent;font-weight: 700;vertical-align: baseline\">\u012apa&scaron;\u012bbas:<\/span><\/p>\n<ul style=\"margin-top: 0pt;margin-bottom: 0pt\">\n<li style=\"list-style-type: disc;font-size: 9pt;font-family: Arial;background-color: transparent;vertical-align: baseline\" dir=\"ltr\">\n<p style=\"line-height: 1.38;margin-top: 0pt;margin-bottom: 0pt\" dir=\"ltr\"><span style=\"font-size: 11pt;color: #000000;background-color: transparent;vertical-align: baseline\">10x palielin\u0101jums<\/span><\/p>\n<\/li>\n<li style=\"list-style-type: disc;font-size: 9pt;font-family: Arial;background-color: transparent;vertical-align: baseline\" dir=\"ltr\">\n<p style=\"line-height: 1.38;margin-top: 0pt;margin-bottom: 0pt\" dir=\"ltr\"><span style=\"font-size: 11pt;color: #000000;background-color: transparent;vertical-align: baseline\">42mm Objekt\u012bva l\u0113ca<\/span><\/p>\n<\/li>\n<li style=\"list-style-type: disc;font-size: 9pt;font-family: Arial;background-color: transparent;vertical-align: baseline\" dir=\"ltr\">\n<p style=\"line-height: 1.38;margin-top: 0pt;margin-bottom: 0pt\" dir=\"ltr\"><span style=\"font-size: 11pt;color: #000000;background-color: transparent;vertical-align: baseline\">Piln\u012bb\u0101 p\u0101rkl\u0101tas l\u0113cas <\/span><\/p>\n<\/li>\n<li style=\"list-style-type: disc;font-size: 9pt;font-family: Arial;background-color: transparent;vertical-align: baseline\" dir=\"ltr\">\n<p style=\"line-height: 1.38;margin-top: 0pt;margin-bottom: 0pt\" dir=\"ltr\"><span style=\"font-size: 11pt;color: #000000;background-color: transparent;vertical-align: baseline\">Kompakts saliekamais korpuss<\/span><\/p>\n<\/li>\n<li style=\"list-style-type: disc;font-size: 9pt;font-family: Arial;background-color: transparent;vertical-align: baseline\" dir=\"ltr\">\n<p style=\"line-height: 1.38;margin-top: 0pt;margin-bottom: 0pt\" dir=\"ltr\"><span style=\"font-size: 11pt;color: #000000;background-color: transparent;vertical-align: baseline\">Aizsarg\u0101jo&scaron;s gumijas p\u0101rkl\u0101jums<\/span><\/p>\n<\/li>\n<li style=\"list-style-type: disc;font-size: 9pt;font-family: Arial;background-color: transparent;vertical-align: baseline\" dir=\"ltr\">\n<p style=\"line-height: 1.38;margin-top: 0pt;margin-bottom: 0pt\" dir=\"ltr\"><span style=\"font-size: 11pt;color: #000000;background-color: transparent;vertical-align: baseline\">Kakla josti\u0146a un p\u0101rn\u0113s\u0101&scaron;anas soma<\/span><\/p>\n<p style=\"line-height: 1.38;margin-top: 0pt;margin-bottom: 0pt\" dir=\"ltr\"><span style=\"font-size: 11pt;color: #000000;background-color: transparent;vertical-align: baseline\"><br \/><\/span><\/p>\n<p style=\"line-height: 1.38;margin-top: 0pt;margin-bottom: 0pt\" dir=\"ltr\">&nbsp;<\/p>\n<table style=\"font-size: 10pt;font-family: arial, sans, sans-serif;width: 0px;border: none\" dir=\"ltr\" border=\"1\" cellspacing=\"0\" cellpadding=\"0\">\n<colgroup>\n<col width=\"307\"><\/col>\n<col width=\"337\"><\/col>\n<\/colgroup>\n<tbody>\n<tr style=\"height: 21px\">\n<td style=\"border-color: #06dcff;overflow: hidden;padding: 2px 3px;vertical-align: middle;background-color: #06dcff;font-size: 12pt;font-weight: bold;color: #ffffff;text-align: center\" colspan=\"2\">Specifik\u0101cijas<\/td>\n<\/tr>\n<tr style=\"height: 21px\">\n<td style=\"border-right-color: #06dcff;border-bottom-color: #06dcff;border-left-color: #06dcff;overflow: hidden;padding: 2px 3px;vertical-align: middle;font-family: Arial;font-size: 11pt;font-weight: bold;color: #000000\">Modelis<\/td>\n<td style=\"border-right-color: #06dcff;border-bottom-color: #06dcff;overflow: hidden;padding: 2px 3px;vertical-align: middle;font-family: Arial;font-size: 11pt;color: #000000\">AB11364<\/td>\n<\/tr>\n<tr style=\"height: 21px\">\n<td style=\"border-right-color: #06dcff;border-bottom-color: #06dcff;border-left-color: #06dcff;overflow: hidden;padding: 2px 3px;vertical-align: middle;font-family: Arial;font-size: 11pt;font-weight: bold;color: #000000\">Palielin\u0101jums<\/td>\n<td style=\"border-right-color: #06dcff;border-bottom-color: #06dcff;overflow: hidden;padding: 2px 3px;vertical-align: middle;font-family: Arial;font-size: 11pt;color: #000000\">10x<\/td>\n<\/tr>\n<tr style=\"height: 21px\">\n<td style=\"border-right-color: #06dcff;border-bottom-color: #06dcff;border-left-color: #06dcff;overflow: hidden;padding: 2px 3px;vertical-align: middle;font-family: Arial;font-size: 11pt;font-weight: bold;color: #000000\">Objekt\u012bva l\u0113ca<\/td>\n<td style=\"border-right-color: #06dcff;border-bottom-color: #06dcff;overflow: hidden;padding: 2px 3px;vertical-align: middle;font-family: Arial;font-size: 11pt;color: #000000\">42mm<\/td>\n<\/tr>\n<tr style=\"height: 21px\">\n<td style=\"border-right-color: #06dcff;border-bottom-color: #06dcff;border-left-color: #06dcff;overflow: hidden;padding: 2px 3px;vertical-align: middle;font-family: Arial;font-size: 11pt;font-weight: bold;color: #000000\">Prizmas tips<\/td>\n<td style=\"border-right-color: #06dcff;border-bottom-color: #06dcff;overflow: hidden;padding: 2px 3px;vertical-align: middle;font-family: Arial;font-size: 11pt;color: #000000\">Roof<\/td>\n<\/tr>\n<tr style=\"height: 21px\">\n<td style=\"border-right-color: #06dcff;border-bottom-color: #06dcff;border-left-color: #06dcff;overflow: hidden;padding: 2px 3px;vertical-align: middle;font-family: Arial;font-size: 11pt;font-weight: bold;color: #000000\">Prizmas stikls<\/td>\n<td style=\"border-right-color: #06dcff;border-bottom-color: #06dcff;overflow: hidden;padding: 2px 3px;vertical-align: middle;font-family: Arial;font-size: 11pt;color: #000000\">BK-7<\/td>\n<\/tr>\n<tr style=\"height: 21px\">\n<td style=\"border-right-color: #06dcff;border-bottom-color: #06dcff;border-left-color: #06dcff;overflow: hidden;padding: 2px 3px;vertical-align: middle;font-family: Arial;font-size: 11pt;font-weight: bold;color: #000000\">Exit-Pupil<\/td>\n<td style=\"border-right-color: #06dcff;border-bottom-color: #06dcff;overflow: hidden;padding: 2px 3px;vertical-align: middle;font-family: Arial;font-size: 11pt;color: #000000\">4.2mm<\/td>\n<\/tr>\n<tr style=\"height: 21px\">\n<td style=\"border-right-color: #06dcff;border-bottom-color: #06dcff;border-left-color: #06dcff;overflow: hidden;padding: 2px 3px;vertical-align: middle;font-family: Arial;font-size: 11pt;font-weight: bold;color: #000000\">Optiskais p\u0101rkl\u0101jums<\/td>\n<td style=\"border-right-color: #06dcff;border-bottom-color: #06dcff;overflow: hidden;padding: 2px 3px;vertical-align: middle;font-family: Arial;font-size: 11pt;color: #000000\">Piln\u012bb\u0101 p\u0101rkl\u0101ts (Fully Coated)<\/td>\n<\/tr>\n<tr style=\"height: 21px\">\n<td style=\"border-right-color: #06dcff;border-bottom-color: #06dcff;border-left-color: #06dcff;overflow: hidden;padding: 2px 3px;vertical-align: middle;font-family: Arial;font-size: 11pt;font-weight: bold;color: #000000\">Fokus\u0113&scaron;anas sist\u0113ma<\/td>\n<td style=\"border-right-color: #06dcff;border-bottom-color: #06dcff;overflow: hidden;padding: 2px 3px;vertical-align: middle;font-family: Arial;font-size: 11pt;color: #000000\">Centra<\/td>\n<\/tr>\n<tr style=\"height: 21px\">\n<td style=\"border-right-color: #06dcff;border-bottom-color: #06dcff;border-left-color: #06dcff;overflow: hidden;padding: 2px 3px;vertical-align: middle;font-family: Arial;font-size: 11pt;font-weight: bold;color: #000000\">Skata lauks(ft@100yds\/m@100m)<\/td>\n<td style=\"border-right-color: #06dcff;border-bottom-color: #06dcff;overflow: hidden;padding: 2px 3px;vertical-align: middle;font-family: Arial;font-size: 11pt;color: #000000\">262\/87<\/td>\n<\/tr>\n<tr style=\"height: 21px\">\n<td style=\"border-right-color: #06dcff;border-bottom-color: #06dcff;border-left-color: #06dcff;overflow: hidden;padding: 2px 3px;vertical-align: middle;font-family: Arial;font-size: 11pt;font-weight: bold;color: #000000\">Close Focus (ft\/m)<\/td>\n<td style=\"border-right-color: #06dcff;border-bottom-color: #06dcff;overflow: hidden;padding: 2px 3px;vertical-align: middle;font-family: Arial;font-size: 11pt;color: #000000\">5.5\/1.6<\/td>\n<\/tr>\n<tr style=\"height: 21px\">\n<td style=\"border-right-color: #06dcff;border-bottom-color: #06dcff;border-left-color: #06dcff;overflow: hidden;padding: 2px 3px;vertical-align: middle;font-family: Arial;font-size: 11pt;font-weight: bold;color: #000000\">Eye Relief<\/td>\n<td style=\"border-right-color: #06dcff;border-bottom-color: #06dcff;overflow: hidden;padding: 2px 3px;vertical-align: middle;font-family: Arial;font-size: 11pt;color: #000000\">12mm<\/td>\n<\/tr>\n<tr style=\"height: 21px\">\n<td style=\"border-right-color: #06dcff;border-bottom-color: #06dcff;border-left-color: #06dcff;overflow: hidden;padding: 2px 3px;vertical-align: middle;font-family: Arial;font-size: 11pt;font-weight: bold;color: #000000\">Svars<\/td>\n<td style=\"border-right-color: #06dcff;border-bottom-color: #06dcff;overflow: hidden;padding: 2px 3px;vertical-align: middle;font-family: Arial;font-size: 11pt;color: #000000\">15 unces<\/td>\n<\/tr>\n<tr style=\"height: 21px\">\n<td style=\"border-right-color: #06dcff;border-bottom-color: #06dcff;border-left-color: #06dcff;overflow: hidden;padding: 2px 3px;vertical-align: middle;font-family: Arial;font-size: 11pt;font-weight: bold;color: #000000\">Iek\u013cautie piederumi<\/td>\n<td style=\"border-right-color: #06dcff;border-bottom-color: #06dcff;overflow: hidden;padding: 2px 3px;vertical-align: middle;font-family: Arial;font-size: 11pt;color: #000000\">Soma p\u0101rn\u0113s\u0101&scaron;anai, Kakla josti\u0146a un L\u0113cas dr\u0101ni\u0146a<\/td>\n<\/tr>\n<tr style=\"height: 21px\">\n<td style=\"border-right-color: #06dcff;border-bottom-color: #06dcff;border-left-color: #06dcff;overflow: hidden;padding: 2px 3px;vertical-align: middle;font-family: Arial;font-size: 11pt;font-weight: bold;color: #000000\">Garantija<\/td>\n<td style=\"border-right-color: #06dcff;border-bottom-color: #06dcff;overflow: hidden;padding: 2px 3px;vertical-align: middle;font-family: Arial;font-size: 11pt;color: #000000\">Ierobe\u017eota m\u016b\u017ea garantija<\/td>\n<\/tr>\n<\/tbody>\n<\/table>\n<\/li>\n<\/ul>\n<p><\/span><\/p>\n","protected":false},"excerpt":{"rendered":"<p>Air View 10&#215;42 binoklis ir kompakts, kur&scaron; ra\u017eots t\u0101, lai nodro&scaron;in\u0101tu vieglu p\u0101rn\u0113s\u0101&scaron;anu un p\u0101rvad\u0101&scaron;anas komfortu. Atv\u0113rt\u0101 tilta konstrukcija nodro&scaron;ina liel\u0101ku komfortu un stabilit\u0101ti, ja nepiecie&scaron;ama ilg\u0101kai skat\u012b&scaron;an\u0101s. Vair\u0101k p\u0101rkl\u0101jumu optika sniedz nep\u0101rsp\u0113jamu att\u0113la skaidr\u012bbu un kr\u0101sainumu. Kompaktais izm\u0113rs 10&#215;42 \u013cauj binokli viegli transport\u0113t bez apgr\u016btin\u0101jumiem, un \u0113rtais dizains padara binokli \u0113rtu izmanto&scaron;an\u0101, ja dodaties [&hellip;]<\/p>\n","protected":false},"featured_media":0,"template":"","meta":[],"product_brand":[],"product_cat":[4640,4938,4939],"product_tag":[],"class_list":{"0":"post-79300","1":"product","2":"type-product","3":"status-publish","5":"product_cat-recreation","6":"product_cat-optics-recreation","7":"product_cat-binoculars-optics-recreation","9":"first","10":"instock","11":"shipping-taxable","12":"purchasable","13":"product-type-simple"},"_links":{"self":[{"href":"https:\/\/sezona.lv\/en\/wp-json\/wp\/v2\/product\/79300","targetHints":{"allow":["GET"]}}],"collection":[{"href":"https:\/\/sezona.lv\/en\/wp-json\/wp\/v2\/product"}],"about":[{"href":"https:\/\/sezona.lv\/en\/wp-json\/wp\/v2\/types\/product"}],"wp:attachment":[{"href":"https:\/\/sezona.lv\/en\/wp-json\/wp\/v2\/media?parent=79300"}],"wp:term":[{"taxonomy":"product_brand","embeddable":true,"href":"https:\/\/sezona.lv\/en\/wp-json\/wp\/v2\/product_brand?post=79300"},{"taxonomy":"product_cat","embeddable":true,"href":"https:\/\/sezona.lv\/en\/wp-json\/wp\/v2\/product_cat?post=79300"},{"taxonomy":"product_tag","embeddable":true,"href":"https:\/\/sezona.lv\/en\/wp-json\/wp\/v2\/product_tag?post=79300"}],"curies":[{"name":"wp","href":"https:\/\/api.w.org\/{rel}","templated":true}]}}