{"id":79301,"date":"2025-07-14T15:37:56","date_gmt":"2025-07-14T12:37:56","guid":{"rendered":"https:\/\/demo8.ecube.lv\/sezona.lv\/products\/bresser-12x31-antikvariata-dizaina-monoklis-talskatis\/"},"modified":"2025-07-14T15:37:56","modified_gmt":"2025-07-14T12:37:56","slug":"bresser-12x31-antikvariata-dizaina-monoklis-talskatis","status":"publish","type":"product","link":"https:\/\/sezona.lv\/en\/products\/bresser-12x31-antikvariata-dizaina-monoklis-talskatis\/","title":{"rendered":"Bresser 12&#215;31 Antikvari\u0101ta Dizaina Monoklis &amp; T\u0101lskatis"},"content":{"rendered":"<p style=\"line-height: 1.38;margin-top: 0pt;margin-bottom: 0pt\" dir=\"ltr\"><span style=\"font-size: 11pt;font-family: Arial;color: #000000;background-color: transparent;font-weight: 400;font-style: normal;font-variant: normal;text-decoration: none;vertical-align: baseline\">Jau agr\u0101k\u0101s dien\u0101s j\u016brnieki un pir\u0101ti izmantoja izvelkamos monok\u013cus. &Scaron;odien tas ir nepiecie&scaron;ams b\u0113rniem un jaunie&scaron;u sird\u012bm. Ar &scaron;o<\/span><span style=\"font-size: 11pt;font-family: Arial;color: #000000;background-color: transparent;font-weight: 700;font-style: normal;font-variant: normal;text-decoration: none;vertical-align: baseline\"> Antikvari\u0101ta Dizaina Monokli &amp; T\u0101lskati Bresser<\/span><span style=\"font-size: 11pt;font-family: Arial;color: #000000;background-color: transparent;font-weight: 400;font-style: normal;font-variant: normal;text-decoration: none;vertical-align: baseline\"> <\/span><span style=\"font-size: 11pt;font-family: Arial;color: #212121;background-color: #ffffff;font-weight: 400;font-style: normal;font-variant: normal;text-decoration: none;vertical-align: baseline\">ikviens j\u016bt\u0101s, k\u0101 pir\u0101ts!<\/span><\/p>\n<p style=\"line-height: 1.38;margin-top: 0pt;margin-bottom: 0pt\" dir=\"ltr\"><span style=\"font-size: 11pt;font-family: Arial;color: #212121;background-color: #ffffff;font-weight: 400;font-style: normal;font-variant: normal;text-decoration: none;vertical-align: baseline\"><br class=\"kix-line-break\" \/><\/span><\/p>\n<p>&nbsp;<\/p>\n<p style=\"line-height: 1.38;margin-top: 0pt;margin-bottom: 0pt\" dir=\"ltr\"><span style=\"font-size: 11pt;font-family: Arial;color: #212121;background-color: #ffffff;font-weight: 700;font-style: normal;font-variant: normal;text-decoration: none;vertical-align: baseline\">Komplekt\u0101 ietilpst:<\/span><\/p>\n<p style=\"line-height: 1.38;margin-top: 0pt;margin-bottom: 0pt\" dir=\"ltr\"><span style=\"font-size: 11pt;font-family: Arial;color: #212121;background-color: #ffffff;font-weight: 700;font-style: normal;font-variant: normal;text-decoration: none;vertical-align: baseline\"><span style=\"color: #000000;font-size: 14.6667px;font-weight: normal\">Antikvari\u0101ta Dizaina Monoklis &amp; T\u0101lskatis Bresser<\/span><br \/><\/span><span style=\"font-size: 11pt;font-family: Arial;color: #212121;background-color: #ffffff;font-weight: 400;font-style: normal;font-variant: normal;text-decoration: none;vertical-align: baseline\">L\u0113cas audums<\/span><span style=\"font-size: 11pt;font-family: Arial;color: #212121;background-color: #ffffff;font-weight: 400;font-style: normal;font-variant: normal;text-decoration: none;vertical-align: baseline\"><br class=\"kix-line-break\" \/><\/span><span style=\"font-size: 11pt;font-family: Arial;color: #212121;background-color: #ffffff;font-weight: 400;font-style: normal;font-variant: normal;text-decoration: none;vertical-align: baseline\">Soma ar jostas cilpi\u0146u un plaukstas siksnu<\/span><span style=\"font-size: 11pt;font-family: Arial;color: #212121;background-color: #ffffff;font-weight: 400;font-style: normal;font-variant: normal;text-decoration: none;vertical-align: baseline\"><br class=\"kix-line-break\" \/><\/span><span style=\"font-size: 11pt;font-family: Arial;color: #212121;background-color: #ffffff;font-weight: 400;font-style: normal;font-variant: normal;text-decoration: none;vertical-align: baseline\">Rokasgr\u0101mata<\/span><\/p>\n<p style=\"line-height: 1.38;margin-top: 0pt;margin-bottom: 0pt\" dir=\"ltr\">&nbsp;<\/p>\n<table class=\"table table-bordered\" border=\"0\">\n<thead>\n<tr>\n<td colspan=\"2\"><strong>Atrib\u016bti<\/strong><\/td>\n<\/tr>\n<\/thead>\n<tbody>\n<tr>\n<td>Materi\u0101la prizma<\/td>\n<td>BK-7<\/td>\n<\/tr>\n<tr>\n<td>P\u0101rkl\u0101juma veids<\/td>\n<td>p\u0101rkl\u0101ts<\/td>\n<\/tr>\n<tr>\n<td>Aplik\u0101cija<\/td>\n<td>Putnu v\u0113ro&scaron;ana un dabas nov\u0113rojumiem<\/td>\n<\/tr>\n<tr>\n<td>Gaismas intensit\u0101te<\/td>\n<td>6.25<\/td>\n<\/tr>\n<tr>\n<td>Garantija<\/td>\n<td>5 gadi<\/td>\n<\/tr>\n<tr>\n<td>Izm\u0113ri<\/td>\n<td>355mm x 35mm x 35mm<\/td>\n<\/tr>\n<tr>\n<td>Kr\u0113slas koeficients<\/td>\n<td>18.97<\/td>\n<\/tr>\n<tr>\n<td>m\u0113r\u0137a diametrs<\/td>\n<td>30 mm<\/td>\n<\/tr>\n<tr>\n<td>Optiskais dizains<\/td>\n<td>Roof Galilean<\/td>\n<\/tr>\n<tr>\n<td>Palielin\u0101jums<\/td>\n<td>12 fixed<\/td>\n<\/tr>\n<tr>\n<td>Redzes lauks<\/td>\n<td>2 &deg;<\/td>\n<\/tr>\n<tr>\n<td>Redzes lauks, m\/1000 m<\/td>\n<td>35.5 m<\/td>\n<\/tr>\n<tr>\n<td>Svars<\/td>\n<td>400 g<\/td>\n<\/tr>\n<tr>\n<td>Tuvais fokuss<\/td>\n<td>12 m<\/td>\n<\/tr>\n<\/tbody>\n<\/table>\n<p style=\"line-height: 1.38;margin-top: 0pt;margin-bottom: 0pt\" dir=\"ltr\"><span style=\"font-size: 11pt;font-family: Arial;color: #212121;background-color: #ffffff;font-weight: 400;font-style: normal;font-variant: normal;text-decoration: none;vertical-align: baseline\"><br \/><\/span><\/p>\n<table style=\"font-size: 10pt;font-family: arial, sans, sans-serif;width: 0px;border: none\" dir=\"ltr\" border=\"1\" cellspacing=\"0\" cellpadding=\"0\">\n<tbody>\n<tr style=\"height: 21px\">\n<td style=\"border-color: #000000;overflow: hidden;padding: 2px 3px;vertical-align: middle;font-family: Arial;font-size: 9pt;font-weight: bold;color: #222222;text-align: center\" colspan=\"2\">Specifik\u0101cija<\/td>\n<\/tr>\n<tr style=\"height: 21px\">\n<td style=\"border-right-color: #000000;border-bottom-color: #000000;border-left-color: #000000;overflow: hidden;padding: 2px 3px;vertical-align: middle;font-family: Arial;font-size: 9pt;color: #222222;text-align: center\">Materi\u0101la prizma<\/td>\n<td style=\"border-right-color: #000000;border-bottom-color: #000000;overflow: hidden;padding: 2px 3px;vertical-align: middle;font-family: Arial;font-size: 9pt;color: #222222;text-align: center\">BK-7<\/td>\n<\/tr>\n<tr style=\"height: 52px\">\n<td style=\"border-right-color: #000000;border-bottom-color: #000000;border-left-color: #000000;overflow: hidden;padding: 2px 3px;vertical-align: middle;font-family: Arial;font-size: 9pt;color: #222222;text-align: center\">P\u0101rkl\u0101juma<\/td>\n<\/tr>\n<\/tbody>\n<\/table>\n","protected":false},"excerpt":{"rendered":"<p>Jau agr\u0101k\u0101s dien\u0101s j\u016brnieki un pir\u0101ti izmantoja izvelkamos monok\u013cus. &Scaron;odien tas ir nepiecie&scaron;ams b\u0113rniem un jaunie&scaron;u sird\u012bm. Ar &scaron;o Antikvari\u0101ta Dizaina Monokli &amp; T\u0101lskati Bresser ikviens j\u016bt\u0101s, k\u0101 pir\u0101ts! &nbsp; Komplekt\u0101 ietilpst: Antikvari\u0101ta Dizaina Monoklis &amp; T\u0101lskatis BresserL\u0113cas audumsSoma ar jostas cilpi\u0146u un plaukstas siksnuRokasgr\u0101mata &nbsp; Atrib\u016bti Materi\u0101la prizma BK-7 P\u0101rkl\u0101juma veids p\u0101rkl\u0101ts Aplik\u0101cija Putnu [&hellip;]<\/p>\n","protected":false},"featured_media":0,"template":"","meta":[],"product_brand":[],"product_cat":[4640,4938,4941],"product_tag":[],"class_list":{"0":"post-79301","1":"product","2":"type-product","3":"status-publish","5":"product_cat-recreation","6":"product_cat-optics-recreation","7":"product_cat-monoculars-optics-recreation","9":"first","10":"instock","11":"shipping-taxable","12":"purchasable","13":"product-type-simple"},"_links":{"self":[{"href":"https:\/\/sezona.lv\/en\/wp-json\/wp\/v2\/product\/79301","targetHints":{"allow":["GET"]}}],"collection":[{"href":"https:\/\/sezona.lv\/en\/wp-json\/wp\/v2\/product"}],"about":[{"href":"https:\/\/sezona.lv\/en\/wp-json\/wp\/v2\/types\/product"}],"wp:attachment":[{"href":"https:\/\/sezona.lv\/en\/wp-json\/wp\/v2\/media?parent=79301"}],"wp:term":[{"taxonomy":"product_brand","embeddable":true,"href":"https:\/\/sezona.lv\/en\/wp-json\/wp\/v2\/product_brand?post=79301"},{"taxonomy":"product_cat","embeddable":true,"href":"https:\/\/sezona.lv\/en\/wp-json\/wp\/v2\/product_cat?post=79301"},{"taxonomy":"product_tag","embeddable":true,"href":"https:\/\/sezona.lv\/en\/wp-json\/wp\/v2\/product_tag?post=79301"}],"curies":[{"name":"wp","href":"https:\/\/api.w.org\/{rel}","templated":true}]}}