{"id":79307,"date":"2025-07-14T15:38:02","date_gmt":"2025-07-14T12:38:02","guid":{"rendered":"https:\/\/demo8.ecube.lv\/sezona.lv\/products\/bresser-topas-plus-10x25-mitrumizturigs-binoklis-zals\/"},"modified":"2025-07-14T15:38:02","modified_gmt":"2025-07-14T12:38:02","slug":"bresser-topas-plus-10x25-mitrumizturigs-binoklis-zals","status":"publish","type":"product","link":"https:\/\/sezona.lv\/en\/products\/bresser-topas-plus-10x25-mitrumizturigs-binoklis-zals\/","title":{"rendered":"Bresser TOPAS PLUS 10&#215;25 Mitrumiztur\u012bgs Binoklis Za\u013c\u0161"},"content":{"rendered":"<p><span id=\"docs-internal-guid-d54afcb9-1f4e-a30a-2d81-ea75bcdc6fdc\"> <\/span><\/p>\n<p>&nbsp;<\/p>\n<p style=\"margin-top: 0pt;margin-bottom: 0pt;line-height: 1.38\" dir=\"ltr\"><span style=\"font-size: 11pt;font-family: Arial;color: #000000;background-color: transparent;vertical-align: baseline\">Binoklis, kura p\u0101rkl\u0101jums to aizsarg\u0101 pret skr\u0101p\u0113jumiem un triecieniem. Tam ir 10 rei\u017eu palielin\u0101jums un 25mm atveres diametrs.<\/span><\/p>\n<p style=\"margin-top: 0pt;margin-bottom: 0pt;line-height: 1.38\" dir=\"ltr\"><span style=\"font-size: 11pt;font-family: Arial;color: #000000;background-color: transparent;vertical-align: baseline\">Uz 1000 metriem ar to b\u016bs iesp\u0113jams redz\u0113t 96 metrus.<\/span><\/p>\n<p>&nbsp;<\/p>\n<p style=\"margin-top: 0pt;margin-bottom: 0pt;line-height: 1.38\" dir=\"ltr\"><span style=\"font-size: 11pt;font-family: Arial;color: #000000;background-color: transparent;vertical-align: baseline\">Moderns dizains un kompakts. Lieliski noder\u0113s sporta aktivit\u0101&scaron;u v\u0113ro&scaron;anai, te\u0101trim, k\u0101 ar\u012b p\u0101rg\u0101jieniem.<\/span><\/p>\n<p style=\"font-size: 12px\">&nbsp;<\/p>\n<table style=\"background-color: #ffffff;font-size: 10pt;font-family: arial, sans, sans-serif;width: 0px;border: none\" dir=\"ltr\" border=\"1\" cellspacing=\"0\" cellpadding=\"0\">\n<colgroup>\n<col width=\"182\"><\/col>\n<col width=\"328\"><\/col>\n<\/colgroup>\n<tbody>\n<tr style=\"height: 21px\">\n<td style=\"padding: 2px 3px;border: 1px solid #000000;overflow: hidden;vertical-align: middle;font-family: Arial;font-size: 9pt;font-weight: bold;color: #222222;text-align: center\" colspan=\"2\">Specifik\u0101cijas<\/td>\n<\/tr>\n<tr style=\"height: 21px\">\n<td style=\"padding: 2px 3px;overflow: hidden;vertical-align: middle;font-family: Arial;font-size: 9pt;color: #222222;text-align: center;border: 1px solid #cccccc #000000 #000000\">Materi\u0101la prizma<\/td>\n<td style=\"padding: 2px 3px;overflow: hidden;vertical-align: middle;font-family: Arial;font-size: 9pt;color: #222222;text-align: center;border: 1px solid #cccccc #000000 #000000 #cccccc\">BK-7<\/td>\n<\/tr>\n<tr style=\"height: 21px\">\n<td style=\"padding: 2px 3px;overflow: hidden;vertical-align: middle;font-family: Arial;font-size: 9pt;color: #222222;text-align: center;border: 1px solid #cccccc #000000 #000000\">P\u0101rkl\u0101juma veids<\/td>\n<td style=\"padding: 2px 3px;overflow: hidden;vertical-align: middle;font-family: Arial;font-size: 9pt;color: #222222;text-align: center;border: 1px solid #cccccc #000000 #000000 #cccccc\">Piln\u012bgi p\u0101rkl\u0101ts<\/td>\n<\/tr>\n<tr style=\"height: 52px\">\n<td style=\"padding: 2px 3px;overflow: hidden;vertical-align: middle;font-family: Arial;font-size: 9pt;color: #222222;text-align: center;border: 1px solid #cccccc #000000 #000000\">Aplik\u0101cija<\/td>\n<td style=\"padding: 2px 3px;overflow: hidden;vertical-align: middle;font-family: Arial;font-size: 9pt;color: #222222;text-align: center;border: 1px solid #cccccc #000000 #000000 #cccccc\">Ce\u013co&scaron;ana; Sports; Putnu v\u0113ro&scaron;ana; Dabas nov\u0113ro&scaron;ana<\/td>\n<\/tr>\n<tr style=\"height: 21px\">\n<td style=\"padding: 2px 3px;overflow: hidden;vertical-align: middle;font-family: Arial;font-size: 9pt;color: #222222;text-align: center;border: 1px solid #cccccc #000000 #000000\">Dioptrijas iestat\u012bjums<\/td>\n<td style=\"padding: 2px 3px;overflow: hidden;vertical-align: middle;font-family: Arial;font-size: 9pt;color: #222222;text-align: center;border: 1px solid #cccccc #000000 #000000 #cccccc\">Ir<\/td>\n<\/tr>\n<tr style=\"height: 21px\">\n<td style=\"padding: 2px 3px;overflow: hidden;vertical-align: middle;font-family: Arial;font-size: 9pt;color: #222222;text-align: center;border: 1px solid #cccccc #000000 #000000\">Gaismas intensit\u0101te<\/td>\n<td style=\"padding: 2px 3px;overflow: hidden;vertical-align: middle;font-family: Arial;font-size: 9pt;color: #222222;text-align: center;border: 1px solid #cccccc #000000 #000000 #cccccc\">6.25<\/td>\n<\/tr>\n<tr style=\"height: 21px\">\n<td style=\"padding: 2px 3px;overflow: hidden;vertical-align: middle;font-family: Arial;font-size: 9pt;color: #222222;text-align: center;border: 1px solid #cccccc #000000 #000000\">Izm\u0113ri<\/td>\n<td style=\"padding: 2px 3px;overflow: hidden;vertical-align: middle;font-family: Arial;font-size: 9pt;color: #222222;text-align: center;border: 1px solid #cccccc #000000 #000000 #cccccc\">104 x 35 x 118mm<\/td>\n<\/tr>\n<tr style=\"height: 21px\">\n<td style=\"padding: 2px 3px;overflow: hidden;vertical-align: middle;font-family: Arial;font-size: 9pt;color: #222222;text-align: center;border: 1px solid #cccccc #000000 #000000\">Kr\u0113slas koeficients<\/td>\n<td style=\"padding: 2px 3px;overflow: hidden;vertical-align: middle;font-family: Arial;font-size: 9pt;color: #222222;text-align: center;border: 1px solid #cccccc #000000 #000000 #cccccc\">15.81<\/td>\n<\/tr>\n<tr style=\"height: 21px\">\n<td style=\"padding: 2px 3px;overflow: hidden;vertical-align: middle;font-family: Arial;font-size: 9pt;color: #222222;text-align: center;border: 1px solid #cccccc #000000 #000000\">m\u0113r\u0137a diametrs<\/td>\n<td style=\"padding: 2px 3px;overflow: hidden;vertical-align: middle;font-family: Arial;font-size: 9pt;color: #222222;text-align: center;border: 1px solid #cccccc #000000 #000000 #cccccc\">25 mm<\/td>\n<\/tr>\n<tr style=\"height: 21px\">\n<td style=\"padding: 2px 3px;overflow: hidden;vertical-align: middle;font-family: Arial;font-size: 9pt;color: #222222;text-align: center;border: 1px solid #cccccc #000000 #000000\">Okul\u0101rs priek&scaron; bri\u013c\u013cu valk\u0101t\u0101jiem<\/td>\n<td style=\"padding: 2px 3px;overflow: hidden;vertical-align: middle;font-family: Arial;font-size: 9pt;color: #222222;text-align: center;border: 1px solid #cccccc #000000 #000000 #cccccc\">Ir<\/td>\n<\/tr>\n<tr style=\"height: 21px\">\n<td style=\"padding: 2px 3px;overflow: hidden;vertical-align: middle;font-family: Arial;font-size: 9pt;color: #222222;text-align: center;border: 1px solid #cccccc #000000 #000000\">Optiskais dizains<\/td>\n<td style=\"padding: 2px 3px;overflow: hidden;vertical-align: middle;font-family: Arial;font-size: 9pt;color: #222222;text-align: center;border: 1px solid #cccccc #000000 #000000 #cccccc\">Roof<\/td>\n<\/tr>\n<tr style=\"height: 21px\">\n<td style=\"padding: 2px 3px;overflow: hidden;vertical-align: middle;font-family: Arial;font-size: 9pt;color: #222222;text-align: center;border: 1px solid #cccccc #000000 #000000\">Palielin\u0101jums<\/td>\n<td style=\"padding: 2px 3px;overflow: hidden;vertical-align: middle;font-family: Arial;font-size: 9pt;color: #222222;text-align: center;border: 1px solid #cccccc #000000 #000000 #cccccc\">10<\/td>\n<\/tr>\n<tr style=\"height: 21px\">\n<td style=\"padding: 2px 3px;overflow: hidden;vertical-align: middle;font-family: Arial;font-size: 9pt;color: #222222;text-align: center;border: 1px solid #cccccc #000000 #000000\">P\u0101rkl\u0101juma kr\u0101sa<\/td>\n<td style=\"padding: 2px 3px;overflow: hidden;vertical-align: middle;font-family: Arial;font-size: 9pt;color: #222222;text-align: center;border: 1px solid #cccccc #000000 #000000 #cccccc\">Sudraba<\/td>\n<\/tr>\n<tr style=\"height: 21px\">\n<td style=\"padding: 2px 3px;overflow: hidden;vertical-align: middle;font-family: Arial;font-size: 9pt;color: #222222;text-align: center;border: 1px solid #cccccc #000000 #000000\">Redzes lauks<\/td>\n<td style=\"padding: 2px 3px;overflow: hidden;vertical-align: middle;font-family: Arial;font-size: 9pt;color: #222222;text-align: center;border: 1px solid #cccccc #000000 #000000 #cccccc\">5.5 le\u0146\u0137\u012b<\/td>\n<\/tr>\n<tr style=\"height: 21px\">\n<td style=\"padding: 2px 3px;overflow: hidden;vertical-align: middle;font-family: Arial;font-size: 9pt;color: #222222;text-align: center;border: 1px solid #cccccc #000000 #000000\">Redzes lauks, m\/1000 m<\/td>\n<td style=\"padding: 2px 3px;overflow: hidden;vertical-align: middle;font-family: Arial;font-size: 9pt;color: #222222;text-align: center;border: 1px solid #cccccc #000000 #000000 #cccccc\">96 m<\/td>\n<\/tr>\n<tr style=\"height: 21px\">\n<td style=\"padding: 2px 3px;overflow: hidden;vertical-align: middle;font-family: Arial;font-size: 9pt;color: #222222;text-align: center;border: 1px solid #cccccc #000000 #000000\">Soma \/ maisi\u0146&scaron;<\/td>\n<td style=\"padding: 2px 3px;overflow: hidden;vertical-align: middle;font-family: Arial;font-size: 9pt;color: #222222;text-align: center;border: 1px solid #cccccc #000000 #000000 #cccccc\">neilona jostas maisi\u0146&scaron;<\/td>\n<\/tr>\n<tr style=\"height: 21px\">\n<td style=\"padding: 2px 3px;overflow: hidden;vertical-align: middle;font-family: Arial;font-size: 9pt;color: #222222;text-align: center;border: 1px solid #cccccc #000000 #000000\">Tips<\/td>\n<td style=\"padding: 2px 3px;overflow: hidden;vertical-align: middle;font-family: Arial;font-size: 9pt;color: #222222;text-align: center;border: 1px solid #cccccc #000000 #000000 #cccccc\">Kompakts binoklis<\/td>\n<\/tr>\n<tr style=\"height: 21px\">\n<td style=\"padding: 2px 3px;overflow: hidden;vertical-align: middle;font-family: Arial;font-size: 9pt;color: #222222;text-align: center;border: 1px solid #cccccc #000000 #000000\">Tuvais fokuss<\/td>\n<td style=\"padding: 2px 3px;overflow: hidden;vertical-align: middle;font-family: Arial;font-size: 9pt;color: #222222;text-align: center;border: 1px solid #cccccc #000000 #000000 #cccccc\">5 m<\/td>\n<\/tr>\n<\/tbody>\n<\/table>\n<p>&nbsp;<\/p>\n<p>&nbsp;<\/p>\n<p>&nbsp;<\/p>\n<p style=\"line-height: 1.38;margin-top: 0pt;margin-bottom: 0pt;margin-left: 36pt;text-indent: -18pt;padding: 0pt 0pt 0pt 18pt\" dir=\"ltr\">&nbsp;<\/p>\n","protected":false},"excerpt":{"rendered":"<p>&nbsp; Binoklis, kura p\u0101rkl\u0101jums to aizsarg\u0101 pret skr\u0101p\u0113jumiem un triecieniem. Tam ir 10 rei\u017eu palielin\u0101jums un 25mm atveres diametrs. Uz 1000 metriem ar to b\u016bs iesp\u0113jams redz\u0113t 96 metrus. &nbsp; Moderns dizains un kompakts. Lieliski noder\u0113s sporta aktivit\u0101&scaron;u v\u0113ro&scaron;anai, te\u0101trim, k\u0101 ar\u012b p\u0101rg\u0101jieniem. &nbsp; Specifik\u0101cijas Materi\u0101la prizma BK-7 P\u0101rkl\u0101juma veids Piln\u012bgi p\u0101rkl\u0101ts Aplik\u0101cija Ce\u013co&scaron;ana; Sports; [&hellip;]<\/p>\n","protected":false},"featured_media":0,"template":"","meta":[],"product_brand":[],"product_cat":[4640,4938,4939],"product_tag":[],"class_list":{"0":"post-79307","1":"product","2":"type-product","3":"status-publish","5":"product_cat-recreation","6":"product_cat-optics-recreation","7":"product_cat-binoculars-optics-recreation","9":"first","10":"instock","11":"shipping-taxable","12":"purchasable","13":"product-type-simple"},"_links":{"self":[{"href":"https:\/\/sezona.lv\/en\/wp-json\/wp\/v2\/product\/79307","targetHints":{"allow":["GET"]}}],"collection":[{"href":"https:\/\/sezona.lv\/en\/wp-json\/wp\/v2\/product"}],"about":[{"href":"https:\/\/sezona.lv\/en\/wp-json\/wp\/v2\/types\/product"}],"wp:attachment":[{"href":"https:\/\/sezona.lv\/en\/wp-json\/wp\/v2\/media?parent=79307"}],"wp:term":[{"taxonomy":"product_brand","embeddable":true,"href":"https:\/\/sezona.lv\/en\/wp-json\/wp\/v2\/product_brand?post=79307"},{"taxonomy":"product_cat","embeddable":true,"href":"https:\/\/sezona.lv\/en\/wp-json\/wp\/v2\/product_cat?post=79307"},{"taxonomy":"product_tag","embeddable":true,"href":"https:\/\/sezona.lv\/en\/wp-json\/wp\/v2\/product_tag?post=79307"}],"curies":[{"name":"wp","href":"https:\/\/api.w.org\/{rel}","templated":true}]}}