{"id":79309,"date":"2025-07-14T15:38:05","date_gmt":"2025-07-14T12:38:05","guid":{"rendered":"https:\/\/demo8.ecube.lv\/sezona.lv\/products\/bresser-7x50-hunter-kompakts-porro-prismas-mitrumizturigs-binoklis\/"},"modified":"2025-07-14T15:38:05","modified_gmt":"2025-07-14T12:38:05","slug":"bresser-7x50-hunter-kompakts-porro-prismas-mitrumizturigs-binoklis","status":"publish","type":"product","link":"https:\/\/sezona.lv\/en\/products\/bresser-7x50-hunter-kompakts-porro-prismas-mitrumizturigs-binoklis\/","title":{"rendered":"Bresser 7&#215;50 Hunter Kompakts Porro Prismas Mitrumiztur\u012bgs binoklis"},"content":{"rendered":"<div id=\"tab-description\" class=\"tab-pane active\">\n<p><span style=\"font-weight: bold\">Bresser Hunter 7&#215;50 Binoklis<\/span><\/p>\n<p><span style=\"font-weight: bold\"><br \/><\/span><\/p>\n<p><span style=\"font-weight: bold\">Binoklis kompakt\u0101 un \u0113rtas &nbsp;strukt\u016bras &nbsp;izpild\u012bjum\u0101.<\/span><\/p>\n<p><span style=\"font-weight: bold\">Binoklis ir viegls, svars tikai 750 grami;<\/span><\/p>\n<p><span style=\"font-weight: bold\">Binoklim ir BAK7 stikla prizmas;<\/span><\/p>\n<p><span style=\"font-weight: bold\">7 rei\u017eu palielin\u0101jums ar labu meh\u0101niku sniegs dzidrus, kr\u0101sainus att\u0113lus;<\/span><\/p>\n<p><span style=\"font-weight: bold\">50 mm l\u0113cu diametram b\u016bs diezgan pla&scaron;s r\u0101diuss;<\/span><\/p>\n<p><span style=\"font-weight: bold\">Bresser Hunter 7&#215;50 binoklis b\u016bs ide\u0101ls sabiedrotais par tikai par jebkuru \u0101ra aktivit\u0101tes;<\/span><\/p>\n<p><span style=\"font-weight: bold\">Labi der\u0113s &nbsp;med\u012bb\u0101m, astronomijai, sporta aktivit\u0101t\u0113m, p\u0101rg\u0101jieniem, ce\u013cojumiem;<\/span><\/p>\n<p><span style=\"font-weight: bold\">Somu sa\u0146emsiet komplekt\u0101;Bresser Hunter 8&#215;40 Binoklis<\/span><\/p>\n<\/div>\n","protected":false},"excerpt":{"rendered":"<p>Bresser Hunter 7&#215;50 Binoklis Binoklis kompakt\u0101 un \u0113rtas &nbsp;strukt\u016bras &nbsp;izpild\u012bjum\u0101. Binoklis ir viegls, svars tikai 750 grami; Binoklim ir BAK7 stikla prizmas; 7 rei\u017eu palielin\u0101jums ar labu meh\u0101niku sniegs dzidrus, kr\u0101sainus att\u0113lus; 50 mm l\u0113cu diametram b\u016bs diezgan pla&scaron;s r\u0101diuss; Bresser Hunter 7&#215;50 binoklis b\u016bs ide\u0101ls sabiedrotais par tikai par jebkuru \u0101ra aktivit\u0101tes; Labi der\u0113s [&hellip;]<\/p>\n","protected":false},"featured_media":0,"template":"","meta":[],"product_brand":[],"product_cat":[4640,4938,4939],"product_tag":[],"class_list":{"0":"post-79309","1":"product","2":"type-product","3":"status-publish","5":"product_cat-recreation","6":"product_cat-optics-recreation","7":"product_cat-binoculars-optics-recreation","9":"first","10":"instock","11":"shipping-taxable","12":"purchasable","13":"product-type-simple"},"_links":{"self":[{"href":"https:\/\/sezona.lv\/en\/wp-json\/wp\/v2\/product\/79309","targetHints":{"allow":["GET"]}}],"collection":[{"href":"https:\/\/sezona.lv\/en\/wp-json\/wp\/v2\/product"}],"about":[{"href":"https:\/\/sezona.lv\/en\/wp-json\/wp\/v2\/types\/product"}],"wp:attachment":[{"href":"https:\/\/sezona.lv\/en\/wp-json\/wp\/v2\/media?parent=79309"}],"wp:term":[{"taxonomy":"product_brand","embeddable":true,"href":"https:\/\/sezona.lv\/en\/wp-json\/wp\/v2\/product_brand?post=79309"},{"taxonomy":"product_cat","embeddable":true,"href":"https:\/\/sezona.lv\/en\/wp-json\/wp\/v2\/product_cat?post=79309"},{"taxonomy":"product_tag","embeddable":true,"href":"https:\/\/sezona.lv\/en\/wp-json\/wp\/v2\/product_tag?post=79309"}],"curies":[{"name":"wp","href":"https:\/\/api.w.org\/{rel}","templated":true}]}}