{"id":79310,"date":"2025-07-14T15:38:06","date_gmt":"2025-07-14T12:38:06","guid":{"rendered":"https:\/\/demo8.ecube.lv\/sezona.lv\/products\/barska-blueline-12x32-roof-kompakts-mitrumziturigs-binoklis\/"},"modified":"2025-07-14T15:38:06","modified_gmt":"2025-07-14T12:38:06","slug":"barska-blueline-12x32-roof-kompakts-mitrumziturigs-binoklis","status":"publish","type":"product","link":"https:\/\/sezona.lv\/en\/products\/barska-blueline-12x32-roof-kompakts-mitrumziturigs-binoklis\/","title":{"rendered":"Barska Blueline 12X32 Roof Kompakts Mitrumzitur\u012bgs Binoklis"},"content":{"rendered":"<p style=\"line-height: 1.38;margin-top: 0pt;margin-bottom: 6pt;background-color: #ffffff\" dir=\"ltr\"><span style=\"font-size: 11pt;font-family: Arial;color: #000000;background-color: transparent;font-weight: 700;font-style: normal;font-variant: normal;text-decoration: none;vertical-align: baseline\">Barska 12&#215;32 Colorado<\/span><span style=\"font-size: 11pt;font-family: Arial;color: #000000;background-color: transparent;font-weight: 400;font-style: normal;font-variant: normal;text-decoration: none;vertical-align: baseline\"> binoklis ir paredz\u0113ts pla&scaron;am lokam, \u0101ra aktivit\u0101&scaron;u. Fiks\u0113tais 12x palielin\u0101jums ir labi piem\u0113rots vid\u0113jas klases putnu v\u0113ro&scaron;anai, p\u0101rg\u0101jieniem un dabas v\u0113ro&scaron;anai. VIegl\u0101 konstrukcija nodro&scaron;ina binok\u013ca \u0113rtu p\u0101rn\u0113s\u0101&scaron;anu josti\u0146\u0101 ap kaklu. PIln\u012bb\u0101 p\u0101rkl\u0101t\u0101 (fully coated) optika nodro&scaron;ina skaidru un spilgtu att\u0113lu vis\u0101 fokusa diapozon\u0101. Gumijas p\u0101rkl\u0101jums nodro&scaron;ina optikas aizsardz\u012bbu pret mitrumu un gaismu. <\/span><\/p>\n<p style=\"line-height: 1.38;margin-top: 0pt;margin-bottom: 6pt;background-color: #ffffff\" dir=\"ltr\">&nbsp;<\/p>\n<h3 style=\"line-height: 1.32;margin-top: 0pt;margin-bottom: 6pt;background-color: #ffffff\" dir=\"ltr\"><span style=\"font-size: 11pt;font-family: Arial;color: #000000;background-color: transparent;font-weight: 700;font-style: normal;font-variant: normal;text-decoration: none;vertical-align: baseline\">\u012apa&scaron;\u012bbas:<\/span><\/h3>\n<p>&nbsp;<\/p>\n<ul style=\"margin-top: 0pt;margin-bottom: 0pt\">\n<li style=\"list-style-type: disc;font-size: 11pt;font-family: Arial;color: #000000;background-color: transparent;font-weight: 400;font-style: normal;font-variant: normal;text-decoration: none;vertical-align: baseline\" dir=\"ltr\">\n<p style=\"line-height: 1.38;margin-top: 0pt;margin-bottom: 0pt\" dir=\"ltr\"><span style=\"font-size: 11pt;font-family: Arial;color: #000000;background-color: transparent;font-weight: 400;font-style: normal;font-variant: normal;text-decoration: none;vertical-align: baseline\">12x palielin\u0101jums<\/span><\/p>\n<\/li>\n<li style=\"list-style-type: disc;font-size: 11pt;font-family: Arial;color: #000000;background-color: transparent;font-weight: 400;font-style: normal;font-variant: normal;text-decoration: none;vertical-align: baseline\" dir=\"ltr\">\n<p style=\"line-height: 1.38;margin-top: 0pt;margin-bottom: 0pt\" dir=\"ltr\"><span style=\"font-size: 11pt;font-family: Arial;color: #000000;background-color: transparent;font-weight: 400;font-style: normal;font-variant: normal;text-decoration: none;vertical-align: baseline\">32mm Objekt\u012bva l\u0113ca<\/span><\/p>\n<\/li>\n<li style=\"list-style-type: disc;font-size: 11pt;font-family: Arial;color: #000000;background-color: transparent;font-weight: 400;font-style: normal;font-variant: normal;text-decoration: none;vertical-align: baseline\" dir=\"ltr\">\n<p style=\"line-height: 1.38;margin-top: 0pt;margin-bottom: 0pt\" dir=\"ltr\"><span style=\"font-size: 11pt;font-family: Arial;color: #000000;background-color: transparent;font-weight: 400;font-style: normal;font-variant: normal;text-decoration: none;vertical-align: baseline\">BK-7 Roof Prizma<\/span><\/p>\n<\/li>\n<li style=\"list-style-type: disc;font-size: 11pt;font-family: Arial;color: #000000;background-color: transparent;font-weight: 400;font-style: normal;font-variant: normal;text-decoration: none;vertical-align: baseline\" dir=\"ltr\">\n<p style=\"line-height: 1.38;margin-top: 0pt;margin-bottom: 0pt\" dir=\"ltr\"><span style=\"font-size: 11pt;font-family: Arial;color: #000000;background-color: transparent;font-weight: 400;font-style: normal;font-variant: normal;text-decoration: none;vertical-align: baseline\">Struktur\u0113ts gumijas p\u0101rkl\u0101jums <\/span><\/p>\n<\/li>\n<li style=\"list-style-type: disc;font-size: 11pt;font-family: Arial;color: #000000;background-color: transparent;font-weight: 400;font-style: normal;font-variant: normal;text-decoration: none;vertical-align: baseline\" dir=\"ltr\">\n<p style=\"line-height: 1.38;margin-top: 0pt;margin-bottom: 0pt\" dir=\"ltr\"><span style=\"font-size: 11pt;font-family: Arial;color: #000000;background-color: transparent;font-weight: 400;font-style: normal;font-variant: normal;text-decoration: none;vertical-align: baseline\">Lab\u0101s acs dioptrs<\/span><\/p>\n<\/li>\n<li style=\"list-style-type: disc;font-size: 11pt;font-family: Arial;color: #000000;background-color: transparent;font-weight: 400;font-style: normal;font-variant: normal;text-decoration: none;vertical-align: baseline\" dir=\"ltr\">\n<p style=\"line-height: 1.38;margin-top: 0pt;margin-bottom: 6pt\" dir=\"ltr\"><span style=\"font-size: 11pt;font-family: Arial;color: #000000;background-color: transparent;font-weight: 400;font-style: normal;font-variant: normal;text-decoration: none;vertical-align: baseline\">Piln\u012bb\u0101 p\u0101rkl\u0101tas l\u0113cas<\/span><\/p>\n<p style=\"line-height: 1.38;margin-top: 0pt;margin-bottom: 6pt\" dir=\"ltr\"><span style=\"font-size: 11pt;font-family: Arial;color: #000000;background-color: transparent;font-weight: 400;font-style: normal;font-variant: normal;text-decoration: none;vertical-align: baseline\"><br \/><\/span><\/p>\n<p style=\"line-height: 1.38;margin-top: 0pt;margin-bottom: 6pt\" dir=\"ltr\">&nbsp;<\/p>\n<table style=\"font-size: 10pt;font-family: arial, sans, sans-serif;width: 0px;border: none\" dir=\"ltr\" border=\"1\" cellspacing=\"0\" cellpadding=\"0\">\n<colgroup>\n<col width=\"307\"><\/col>\n<col width=\"337\"><\/col>\n<\/colgroup>\n<tbody>\n<tr style=\"height: 21px\">\n<td style=\"border-color: #06dcff;overflow: hidden;padding: 2px 3px;vertical-align: middle;background-color: #06dcff;font-size: 12pt;font-weight: bold;color: #ffffff;text-align: center\" colspan=\"2\">Specifik\u0101cijas<\/td>\n<\/tr>\n<tr style=\"height: 21px\">\n<td style=\"border-right-color: #06dcff;border-bottom-color: #06dcff;border-left-color: #06dcff;overflow: hidden;padding: 2px 3px;vertical-align: middle;font-family: Arial;font-size: 11pt;font-weight: bold\">Modelis<\/td>\n<td style=\"border-right-color: #06dcff;border-bottom-color: #06dcff;overflow: hidden;padding: 2px 3px;vertical-align: middle;font-family: Arial;font-size: 11pt\">AB12510<\/td>\n<\/tr>\n<tr style=\"height: 21px\">\n<td style=\"border-right-color: #06dcff;border-bottom-color: #06dcff;border-left-color: #06dcff;overflow: hidden;padding: 2px 3px;vertical-align: middle;font-family: Arial;font-size: 11pt;font-weight: bold\">Palielin\u0101jums<\/td>\n<td style=\"border-right-color: #06dcff;border-bottom-color: #06dcff;overflow: hidden;padding: 2px 3px;vertical-align: middle;font-family: Arial;font-size: 11pt\">12x<\/td>\n<\/tr>\n<tr style=\"height: 21px\">\n<td style=\"border-right-color: #06dcff;border-bottom-color: #06dcff;border-left-color: #06dcff;overflow: hidden;padding: 2px 3px;vertical-align: middle;font-family: Arial;font-size: 11pt;font-weight: bold\">Objekt\u012bva l\u0113ca<\/td>\n<td style=\"border-right-color: #06dcff;border-bottom-color: #06dcff;overflow: hidden;padding: 2px 3px;vertical-align: middle;font-family: Arial;font-size: 11pt\">32mm<\/td>\n<\/tr>\n<tr style=\"height: 21px\">\n<td style=\"border-right-color: #06dcff;border-bottom-color: #06dcff;border-left-color: #06dcff;overflow: hidden;padding: 2px 3px;vertical-align: middle;font-family: Arial;font-size: 11pt;font-weight: bold\">Prizmas tips<\/td>\n<td style=\"border-right-color: #06dcff;border-bottom-color: #06dcff;overflow: hidden;padding: 2px 3px;vertical-align: middle;font-family: Arial;font-size: 11pt\">Roof<\/td>\n<\/tr>\n<tr style=\"height: 21px\">\n<td style=\"border-right-color: #06dcff;border-bottom-color: #06dcff;border-left-color: #06dcff;overflow: hidden;padding: 2px 3px;vertical-align: middle;font-family: Arial;font-size: 11pt;font-weight: bold\">Prizmas stikls<\/td>\n<td style=\"border-right-color: #06dcff;border-bottom-color: #06dcff;overflow: hidden;padding: 2px 3px;vertical-align: middle;font-family: Arial;font-size: 11pt\">BK-7<\/td>\n<\/tr>\n<tr style=\"height: 21px\">\n<td style=\"border-right-color: #06dcff;border-bottom-color: #06dcff;border-left-color: #06dcff;overflow: hidden;padding: 2px 3px;vertical-align: middle;font-family: Arial;font-size: 11pt;font-weight: bold\">Exit-Pupil<\/td>\n<td style=\"border-right-color: #06dcff;border-bottom-color: #06dcff;overflow: hidden;padding: 2px 3px;vertical-align: middle;font-family: Arial;font-size: 11pt\">2.7mm<\/td>\n<\/tr>\n<tr style=\"height: 21px\">\n<td style=\"border-right-color: #06dcff;border-bottom-color: #06dcff;border-left-color: #06dcff;overflow: hidden;padding: 2px 3px;vertical-align: middle;font-family: Arial;font-size: 11pt;font-weight: bold\">Optiskais p\u0101rkl\u0101jums<\/td>\n<td style=\"border-right-color: #06dcff;border-bottom-color: #06dcff;overflow: hidden;padding: 2px 3px;vertical-align: middle;font-family: Arial;font-size: 11pt\">Piln\u012bb\u0101 p\u0101rkl\u0101ts (Fully Coated)<\/td>\n<\/tr>\n<tr style=\"height: 21px\">\n<td style=\"border-right-color: #06dcff;border-bottom-color: #06dcff;border-left-color: #06dcff;overflow: hidden;padding: 2px 3px;vertical-align: middle;font-family: Arial;font-size: 11pt;font-weight: bold\">Fokus\u0113&scaron;anas sist\u0113ma<\/td>\n<td style=\"border-right-color: #06dcff;border-bottom-color: #06dcff;overflow: hidden;padding: 2px 3px;vertical-align: middle;font-family: Arial;font-size: 11pt\">Centra fokuss<\/td>\n<\/tr>\n<tr style=\"height: 21px\">\n<td style=\"border-right-color: #06dcff;border-bottom-color: #06dcff;border-left-color: #06dcff;overflow: hidden;padding: 2px 3px;vertical-align: middle;font-family: Arial;font-size: 11pt;font-weight: bold\">Skata lauks(ft@100yds\/m@100m)<\/td>\n<td style=\"border-right-color: #06dcff;border-bottom-color: #06dcff;overflow: hidden;padding: 2px 3px;vertical-align: middle;font-family: Arial;font-size: 11pt\">237t@1000yrd\/79m@1000m<\/td>\n<\/tr>\n<tr style=\"height: 21px\">\n<td style=\"border-right-color: #06dcff;border-bottom-color: #06dcff;border-left-color: #06dcff;overflow: hidden;padding: 2px 3px;vertical-align: middle;font-family: Arial;font-size: 11pt;font-weight: bold\">Close Focus (ft\/m)<\/td>\n<td style=\"border-right-color: #06dcff;border-bottom-color: #06dcff;overflow: hidden;padding: 2px 3px;vertical-align: middle;font-family: Arial;font-size: 11pt\">5.5<\/td>\n<\/tr>\n<tr style=\"height: 21px\">\n<td style=\"border-right-color: #06dcff;border-bottom-color: #06dcff;border-left-color: #06dcff;overflow: hidden;padding: 2px 3px;vertical-align: middle;font-family: Arial;font-size: 11pt;font-weight: bold\">Eye Relief<\/td>\n<td style=\"border-right-color: #06dcff;border-bottom-color: #06dcff;overflow: hidden;padding: 2px 3px;vertical-align: middle;font-family: Arial;font-size: 11pt\">10.5mm<\/td>\n<\/tr>\n<tr style=\"height: 21px\">\n<td style=\"border-right-color: #06dcff;border-bottom-color: #06dcff;border-left-color: #06dcff;overflow: hidden;padding: 2px 3px;vertical-align: middle;font-family: Arial;font-size: 11pt;font-weight: bold\">Apdare<\/td>\n<td style=\"border-right-color: #06dcff;border-bottom-color: #06dcff;overflow: hidden;padding: 2px 3px;vertical-align: middle;font-family: Arial;font-size: 11pt\">Melna met\u0113ta, gumijas apvalks<\/td>\n<\/tr>\n<tr style=\"height: 21px\">\n<td style=\"border-right-color: #06dcff;border-bottom-color: #06dcff;border-left-color: #06dcff;overflow: hidden;padding: 2px 3px;vertical-align: middle;font-family: Arial;font-size: 11pt;font-weight: bold\">Svars<\/td>\n<td style=\"border-right-color: #06dcff;border-bottom-color: #06dcff;overflow: hidden;padding: 2px 3px;vertical-align: middle;font-family: Arial;font-size: 11pt\">0.9 m\u0101rci\u0146as<\/td>\n<\/tr>\n<tr style=\"height: 21px\">\n<td style=\"border-right-color: #06dcff;border-bottom-color: #06dcff;border-left-color: #06dcff;overflow: hidden;padding: 2px 3px;vertical-align: middle;font-family: Arial;font-size: 11pt;font-weight: bold\">Iek\u013cautie piederumi<\/td>\n<td style=\"border-right-color: #06dcff;border-bottom-color: #06dcff;overflow: hidden;padding: 2px 3px;vertical-align: middle;font-family: Arial;font-size: 11pt\">Soma p\u0101rn\u0113s\u0101&scaron;anai, Kakla josti\u0146a un L\u0113cas dr\u0101ni\u0146a<\/td>\n<\/tr>\n<tr style=\"height: 21px\">\n<td style=\"border-right-color: #06dcff;border-bottom-color: #06dcff;border-left-color: #06dcff;overflow: hidden;padding: 2px 3px;vertical-align: middle;font-family: Arial;font-size: 11pt;font-weight: bold\">Garantija<\/td>\n<td style=\"border-right-color: #06dcff;border-bottom-color: #06dcff;overflow: hidden;padding: 2px 3px;vertical-align: middle;font-family: Arial;font-size: 11pt\">Ierobe\u017eota m\u016b\u017ea garantija<\/td>\n<\/tr>\n<\/tbody>\n<\/table>\n<\/li>\n<\/ul>\n<ul style=\"margin-top: 0pt;margin-bottom: 0pt\">\n<li style=\"list-style-type: disc;font-size: 9pt;font-family: Arial;background-color: transparent;vertical-align: baseline\" dir=\"ltr\">\n<table style=\"font-size: 10pt;font-family: arial, sans, sans-serif;width: 0px;border: none\" dir=\"ltr\" border=\"1\" cellspacing=\"0\" cellpadding=\"0\">\n<tbody>\n<tr style=\"height: 21px\">\n<td style=\"border-color: #06dcff;overflow: hidden;padding: 2px 3px;vertical-align: middle;background-color: #06dcff;font-size: 12pt;font-weight: bold;color: #ffffff;text-align: center\" colspan=\"2\">&nbsp;<\/td>\n<\/tr>\n<tr style=\"height: 21px\">\n<td style=\"border-right-color: #06dcff;border-bottom-color: #06dcff;border-left-color: #06dcff;overflow: hidden;padding: 2px 3px;vertical-align: middle;font-family: Arial;font-size: 11pt;font-weight: bold;color: #000000\">&nbsp;<\/td>\n<td style=\"border-right-color: #06dcff;border-bottom-color: #06dcff;overflow: hidden;padding: 2px 3px;vertical-align: middle;font-family: Arial;font-size: 11pt;color: #000000\">&nbsp;<\/td>\n<\/tr>\n<tr style=\"height: 21px\">\n<td style=\"border-right-color: #06dcff;border-bottom-color: #06dcff;border-left-color: #06dcff;overflow: hidden;padding: 2px 3px;vertical-align: middle;font-family: Arial;font-size: 11pt;font-weight: bold;color: #000000\">&nbsp;<\/td>\n<td style=\"border-right-color: #06dcff;border-bottom-color: #06dcff;overflow: hidden;padding: 2px 3px;vertical-align: middle;font-family: Arial;font-size: 11pt;color: #000000\">&nbsp;<\/td>\n<\/tr>\n<tr style=\"height: 21px\">\n<td style=\"border-right-color: #06dcff;border-bottom-color: #06dcff;border-left-color: #06dcff;overflow: hidden;padding: 2px 3px;vertical-align: middle;font-family: Arial;font-size: 11pt;font-weight: bold;color: #000000\">&nbsp;<\/td>\n<td style=\"border-right-color: #06dcff;border-bottom-color: #06dcff;overflow: hidden;padding: 2px 3px;vertical-align: middle;font-family: Arial;font-size: 11pt;color: #000000\">&nbsp;<\/td>\n<\/tr>\n<tr style=\"height: 21px\">\n<td style=\"border-right-color: #06dcff;border-bottom-color: #06dcff;border-left-color: #06dcff;overflow: hidden;padding: 2px 3px;vertical-align: middle;font-family: Arial;font-size: 11pt;font-weight: bold;color: #000000\">&nbsp;<\/td>\n<td style=\"border-right-color: #06dcff;border-bottom-color: #06dcff;overflow: hidden;padding: 2px 3px;vertical-align: middle;font-family: Arial;font-size: 11pt;color: #000000\">&nbsp;<\/td>\n<\/tr>\n<tr style=\"height: 21px\">\n<td style=\"border-right-color: #06dcff;border-bottom-color: #06dcff;border-left-color: #06dcff;overflow: hidden;padding: 2px 3px;vertical-align: middle;font-family: Arial;font-size: 11pt;font-weight: bold;color: #000000\">&nbsp;<\/td>\n<td style=\"border-right-color: #06dcff;border-bottom-color: #06dcff;overflow: hidden;padding: 2px 3px;vertical-align: middle;font-family: Arial;font-size: 11pt;color: #000000\">&nbsp;<\/td>\n<\/tr>\n<tr style=\"height: 21px\">\n<td style=\"border-right-color: #06dcff;border-bottom-color: #06dcff;border-left-color: #06dcff;overflow: hidden;padding: 2px 3px;vertical-align: middle;font-family: Arial;font-size: 11pt;font-weight: bold;color: #000000\">&nbsp;<\/td>\n<td style=\"border-right-color: #06dcff;border-bottom-color: #06dcff;overflow: hidden;padding: 2px 3px;vertical-align: middle;font-family: Arial;font-size: 11pt;color: #000000\">&nbsp;<\/td>\n<\/tr>\n<tr style=\"height: 21px\">\n<td style=\"border-right-color: #06dcff;border-bottom-color: #06dcff;border-left-color: #06dcff;overflow: hidden;padding: 2px 3px;vertical-align: middle;font-family: Arial;font-size: 11pt;font-weight: bold;color: #000000\">&nbsp;<\/td>\n<td style=\"border-right-color: #06dcff;border-bottom-color: #06dcff;overflow: hidden;padding: 2px 3px;vertical-align: middle;font-family: Arial;font-size: 11pt;color: #000000\">&nbsp;<\/td>\n<\/tr>\n<tr style=\"height: 21px\">\n<td style=\"border-right-color: #06dcff;border-bottom-color: #06dcff;border-left-color: #06dcff;overflow: hidden;padding: 2px 3px;vertical-align: middle;font-family: Arial;font-size: 11pt;font-weight: bold;color: #000000\">&nbsp;<\/td>\n<td style=\"border-right-color: #06dcff;border-bottom-color: #06dcff;overflow: hidden;padding: 2px 3px;vertical-align: middle;font-family: Arial;font-size: 11pt;color: #000000\">&nbsp;<\/td>\n<\/tr>\n<tr style=\"height: 21px\">\n<td style=\"border-right-color: #06dcff;border-bottom-color: #06dcff;border-left-color: #06dcff;overflow: hidden;padding: 2px 3px;vertical-align: middle;font-family: Arial;font-size: 11pt;font-weight: bold;color: #000000\">&nbsp;<\/td>\n<td style=\"border-right-color: #06dcff;border-bottom-color: #06dcff;overflow: hidden;padding: 2px 3px;vertical-align: middle;font-family: Arial;font-size: 11pt;color: #000000\">&nbsp;<\/td>\n<\/tr>\n<tr style=\"height: 21px\">\n<td style=\"border-right-color: #06dcff;border-bottom-color: #06dcff;border-left-color: #06dcff;overflow: hidden;padding: 2px 3px;vertical-align: middle;font-family: Arial;font-size: 11pt;font-weight: bold;color: #000000\">&nbsp;<\/td>\n<td style=\"border-right-color: #06dcff;border-bottom-color: #06dcff;overflow: hidden;padding: 2px 3px;vertical-align: middle;font-family: Arial;font-size: 11pt;color: #000000\">&nbsp;<\/td>\n<\/tr>\n<tr style=\"height: 21px\">\n<td style=\"border-right-color: #06dcff;border-bottom-color: #06dcff;border-left-color: #06dcff;overflow: hidden;padding: 2px 3px;vertical-align: middle;font-family: Arial;font-size: 11pt;font-weight: bold;color: #000000\">&nbsp;<\/td>\n<td style=\"border-right-color: #06dcff;border-bottom-color: #06dcff;overflow: hidden;padding: 2px 3px;vertical-align: middle;font-family: Arial;font-size: 11pt;color: #000000\">&nbsp;<\/td>\n<\/tr>\n<tr style=\"height: 21px\">\n<td style=\"border-right-color: #06dcff;border-bottom-color: #06dcff;border-left-color: #06dcff;overflow: hidden;padding: 2px 3px;vertical-align: middle;font-family: Arial;font-size: 11pt;font-weight: bold;color: #000000\">&nbsp;<\/td>\n<td style=\"border-right-color: #06dcff;border-bottom-color: #06dcff;overflow: hidden;padding: 2px 3px;vertical-align: middle;font-family: Arial;font-size: 11pt;color: #000000\">&nbsp;<\/td>\n<\/tr>\n<tr style=\"height: 21px\">\n<td style=\"border-right-color: #06dcff;border-bottom-color: #06dcff;border-left-color: #06dcff;overflow: hidden;padding: 2px 3px;vertical-align: middle;font-family: Arial;font-size: 11pt;font-weight: bold;color: #000000\">&nbsp;<\/td>\n<td style=\"border-right-color: #06dcff;border-bottom-color: #06dcff;overflow: hidden;padding: 2px 3px;vertical-align: middle;font-family: Arial;font-size: 11pt;color: #000000\">&nbsp;<\/td>\n<\/tr>\n<tr style=\"height: 21px\">\n<td style=\"border-right-color: #06dcff;border-bottom-color: #06dcff;border-left-color: #06dcff;overflow: hidden;padding: 2px 3px;vertical-align: middle;font-family: Arial;font-size: 11pt;font-weight: bold;color: #000000\">&nbsp;<\/td>\n<td style=\"border-right-color: #06dcff;border-bottom-color: #06dcff;overflow: hidden;padding: 2px 3px;vertical-align: middle;font-family: Arial;font-size: 11pt;color: #000000\">&nbsp;<\/td>\n<\/tr>\n<\/tbody>\n<\/table>\n<\/li>\n<\/ul>\n<p>&nbsp;<\/p>\n","protected":false},"excerpt":{"rendered":"<p>Barska 12&#215;32 Colorado binoklis ir paredz\u0113ts pla&scaron;am lokam, \u0101ra aktivit\u0101&scaron;u. Fiks\u0113tais 12x palielin\u0101jums ir labi piem\u0113rots vid\u0113jas klases putnu v\u0113ro&scaron;anai, p\u0101rg\u0101jieniem un dabas v\u0113ro&scaron;anai. VIegl\u0101 konstrukcija nodro&scaron;ina binok\u013ca \u0113rtu p\u0101rn\u0113s\u0101&scaron;anu josti\u0146\u0101 ap kaklu. PIln\u012bb\u0101 p\u0101rkl\u0101t\u0101 (fully coated) optika nodro&scaron;ina skaidru un spilgtu att\u0113lu vis\u0101 fokusa diapozon\u0101. Gumijas p\u0101rkl\u0101jums nodro&scaron;ina optikas aizsardz\u012bbu pret mitrumu un gaismu. [&hellip;]<\/p>\n","protected":false},"featured_media":0,"template":"","meta":[],"product_brand":[],"product_cat":[4640,4938,4939],"product_tag":[],"class_list":{"0":"post-79310","1":"product","2":"type-product","3":"status-publish","5":"product_cat-recreation","6":"product_cat-optics-recreation","7":"product_cat-binoculars-optics-recreation","9":"first","10":"instock","11":"shipping-taxable","12":"purchasable","13":"product-type-simple"},"_links":{"self":[{"href":"https:\/\/sezona.lv\/en\/wp-json\/wp\/v2\/product\/79310","targetHints":{"allow":["GET"]}}],"collection":[{"href":"https:\/\/sezona.lv\/en\/wp-json\/wp\/v2\/product"}],"about":[{"href":"https:\/\/sezona.lv\/en\/wp-json\/wp\/v2\/types\/product"}],"wp:attachment":[{"href":"https:\/\/sezona.lv\/en\/wp-json\/wp\/v2\/media?parent=79310"}],"wp:term":[{"taxonomy":"product_brand","embeddable":true,"href":"https:\/\/sezona.lv\/en\/wp-json\/wp\/v2\/product_brand?post=79310"},{"taxonomy":"product_cat","embeddable":true,"href":"https:\/\/sezona.lv\/en\/wp-json\/wp\/v2\/product_cat?post=79310"},{"taxonomy":"product_tag","embeddable":true,"href":"https:\/\/sezona.lv\/en\/wp-json\/wp\/v2\/product_tag?post=79310"}],"curies":[{"name":"wp","href":"https:\/\/api.w.org\/{rel}","templated":true}]}}