{"id":79311,"date":"2025-07-14T15:38:07","date_gmt":"2025-07-14T12:38:07","guid":{"rendered":"https:\/\/demo8.ecube.lv\/sezona.lv\/products\/levenhuk-atom-8-20x25-binoklis\/"},"modified":"2025-07-14T15:38:07","modified_gmt":"2025-07-14T12:38:07","slug":"levenhuk-atom-8-20x25-binoklis","status":"publish","type":"product","link":"https:\/\/sezona.lv\/en\/products\/levenhuk-atom-8-20x25-binoklis\/","title":{"rendered":"Levenhuk Atom 8\u201320&#215;25 Binoklis"},"content":{"rendered":"<p style=\"margin-bottom: 10px;padding: 0px;color: #3a3a3a;font-family: Vardana, sans-serif;font-size: 14px\">Levenhuk  Atom 8&ndash;20&#215;25 ir kompakts t\u016brisma binoklis ar main\u0101mu palielin\u0101jumu un  25 mm apert\u016bru. Binok\u013ca palielin\u0101jums ir no 8 l\u012bdz 20x. &Scaron;\u012b optisk\u0101  ier\u012bce pal\u012bdz\u0113s detaliz\u0113ti apl\u016bkot sporta sacens\u012bbas, putnus lidojum\u0101  vai nepaz\u012bstamas pils\u0113tas arhitekt\u016bras deta\u013cas. &Scaron;o nelielo binokli var  \u0113rti novietot mugursom\u0101 vai som\u0101, tas bag\u0101\u017e\u0101 neaiz\u0146ems daudz vietas.  Palielin\u0101jums ir main\u0101ms pla&scaron;\u0101s robe\u017e\u0101s, t\u0101d\u0113\u013c binoklis ir pietiekami  univers\u0101ls &ndash; ar to var izp\u0113t\u012bt garus objektus uz horizonta l\u012bnijas vai  vair\u0101kk\u0101rt palielin\u0101t punktveida m\u0113r\u0137i.<\/p>\n<p style=\"margin-bottom: 10px;padding: 0px;color: #3a3a3a;font-family: Vardana, sans-serif;font-size: 14px\">Ier\u012bces  optisk\u0101 sh\u0113ma ir izveidota ar Porro prizm\u0101m. Optikas materi\u0101ls &ndash;  augstas kvalit\u0101tes stikls BK-7, uz l\u0113c\u0101m ir uzkl\u0101ts pilns daudzsl\u0101\u0146u  dzidrin\u0101jums. Tas \u013cauj l\u012bdz minimumam samazin\u0101t gaismas zudumus un ieg\u016bt  spilgtu att\u0113lu ar labu detaliz\u0101ciju.<\/p>\n<p style=\"margin-bottom: 10px;padding: 0px;color: #3a3a3a;font-family: Vardana, sans-serif;font-size: 14px\">Iztur\u012bgais,  gumijotais korpuss optiskos elementus dro&scaron;i aizsarg\u0101s no mitruma un  putek\u013ciem. Pateicoties gumijotajam p\u0101rkl\u0101jumam ar reljef\u0101m uzlik\u0101m,  binoklis \u0113rti piek\u013caujas plaukstai un nesl\u012bd. Centr\u0101lais fokus\u0113&scaron;anas  meh\u0101nisms \u013cauj \u0101tri ieg\u016bt asumu. Z\u012bl\u012b&scaron;u att\u0101lumu var regul\u0113t no 52 l\u012bdz  74 mm.<\/p>\n<p style=\"margin-bottom: 10px;padding: 0px;color: #3a3a3a;font-family: Vardana, sans-serif;font-size: 14px\"><strong style=\"margin: 0px;padding: 0px\">\u012apa&scaron;\u012bbas:<\/strong><\/p>\n<ul class=\"vikas-list-u\" style=\"margin-right: 0px;margin-bottom: 15px;margin-left: 20px;padding: 0px;color: #3a3a3a;font-family: Vardana, sans-serif;font-size: 14px\">\n<li style=\"margin: 0px;padding: 0px\">Viegls t\u016brisma binoklis ar main\u0101mu palielin\u0101jumu<\/li>\n<li style=\"margin: 0px;padding: 0px\">Ier\u012bces optisk\u0101 sh\u0113ma ar Porro prizm\u0101m<\/li>\n<li style=\"margin: 0px;padding: 0px\">Optikas materi\u0101ls &ndash; stikls BK-7<\/li>\n<li style=\"margin: 0px;padding: 0px\">Pilns daudzsl\u0101\u0146u dzidrin\u0101jums<\/li>\n<li style=\"margin: 0px;padding: 0px\">Iztur\u012bgs, gumijots korpuss<\/li>\n<\/ul>\n<p style=\"margin-bottom: 10px;padding: 0px;color: #3a3a3a;font-family: Vardana, sans-serif;font-size: 14px\"><strong style=\"margin: 0px;padding: 0px\">Komplekt\u0101cija:<\/strong><\/p>\n<ul class=\"vikas-list-u\" style=\"margin-right: 0px;margin-bottom: 15px;margin-left: 20px;padding: 0px;color: #3a3a3a;font-family: Vardana, sans-serif;font-size: 14px\">\n<li style=\"margin: 0px;padding: 0px\">Binoklis Levenhuk Atom 8&ndash;20&#215;25<\/li>\n<li style=\"margin: 0px;padding: 0px\">Apvalks<\/li>\n<li style=\"margin: 0px;padding: 0px\">Siksna<\/li>\n<li style=\"margin: 0px;padding: 0px\">Optikas salvete<\/li>\n<li style=\"margin: 0px;padding: 0px\">Ekspluat\u0101cijas instrukcija un garantijas talons<br \/>\n<table class=\"table table-bordered\" border=\"0\">\n<thead>\n<tr>\n<td colspan=\"2\"><strong>Atrib\u016bti<\/strong><\/td>\n<\/tr>\n<\/thead>\n<tbody>\n<tr>\n<td>Acs att\u0101lums<\/td>\n<td>12,5&ndash;9 mm<\/td>\n<\/tr>\n<tr>\n<td>Fokus\u0113&scaron;ana<\/td>\n<td>centr\u0101l\u0101<\/td>\n<\/tr>\n<tr>\n<td>Garantija<\/td>\n<td>999 months<\/td>\n<\/tr>\n<tr>\n<td>Iepakojuma izm\u0113ri (GxPxA)<\/td>\n<td>14.5 x 14.5 x 8.0 cm<\/td>\n<\/tr>\n<tr>\n<td>Izejas z\u012bl\u012b&scaron;u diametrs<\/td>\n<td>3,1&ndash;1,25 mm<\/td>\n<\/tr>\n<tr>\n<td>Objekt\u012bva l\u0113cas diametrs (atv\u0113rums)<\/td>\n<td>25 mm<\/td>\n<\/tr>\n<tr>\n<td>Okul\u0101ru dioptriju korekcija, dioptriju skala<\/td>\n<td>&plusmn;3<\/td>\n<\/tr>\n<tr>\n<td>Okul\u0101ru kausi\u0146i<\/td>\n<td>folding<\/td>\n<\/tr>\n<tr>\n<td>Optikas materi\u0101ls<\/td>\n<td>BK-7 stikls<\/td>\n<\/tr>\n<tr>\n<td>Optikas p\u0101rkl\u0101jums<\/td>\n<td>abpus\u0113js multi-p\u0101rkl\u0101jums<\/td>\n<\/tr>\n<tr>\n<td>Palielin\u0101jums<\/td>\n<td>8&ndash;20 x<\/td>\n<\/tr>\n<tr>\n<td>Ra\u017eot\u0101ja valsts<\/td>\n<td>PRC, controlled by Levenhuk, Inc. (USA)<\/td>\n<\/tr>\n<tr>\n<td>Redzes lauks<\/td>\n<td>4,6&ndash;2,6 &deg;<\/td>\n<\/tr>\n<tr>\n<td>Redzes lauks, m\/1000 m<\/td>\n<td>80&ndash;45<\/td>\n<\/tr>\n<tr>\n<td>Relat\u012bvais spilgtums<\/td>\n<td>9,7&ndash;1,56<\/td>\n<\/tr>\n<tr>\n<td>Starp-z\u012bl\u012b&scaron;u  att\u0101lums (IPD)<\/td>\n<td>52&ndash;74 mm<\/td>\n<\/tr>\n<tr>\n<td>Svars<\/td>\n<td>0.41 kg<\/td>\n<\/tr>\n<tr>\n<td>Tips<\/td>\n<td>Porro prizma<\/td>\n<\/tr>\n<tr>\n<td>Tuvais fokuss<\/td>\n<td>5 m<\/td>\n<\/tr>\n<tr>\n<td>\u016adensiztur\u012bgs<\/td>\n<td>\u0435\u0441\u0442\u044c<\/td>\n<\/tr>\n<tr>\n<td>Zoom<\/td>\n<td>\u0435\u0441\u0442\u044c<\/td>\n<\/tr>\n<\/tbody>\n<\/table>\n<\/li>\n<\/ul>\n<ul style=\"margin-top: 0pt;margin-bottom: 0pt\">\n<li style=\"list-style-type: disc;font-size: 9pt;font-family: Arial;background-color: transparent;vertical-align: baseline\" dir=\"ltr\">\n<table style=\"font-size: 10pt;font-family: arial, sans, sans-serif;width: 0px;border: none\" dir=\"ltr\" border=\"1\" cellspacing=\"0\" cellpadding=\"0\">\n<tbody>\n<tr style=\"height: 21px\">\n<td style=\"border-color: #06dcff;overflow: hidden;padding: 2px 3px;vertical-align: middle;background-color: #06dcff;font-size: 12pt;font-weight: bold;color: #ffffff;text-align: center\" colspan=\"2\">&nbsp;<\/td>\n<\/tr>\n<tr style=\"height: 21px\">\n<td style=\"border-right-color: #06dcff;border-bottom-color: #06dcff;border-left-color: #06dcff;overflow: hidden;padding: 2px 3px;vertical-align: middle;font-family: Arial;font-size: 11pt;font-weight: bold;color: #000000\">&nbsp;<\/td>\n<td style=\"border-right-color: #06dcff;border-bottom-color: #06dcff;overflow: hidden;padding: 2px 3px;vertical-align: middle;font-family: Arial;font-size: 11pt;color: #000000\">&nbsp;<\/td>\n<\/tr>\n<tr style=\"height: 21px\">\n<td style=\"border-right-color: #06dcff;border-bottom-color: #06dcff;border-left-color: #06dcff;overflow: hidden;padding: 2px 3px;vertical-align: middle;font-family: Arial;font-size: 11pt;font-weight: bold;color: #000000\">&nbsp;<\/td>\n<td style=\"border-right-color: #06dcff;border-bottom-color: #06dcff;overflow: hidden;padding: 2px 3px;vertical-align: middle;font-family: Arial;font-size: 11pt;color: #000000\">&nbsp;<\/td>\n<\/tr>\n<tr style=\"height: 21px\">\n<td style=\"border-right-color: #06dcff;border-bottom-color: #06dcff;border-left-color: #06dcff;overflow: hidden;padding: 2px 3px;vertical-align: middle;font-family: Arial;font-size: 11pt;font-weight: bold;color: #000000\">&nbsp;<\/td>\n<td style=\"border-right-color: #06dcff;border-bottom-color: #06dcff;overflow: hidden;padding: 2px 3px;vertical-align: middle;font-family: Arial;font-size: 11pt;color: #000000\">&nbsp;<\/td>\n<\/tr>\n<tr style=\"height: 21px\">\n<td style=\"border-right-color: #06dcff;border-bottom-color: #06dcff;border-left-color: #06dcff;overflow: hidden;padding: 2px 3px;vertical-align: middle;font-family: Arial;font-size: 11pt;font-weight: bold;color: #000000\">&nbsp;<\/td>\n<td style=\"border-right-color: #06dcff;border-bottom-color: #06dcff;overflow: hidden;padding: 2px 3px;vertical-align: middle;font-family: Arial;font-size: 11pt;color: #000000\">&nbsp;<\/td>\n<\/tr>\n<tr style=\"height: 21px\">\n<td style=\"border-right-color: #06dcff;border-bottom-color: #06dcff;border-left-color: #06dcff;overflow: hidden;padding: 2px 3px;vertical-align: middle;font-family: Arial;font-size: 11pt;font-weight: bold;color: #000000\">&nbsp;<\/td>\n<td style=\"border-right-color: #06dcff;border-bottom-color: #06dcff;overflow: hidden;padding: 2px 3px;vertical-align: middle;font-family: Arial;font-size: 11pt;color: #000000\">&nbsp;<\/td>\n<\/tr>\n<tr style=\"height: 21px\">\n<td style=\"border-right-color: #06dcff;border-bottom-color: #06dcff;border-left-color: #06dcff;overflow: hidden;padding: 2px 3px;vertical-align: middle;font-family: Arial;font-size: 11pt;font-weight: bold;color: #000000\">&nbsp;<\/td>\n<td style=\"border-right-color: #06dcff;border-bottom-color: #06dcff;overflow: hidden;padding: 2px 3px;vertical-align: middle;font-family: Arial;font-size: 11pt;color: #000000\">&nbsp;<\/td>\n<\/tr>\n<tr style=\"height: 21px\">\n<td style=\"border-right-color: #06dcff;border-bottom-color: #06dcff;border-left-color: #06dcff;overflow: hidden;padding: 2px 3px;vertical-align: middle;font-family: Arial;font-size: 11pt;font-weight: bold;color: #000000\">&nbsp;<\/td>\n<td style=\"border-right-color: #06dcff;border-bottom-color: #06dcff;overflow: hidden;padding: 2px 3px;vertical-align: middle;font-family: Arial;font-size: 11pt;color: #000000\">&nbsp;<\/td>\n<\/tr>\n<tr style=\"height: 21px\">\n<td style=\"border-right-color: #06dcff;border-bottom-color: #06dcff;border-left-color: #06dcff;overflow: hidden;padding: 2px 3px;vertical-align: middle;font-family: Arial;font-size: 11pt;font-weight: bold;color: #000000\">&nbsp;<\/td>\n<td style=\"border-right-color: #06dcff;border-bottom-color: #06dcff;overflow: hidden;padding: 2px 3px;vertical-align: middle;font-family: Arial;font-size: 11pt;color: #000000\">&nbsp;<\/td>\n<\/tr>\n<tr style=\"height: 21px\">\n<td style=\"border-right-color: #06dcff;border-bottom-color: #06dcff;border-left-color: #06dcff;overflow: hidden;padding: 2px 3px;vertical-align: middle;font-family: Arial;font-size: 11pt;font-weight: bold;color: #000000\">&nbsp;<\/td>\n<td style=\"border-right-color: #06dcff;border-bottom-color: #06dcff;overflow: hidden;padding: 2px 3px;vertical-align: middle;font-family: Arial;font-size: 11pt;color: #000000\">&nbsp;<\/td>\n<\/tr>\n<tr style=\"height: 21px\">\n<td style=\"border-right-color: #06dcff;border-bottom-color: #06dcff;border-left-color: #06dcff;overflow: hidden;padding: 2px 3px;vertical-align: middle;font-family: Arial;font-size: 11pt;font-weight: bold;color: #000000\">&nbsp;<\/td>\n<td style=\"border-right-color: #06dcff;border-bottom-color: #06dcff;overflow: hidden;padding: 2px 3px;vertical-align: middle;font-family: Arial;font-size: 11pt;color: #000000\">&nbsp;<\/td>\n<\/tr>\n<tr style=\"height: 21px\">\n<td style=\"border-right-color: #06dcff;border-bottom-color: #06dcff;border-left-color: #06dcff;overflow: hidden;padding: 2px 3px;vertical-align: middle;font-family: Arial;font-size: 11pt;font-weight: bold;color: #000000\">&nbsp;<\/td>\n<td style=\"border-right-color: #06dcff;border-bottom-color: #06dcff;overflow: hidden;padding: 2px 3px;vertical-align: middle;font-family: Arial;font-size: 11pt;color: #000000\">&nbsp;<\/td>\n<\/tr>\n<tr style=\"height: 21px\">\n<td style=\"border-right-color: #06dcff;border-bottom-color: #06dcff;border-left-color: #06dcff;overflow: hidden;padding: 2px 3px;vertical-align: middle;font-family: Arial;font-size: 11pt;font-weight: bold;color: #000000\">&nbsp;<\/td>\n<td style=\"border-right-color: #06dcff;border-bottom-color: #06dcff;overflow: hidden;padding: 2px 3px;vertical-align: middle;font-family: Arial;font-size: 11pt;color: #000000\">&nbsp;<\/td>\n<\/tr>\n<tr style=\"height: 21px\">\n<td style=\"border-right-color: #06dcff;border-bottom-color: #06dcff;border-left-color: #06dcff;overflow: hidden;padding: 2px 3px;vertical-align: middle;font-family: Arial;font-size: 11pt;font-weight: bold;color: #000000\">&nbsp;<\/td>\n<td style=\"border-right-color: #06dcff;border-bottom-color: #06dcff;overflow: hidden;padding: 2px 3px;vertical-align: middle;font-family: Arial;font-size: 11pt;color: #000000\">&nbsp;<\/td>\n<\/tr>\n<tr style=\"height: 21px\">\n<td style=\"border-right-color: #06dcff;border-bottom-color: #06dcff;border-left-color: #06dcff;overflow: hidden;padding: 2px 3px;vertical-align: middle;font-family: Arial;font-size: 11pt;font-weight: bold;color: #000000\">&nbsp;<\/td>\n<td style=\"border-right-color: #06dcff;border-bottom-color: #06dcff;overflow: hidden;padding: 2px 3px;vertical-align: middle;font-family: Arial;font-size: 11pt;color: #000000\">&nbsp;<\/td>\n<\/tr>\n<\/tbody>\n<\/table>\n<\/li>\n<\/ul>\n<p>&nbsp;<\/p>\n","protected":false},"excerpt":{"rendered":"<p>Levenhuk Atom 8&ndash;20&#215;25 ir kompakts t\u016brisma binoklis ar main\u0101mu palielin\u0101jumu un 25 mm apert\u016bru. Binok\u013ca palielin\u0101jums ir no 8 l\u012bdz 20x. &Scaron;\u012b optisk\u0101 ier\u012bce pal\u012bdz\u0113s detaliz\u0113ti apl\u016bkot sporta sacens\u012bbas, putnus lidojum\u0101 vai nepaz\u012bstamas pils\u0113tas arhitekt\u016bras deta\u013cas. &Scaron;o nelielo binokli var \u0113rti novietot mugursom\u0101 vai som\u0101, tas bag\u0101\u017e\u0101 neaiz\u0146ems daudz vietas. Palielin\u0101jums ir main\u0101ms pla&scaron;\u0101s robe\u017e\u0101s, [&hellip;]<\/p>\n","protected":false},"featured_media":0,"template":"","meta":[],"product_brand":[3372],"product_cat":[4640,4938,4939],"product_tag":[],"class_list":{"0":"post-79311","1":"product","2":"type-product","3":"status-publish","5":"product_brand-levenhuk","6":"product_cat-recreation","7":"product_cat-optics-recreation","8":"product_cat-binoculars-optics-recreation","10":"first","11":"instock","12":"shipping-taxable","13":"purchasable","14":"product-type-simple"},"_links":{"self":[{"href":"https:\/\/sezona.lv\/en\/wp-json\/wp\/v2\/product\/79311","targetHints":{"allow":["GET"]}}],"collection":[{"href":"https:\/\/sezona.lv\/en\/wp-json\/wp\/v2\/product"}],"about":[{"href":"https:\/\/sezona.lv\/en\/wp-json\/wp\/v2\/types\/product"}],"wp:attachment":[{"href":"https:\/\/sezona.lv\/en\/wp-json\/wp\/v2\/media?parent=79311"}],"wp:term":[{"taxonomy":"product_brand","embeddable":true,"href":"https:\/\/sezona.lv\/en\/wp-json\/wp\/v2\/product_brand?post=79311"},{"taxonomy":"product_cat","embeddable":true,"href":"https:\/\/sezona.lv\/en\/wp-json\/wp\/v2\/product_cat?post=79311"},{"taxonomy":"product_tag","embeddable":true,"href":"https:\/\/sezona.lv\/en\/wp-json\/wp\/v2\/product_tag?post=79311"}],"curies":[{"name":"wp","href":"https:\/\/api.w.org\/{rel}","templated":true}]}}