{"id":79312,"date":"2025-07-14T15:38:08","date_gmt":"2025-07-14T12:38:08","guid":{"rendered":"https:\/\/demo8.ecube.lv\/sezona.lv\/products\/bresser-hunter-10x50-kompakts-porro-prismas-mitrumizturigs-binoklis\/"},"modified":"2025-07-14T15:38:08","modified_gmt":"2025-07-14T12:38:08","slug":"bresser-hunter-10x50-kompakts-porro-prismas-mitrumizturigs-binoklis","status":"publish","type":"product","link":"https:\/\/sezona.lv\/en\/products\/bresser-hunter-10x50-kompakts-porro-prismas-mitrumizturigs-binoklis\/","title":{"rendered":"Bresser Hunter 10&#215;50 Kompakts Porro Prismas Mitrumiztur\u012bgs binoklis"},"content":{"rendered":"<div id=\"tab-description\" class=\"tab-pane active\">\n<div><span id=\"docs-internal-guid-d54afcb9-1f1e-89bc-0d62-3a07f1a3c1b7\"><\/p>\n<p style=\"line-height: 1.38;margin-top: 0pt;margin-bottom: 0pt\" dir=\"ltr\"><span style=\"font-size: 11pt;font-family: Arial;color: #000000;vertical-align: baseline\">Kompaktais un \u0113rtais \u0137ermenis, \u013cauj <\/span><span style=\"font-size: 11pt;font-family: Arial;color: #000000;font-weight: 700;vertical-align: baseline\">BRESSER Hunter 10&#215;50<\/span><span style=\"font-size: 11pt;font-family: Arial;color: #000000;vertical-align: baseline\"> binoklis, k\u013c\u016bt par perfektu sabiedroto gandr\u012bz jebkur\u0101 \u0101ra aktivit\u0101t\u0113. Piln\u012bb\u0101 p\u0101rkl\u0101ta optika un t\u0101 ciet\u0101 meh\u0101nika, nodro&scaron;ina<\/span><span style=\"font-size: 11pt;font-family: Arial;color: #000000;font-weight: 700;vertical-align: baseline\"> patiesu kr\u0101su att\u0113la replik\u0101ciju.<\/span><span style=\"font-size: 11pt;font-family: Arial;color: #000000;font-weight: 700;vertical-align: baseline\"><br class=\"kix-line-break\" \/><\/span><span style=\"font-size: 11pt;font-family: Arial;color: #000000;vertical-align: baseline\">L\u0113cas diametra un palielin\u0101juma priek&scaron;roc\u012bba, \u013cauj v\u0113rot kr\u0113sl\u0101. Visi mode\u013ci ietver neoplazmas dioptriju, bet ar\u012b <\/span><span style=\"font-size: 11pt;font-family: Arial;color: #000000;font-weight: 700;vertical-align: baseline\">saliekam\u0101s gumijas acu uzlikas, kas paredz\u0113tas bri\u013c\u013cu \u012bpa&scaron;niekiem<\/span><span style=\"font-size: 11pt;font-family: Arial;color: #000000;vertical-align: baseline\">. <\/span><span style=\"font-size: 11pt;font-family: Arial;color: #000000;font-weight: 700;vertical-align: baseline\">BRESSER Hunter 10&#215;50<\/span><span style=\"font-size: 11pt;font-family: Arial;color: #000000;vertical-align: baseline\"> binoklis ir \u0113rts, gumijas bru\u0146ots korpuss, kas nodro&scaron;ina stingru sa\u0137eri. <\/span><span style=\"font-size: 11pt;font-family: Arial;color: #000000;font-weight: 700;vertical-align: baseline\">Trijk\u0101ja v\u012btne ir standarta vis\u0101s Hunter binok\u013cos.<\/span><\/p>\n<div><\/div>\n<p><\/span><\/div>\n<div><span id=\"docs-internal-guid-d54afcb9-1f21-60f8-08a3-1699a8df4fe6\"><\/p>\n<p style=\"line-height: 1.38;margin-top: 0pt;margin-bottom: 0pt\" dir=\"ltr\"><span style=\"font-size: 11pt;font-family: Arial;color: #212121;font-weight: 700;vertical-align: baseline\">Funckijas:<\/span><\/p>\n<p style=\"line-height: 1.38;margin-top: 0pt;margin-bottom: 0pt\" dir=\"ltr\"><span style=\"font-size: 11pt;font-family: Arial;color: #212121;vertical-align: baseline\"><br class=\"kix-line-break\" \/><\/span><span style=\"font-size: 11pt;font-family: Arial;color: #212121;vertical-align: baseline\">Lietojumu kl\u0101sts: sports, daba, p\u0101rg\u0101jieni, ce\u013cojumi<\/span><span style=\"font-size: 11pt;font-family: Arial;color: #212121;vertical-align: baseline\"><br class=\"kix-line-break\" \/><\/span><span style=\"font-size: 11pt;font-family: Arial;color: #212121;vertical-align: baseline\">Prizmas stikls: BK-7<\/span><span style=\"font-size: 11pt;font-family: Arial;color: #212121;vertical-align: baseline\"><br class=\"kix-line-break\" \/><\/span><span style=\"font-size: 11pt;font-family: Arial;color: #212121;vertical-align: baseline\">Fokusa veids: centrs<\/span><span style=\"font-size: 11pt;font-family: Arial;color: #212121;vertical-align: baseline\"><br class=\"kix-line-break\" \/><\/span><span style=\"font-size: 11pt;font-family: Arial;color: #212121;vertical-align: baseline\">Papildier\u012bces: stat\u012bva adaptera v\u012btne, gumijas bru\u0146as<\/span><span style=\"font-size: 11pt;font-family: Arial;color: #212121;vertical-align: baseline\"><br class=\"kix-line-break\" \/><\/span><span style=\"font-size: 11pt;font-family: Arial;color: #212121;vertical-align: baseline\">Kr\u0101sa: melna<\/span><span style=\"font-size: 11pt;font-family: Arial;color: #212121;vertical-align: baseline\"><br class=\"kix-line-break\" \/><\/span><span style=\"font-size: 11pt;font-family: Arial;color: #212121;vertical-align: baseline\">Prizma un objekt\u012bva materi\u0101li no <\/span><span style=\"font-size: 11pt;font-family: Arial;color: #212121;font-weight: 700;vertical-align: baseline\">BaK-7 stikla materi\u0101la<\/span><span style=\"font-size: 11pt;font-family: Arial;color: #212121;font-weight: 700;vertical-align: baseline\"><br class=\"kix-line-break\" \/><\/span><span style=\"font-size: 11pt;font-family: Arial;color: #212121;vertical-align: baseline\">Optisk\u0101s virsmas ir piln\u012bb\u0101 p\u0101rkl\u0101tas ar p\u0101rkl\u0101jumu<\/span><span style=\"font-size: 11pt;font-family: Arial;color: #212121;vertical-align: baseline\"><br class=\"kix-line-break\" \/><\/span><span style=\"font-size: 11pt;font-family: Arial;color: #212121;vertical-align: baseline\">Centr\u0101l\u0101 rite\u0146a fokus\u0113&scaron;ana<\/span><span style=\"font-size: 11pt;font-family: Arial;color: #212121;vertical-align: baseline\"><br class=\"kix-line-break\" \/><\/span><span style=\"font-size: 11pt;font-family: Arial;color: #212121;vertical-align: baseline\">Individu\u0101la okul\u0101ra dioptrijas regul\u0113&scaron;ana<\/span><span style=\"font-size: 11pt;font-family: Arial;color: #212121;vertical-align: baseline\"><br class=\"kix-line-break\" \/><\/span><span style=\"font-size: 11pt;font-family: Arial;color: #212121;vertical-align: baseline\">Trikot\u0101\u017eas adaptera v\u012btne<\/span><span style=\"font-size: 11pt;font-family: Arial;color: #212121;vertical-align: baseline\"><br class=\"kix-line-break\" \/><\/span><span style=\"font-size: 11pt;font-family: Arial;color: #212121;vertical-align: baseline\">Iztur\u012bgs, gumijas bronzas binoklis<\/span><span style=\"font-size: 11pt;font-family: Arial;color: #212121;vertical-align: baseline\"><br class=\"kix-line-break\" \/><br class=\"kix-line-break\" \/><\/span><\/p>\n<p style=\"line-height: 1.38;margin-top: 0pt;margin-bottom: 0pt\" dir=\"ltr\"><span style=\"font-size: 11pt;font-family: Arial;color: #212121;font-weight: 700;vertical-align: baseline\">Komplekt\u0101 ietilpst:<\/span><span style=\"font-size: 11pt;font-family: Arial;color: #212121;font-weight: 700;vertical-align: baseline\"><br class=\"kix-line-break\" \/><\/span><span style=\"font-size: 11pt;font-family: Arial;color: #212121;vertical-align: baseline\"><br class=\"kix-line-break\" \/><\/span><span style=\"font-size: 11pt;font-family: Arial;color: #212121;vertical-align: baseline\">Binoklis<\/span><span style=\"font-size: 11pt;font-family: Arial;color: #212121;vertical-align: baseline\"><br class=\"kix-line-break\" \/><\/span><span style=\"font-size: 11pt;font-family: Arial;color: #212121;vertical-align: baseline\">Neilona soma<\/span><span style=\"font-size: 11pt;font-family: Arial;color: #212121;vertical-align: baseline\"><br class=\"kix-line-break\" \/><\/span><span style=\"font-size: 11pt;font-family: Arial;color: #212121;vertical-align: baseline\">Siksna<\/span><span style=\"font-size: 11pt;font-family: Arial;color: #212121;vertical-align: baseline\"><br class=\"kix-line-break\" \/><\/span><span style=\"font-size: 11pt;font-family: Arial;color: #212121;vertical-align: baseline\">Aizsardz\u012bbas objekt\u012bva v\u0101ci\u0146i<\/span><span style=\"font-size: 11pt;font-family: Arial;color: #212121;vertical-align: baseline\"><br class=\"kix-line-break\" \/><\/span><span style=\"font-size: 11pt;font-family: Arial;color: #212121;vertical-align: baseline\">Aizsarg\u0101ti okul\u0101ra v\u0101ci\u0146i<\/span><\/p>\n<div><span style=\"font-size: 11pt;font-family: Arial;color: #212121;vertical-align: baseline\"><br \/><\/span><\/div>\n<p><\/span><\/div>\n<div>\n<div>\n<table style=\"font-size: 10pt;font-family: arial, sans, sans-serif;width: 0px;border: none\" dir=\"ltr\" border=\"1\" cellspacing=\"0\" cellpadding=\"0\">\n<colgroup>\n<col width=\"307\"><\/col>\n<col width=\"385\"><\/col>\n<\/colgroup>\n<tbody>\n<tr style=\"height: 21px\">\n<td style=\"border-color: #06dcff;overflow: hidden;padding: 2px 3px;vertical-align: middle;background-color: #06dcff;font-family: Arial;font-size: 14pt;font-weight: bold;color: #ffffff;text-align: center\" colspan=\"2\">Specifications<\/td>\n<\/tr>\n<tr style=\"height: 21px\">\n<td style=\"border-right-color: #06dcff;border-bottom-color: #06dcff;border-left-color: #06dcff;overflow: hidden;padding: 2px 3px;vertical-align: middle;background-color: #16beff;font-family: Arial;font-size: 11pt;font-weight: bold;color: #ffffff;text-align: center\" colspan=\"2\">FIELD OF APPLICATION<\/td>\n<\/tr>\n<tr style=\"height: 21px\">\n<td style=\"border-right-color: #06dcff;border-bottom-color: #06dcff;border-left-color: #06dcff;overflow: hidden;padding: 2px 3px;vertical-align: middle;font-family: Arial;font-size: 11pt;font-weight: bold;color: #000000\">Field of application<\/td>\n<td style=\"border-right-color: #06dcff;border-bottom-color: #06dcff;overflow: hidden;padding: 2px 3px;vertical-align: middle;font-family: Arial;font-size: 11pt;color: #000000\">Traveling &amp; Sports Bird watching &amp; Nature observation<\/td>\n<\/tr>\n<tr style=\"height: 21px\">\n<td style=\"border-right-color: #06dcff;border-bottom-color: #06dcff;border-left-color: #06dcff;overflow: hidden;padding: 2px 3px;vertical-align: middle;background-color: #16beff;font-family: Arial;font-size: 11pt;font-weight: bold;color: #ffffff;text-align: center\" colspan=\"2\">TYPE<\/td>\n<\/tr>\n<tr style=\"height: 21px\">\n<td style=\"border-right-color: #06dcff;border-bottom-color: #06dcff;border-left-color: #06dcff;overflow: hidden;padding: 2px 3px;vertical-align: middle;font-family: Arial;font-size: 11pt;font-weight: bold;color: #000000\">Type<\/td>\n<td style=\"border-right-color: #06dcff;border-bottom-color: #06dcff;overflow: hidden;padding: 2px 3px;vertical-align: middle;font-family: Arial;font-size: 11pt;color: #000000\">Standard Binoculars<\/td>\n<\/tr>\n<tr style=\"height: 21px\">\n<td style=\"border-right-color: #06dcff;border-bottom-color: #06dcff;border-left-color: #06dcff;overflow: hidden;padding: 2px 3px;vertical-align: middle;background-color: #16beff;font-family: Arial;font-size: 11pt;font-weight: bold;color: #ffffff;text-align: center\" colspan=\"2\">OPTICAL SPECIFICATIONS<\/td>\n<\/tr>\n<tr style=\"height: 21px\">\n<td style=\"border-right-color: #06dcff;border-bottom-color: #06dcff;border-left-color: #06dcff;overflow: hidden;padding: 2px 3px;vertical-align: middle;font-family: Arial;font-size: 11pt;font-weight: bold;color: #000000\">Optical design<\/td>\n<td style=\"border-right-color: #06dcff;border-bottom-color: #06dcff;overflow: hidden;padding: 2px 3px;vertical-align: middle;font-family: Arial;font-size: 11pt;color: #000000\">Porro<\/td>\n<\/tr>\n<tr style=\"height: 21px\">\n<td style=\"border-right-color: #06dcff;border-bottom-color: #06dcff;border-left-color: #06dcff;overflow: hidden;padding: 2px 3px;vertical-align: middle;font-family: Arial;font-size: 11pt;font-weight: bold;color: #000000\">Magnification<\/td>\n<td style=\"border-right-color: #06dcff;border-bottom-color: #06dcff;overflow: hidden;padding: 2px 3px;vertical-align: middle;font-family: Arial;font-size: 11pt;color: #000000\">10 fixed<\/td>\n<\/tr>\n<tr style=\"height: 21px\">\n<td style=\"border-right-color: #06dcff;border-bottom-color: #06dcff;border-left-color: #06dcff;overflow: hidden;padding: 2px 3px;vertical-align: middle;font-family: Arial;font-size: 11pt;font-weight: bold;color: #000000\">Objective diameter<\/td>\n<td style=\"border-right-color: #06dcff;border-bottom-color: #06dcff;overflow: hidden;padding: 2px 3px;vertical-align: middle;font-family: Arial;font-size: 11pt;color: #000000\">50 mm<\/td>\n<\/tr>\n<tr style=\"height: 21px\">\n<td style=\"border-right-color: #06dcff;border-bottom-color: #06dcff;border-left-color: #06dcff;overflow: hidden;padding: 2px 3px;vertical-align: middle;font-family: Arial;font-size: 11pt;font-weight: bold;color: #000000\">Material prismn<\/td>\n<td style=\"border-right-color: #06dcff;border-bottom-color: #06dcff;overflow: hidden;padding: 2px 3px;vertical-align: middle;font-family: Arial;font-size: 11pt;color: #000000\">BK-7<\/td>\n<\/tr>\n<tr style=\"height: 21px\">\n<td style=\"border-right-color: #06dcff;border-bottom-color: #06dcff;border-left-color: #06dcff;overflow: hidden;padding: 2px 3px;vertical-align: middle;font-family: Arial;font-size: 11pt;font-weight: bold;color: #000000\">Type of coating<\/td>\n<td style=\"border-right-color: #06dcff;border-bottom-color: #06dcff;overflow: hidden;padding: 2px 3px;vertical-align: middle;font-family: Arial;font-size: 11pt;color: #000000\">Fully coated<\/td>\n<\/tr>\n<tr style=\"height: 21px\">\n<td style=\"border-right-color: #06dcff;border-bottom-color: #06dcff;border-left-color: #06dcff;overflow: hidden;padding: 2px 3px;vertical-align: middle;font-family: Arial;font-size: 11pt;font-weight: bold;color: #000000\">Colour of coating<\/td>\n<td style=\"border-right-color: #06dcff;border-bottom-color: #06dcff;overflow: hidden;padding: 2px 3px;vertical-align: middle;font-family: Arial;font-size: 11pt;color: #000000\">blue<\/td>\n<\/tr>\n<tr style=\"height: 21px\">\n<td style=\"border-right-color: #06dcff;border-bottom-color: #06dcff;border-left-color: #06dcff;overflow: hidden;padding: 2px 3px;vertical-align: middle;font-family: Arial;font-size: 11pt;font-weight: bold;color: #000000\">Exit pupil min.<\/td>\n<td style=\"border-right-color: #06dcff;border-bottom-color: #06dcff;overflow: hidden;padding: 2px 3px;vertical-align: middle;font-family: Arial;font-size: 11pt;color: #000000\">5 mm<\/td>\n<\/tr>\n<tr style=\"height: 21px\">\n<td style=\"border-right-color: #06dcff;border-bottom-color: #06dcff;border-left-color: #06dcff;overflow: hidden;padding: 2px 3px;vertical-align: middle;font-family: Arial;font-size: 11pt;font-weight: bold;color: #000000\">Diopter setting<\/td>\n<td style=\"border-right-color: #06dcff;border-bottom-color: #06dcff;overflow: hidden;padding: 2px 3px;vertical-align: middle;font-family: Arial;font-size: 11pt;color: #000000\">\u2713<\/td>\n<\/tr>\n<tr style=\"height: 21px\">\n<td style=\"border-right-color: #06dcff;border-bottom-color: #06dcff;border-left-color: #06dcff;overflow: hidden;padding: 2px 3px;vertical-align: middle;font-family: Arial;font-size: 11pt;font-weight: bold;color: #000000\">Field of view at 1000m<\/td>\n<td style=\"border-right-color: #06dcff;border-bottom-color: #06dcff;overflow: hidden;padding: 2px 3px;vertical-align: middle;font-family: Arial;font-size: 11pt;color: #000000\">119 m<\/td>\n<\/tr>\n<tr style=\"height: 21px\">\n<td style=\"border-right-color: #06dcff;border-bottom-color: #06dcff;border-left-color: #06dcff;overflow: hidden;padding: 2px 3px;vertical-align: middle;font-family: Arial;font-size: 11pt;font-weight: bold;color: #000000\">Field of view<\/td>\n<td style=\"border-right-color: #06dcff;border-bottom-color: #06dcff;overflow: hidden;padding: 2px 3px;vertical-align: middle;font-family: Arial;font-size: 11pt;color: #000000\">6.8 degrees<\/td>\n<\/tr>\n<tr style=\"height: 21px\">\n<td style=\"border-right-color: #06dcff;border-bottom-color: #06dcff;border-left-color: #06dcff;overflow: hidden;padding: 2px 3px;vertical-align: middle;font-family: Arial;font-size: 11pt;font-weight: bold;color: #000000\">Light intensity<\/td>\n<td style=\"border-right-color: #06dcff;border-bottom-color: #06dcff;overflow: hidden;padding: 2px 3px;vertical-align: middle;font-family: Arial;font-size: 11pt;color: #000000\">25<\/td>\n<\/tr>\n<tr style=\"height: 21px\">\n<td style=\"border-right-color: #06dcff;border-bottom-color: #06dcff;border-left-color: #06dcff;overflow: hidden;padding: 2px 3px;vertical-align: middle;font-family: Arial;font-size: 11pt;font-weight: bold;color: #000000\">Twilight factor<\/td>\n<td style=\"border-right-color: #06dcff;border-bottom-color: #06dcff;overflow: hidden;padding: 2px 3px;vertical-align: middle;font-family: Arial;font-size: 11pt;color: #000000\">22.36<\/td>\n<\/tr>\n<tr style=\"height: 21px\">\n<td style=\"border-right-color: #06dcff;border-bottom-color: #06dcff;border-left-color: #06dcff;overflow: hidden;padding: 2px 3px;vertical-align: middle;font-family: Arial;font-size: 11pt;font-weight: bold;color: #000000\">Near focus from<\/td>\n<td style=\"border-right-color: #06dcff;border-bottom-color: #06dcff;overflow: hidden;padding: 2px 3px;vertical-align: middle;font-family: Arial;font-size: 11pt;color: #000000\">5 m<\/td>\n<\/tr>\n<tr style=\"height: 21px\">\n<td style=\"border-right-color: #06dcff;border-bottom-color: #06dcff;border-left-color: #06dcff;overflow: hidden;padding: 2px 3px;vertical-align: middle;background-color: #16beff;font-family: Arial;font-size: 11pt;font-weight: bold;color: #ffffff;text-align: center\" colspan=\"2\">GENERAL TECHNICAL DATA<\/td>\n<\/tr>\n<tr style=\"height: 21px\">\n<td style=\"border-right-color: #06dcff;border-bottom-color: #06dcff;border-left-color: #06dcff;overflow: hidden;padding: 2px 3px;vertical-align: middle;font-family: Arial;font-size: 11pt;font-weight: bold;color: #000000\">Bag\/Pouch<\/td>\n<td style=\"border-right-color: #06dcff;border-bottom-color: #06dcff;overflow: hidden;padding: 2px 3px;vertical-align: middle;font-family: Arial;font-size: 11pt;color: #000000\">nylon carrying case with carrying strap<\/td>\n<\/tr>\n<tr style=\"height: 21px\">\n<td style=\"border-right-color: #06dcff;border-bottom-color: #06dcff;border-left-color: #06dcff;overflow: hidden;padding: 2px 3px;vertical-align: middle;font-family: Arial;font-size: 11pt;font-weight: bold;color: #000000\">Tripod adapter thread<\/td>\n<td style=\"border-right-color: #06dcff;border-bottom-color: #06dcff;overflow: hidden;padding: 2px 3px;vertical-align: middle;font-family: Arial;font-size: 11pt;color: #000000\">\u2713<\/td>\n<\/tr>\n<tr style=\"height: 21px\">\n<td style=\"border-right-color: #06dcff;border-bottom-color: #06dcff;border-left-color: #06dcff;overflow: hidden;padding: 2px 3px;vertical-align: middle;font-family: Arial;font-size: 11pt;font-weight: bold;color: #000000\">Focusing system<\/td>\n<td style=\"border-right-color: #06dcff;border-bottom-color: #06dcff;overflow: hidden;padding: 2px 3px;vertical-align: middle;font-family: Arial;font-size: 11pt;color: #000000\">Central focus wheel<\/td>\n<\/tr>\n<tr style=\"height: 21px\">\n<td style=\"border-right-color: #06dcff;border-bottom-color: #06dcff;border-left-color: #06dcff;overflow: hidden;padding: 2px 3px;vertical-align: middle;font-family: Arial;font-size: 11pt;font-weight: bold;color: #000000\">Turns of focus drive over entire focal range<\/td>\n<td style=\"border-right-color: #06dcff;border-bottom-color: #06dcff;overflow: hidden;padding: 2px 3px;vertical-align: middle;font-family: Arial;font-size: 11pt;color: #000000\">1.25<\/td>\n<\/tr>\n<tr style=\"height: 21px\">\n<td style=\"border-right-color: #06dcff;border-bottom-color: #06dcff;border-left-color: #06dcff;overflow: hidden;padding: 2px 3px;vertical-align: middle;font-family: Arial;font-size: 11pt;font-weight: bold;color: #000000\">Eyecups<\/td>\n<td style=\"border-right-color: #06dcff;border-bottom-color: #06dcff;overflow: hidden;padding: 2px 3px;vertical-align: middle;font-family: Arial;font-size: 11pt;color: #000000\">Rubber eyecups, foldable<\/td>\n<\/tr>\n<tr style=\"height: 21px\">\n<td style=\"border-right-color: #06dcff;border-bottom-color: #06dcff;border-left-color: #06dcff;overflow: hidden;padding: 2px 3px;vertical-align: middle;font-family: Arial;font-size: 11pt;font-weight: bold;color: #000000\">Interpupilar distance min.<\/td>\n<td style=\"border-right-color: #06dcff;border-bottom-color: #06dcff;overflow: hidden;padding: 2px 3px;vertical-align: middle;font-family: Arial;font-size: 11pt;color: #000000\">57 mm<\/td>\n<\/tr>\n<tr style=\"height: 21px\">\n<td style=\"border-right-color: #06dcff;border-bottom-color: #06dcff;border-left-color: #06dcff;overflow: hidden;padding: 2px 3px;vertical-align: middle;font-family: Arial;font-size: 11pt;font-weight: bold;color: #000000\">Interpupilar distance max.<\/td>\n<td style=\"border-right-color: #06dcff;border-bottom-color: #06dcff;overflow: hidden;padding: 2px 3px;vertical-align: middle;font-family: Arial;font-size: 11pt;color: #000000\">72 mm<\/td>\n<\/tr>\n<tr style=\"height: 21px\">\n<td style=\"border-right-color: #06dcff;border-bottom-color: #06dcff;border-left-color: #06dcff;overflow: hidden;padding: 2px 3px;vertical-align: middle;font-family: Arial;font-size: 11pt;font-weight: bold;color: #000000\">Colour<\/td>\n<td style=\"border-right-color: #06dcff;border-bottom-color: #06dcff;overflow: hidden;padding: 2px 3px;vertical-align: middle;font-family: Arial;font-size: 11pt;color: #000000\">black<\/td>\n<\/tr>\n<tr style=\"height: 21px\">\n<td style=\"border-right-color: #06dcff;border-bottom-color: #06dcff;border-left-color: #06dcff;overflow: hidden;padding: 2px 3px;vertical-align: middle;font-family: Arial;font-size: 11pt;font-weight: bold;color: #000000\">Body material<\/td>\n<td style=\"border-right-color: #06dcff;border-bottom-color: #06dcff;overflow: hidden;padding: 2px 3px;vertical-align: middle;font-family: Arial;font-size: 11pt;color: #000000\">Metal\/plastic<\/td>\n<\/tr>\n<tr style=\"height: 21px\">\n<td style=\"border-right-color: #06dcff;border-bottom-color: #06dcff;border-left-color: #06dcff;overflow: hidden;padding: 2px 3px;vertical-align: middle;font-family: Arial;font-size: 11pt;font-weight: bold;color: #000000\">Body armouring<\/td>\n<td style=\"border-right-color: #06dcff;border-bottom-color: #06dcff;overflow: hidden;padding: 2px 3px;vertical-align: middle;font-family: Arial;font-size: 11pt;color: #000000\">Rubber<\/td>\n<\/tr>\n<tr style=\"height: 21px\">\n<td style=\"border-right-color: #06dcff;border-bottom-color: #06dcff;border-left-color: #06dcff;overflow: hidden;padding: 2px 3px;vertical-align: middle;font-family: Arial;font-size: 11pt;font-weight: bold;color: #000000\">Dust protection caps<\/td>\n<td style=\"border-right-color: #06dcff;border-bottom-color: #06dcff;overflow: hidden;padding: 2px 3px;vertical-align: middle;font-family: Arial;font-size: 11pt;color: #000000\">for objective and eyepiece, individually removable<\/td>\n<\/tr>\n<tr style=\"height: 21px\">\n<td style=\"border-right-color: #06dcff;border-bottom-color: #06dcff;border-left-color: #06dcff;overflow: hidden;padding: 2px 3px;vertical-align: middle;font-family: Arial;font-size: 11pt;font-weight: bold;color: #000000\">Product series<\/td>\n<td style=\"border-right-color: #06dcff;border-bottom-color: #06dcff;overflow: hidden;padding: 2px 3px;vertical-align: middle;font-family: Arial;font-size: 11pt;color: #000000\">Hunter<\/td>\n<\/tr>\n<\/tbody>\n<\/table>\n<\/div>\n<div style=\"font-weight: bold\"><\/div>\n<\/div>\n<\/div>\n","protected":false},"excerpt":{"rendered":"<p>Kompaktais un \u0113rtais \u0137ermenis, \u013cauj BRESSER Hunter 10&#215;50 binoklis, k\u013c\u016bt par perfektu sabiedroto gandr\u012bz jebkur\u0101 \u0101ra aktivit\u0101t\u0113. Piln\u012bb\u0101 p\u0101rkl\u0101ta optika un t\u0101 ciet\u0101 meh\u0101nika, nodro&scaron;ina patiesu kr\u0101su att\u0113la replik\u0101ciju.L\u0113cas diametra un palielin\u0101juma priek&scaron;roc\u012bba, \u013cauj v\u0113rot kr\u0113sl\u0101. Visi mode\u013ci ietver neoplazmas dioptriju, bet ar\u012b saliekam\u0101s gumijas acu uzlikas, kas paredz\u0113tas bri\u013c\u013cu \u012bpa&scaron;niekiem. BRESSER Hunter 10&#215;50 binoklis [&hellip;]<\/p>\n","protected":false},"featured_media":0,"template":"","meta":[],"product_brand":[],"product_cat":[4640,4938,4939],"product_tag":[],"class_list":{"0":"post-79312","1":"product","2":"type-product","3":"status-publish","5":"product_cat-recreation","6":"product_cat-optics-recreation","7":"product_cat-binoculars-optics-recreation","9":"first","10":"instock","11":"shipping-taxable","12":"purchasable","13":"product-type-simple"},"_links":{"self":[{"href":"https:\/\/sezona.lv\/en\/wp-json\/wp\/v2\/product\/79312","targetHints":{"allow":["GET"]}}],"collection":[{"href":"https:\/\/sezona.lv\/en\/wp-json\/wp\/v2\/product"}],"about":[{"href":"https:\/\/sezona.lv\/en\/wp-json\/wp\/v2\/types\/product"}],"wp:attachment":[{"href":"https:\/\/sezona.lv\/en\/wp-json\/wp\/v2\/media?parent=79312"}],"wp:term":[{"taxonomy":"product_brand","embeddable":true,"href":"https:\/\/sezona.lv\/en\/wp-json\/wp\/v2\/product_brand?post=79312"},{"taxonomy":"product_cat","embeddable":true,"href":"https:\/\/sezona.lv\/en\/wp-json\/wp\/v2\/product_cat?post=79312"},{"taxonomy":"product_tag","embeddable":true,"href":"https:\/\/sezona.lv\/en\/wp-json\/wp\/v2\/product_tag?post=79312"}],"curies":[{"name":"wp","href":"https:\/\/api.w.org\/{rel}","templated":true}]}}