{"id":79313,"date":"2025-07-14T15:38:08","date_gmt":"2025-07-14T12:38:08","guid":{"rendered":"https:\/\/demo8.ecube.lv\/sezona.lv\/products\/bresser-scala-3x27-cbg-operas-teatra-binoklis\/"},"modified":"2025-07-14T15:38:08","modified_gmt":"2025-07-14T12:38:08","slug":"bresser-scala-3x27-cbg-operas-teatra-binoklis","status":"publish","type":"product","link":"https:\/\/sezona.lv\/en\/products\/bresser-scala-3x27-cbg-operas-teatra-binoklis\/","title":{"rendered":"Bresser Scala 3&#215;27 CBG Operas &amp; Te\u0101tra Binoklis"},"content":{"rendered":"<h4 class=\"product-title\" style=\", Helvetica, Arial, sans-serif;color: gray;margin-top: 10px;margin-bottom: 10px;font-size: 18px\"><span id=\"docs-internal-guid-a46f81b4-c816-d2f9-11b0-5017243486ac\"><\/p>\n<p style=\"line-height: 1.38;margin-top: 0pt;margin-bottom: 0pt;text-align: justify\" dir=\"ltr\"><span style=\"font-size: 11pt;font-family: Arial;color: #212121;vertical-align: baseline\">Klasisk\u0101s Operas brilles, kas bag\u0101tin\u0101s te\u0101tra apmekl\u0113jumu. Pirm\u0101s klases optika un meistar\u012bba apvienojum\u0101 ar uzkr\u012bto&scaron;u dizainu. &Scaron;ie mode\u013ci vi\u0146ai un vi\u0146am ir vispiem\u0113rot\u0101k\u0101 izv\u0113le, pateicoties&nbsp;diskr\u0113taj\u0101m kr\u0101su kombin\u0101cij\u0101m. Kvalit\u0101tes mode\u013ci, kas j\u016bs iedvesmos.<\/span><\/p>\n<p style=\"line-height: 1.38;margin-top: 0pt;margin-bottom: 0pt;text-align: justify\" dir=\"ltr\"><span style=\"font-size: 11pt;font-family: Arial;color: #212121;vertical-align: baseline\"> <\/span><\/p>\n<p style=\"line-height: 1.38;margin-top: 0pt;margin-bottom: 0pt;text-align: justify\" dir=\"ltr\"><span style=\"color: #212121;font-family: Arial;font-size: 11pt\">Bezkr\u0101sas, p\u0101rkl\u0101ta optika<\/span><\/p>\n<p style=\"line-height: 1.38;margin-top: 0pt;margin-bottom: 0pt;text-align: justify\" dir=\"ltr\"><span style=\"font-size: 11pt;font-family: Arial;color: #212121;vertical-align: baseline\">Spilgta att\u0113la replik\u0101cija &nbsp;<\/span><\/p>\n<p style=\"line-height: 1.38;margin-top: 0pt;margin-bottom: 0pt;text-align: justify\" dir=\"ltr\"><span style=\"font-size: 11pt;font-family: Arial;color: #212121;vertical-align: baseline\">Melns lakots \u0137ermenis &nbsp;<\/span><\/p>\n<p style=\"line-height: 1.38;margin-top: 0pt;margin-bottom: 0pt;text-align: justify\" dir=\"ltr\"><span style=\"font-size: 11pt;font-family: Arial;color: #212121;vertical-align: baseline\">Kr\u0101saini rot\u0101jumi greznojumam<\/span><\/p>\n<p style=\"line-height: 1.38;margin-top: 0pt;margin-bottom: 0pt;text-align: justify\" dir=\"ltr\"><span style=\"font-size: 11pt;font-family: Arial;color: #212121;vertical-align: baseline\">Izsmalcin\u0101ta meh\u0101nika<\/span><\/p>\n<p style=\"line-height: 1.38;margin-top: 0pt;margin-bottom: 0pt;text-align: justify\" dir=\"ltr\"><span style=\"font-size: 11pt;font-family: Arial;color: #212121;vertical-align: baseline\">Centr\u0101lais ritenis un saliekams tilts<\/span><\/p>\n<p style=\"line-height: 1.38;margin-top: 0pt;margin-bottom: 0pt;text-align: justify\" dir=\"ltr\"><span style=\"font-size: 11pt;font-family: Arial;color: #212121;vertical-align: baseline\">Optisk\u0101 sist\u0113ma: Gallileian<\/span><\/p>\n<p style=\"line-height: 1.38;margin-top: 0pt;margin-bottom: 0pt;text-align: justify\" dir=\"ltr\"><span style=\"font-size: 11pt;font-family: Arial;color: #212121;vertical-align: baseline\"> <\/span><\/p>\n<p style=\"line-height: 1.38;margin-top: 0pt;margin-bottom: 0pt;text-align: justify\" dir=\"ltr\"><span style=\"font-size: 10.5pt;font-family: Arial;color: #212121;font-weight: 700;vertical-align: baseline\">Komplekt\u0101 ietilpst :<\/span><\/p>\n<p style=\"line-height: 1.38;margin-top: 0pt;margin-bottom: 0pt;text-indent: -18pt;text-align: justify;padding: 0pt 0pt 0pt 18pt\" dir=\"ltr\"><span style=\"font-size: 10.5pt;font-family: Arial;color: #000000;background-color: transparent;vertical-align: baseline\">1.<\/span><span style=\"font-size: 7pt;color: #000000;background-color: transparent;vertical-align: baseline\"> &nbsp;&nbsp;&nbsp;<\/span><span style=\"font-size: 10.5pt;font-family: Arial;color: #000000;background-color: transparent;vertical-align: baseline\">Operas binoklis<\/span><\/p>\n<p style=\"line-height: 1.38;margin-top: 0pt;margin-bottom: 0pt;text-indent: -18pt;text-align: justify;padding: 0pt 0pt 0pt 18pt\" dir=\"ltr\"><span style=\"font-size: 10.5pt;font-family: Arial;color: #000000;background-color: transparent;vertical-align: baseline\">2.<\/span><span style=\"font-size: 7pt;color: #000000;background-color: transparent;vertical-align: baseline\"> &nbsp;&nbsp;&nbsp;<\/span><span style=\"font-size: 10.5pt;font-family: Arial;color: #000000;background-color: transparent;vertical-align: baseline\">Soma<\/span><\/p>\n<p style=\"line-height: 1.38;margin-top: 0pt;margin-bottom: 0pt;text-indent: -18pt;text-align: justify;padding: 0pt 0pt 0pt 18pt\" dir=\"ltr\"><span style=\"font-size: 10.5pt;font-family: Arial;color: #000000;background-color: transparent;vertical-align: baseline\">3.<\/span><span style=\"font-size: 7pt;color: #000000;background-color: transparent;vertical-align: baseline\"> &nbsp;&nbsp;&nbsp;<\/span><span style=\"font-size: 10.5pt;font-family: Arial;color: #000000;background-color: transparent;vertical-align: baseline\">L\u0113cas audums<\/span><\/p>\n<p style=\"line-height: 1.38;margin-top: 0pt;margin-bottom: 0pt;text-indent: -18pt;text-align: justify;padding: 0pt 0pt 0pt 18pt\" dir=\"ltr\"><span style=\"font-size: 10.5pt;font-family: Arial;color: #000000;background-color: transparent;vertical-align: baseline\">4.<\/span><span style=\"font-size: 7pt;color: #000000;background-color: transparent;vertical-align: baseline\"> &nbsp;&nbsp;&nbsp;<\/span><span style=\"font-size: 10.5pt;font-family: Arial;color: #000000;background-color: transparent;vertical-align: baseline\">Rokasgr\u0101mata<\/span><\/p>\n<p><\/span><\/h4>\n<h4 class=\"product-title\" style=\"margin-top: 10px;margin-bottom: 10px\">\n<table style=\"font-size: 10pt;font-family: arial, sans, sans-serif;width: 0px;border: none\" dir=\"ltr\" border=\"1\" cellspacing=\"0\" cellpadding=\"0\">\n<colgroup>\n<col width=\"190\"><\/col>\n<col width=\"269\"><\/col>\n<\/colgroup>\n<tbody>\n<tr style=\"height: 21px\">\n<td style=\"border-color: #000000;overflow: hidden;padding: 2px 3px;vertical-align: top;font-family: Arial;font-weight: bold;color: #222222;text-align: center\" colspan=\"2\">Atrib\u016bti<\/td>\n<\/tr>\n<tr style=\"height: 21px\">\n<td style=\"border-right-color: #000000;border-bottom-color: #000000;border-left-color: #000000;overflow: hidden;padding: 2px 3px;vertical-align: top;font-family: Arial;color: #222222;text-align: center\">P\u0101rkl\u0101juma veids<\/td>\n<td style=\"border-right-color: #000000;border-bottom-color: #000000;overflow: hidden;padding: 2px 3px;vertical-align: top;font-family: Arial;color: #222222;text-align: center\">Piln\u012bb\u0101 p\u0101rkl\u0101ts<\/td>\n<\/tr>\n<tr style=\"height: 21px\">\n<td style=\"border-right-color: #000000;border-bottom-color: #000000;border-left-color: #000000;overflow: hidden;padding: 2px 3px;vertical-align: top;font-family: Arial;color: #222222;text-align: center\">Gaismas intensit\u0101te<\/td>\n<td style=\"border-right-color: #000000;border-bottom-color: #000000;overflow: hidden;padding: 2px 3px;vertical-align: top;font-family: Arial;color: #222222;text-align: center\">81<\/td>\n<\/tr>\n<tr style=\"height: 21px\">\n<td style=\"border-right-color: #000000;border-bottom-color: #000000;border-left-color: #000000;overflow: hidden;padding: 2px 3px;vertical-align: top;font-family: Arial;color: #222222;text-align: center\">Izm\u0113ri<\/td>\n<td style=\"border-right-color: #000000;border-bottom-color: #000000;overflow: hidden;padding: 2px 3px;vertical-align: top;font-family: Arial;color: #222222;text-align: center\">105 x 57 x 35mm<\/td>\n<\/tr>\n<tr style=\"height: 21px\">\n<td style=\"border-right-color: #000000;border-bottom-color: #000000;border-left-color: #000000;overflow: hidden;padding: 2px 3px;vertical-align: top;font-family: Arial;color: #222222;text-align: center\">Kr\u0113slas koeficients<\/td>\n<td style=\"border-right-color: #000000;border-bottom-color: #000000;overflow: hidden;padding: 2px 3px;vertical-align: top;font-family: Arial;color: #222222;text-align: center\">9<\/td>\n<\/tr>\n<tr style=\"height: 21px\">\n<td style=\"border-right-color: #000000;border-bottom-color: #000000;border-left-color: #000000;overflow: hidden;padding: 2px 3px;vertical-align: top;font-family: Arial;color: #222222;text-align: center\">m\u0113r\u0137a diametrs<\/td>\n<td style=\"border-right-color: #000000;border-bottom-color: #000000;overflow: hidden;padding: 2px 3px;vertical-align: top;font-family: Arial;color: #222222;text-align: center\">27 mm<\/td>\n<\/tr>\n<tr style=\"height: 21px\">\n<td style=\"border-right-color: #000000;border-bottom-color: #000000;border-left-color: #000000;overflow: hidden;padding: 2px 3px;vertical-align: top;font-family: Arial;color: #222222;text-align: center\">Optiskais dizains<\/td>\n<td style=\"border-right-color: #000000;border-bottom-color: #000000;overflow: hidden;padding: 2px 3px;vertical-align: top;font-family: Arial;color: #222222;text-align: center\">Galilean<\/td>\n<\/tr>\n<tr style=\"height: 21px\">\n<td style=\"border-right-color: #000000;border-bottom-color: #000000;border-left-color: #000000;overflow: hidden;padding: 2px 3px;vertical-align: top;font-family: Arial;color: #222222;text-align: center\">Palielin\u0101jums<\/td>\n<td style=\"border-right-color: #000000;border-bottom-color: #000000;overflow: hidden;padding: 2px 3px;vertical-align: top;font-family: Arial;color: #222222;text-align: center\">3 fixed<\/td>\n<\/tr>\n<tr style=\"height: 21px\">\n<td style=\"border-right-color: #000000;border-bottom-color: #000000;border-left-color: #000000;overflow: hidden;padding: 2px 3px;vertical-align: top;font-family: Arial;color: #222222;text-align: center\">P\u0101rkl\u0101juma kr\u0101sa<\/td>\n<td style=\"border-right-color: #000000;border-bottom-color: #000000;overflow: hidden;padding: 2px 3px;vertical-align: top;font-family: Arial;color: #222222;text-align: center\">Zils<\/td>\n<\/tr>\n<\/tbody>\n<\/table>\n<\/h4>\n<div id=\"tab-description\" class=\"tab-pane active\"><\/div>\n","protected":false},"excerpt":{"rendered":"<p>Klasisk\u0101s Operas brilles, kas bag\u0101tin\u0101s te\u0101tra apmekl\u0113jumu. Pirm\u0101s klases optika un meistar\u012bba apvienojum\u0101 ar uzkr\u012bto&scaron;u dizainu. &Scaron;ie mode\u013ci vi\u0146ai un vi\u0146am ir vispiem\u0113rot\u0101k\u0101 izv\u0113le, pateicoties&nbsp;diskr\u0113taj\u0101m kr\u0101su kombin\u0101cij\u0101m. Kvalit\u0101tes mode\u013ci, kas j\u016bs iedvesmos. Bezkr\u0101sas, p\u0101rkl\u0101ta optika Spilgta att\u0113la replik\u0101cija &nbsp; Melns lakots \u0137ermenis &nbsp; Kr\u0101saini rot\u0101jumi greznojumam Izsmalcin\u0101ta meh\u0101nika Centr\u0101lais ritenis un saliekams tilts Optisk\u0101 sist\u0113ma: [&hellip;]<\/p>\n","protected":false},"featured_media":0,"template":"","meta":[],"product_brand":[],"product_cat":[4640,4938,4939],"product_tag":[],"class_list":{"0":"post-79313","1":"product","2":"type-product","3":"status-publish","5":"product_cat-recreation","6":"product_cat-optics-recreation","7":"product_cat-binoculars-optics-recreation","9":"first","10":"instock","11":"shipping-taxable","12":"purchasable","13":"product-type-simple"},"_links":{"self":[{"href":"https:\/\/sezona.lv\/en\/wp-json\/wp\/v2\/product\/79313","targetHints":{"allow":["GET"]}}],"collection":[{"href":"https:\/\/sezona.lv\/en\/wp-json\/wp\/v2\/product"}],"about":[{"href":"https:\/\/sezona.lv\/en\/wp-json\/wp\/v2\/types\/product"}],"wp:attachment":[{"href":"https:\/\/sezona.lv\/en\/wp-json\/wp\/v2\/media?parent=79313"}],"wp:term":[{"taxonomy":"product_brand","embeddable":true,"href":"https:\/\/sezona.lv\/en\/wp-json\/wp\/v2\/product_brand?post=79313"},{"taxonomy":"product_cat","embeddable":true,"href":"https:\/\/sezona.lv\/en\/wp-json\/wp\/v2\/product_cat?post=79313"},{"taxonomy":"product_tag","embeddable":true,"href":"https:\/\/sezona.lv\/en\/wp-json\/wp\/v2\/product_tag?post=79313"}],"curies":[{"name":"wp","href":"https:\/\/api.w.org\/{rel}","templated":true}]}}