{"id":79315,"date":"2025-07-14T15:38:10","date_gmt":"2025-07-14T12:38:10","guid":{"rendered":"https:\/\/demo8.ecube.lv\/sezona.lv\/products\/bresser-scala-mpg-3x25-operas-teatra-binoklis\/"},"modified":"2025-07-14T15:38:10","modified_gmt":"2025-07-14T12:38:10","slug":"bresser-scala-mpg-3x25-operas-teatra-binoklis","status":"publish","type":"product","link":"https:\/\/sezona.lv\/en\/products\/bresser-scala-mpg-3x25-operas-teatra-binoklis\/","title":{"rendered":"Bresser Scala MPG 3&#215;25 Operas &amp; Te\u0101tra Binoklis"},"content":{"rendered":"<h4 class=\"product-title\" style=\", Helvetica, Arial, sans-serif;color: gray;margin-top: 10px;margin-bottom: 10px;font-size: 18px\"><span id=\"docs-internal-guid-a46f81b4-c81b-92c2-2d15-b2b47a307de9\"><\/p>\n<p style=\"line-height: 1.38;margin-top: 0pt;margin-bottom: 0pt\" dir=\"ltr\"><span style=\"font-size: 12pt;font-family: Arial;color: #212121;font-weight: 700;vertical-align: baseline\">BRESSER Scala MPG 3&#215;25 Opera brilles &amp; Te\u0101tra Binoklis <\/span><span style=\"font-size: 12pt;font-family: Arial;color: #212121;font-weight: 700;vertical-align: baseline\"><br class=\"kix-line-break\" \/><\/span><span style=\"font-size: 12pt;font-family: Arial;color: #212121;vertical-align: baseline\"><br class=\"kix-line-break\" \/><\/span><span style=\"font-size: 12pt;font-family: Arial;color: #212121;vertical-align: baseline\">&Scaron;\u012bs klasisk\u0101s operas brilles ikvienu apmekl\u0113jumu padara par prieku. Skatiet, kas notiek uz skatuves tuvpl\u0101na &#8211; palielin\u0101ts, prec\u012bz\u0101s kr\u0101s\u0101s un skaidrs att\u0113ls. Visi mode\u013ci ir augst\u0101k\u0101s kvalit\u0101tes ra\u017eo&scaron;an\u0101 un tiem ir <\/span><span style=\"font-size: 12pt;font-family: Arial;color: #212121;font-weight: 700;vertical-align: baseline\">Ahromatisks, Galilean l\u0113cas p\u0101rkl\u0101jums<\/span><span style=\"font-size: 12pt;font-family: Arial;color: #212121;vertical-align: baseline\">. Vi\u0146i ir pietiekami mazi, lai tie atbilstu praktiski, jebkurai krekla kabatai.<\/span><\/p>\n<p><\/p>\n<p style=\"line-height: 1.38;margin-top: 0pt;margin-bottom: 0pt\" dir=\"ltr\"><span style=\"font-size: 12pt;font-family: Arial;color: #212121;vertical-align: baseline\">Bezkr\u0101saina, p\u0101rkl\u0101ta optika<\/span><span style=\"font-size: 12pt;font-family: Arial;color: #212121;vertical-align: baseline\"><br class=\"kix-line-break\" \/><\/span><span style=\"font-size: 12pt;font-family: Arial;color: #212121;vertical-align: baseline\">Elegants zelta kr\u0101sas tilts un objekt\u012bvi gredzeni<\/span><span style=\"font-size: 12pt;font-family: Arial;color: #212121;vertical-align: baseline\"><br class=\"kix-line-break\" \/><\/span><span style=\"font-size: 12pt;font-family: Arial;color: #212121;vertical-align: baseline\">Ar praktisku zelta un meln\u0101 kr\u0101sainu kaklarotu<\/span><span style=\"font-size: 12pt;font-family: Arial;color: #212121;vertical-align: baseline\"><br class=\"kix-line-break\" \/><\/span><span style=\"font-size: 12pt;font-family: Arial;color: #212121;vertical-align: baseline\">\u013boti laba att\u0113la replik\u0101cija<\/span><span style=\"font-size: 12pt;font-family: Arial;color: #212121;vertical-align: baseline\"><br class=\"kix-line-break\" \/><\/span><span style=\"font-size: 12pt;font-family: Arial;color: #212121;vertical-align: baseline\">Zelta vai hroma rotas gredzeni<\/span><span style=\"font-size: 12pt;font-family: Arial;color: #212121;vertical-align: baseline\"><br class=\"kix-line-break\" \/><\/span><span style=\"font-size: 12pt;font-family: Arial;color: #212121;vertical-align: baseline\">Izsmalcin\u0101ta meh\u0101nika<\/span><span style=\"font-size: 12pt;font-family: Arial;color: #212121;vertical-align: baseline\"><br class=\"kix-line-break\" \/><\/span><span style=\"font-size: 12pt;font-family: Arial;color: #212121;vertical-align: baseline\">Centr\u0101lais ritenis un saliekams tilts<\/span><span style=\"font-size: 12pt;font-family: Arial;color: #212121;vertical-align: baseline\"><br class=\"kix-line-break\" \/><\/span><span style=\"font-size: 12pt;font-family: Arial;color: #212121;vertical-align: baseline\">Optisk\u0101 sist\u0113ma: Gallileian<\/span><\/p>\n<p><\/p>\n<p style=\"line-height: 1.38;margin-top: 0pt;margin-bottom: 0pt;text-align: justify\" dir=\"ltr\"><span style=\"font-size: 12pt;font-family: Arial;color: #212121;font-weight: 700;vertical-align: baseline\">Komplekt\u0101 ietilpst :<\/span><\/p>\n<p style=\"line-height: 1.38;margin-top: 0pt;margin-bottom: 0pt;text-indent: -18pt;text-align: justify;padding: 0pt 0pt 0pt 18pt\" dir=\"ltr\"><span style=\"font-size: 12pt;font-family: Arial;color: #000000;background-color: transparent;vertical-align: baseline\">1. &nbsp;&nbsp;&nbsp;Operas binoklis<\/span><\/p>\n<p style=\"line-height: 1.38;margin-top: 0pt;margin-bottom: 0pt;text-indent: -18pt;text-align: justify;padding: 0pt 0pt 0pt 18pt\" dir=\"ltr\"><span style=\"font-size: 12pt;font-family: Arial;color: #000000;background-color: transparent;vertical-align: baseline\">2. &nbsp;&nbsp;&nbsp;Soma<\/span><\/p>\n<p style=\"line-height: 1.38;margin-top: 0pt;margin-bottom: 0pt;text-indent: -18pt;text-align: justify;padding: 0pt 0pt 0pt 18pt\" dir=\"ltr\"><span style=\"font-size: 12pt;font-family: Arial;color: #000000;background-color: transparent;vertical-align: baseline\">3. &nbsp;&nbsp;&nbsp;L\u0113cas audums<\/span><\/p>\n<p style=\"line-height: 1.38;margin-top: 0pt;margin-bottom: 0pt;text-indent: -18pt;text-align: justify;padding: 0pt 0pt 0pt 18pt\" dir=\"ltr\"><span style=\"font-size: 12pt;font-family: Arial;color: #000000;background-color: transparent;vertical-align: baseline\">4. &nbsp;&nbsp;&nbsp;Rokasgr\u0101mata<\/span><\/p>\n<p style=\"line-height: 1.38;margin-top: 0pt;margin-bottom: 0pt;text-indent: -18pt;text-align: justify;padding: 0pt 0pt 0pt 18pt\" dir=\"ltr\">&nbsp;<\/p>\n<p><\/span><\/h4>\n<table class=\"table table-bordered\" border=\"0\">\n<thead>\n<tr>\n<td colspan=\"2\"><strong>Atrib\u016bti<\/strong><\/td>\n<\/tr>\n<\/thead>\n<tbody>\n<tr>\n<td>P\u0101rkl\u0101juma veids<\/td>\n<td>Piln\u012bb\u0101 p\u0101rkl\u0101ts<\/td>\n<\/tr>\n<tr>\n<td>Gaismas intensit\u0101te<\/td>\n<td>69.44<\/td>\n<\/tr>\n<tr>\n<td>Kr\u0113slas koeficients<\/td>\n<td>8.66<\/td>\n<\/tr>\n<tr>\n<td>m\u0113r\u0137a diametrs<\/td>\n<td>25 mm<\/td>\n<\/tr>\n<tr>\n<td>Optiskais dizains<\/td>\n<td>Galilean<\/td>\n<\/tr>\n<tr>\n<td>Palielin\u0101jums<\/td>\n<td>3 fixed<\/td>\n<\/tr>\n<tr>\n<td>P\u0101rkl\u0101juma kr\u0101sa<\/td>\n<td>Zils<\/td>\n<\/tr>\n<tr>\n<td>Redzes lauks, m\/1000 m<\/td>\n<td>196 m<\/td>\n<\/tr>\n<tr>\n<td>Tuvais fokuss<\/td>\n<td>2 m<\/td>\n<\/tr>\n<\/tbody>\n<\/table>\n<h4 class=\"product-title\" style=\"margin-top: 10px;margin-bottom: 10px\">\n<table style=\"font-size: 10pt;font-family: arial, sans, sans-serif;width: 0px;border: none\" dir=\"ltr\" border=\"1\" cellspacing=\"0\" cellpadding=\"0\">\n<tbody>\n<tr style=\"height: 21px\">\n<td style=\"border-color: #000000;overflow: hidden;padding: 2px 3px;vertical-align: top;font-family: Arial;font-weight: bold;color: #222222;text-align: center\" colspan=\"2\"><\/td>\n<\/tr>\n<tr style=\"height: 21px\">\n<td style=\"border-right-color: #000000;border-bottom-color: #000000;border-left-color: #000000;overflow: hidden;padding: 2px 3px;vertical-align: top;font-family: Arial;color: #222222;text-align: center\"><\/td>\n<td style=\"border-right-color: #000000;border-bottom-color: #000000;overflow: hidden;padding: 2px 3px;vertical-align: top;font-family: Arial;color: #222222;text-align: center\"><\/td>\n<\/tr>\n<tr style=\"height: 21px\">\n<td style=\"border-right-color: #000000;border-bottom-color: #000000;border-left-color: #000000;overflow: hidden;padding: 2px 3px;vertical-align: top;font-family: Arial;color: #222222;text-align: center\"><\/td>\n<td style=\"border-right-color: #000000;border-bottom-color: #000000;overflow: hidden;padding: 2px 3px;vertical-align: top;font-family: Arial;color: #222222;text-align: center\"><\/td>\n<\/tr>\n<tr style=\"height: 21px\">\n<td style=\"border-right-color: #000000;border-bottom-color: #000000;border-left-color: #000000;overflow: hidden;padding: 2px 3px;vertical-align: top;font-family: Arial;color: #222222;text-align: center\"><\/td>\n<td style=\"border-right-color: #000000;border-bottom-color: #000000;overflow: hidden;padding: 2px 3px;vertical-align: top;font-family: Arial;color: #222222;text-align: center\"><\/td>\n<\/tr>\n<tr style=\"height: 21px\">\n<td style=\"border-right-color: #000000;border-bottom-color: #000000;border-left-color: #000000;overflow: hidden;padding: 2px 3px;vertical-align: top;font-family: Arial;color: #222222;text-align: center\"><\/td>\n<td style=\"border-right-color: #000000;border-bottom-color: #000000;overflow: hidden;padding: 2px 3px;vertical-align: top;font-family: Arial;color: #222222;text-align: center\"><\/td>\n<\/tr>\n<tr style=\"height: 21px\">\n<td style=\"border-right-color: #000000;border-bottom-color: #000000;border-left-color: #000000;overflow: hidden;padding: 2px 3px;vertical-align: top;font-family: Arial;color: #222222;text-align: center\"><\/td>\n<td style=\"border-right-color: #000000;border-bottom-color: #000000;overflow: hidden;padding: 2px 3px;vertical-align: top;font-family: Arial;color: #222222;text-align: center\"><\/td>\n<\/tr>\n<tr style=\"height: 21px\">\n<td style=\"border-right-color: #000000;border-bottom-color: #000000;border-left-color: #000000;overflow: hidden;padding: 2px 3px;vertical-align: top;font-family: Arial;color: #222222;text-align: center\"><\/td>\n<td style=\"border-right-color: #000000;border-bottom-color: #000000;overflow: hidden;padding: 2px 3px;vertical-align: top;font-family: Arial;color: #222222;text-align: center\"><\/td>\n<\/tr>\n<tr style=\"height: 21px\">\n<td style=\"border-right-color: #000000;border-bottom-color: #000000;border-left-color: #000000;overflow: hidden;padding: 2px 3px;vertical-align: top;font-family: Arial;color: #222222;text-align: center\"><\/td>\n<td style=\"border-right-color: #000000;border-bottom-color: #000000;overflow: hidden;padding: 2px 3px;vertical-align: top;font-family: Arial;color: #222222;text-align: center\"><\/td>\n<\/tr>\n<tr style=\"height: 21px\">\n<td style=\"border-right-color: #000000;border-bottom-color: #000000;border-left-color: #000000;overflow: hidden;padding: 2px 3px;vertical-align: top;font-family: Arial;color: #222222;text-align: center\"><\/td>\n<td style=\"border-right-color: #000000;border-bottom-color: #000000;overflow: hidden;padding: 2px 3px;vertical-align: top;font-family: Arial;color: #222222;text-align: center\"><\/td>\n<\/tr>\n<\/tbody>\n<\/table>\n<\/h4>\n","protected":false},"excerpt":{"rendered":"<p>BRESSER Scala MPG 3&#215;25 Opera brilles &amp; Te\u0101tra Binoklis &Scaron;\u012bs klasisk\u0101s operas brilles ikvienu apmekl\u0113jumu padara par prieku. Skatiet, kas notiek uz skatuves tuvpl\u0101na &#8211; palielin\u0101ts, prec\u012bz\u0101s kr\u0101s\u0101s un skaidrs att\u0113ls. Visi mode\u013ci ir augst\u0101k\u0101s kvalit\u0101tes ra\u017eo&scaron;an\u0101 un tiem ir Ahromatisks, Galilean l\u0113cas p\u0101rkl\u0101jums. Vi\u0146i ir pietiekami mazi, lai tie atbilstu praktiski, jebkurai krekla kabatai. [&hellip;]<\/p>\n","protected":false},"featured_media":0,"template":"","meta":[],"product_brand":[],"product_cat":[4640,4938,4939],"product_tag":[],"class_list":{"0":"post-79315","1":"product","2":"type-product","3":"status-publish","5":"product_cat-recreation","6":"product_cat-optics-recreation","7":"product_cat-binoculars-optics-recreation","9":"first","10":"instock","11":"shipping-taxable","12":"purchasable","13":"product-type-simple"},"_links":{"self":[{"href":"https:\/\/sezona.lv\/en\/wp-json\/wp\/v2\/product\/79315","targetHints":{"allow":["GET"]}}],"collection":[{"href":"https:\/\/sezona.lv\/en\/wp-json\/wp\/v2\/product"}],"about":[{"href":"https:\/\/sezona.lv\/en\/wp-json\/wp\/v2\/types\/product"}],"wp:attachment":[{"href":"https:\/\/sezona.lv\/en\/wp-json\/wp\/v2\/media?parent=79315"}],"wp:term":[{"taxonomy":"product_brand","embeddable":true,"href":"https:\/\/sezona.lv\/en\/wp-json\/wp\/v2\/product_brand?post=79315"},{"taxonomy":"product_cat","embeddable":true,"href":"https:\/\/sezona.lv\/en\/wp-json\/wp\/v2\/product_cat?post=79315"},{"taxonomy":"product_tag","embeddable":true,"href":"https:\/\/sezona.lv\/en\/wp-json\/wp\/v2\/product_tag?post=79315"}],"curies":[{"name":"wp","href":"https:\/\/api.w.org\/{rel}","templated":true}]}}