{"id":79318,"date":"2025-07-14T15:38:12","date_gmt":"2025-07-14T12:38:12","guid":{"rendered":"https:\/\/demo8.ecube.lv\/sezona.lv\/products\/levenhuk-rainbow-8x25-melns-binoklis\/"},"modified":"2025-07-14T15:38:12","modified_gmt":"2025-07-14T12:38:12","slug":"levenhuk-rainbow-8x25-melns-binoklis","status":"publish","type":"product","link":"https:\/\/sezona.lv\/en\/products\/levenhuk-rainbow-8x25-melns-binoklis\/","title":{"rendered":"Levenhuk Rainbow 8&#215;25 Melns Binoklis"},"content":{"rendered":"<p style=\"margin-bottom: 10px;padding: 0px;color: #3a3a3a;font-family: Vardana, sans-serif;font-size: 14px;line-height: normal\">Levenhuk  Rainbow t\u0101lskatu s\u0113rijas ir apbr\u012bnojama kvalitat\u012bvo p\u0101rg\u0101jienu t\u0101lskatu  kolekcija. Katram modelim ir dro&scaron;s futl\u0101ris uzglab\u0101&scaron;anai un  transport\u0113&scaron;anai, aukla uzlik&scaron;anai kakl\u0101 un t\u012br\u012b&scaron;anas dr\u0101na. Skaists un  moderns iepakojums papildina stil\u012bgo t\u0101lskata izskatu.<\/p>\n<p style=\"margin-bottom: 10px;padding: 0px;color: #3a3a3a;font-family: Vardana, sans-serif;font-size: 14px;line-height: normal\">Levenhuk  Rainbow t\u0101lskatim ir rakstur\u012bga kvalitat\u012bva optisk\u0101 ier\u012bce, kas ir  izgatavota no BaK-4 optisk\u0101 stikla. &Scaron;\u0101dam stiklam ir augsts refrakcijas  indekss &ndash; t\u0101p\u0113c rad\u012btie att\u0113li ir tik asi un skaidri. Prizmas un l\u0113cas  ir p\u0101rkl\u0101tas vair\u0101kk\u0101rt ar pretatsp\u012bduma sl\u0101ni, kas padara att\u0113lus  spo\u017e\u0101kus un kontrastain\u0101kus.<\/p>\n<p style=\"margin-bottom: 10px;padding: 0px;color: #3a3a3a;font-family: Vardana, sans-serif;font-size: 14px;line-height: normal\">Galvenie Levenhuk Rainbow talskatu raksturojumi:<\/p>\n<ul style=\"margin-right: 0px;margin-bottom: 15px;margin-left: 20px;padding: 0px;color: #3a3a3a;font-family: Vardana, sans-serif;font-size: 14px;line-height: normal\">\n<li style=\"margin: 0px;padding: 0px\">T\u0101lskatis p\u0101rg\u0101jienu cien\u012bt\u0101jiem pievilc\u012bg\u0101s kr\u0101s\u0101s<\/li>\n<li style=\"margin: 0px;padding: 0px\">Augst\u0101k\u0101s kvalit\u0101tes optika lieliskiem skatiem<\/li>\n<li style=\"margin: 0px;padding: 0px\">Jumti\u0146a prizmas un saliekamais korpuss maksim\u0101lajam kompaktumam<\/li>\n<li style=\"margin: 0px;padding: 0px\">Centr\u0101lais fokus\u0113&scaron;anas meh\u0101nisms \u0101trai asuma piel\u0101go&scaron;anai<\/li>\n<li style=\"margin: 0px;padding: 0px\">Nitrog\u0113na pild\u012bts korpuss lieto&scaron;anai jebkuros laikapst\u0101k\u013cos<\/li>\n<\/ul>\n<table class=\"table table-bordered\" border=\"0\">\n<thead>\n<tr>\n<td colspan=\"2\"><strong>Atrib\u016bti<\/strong><\/td>\n<\/tr>\n<\/thead>\n<tbody>\n<tr>\n<td>Acs att\u0101lums<\/td>\n<td>10,1 mm<\/td>\n<\/tr>\n<tr>\n<td>Fokus\u0113&scaron;ana<\/td>\n<td>centr\u0101l\u0101<\/td>\n<\/tr>\n<tr>\n<td>Garantija<\/td>\n<td>m\u016b\u017ea garantija<\/td>\n<\/tr>\n<tr>\n<td>Izejas z\u012bl\u012b&scaron;u diametrs<\/td>\n<td>2,8 mm<\/td>\n<\/tr>\n<tr>\n<td>Izm\u0113ri<\/td>\n<td>100x65x45 mm<\/td>\n<\/tr>\n<tr>\n<td>Kr\u0113slas koeficients<\/td>\n<td>14,1<\/td>\n<\/tr>\n<tr>\n<td>Objekt\u012bva l\u0113cas diametrs (atv\u0113rums)<\/td>\n<td>25 mm<\/td>\n<\/tr>\n<tr>\n<td>Okul\u0101ri<\/td>\n<td>septi\u0146i elementi tr\u012bs grup\u0101s<\/td>\n<\/tr>\n<tr>\n<td>Okul\u0101ru dioptriju korekcija, dioptriju skala<\/td>\n<td>&plusmn;5<\/td>\n<\/tr>\n<tr>\n<td>Okul\u0101ru kausi\u0146i<\/td>\n<td>regul\u0113jami<\/td>\n<\/tr>\n<tr>\n<td>Optikas materi\u0101ls<\/td>\n<td>BaK-4 stikla<\/td>\n<\/tr>\n<tr>\n<td>Optikas p\u0101rkl\u0101jums<\/td>\n<td>multi-p\u0101rkl\u0101jums<\/td>\n<\/tr>\n<tr>\n<td>Palielin\u0101jums<\/td>\n<td>8 x<\/td>\n<\/tr>\n<tr>\n<td>Ra\u017eot\u0101ja valsts<\/td>\n<td>PRC, vada Levenhuk, Inc. (ASV)<\/td>\n<\/tr>\n<tr>\n<td>Redzes lauks<\/td>\n<td>7,6 &deg;<\/td>\n<\/tr>\n<tr>\n<td>Redzes lauks, m\/1000 m<\/td>\n<td>133<\/td>\n<\/tr>\n<tr>\n<td>Relat\u012bvais spilgtums<\/td>\n<td>5,3<\/td>\n<\/tr>\n<tr>\n<td>Starp-z\u012bl\u012b&scaron;u att\u0101lums (IPD)<\/td>\n<td>76 mm<\/td>\n<\/tr>\n<tr>\n<td>Tips<\/td>\n<td>prizmas<\/td>\n<\/tr>\n<tr>\n<td>Tuvais fokuss<\/td>\n<td>5 m<\/td>\n<\/tr>\n<\/tbody>\n<\/table>\n","protected":false},"excerpt":{"rendered":"<p>Levenhuk Rainbow t\u0101lskatu s\u0113rijas ir apbr\u012bnojama kvalitat\u012bvo p\u0101rg\u0101jienu t\u0101lskatu kolekcija. Katram modelim ir dro&scaron;s futl\u0101ris uzglab\u0101&scaron;anai un transport\u0113&scaron;anai, aukla uzlik&scaron;anai kakl\u0101 un t\u012br\u012b&scaron;anas dr\u0101na. Skaists un moderns iepakojums papildina stil\u012bgo t\u0101lskata izskatu. Levenhuk Rainbow t\u0101lskatim ir rakstur\u012bga kvalitat\u012bva optisk\u0101 ier\u012bce, kas ir izgatavota no BaK-4 optisk\u0101 stikla. &Scaron;\u0101dam stiklam ir augsts refrakcijas indekss &ndash; t\u0101p\u0113c [&hellip;]<\/p>\n","protected":false},"featured_media":0,"template":"","meta":[],"product_brand":[3372],"product_cat":[4640,4938,4939],"product_tag":[],"class_list":{"0":"post-79318","1":"product","2":"type-product","3":"status-publish","5":"product_brand-levenhuk","6":"product_cat-recreation","7":"product_cat-optics-recreation","8":"product_cat-binoculars-optics-recreation","10":"first","11":"instock","12":"shipping-taxable","13":"purchasable","14":"product-type-simple"},"_links":{"self":[{"href":"https:\/\/sezona.lv\/en\/wp-json\/wp\/v2\/product\/79318","targetHints":{"allow":["GET"]}}],"collection":[{"href":"https:\/\/sezona.lv\/en\/wp-json\/wp\/v2\/product"}],"about":[{"href":"https:\/\/sezona.lv\/en\/wp-json\/wp\/v2\/types\/product"}],"wp:attachment":[{"href":"https:\/\/sezona.lv\/en\/wp-json\/wp\/v2\/media?parent=79318"}],"wp:term":[{"taxonomy":"product_brand","embeddable":true,"href":"https:\/\/sezona.lv\/en\/wp-json\/wp\/v2\/product_brand?post=79318"},{"taxonomy":"product_cat","embeddable":true,"href":"https:\/\/sezona.lv\/en\/wp-json\/wp\/v2\/product_cat?post=79318"},{"taxonomy":"product_tag","embeddable":true,"href":"https:\/\/sezona.lv\/en\/wp-json\/wp\/v2\/product_tag?post=79318"}],"curies":[{"name":"wp","href":"https:\/\/api.w.org\/{rel}","templated":true}]}}