{"id":79320,"date":"2025-07-14T15:38:14","date_gmt":"2025-07-14T12:38:14","guid":{"rendered":"https:\/\/demo8.ecube.lv\/sezona.lv\/products\/barska-7-20x35-zoom-escape-binoklis\/"},"modified":"2025-07-14T15:38:14","modified_gmt":"2025-07-14T12:38:14","slug":"barska-7-20x35-zoom-escape-binoklis","status":"publish","type":"product","link":"https:\/\/sezona.lv\/en\/products\/barska-7-20x35-zoom-escape-binoklis\/","title":{"rendered":"Barska 7-20&#215;35 Zoom Escape Binoklis"},"content":{"rendered":"<p style=\"line-height: 1.38;margin-top: 0pt;margin-bottom: 6pt;background-color: #ffffff\" dir=\"ltr\"><span style=\"font-size: 11pt;font-family: Arial;color: #000000;background-color: #ffffff;font-weight: 400;font-style: normal;font-variant: normal;text-decoration: none;vertical-align: baseline\">7-20&#215;35 Escape Zoom binoklis ir ar vair\u0101kp\u0101rkl\u0101jumu (multi-coated) BAK7 optiku tradicin\u0101laj\u0101 Porro prizmu dizain\u0101. Binok\u013ca p\u0101rdom\u0101tais dizains un izm\u0113rs uzlabo sp\u0113ju stabili tur\u0113t roku bez stat\u012bva pal\u012bdz\u012bbas. T\u0101dej\u0101di tas ir \u0113rti izmantojams situ\u0101cij\u0101s, kad nepiecie&scaron;ama \u0101tra k\u0101da objekta apskate. Liela taustes centra fokusa svira nodro&scaron;ina prec\u012bzu fokus\u0113&scaron;anu un pietuvin\u0101&scaron;anu, kas \u013cauj lietot\u0101jam viegli apskat\u012bt objektu. Okul\u0101rs ar dioptriju regul\u0113&scaron;anu \u013cauj regul\u0113t katru aci atsevi&scaron;\u0137i, kas nodro&scaron;ina maz\u0101ku sasprindzin\u0101jumu ac\u012bm, ja nepiecie&scaron;ama ilgsto&scaron;a skat\u012b&scaron;an\u0101s. Binoklim ir gumijas apvalks, kas nodro&scaron;ina \u0113rtumu, dro&scaron;\u012bbu un sa\u0137eri.<\/span><\/p>\n<p style=\"line-height: 1.38;margin-top: 0pt;margin-bottom: 6pt;background-color: #ffffff\" dir=\"ltr\"><span style=\"font-weight: bold\">&nbsp;<\/span><\/p>\n<p style=\"line-height: 1.32;margin-top: 0pt;margin-bottom: 6pt;background-color: #ffffff\" dir=\"ltr\"><span style=\"font-size: 11pt;font-family: Arial;color: #000000;background-color: #ffffff;font-style: normal;text-decoration: none;vertical-align: baseline;font-weight: bold\">\u012apa&scaron;\u012bbas:<\/span><\/p>\n<p>&nbsp;<\/p>\n<ul style=\"margin-top: 0pt;margin-bottom: 0pt\">\n<li style=\"list-style-type: disc;font-size: 11pt;font-family: Arial;color: #000000;background-color: #ffffff;font-weight: 400;font-style: normal;font-variant: normal;text-decoration: none;vertical-align: baseline\" dir=\"ltr\">\n<p style=\"line-height: 1.38;margin-top: 0pt;margin-bottom: 0pt\" dir=\"ltr\"><span style=\"font-size: 11pt;font-family: Arial;color: #000000;background-color: #ffffff;font-weight: 400;font-style: normal;font-variant: normal;text-decoration: none;vertical-align: baseline\">7-20x palielin\u0101jums<\/span><\/p>\n<\/li>\n<li style=\"list-style-type: disc;font-size: 11pt;font-family: Arial;color: #000000;background-color: #ffffff;font-weight: 400;font-style: normal;font-variant: normal;text-decoration: none;vertical-align: baseline\" dir=\"ltr\">\n<p style=\"line-height: 1.38;margin-top: 0pt;margin-bottom: 0pt\" dir=\"ltr\"><span style=\"font-size: 11pt;font-family: Arial;color: #000000;background-color: #ffffff;font-weight: 400;font-style: normal;font-variant: normal;text-decoration: none;vertical-align: baseline\">35mm Objekt\u012bva l\u0113ca<\/span><\/p>\n<\/li>\n<li style=\"list-style-type: disc;font-size: 11pt;font-family: Arial;color: #000000;background-color: #ffffff;font-weight: 400;font-style: normal;font-variant: normal;text-decoration: none;vertical-align: baseline\" dir=\"ltr\">\n<p style=\"line-height: 1.38;margin-top: 0pt;margin-bottom: 0pt\" dir=\"ltr\"><span style=\"font-size: 11pt;font-family: Arial;color: #000000;background-color: #ffffff;font-weight: 400;font-style: normal;font-variant: normal;text-decoration: none;vertical-align: baseline\">BAK7 Porro Prizma<\/span><\/p>\n<\/li>\n<li style=\"list-style-type: disc;font-size: 11pt;font-family: Arial;color: #000000;background-color: #ffffff;font-weight: 400;font-style: normal;font-variant: normal;text-decoration: none;vertical-align: baseline\" dir=\"ltr\">\n<p style=\"line-height: 1.38;margin-top: 0pt;margin-bottom: 0pt\" dir=\"ltr\"><span style=\"font-size: 11pt;font-family: Arial;color: #000000;background-color: #ffffff;font-weight: 400;font-style: normal;font-variant: normal;text-decoration: none;vertical-align: baseline\">Vair\u0101kp\u0101rkl\u0101jumu optika<\/span><\/p>\n<\/li>\n<li style=\"list-style-type: disc;font-size: 11pt;font-family: Arial;color: #000000;background-color: #ffffff;font-weight: 400;font-style: normal;font-variant: normal;text-decoration: none;vertical-align: baseline\" dir=\"ltr\">\n<p style=\"line-height: 1.38;margin-top: 0pt;margin-bottom: 0pt\" dir=\"ltr\"><span style=\"font-size: 11pt;font-family: Arial;color: #000000;background-color: #ffffff;font-weight: 400;font-style: normal;font-variant: normal;text-decoration: none;vertical-align: baseline\">Platle\u0146\u0137a AAoV<\/span><\/p>\n<\/li>\n<li style=\"list-style-type: disc;font-size: 11pt;font-family: Arial;color: #000000;background-color: #ffffff;font-weight: 400;font-style: normal;font-variant: normal;text-decoration: none;vertical-align: baseline\" dir=\"ltr\">\n<p style=\"line-height: 1.38;margin-top: 0pt;margin-bottom: 0pt\" dir=\"ltr\"><span style=\"font-size: 11pt;font-family: Arial;color: #000000;background-color: #ffffff;font-weight: 400;font-style: normal;font-variant: normal;text-decoration: none;vertical-align: baseline\">Centra fokusa poga<\/span><\/p>\n<\/li>\n<li style=\"list-style-type: disc;font-size: 11pt;font-family: Arial;color: #000000;background-color: #ffffff;font-weight: 400;font-style: normal;font-variant: normal;text-decoration: none;vertical-align: baseline\" dir=\"ltr\">\n<p style=\"line-height: 1.38;margin-top: 0pt;margin-bottom: 0pt\" dir=\"ltr\"><span style=\"font-size: 11pt;font-family: Arial;color: #000000;background-color: #ffffff;font-weight: 400;font-style: normal;font-variant: normal;text-decoration: none;vertical-align: baseline\">Gumijas p\u0101rkl\u0101jums<\/span><\/p>\n<\/li>\n<li style=\"list-style-type: disc;font-size: 11pt;font-family: Arial;color: #000000;background-color: #ffffff;font-weight: 400;font-style: normal;font-variant: normal;text-decoration: none;vertical-align: baseline\" dir=\"ltr\">\n<p style=\"line-height: 1.38;margin-top: 0pt;margin-bottom: 6pt\" dir=\"ltr\"><span style=\"font-size: 11pt;font-family: Arial;color: #000000;background-color: #ffffff;font-weight: 400;font-style: normal;font-variant: normal;text-decoration: none;vertical-align: baseline\">Komplekt\u0101 m\u012bksta somi\u0146a p\u0101rn\u0113s\u0101&scaron;anai un kakla josti\u0146a<\/span><\/p>\n<\/li>\n<\/ul>\n","protected":false},"excerpt":{"rendered":"<p>7-20&#215;35 Escape Zoom binoklis ir ar vair\u0101kp\u0101rkl\u0101jumu (multi-coated) BAK7 optiku tradicin\u0101laj\u0101 Porro prizmu dizain\u0101. Binok\u013ca p\u0101rdom\u0101tais dizains un izm\u0113rs uzlabo sp\u0113ju stabili tur\u0113t roku bez stat\u012bva pal\u012bdz\u012bbas. T\u0101dej\u0101di tas ir \u0113rti izmantojams situ\u0101cij\u0101s, kad nepiecie&scaron;ama \u0101tra k\u0101da objekta apskate. Liela taustes centra fokusa svira nodro&scaron;ina prec\u012bzu fokus\u0113&scaron;anu un pietuvin\u0101&scaron;anu, kas \u013cauj lietot\u0101jam viegli apskat\u012bt objektu. [&hellip;]<\/p>\n","protected":false},"featured_media":0,"template":"","meta":[],"product_brand":[],"product_cat":[4640,4938,4939],"product_tag":[],"class_list":{"0":"post-79320","1":"product","2":"type-product","3":"status-publish","5":"product_cat-recreation","6":"product_cat-optics-recreation","7":"product_cat-binoculars-optics-recreation","9":"first","10":"instock","11":"shipping-taxable","12":"purchasable","13":"product-type-simple"},"_links":{"self":[{"href":"https:\/\/sezona.lv\/en\/wp-json\/wp\/v2\/product\/79320","targetHints":{"allow":["GET"]}}],"collection":[{"href":"https:\/\/sezona.lv\/en\/wp-json\/wp\/v2\/product"}],"about":[{"href":"https:\/\/sezona.lv\/en\/wp-json\/wp\/v2\/types\/product"}],"wp:attachment":[{"href":"https:\/\/sezona.lv\/en\/wp-json\/wp\/v2\/media?parent=79320"}],"wp:term":[{"taxonomy":"product_brand","embeddable":true,"href":"https:\/\/sezona.lv\/en\/wp-json\/wp\/v2\/product_brand?post=79320"},{"taxonomy":"product_cat","embeddable":true,"href":"https:\/\/sezona.lv\/en\/wp-json\/wp\/v2\/product_cat?post=79320"},{"taxonomy":"product_tag","embeddable":true,"href":"https:\/\/sezona.lv\/en\/wp-json\/wp\/v2\/product_tag?post=79320"}],"curies":[{"name":"wp","href":"https:\/\/api.w.org\/{rel}","templated":true}]}}