{"id":79323,"date":"2025-07-14T15:38:16","date_gmt":"2025-07-14T12:38:16","guid":{"rendered":"https:\/\/demo8.ecube.lv\/sezona.lv\/products\/levenhuk-nelson-7x35-monoklis\/"},"modified":"2025-07-14T15:38:16","modified_gmt":"2025-07-14T12:38:16","slug":"levenhuk-nelson-7x35-monoklis","status":"publish","type":"product","link":"https:\/\/sezona.lv\/en\/products\/levenhuk-nelson-7x35-monoklis\/","title":{"rendered":"Levenhuk Nelson 7&#215;35 Monoklis"},"content":{"rendered":"<p>J\u016bras monoklis Levenhuk Nelson 7 x 35 b\u016bs lielisks pal\u012bgs mak&scaron;\u0137erniekiem  un \u016bdens izbraucienu cien\u012bt\u0101jiem. &Scaron;is vieglais un kompaktais  instruments lieliski ietilps jebkur, pat kabat\u0101. Septi\u0146k\u0101rt\u0113jais  palielin\u0101jums ir pietiekams att\u0101lu objektu detaliz\u0113tai apskatei. &Scaron;is  mazizm\u0113ra optiskais instruments nodro&scaron;ina pla&scaron;u redzes lauku att\u0101lum\u0101 no  130 m l\u012bdz 1000 m. Minim\u0101lais fokus\u0113&scaron;anas att\u0101lums 3 m \u013cauj pietuvin\u0101ti  izp\u0113t\u012bt krasta l\u012bniju.<\/p>\n<table class=\"table table-bordered\" border=\"0\">\n<thead>\n<tr>\n<td colspan=\"2\"><strong>Atrib\u016bti<\/strong><\/td>\n<\/tr>\n<\/thead>\n<tbody>\n<tr>\n<td>Acs att\u0101lums<\/td>\n<td>23 mm<\/td>\n<\/tr>\n<tr>\n<td>Darb\u012bbas temperat\u016bras diapazons<\/td>\n<td>&minus;20&hellip;+55 &deg; C<\/td>\n<\/tr>\n<tr>\n<td>Garantija<\/td>\n<td>999 months<\/td>\n<\/tr>\n<tr>\n<td>Iepakojuma izm\u0113ri (GxPxA)<\/td>\n<td>18.0 x 9.0 x 7.0 cm<\/td>\n<\/tr>\n<tr>\n<td>Izejas z\u012bl\u012b&scaron;u diametrs<\/td>\n<td>5 mm<\/td>\n<\/tr>\n<tr>\n<td>Korpusa materi\u0101ls<\/td>\n<td>plastmasa<\/td>\n<\/tr>\n<tr>\n<td>Kr\u0113slas koeficients<\/td>\n<td>15.65<\/td>\n<\/tr>\n<tr>\n<td>Lietojums<\/td>\n<td>Visp\u0101r\u012bg\u0101s lieto&scaron;anas produkts., Dr\u012bkst lietot b\u0113rni, kas ir vec\u0101ki par 3 gadiem.<\/td>\n<\/tr>\n<tr>\n<td>Objekt\u012bva l\u0113cas diametrs (atv\u0113rums)<\/td>\n<td>35 mm<\/td>\n<\/tr>\n<tr>\n<td>Objekt\u012bvi<\/td>\n<td>tr\u012bs optiskie elementi div\u0101s grup\u0101s<\/td>\n<\/tr>\n<tr>\n<td>Okul\u0101ri<\/td>\n<td>divi optiskie elementi vien\u0101 grup\u0101<\/td>\n<\/tr>\n<tr>\n<td>Okul\u0101ru dioptriju korekcija, dioptriju skala<\/td>\n<td>&plusmn;4<\/td>\n<\/tr>\n<tr>\n<td>Okul\u0101ru kausi\u0146i<\/td>\n<td>twisted-up<\/td>\n<\/tr>\n<tr>\n<td>Optikas materi\u0101ls<\/td>\n<td>BaK-4 stikla<\/td>\n<\/tr>\n<tr>\n<td>Optikas p\u0101rkl\u0101jums<\/td>\n<td>abpus\u0113js multi-p\u0101rkl\u0101jums<\/td>\n<\/tr>\n<tr>\n<td>Palielin\u0101jums<\/td>\n<td>7 x<\/td>\n<\/tr>\n<tr>\n<td>Papildu<\/td>\n<td>ieb\u016bv\u0113ts kompass un t\u0101lm\u0113rs<\/td>\n<\/tr>\n<tr>\n<td>Ra\u017eot\u0101ja valsts<\/td>\n<td>PRC, controlled by Levenhuk, Inc. (USA)<\/td>\n<\/tr>\n<tr>\n<td>Redzes lauks<\/td>\n<td>7.5 &deg;<\/td>\n<\/tr>\n<tr>\n<td>Redzes lauks, m\/1000 m<\/td>\n<td>130<\/td>\n<\/tr>\n<tr>\n<td>Relat\u012bvais spilgtums<\/td>\n<td>25<\/td>\n<\/tr>\n<tr>\n<td>Svars<\/td>\n<td>0.415 kg<\/td>\n<\/tr>\n<tr>\n<td>Tuvais fokuss<\/td>\n<td>3 m<\/td>\n<\/tr>\n<tr>\n<td>\u016adens notur\u012bbas specifik\u0101cijas<\/td>\n<td>j\u0101<\/td>\n<\/tr>\n<\/tbody>\n<\/table>\n<p>&nbsp;<\/p>\n","protected":false},"excerpt":{"rendered":"<p>J\u016bras monoklis Levenhuk Nelson 7 x 35 b\u016bs lielisks pal\u012bgs mak&scaron;\u0137erniekiem un \u016bdens izbraucienu cien\u012bt\u0101jiem. &Scaron;is vieglais un kompaktais instruments lieliski ietilps jebkur, pat kabat\u0101. Septi\u0146k\u0101rt\u0113jais palielin\u0101jums ir pietiekams att\u0101lu objektu detaliz\u0113tai apskatei. &Scaron;is mazizm\u0113ra optiskais instruments nodro&scaron;ina pla&scaron;u redzes lauku att\u0101lum\u0101 no 130 m l\u012bdz 1000 m. Minim\u0101lais fokus\u0113&scaron;anas att\u0101lums 3 m \u013cauj pietuvin\u0101ti [&hellip;]<\/p>\n","protected":false},"featured_media":0,"template":"","meta":[],"product_brand":[3372],"product_cat":[4640,4938,4941],"product_tag":[],"class_list":{"0":"post-79323","1":"product","2":"type-product","3":"status-publish","5":"product_brand-levenhuk","6":"product_cat-recreation","7":"product_cat-optics-recreation","8":"product_cat-monoculars-optics-recreation","10":"first","11":"instock","12":"shipping-taxable","13":"purchasable","14":"product-type-simple"},"_links":{"self":[{"href":"https:\/\/sezona.lv\/en\/wp-json\/wp\/v2\/product\/79323","targetHints":{"allow":["GET"]}}],"collection":[{"href":"https:\/\/sezona.lv\/en\/wp-json\/wp\/v2\/product"}],"about":[{"href":"https:\/\/sezona.lv\/en\/wp-json\/wp\/v2\/types\/product"}],"wp:attachment":[{"href":"https:\/\/sezona.lv\/en\/wp-json\/wp\/v2\/media?parent=79323"}],"wp:term":[{"taxonomy":"product_brand","embeddable":true,"href":"https:\/\/sezona.lv\/en\/wp-json\/wp\/v2\/product_brand?post=79323"},{"taxonomy":"product_cat","embeddable":true,"href":"https:\/\/sezona.lv\/en\/wp-json\/wp\/v2\/product_cat?post=79323"},{"taxonomy":"product_tag","embeddable":true,"href":"https:\/\/sezona.lv\/en\/wp-json\/wp\/v2\/product_tag?post=79323"}],"curies":[{"name":"wp","href":"https:\/\/api.w.org\/{rel}","templated":true}]}}