{"id":79326,"date":"2025-07-14T15:38:19","date_gmt":"2025-07-14T12:38:19","guid":{"rendered":"https:\/\/demo8.ecube.lv\/sezona.lv\/products\/barska-8x30-wp-crossover-black-kompakts-mitrumizturigs-binoklis\/"},"modified":"2025-07-14T15:38:19","modified_gmt":"2025-07-14T12:38:19","slug":"barska-8x30-wp-crossover-black-kompakts-mitrumizturigs-binoklis","status":"publish","type":"product","link":"https:\/\/sezona.lv\/en\/products\/barska-8x30-wp-crossover-black-kompakts-mitrumizturigs-binoklis\/","title":{"rendered":"Barska 8&#215;30 WP, Crossover, Black Kompakts Mitrumiztur\u012bgs Binoklis"},"content":{"rendered":"<p style=\"line-height: 1.38;margin-top: 0pt;margin-bottom: 0pt\" dir=\"ltr\"><span style=\"font-size: 11pt;font-family: Arial;color: #000000;background-color: transparent;vertical-align: baseline\">8&#215;30 WP Crossover binoklis ir paredz\u0113ts, lai sniegtu maksim\u0101lo veiktsp\u0113ju sare\u017e\u0123\u012btos apst\u0101k\u013cos. Binoklis ir apr\u012bkots ar &nbsp;BAK4 porro prizm\u0101m un multip\u0101rkl\u0101tu (multicoated) optiku, t\u0101dej\u0101di palielinot gaismas caurlaid\u012bbu un att\u0113la spilgtumu.<\/span><\/p>\n<p style=\"line-height: 1.38;margin-top: 0pt;margin-bottom: 0pt\" dir=\"ltr\"><span style=\"font-size: 11pt;font-family: Arial;color: #000000;background-color: transparent;font-weight: 700;font-style: normal;font-variant: normal;text-decoration: none;vertical-align: baseline\">Funkcijas:<\/span><\/p>\n<p><span id=\"docs-internal-guid-fa3eedaa-223c-1ba5-e3e0-bdf7d99df015\"><\/span><\/p>\n<ul style=\"margin-top: 0pt;margin-bottom: 0pt\">\n<li style=\"list-style-type: disc;font-size: 9pt;font-family: Arial;color: #666666;background-color: transparent;font-weight: 400;font-style: normal;font-variant: normal;text-decoration: none;vertical-align: baseline\" dir=\"ltr\">\n<p style=\"line-height: 1.38;margin-top: 0pt;margin-bottom: 0pt\" dir=\"ltr\"><span style=\"font-size: 11pt;font-family: Arial;color: #000000;background-color: transparent;font-weight: 400;font-style: normal;font-variant: normal;text-decoration: none;vertical-align: baseline\">BAK4 Porro Prizmas<\/span><\/p>\n<\/li>\n<li style=\"list-style-type: disc;font-size: 9pt;font-family: Arial;color: #666666;background-color: transparent;font-weight: 400;font-style: normal;font-variant: normal;text-decoration: none;vertical-align: baseline\" dir=\"ltr\">\n<p style=\"line-height: 1.38;margin-top: 0pt;margin-bottom: 0pt\" dir=\"ltr\"><span style=\"font-size: 11pt;font-family: Arial;color: #000000;background-color: transparent;font-weight: 400;font-style: normal;font-variant: normal;text-decoration: none;vertical-align: baseline\">\u016adensiztur\u012bgs un mitrumiztur\u012bgs<\/span><\/p>\n<\/li>\n<li style=\"list-style-type: disc;font-size: 9pt;font-family: Arial;color: #666666;background-color: transparent;font-weight: 400;font-style: normal;font-variant: normal;text-decoration: none;vertical-align: baseline\" dir=\"ltr\">\n<p style=\"line-height: 1.38;margin-top: 0pt;margin-bottom: 0pt\" dir=\"ltr\"><span style=\"font-size: 11pt;font-family: Arial;color: #000000;background-color: transparent;font-weight: 400;font-style: normal;font-variant: normal;text-decoration: none;vertical-align: baseline\">Piln\u012bb\u0101 p\u0101rkl\u0101tas l\u0113cas<\/span><\/p>\n<\/li>\n<li style=\"list-style-type: disc;font-size: 9pt;font-family: Arial;color: #666666;background-color: transparent;font-weight: 400;font-style: normal;font-variant: normal;text-decoration: none;vertical-align: baseline\" dir=\"ltr\">\n<p style=\"line-height: 1.38;margin-top: 0pt;margin-bottom: 0pt\" dir=\"ltr\"><span style=\"font-size: 11pt;font-family: Arial;color: #000000;background-color: transparent;font-weight: 400;font-style: normal;font-variant: normal;text-decoration: none;vertical-align: baseline\">Centra Fokuss<\/span><\/p>\n<\/li>\n<li style=\"list-style-type: disc;font-size: 9pt;font-family: Arial;color: #666666;background-color: transparent;font-weight: 400;font-style: normal;font-variant: normal;text-decoration: none;vertical-align: baseline\" dir=\"ltr\">\n<p style=\"line-height: 1.38;margin-top: 0pt;margin-bottom: 0pt\" dir=\"ltr\"><span style=\"font-size: 11pt;font-family: Arial;color: #000000;background-color: transparent;font-weight: 400;font-style: normal;font-variant: normal;text-decoration: none;vertical-align: baseline\">Gumijas apvalks<\/span><\/p>\n<\/li>\n<\/ul>\n<p><span id=\"docs-internal-guid-fa3eedaa-223c-1ba5-e3e0-bdf7d99df015\"><br style=\"background-color: transparent;color: #000000;font-size: 11pt;font-family: Arial\" \/><\/span><\/p>\n<p><span style=\"background-color: transparent;color: #000000;font-family: Arial;font-size: 11pt;font-weight: 700\">Features:<\/span><\/p>\n<p style=\"margin-top: 0pt;margin-bottom: 0pt;line-height: 1.38\" dir=\"ltr\"><span style=\"font-size: 11pt;font-family: Arial;color: #000000;background-color: transparent;vertical-align: baseline\">Wide-Angle AAoV of 65.7&deg;<\/span><\/p>\n<p style=\"margin-top: 0pt;margin-bottom: 0pt;line-height: 1.38\" dir=\"ltr\"><span style=\"font-size: 11pt;font-family: Arial;color: #000000;background-color: transparent;vertical-align: baseline\">BAK-4 prisms for sharp and high contrast images<\/span><\/p>\n<p style=\"margin-top: 0pt;margin-bottom: 0pt;line-height: 1.38\" dir=\"ltr\"><span style=\"font-size: 11pt;font-family: Arial;color: #000000;background-color: transparent;vertical-align: baseline\">Large center focus knob enables convenient tuning of the cylinder<\/span><\/p>\n<p style=\"margin-top: 0pt;margin-bottom: 0pt;line-height: 1.38\" dir=\"ltr\"><span style=\"font-size: 11pt;font-family: Arial;color: #000000;background-color: transparent;vertical-align: baseline\">Twist-up eyecups for comfortable viewing with or without eye or sunglasses<\/span><\/p>\n<p style=\"margin-top: 0pt;margin-bottom: 0pt;line-height: 1.38\" dir=\"ltr\"><span style=\"font-size: 11pt;font-family: Arial;color: #000000;background-color: transparent;vertical-align: baseline\">Traditional black color for the discerning user<\/span><\/p>\n<p style=\"margin-top: 0pt;margin-bottom: 0pt;line-height: 1.38\" dir=\"ltr\"><span style=\"font-size: 11pt;font-family: Arial;color: #000000;background-color: transparent;vertical-align: baseline\">O-ring sealed, dry nitrogen purged, provides waterproof and fogproof protection<\/span><\/p>\n<p style=\"margin-top: 0pt;margin-bottom: 0pt;line-height: 1.38\" dir=\"ltr\"><span style=\"font-size: 11pt;font-family: Arial;color: #000000;background-color: transparent;vertical-align: baseline\">Rubber armoring ensures a secure and comfortable grip, as well as added shock-resistance<\/span><\/p>\n<p style=\"margin-top: 0pt;margin-bottom: 0pt;line-height: 1.38\" dir=\"ltr\"><span style=\"font-size: 11pt;font-family: Arial;color: #000000;background-color: transparent;vertical-align: baseline\">Fully multicoated optics extends multiple layers on all air to glass surfaces for a brighter, higher-contrast image with less eyestrain<\/span><\/p>\n<p style=\"margin-top: 0pt;margin-bottom: 0pt;line-height: 1.38\" dir=\"ltr\">&nbsp;<\/p>\n<table dir=\"ltr\" border=\"1\" cellspacing=\"0\" cellpadding=\"0\">\n<tbody>\n<tr style=\"height: 21px\">\n<td style=\"padding: 2px 3px;border-color: #06dcff;overflow: hidden;vertical-align: middle;background-color: #06dcff;font-size: 14pt;font-weight: bold;color: #ffffff;text-align: center\" colspan=\"2\">Specifications<\/td>\n<\/tr>\n<tr style=\"height: 21px\">\n<td style=\"padding: 2px 3px;border-right-color: #06dcff;border-bottom-color: #06dcff;border-left-color: #06dcff;overflow: hidden;vertical-align: middle;font-family: Arial;font-size: 11pt;font-weight: bold;color: #000000\">Prism Type<\/td>\n<td style=\"padding: 2px 3px;border-right-color: #06dcff;border-bottom-color: #06dcff;overflow: hidden;vertical-align: middle;font-family: Arial;font-size: 11pt;color: #000000\">Porro<\/td>\n<\/tr>\n<tr style=\"height: 21px\">\n<td style=\"padding: 2px 3px;border-right-color: #06dcff;border-bottom-color: #06dcff;border-left-color: #06dcff;overflow: hidden;vertical-align: middle;font-family: Arial;font-size: 11pt;font-weight: bold;color: #000000\">Magnification<\/td>\n<td style=\"padding: 2px 3px;border-right-color: #06dcff;border-bottom-color: #06dcff;overflow: hidden;vertical-align: middle;font-family: Arial;font-size: 11pt;color: #000000\">8x<\/td>\n<\/tr>\n<tr style=\"height: 21px\">\n<td style=\"padding: 2px 3px;border-right-color: #06dcff;border-bottom-color: #06dcff;border-left-color: #06dcff;overflow: hidden;vertical-align: middle;font-family: Arial;font-size: 11pt;font-weight: bold;color: #000000\">Objective Lens Diameter<\/td>\n<td style=\"padding: 2px 3px;border-right-color: #06dcff;border-bottom-color: #06dcff;overflow: hidden;vertical-align: middle;font-family: Arial;font-size: 11pt;color: #000000\">30mm<\/td>\n<\/tr>\n<tr style=\"height: 21px\">\n<td style=\"padding: 2px 3px;border-right-color: #06dcff;border-bottom-color: #06dcff;border-left-color: #06dcff;overflow: hidden;vertical-align: middle;font-family: Arial;font-size: 11pt;font-weight: bold;color: #000000\">Angle of View<\/td>\n<td style=\"padding: 2px 3px;border-right-color: #06dcff;border-bottom-color: #06dcff;overflow: hidden;vertical-align: middle;font-family: Arial;font-size: 11pt;color: #000000\">8.2&deg; (actual)<\/td>\n<\/tr>\n<tr style=\"height: 21px\">\n<td style=\"padding: 2px 3px;border-right-color: #06dcff;border-bottom-color: #06dcff;border-left-color: #06dcff;overflow: hidden;vertical-align: middle;font-family: Arial;font-size: 11pt;font-weight: bold;color: #000000\">Field of View<\/td>\n<td style=\"padding: 2px 3px;border-right-color: #06dcff;border-bottom-color: #06dcff;overflow: hidden;vertical-align: middle;font-family: Arial;font-size: 11pt;color: #000000\">430.4&#8242; @ 1000 yd \/ 143.5 m @ 1000 m<\/td>\n<\/tr>\n<tr style=\"height: 21px\">\n<td style=\"padding: 2px 3px;border-right-color: #06dcff;border-bottom-color: #06dcff;border-left-color: #06dcff;overflow: hidden;vertical-align: middle;font-family: Arial;font-size: 11pt;font-weight: bold;color: #000000\">Minimum Focus Distance<\/td>\n<td style=\"padding: 2px 3px;border-right-color: #06dcff;border-bottom-color: #06dcff;overflow: hidden;vertical-align: middle;font-family: Arial;font-size: 11pt;color: #000000\">Not specified by manufacturer<\/td>\n<\/tr>\n<tr style=\"height: 21px\">\n<td style=\"padding: 2px 3px;border-right-color: #06dcff;border-bottom-color: #06dcff;border-left-color: #06dcff;overflow: hidden;vertical-align: middle;font-family: Arial;font-size: 11pt;font-weight: bold;color: #000000\">Exit Pupil Diameter<\/td>\n<td style=\"padding: 2px 3px;border-right-color: #06dcff;border-bottom-color: #06dcff;overflow: hidden;vertical-align: middle;font-family: Arial;font-size: 11pt;color: #000000\">3.75 mm<\/td>\n<\/tr>\n<tr style=\"height: 21px\">\n<td style=\"padding: 2px 3px;border-right-color: #06dcff;border-bottom-color: #06dcff;border-left-color: #06dcff;overflow: hidden;vertical-align: middle;font-family: Arial;font-size: 11pt;font-weight: bold;color: #000000\">Eye Relief<\/td>\n<td style=\"padding: 2px 3px;border-right-color: #06dcff;border-bottom-color: #06dcff;overflow: hidden;vertical-align: middle;font-family: Arial;font-size: 11pt;color: #000000\">17.6 mm<\/td>\n<\/tr>\n<tr style=\"height: 21px\">\n<td style=\"padding: 2px 3px;border-right-color: #06dcff;border-bottom-color: #06dcff;border-left-color: #06dcff;overflow: hidden;vertical-align: middle;font-family: Arial;font-size: 11pt;font-weight: bold;color: #000000\">Interpupillary Adjustment<\/td>\n<td style=\"padding: 2px 3px;border-right-color: #06dcff;border-bottom-color: #06dcff;overflow: hidden;vertical-align: middle;font-family: Arial;font-size: 11pt;color: #000000\">8.1 &#8211; 11.1 mm \/ 20.5 &#8211; 28.3&#8243;<\/td>\n<\/tr>\n<tr style=\"height: 21px\">\n<td style=\"padding: 2px 3px;border-right-color: #06dcff;border-bottom-color: #06dcff;border-left-color: #06dcff;overflow: hidden;vertical-align: middle;font-family: Arial;font-size: 11pt;font-weight: bold;color: #000000\">Dioptric Correction<\/td>\n<td style=\"padding: 2px 3px;border-right-color: #06dcff;border-bottom-color: #06dcff;overflow: hidden;vertical-align: middle;font-family: Arial;font-size: 11pt;color: #000000\">-4 \/ +8<\/td>\n<\/tr>\n<tr style=\"height: 21px\">\n<td style=\"padding: 2px 3px;border-right-color: #06dcff;border-bottom-color: #06dcff;border-left-color: #06dcff;overflow: hidden;vertical-align: middle;font-family: Arial;font-size: 11pt;font-weight: bold;color: #000000\">Focus Type<\/td>\n<td style=\"padding: 2px 3px;border-right-color: #06dcff;border-bottom-color: #06dcff;overflow: hidden;vertical-align: middle;font-family: Arial;font-size: 11pt;color: #000000\">Center<\/td>\n<\/tr>\n<tr style=\"height: 21px\">\n<td style=\"padding: 2px 3px;border-right-color: #06dcff;border-bottom-color: #06dcff;border-left-color: #06dcff;overflow: hidden;vertical-align: middle;font-family: Arial;font-size: 11pt;font-weight: bold;color: #000000\">Tripod Mount<\/td>\n<td style=\"padding: 2px 3px;border-right-color: #06dcff;border-bottom-color: #06dcff;overflow: hidden;vertical-align: middle;font-family: Arial;font-size: 11pt;font-style: italic;color: #000000\">None<\/td>\n<\/tr>\n<\/tbody>\n<\/table>\n<p style=\"margin-top: 0pt;margin-bottom: 0pt;line-height: 1.38\" dir=\"ltr\"><span style=\"font-size: 11pt;font-family: Arial;color: #000000;background-color: transparent;vertical-align: baseline\"><\/span><\/p>\n","protected":false},"excerpt":{"rendered":"<p>8&#215;30 WP Crossover binoklis ir paredz\u0113ts, lai sniegtu maksim\u0101lo veiktsp\u0113ju sare\u017e\u0123\u012btos apst\u0101k\u013cos. Binoklis ir apr\u012bkots ar &nbsp;BAK4 porro prizm\u0101m un multip\u0101rkl\u0101tu (multicoated) optiku, t\u0101dej\u0101di palielinot gaismas caurlaid\u012bbu un att\u0113la spilgtumu. Funkcijas: BAK4 Porro Prizmas \u016adensiztur\u012bgs un mitrumiztur\u012bgs Piln\u012bb\u0101 p\u0101rkl\u0101tas l\u0113cas Centra Fokuss Gumijas apvalks Features: Wide-Angle AAoV of 65.7&deg; BAK-4 prisms for sharp and high [&hellip;]<\/p>\n","protected":false},"featured_media":0,"template":"","meta":[],"product_brand":[],"product_cat":[4640,4938,4939],"product_tag":[],"class_list":{"0":"post-79326","1":"product","2":"type-product","3":"status-publish","5":"product_cat-recreation","6":"product_cat-optics-recreation","7":"product_cat-binoculars-optics-recreation","9":"first","10":"instock","11":"shipping-taxable","12":"purchasable","13":"product-type-simple"},"_links":{"self":[{"href":"https:\/\/sezona.lv\/en\/wp-json\/wp\/v2\/product\/79326","targetHints":{"allow":["GET"]}}],"collection":[{"href":"https:\/\/sezona.lv\/en\/wp-json\/wp\/v2\/product"}],"about":[{"href":"https:\/\/sezona.lv\/en\/wp-json\/wp\/v2\/types\/product"}],"wp:attachment":[{"href":"https:\/\/sezona.lv\/en\/wp-json\/wp\/v2\/media?parent=79326"}],"wp:term":[{"taxonomy":"product_brand","embeddable":true,"href":"https:\/\/sezona.lv\/en\/wp-json\/wp\/v2\/product_brand?post=79326"},{"taxonomy":"product_cat","embeddable":true,"href":"https:\/\/sezona.lv\/en\/wp-json\/wp\/v2\/product_cat?post=79326"},{"taxonomy":"product_tag","embeddable":true,"href":"https:\/\/sezona.lv\/en\/wp-json\/wp\/v2\/product_tag?post=79326"}],"curies":[{"name":"wp","href":"https:\/\/api.w.org\/{rel}","templated":true}]}}