{"id":79327,"date":"2025-07-14T15:38:20","date_gmt":"2025-07-14T12:38:20","guid":{"rendered":"https:\/\/demo8.ecube.lv\/sezona.lv\/products\/levenhuk-atom-7-21x40-binoklis\/"},"modified":"2025-07-14T15:38:20","modified_gmt":"2025-07-14T12:38:20","slug":"levenhuk-atom-7-21x40-binoklis","status":"publish","type":"product","link":"https:\/\/sezona.lv\/en\/products\/levenhuk-atom-7-21x40-binoklis\/","title":{"rendered":"Levenhuk Atom 7\u201321&#215;40 Binoklis"},"content":{"rendered":"<p>Levenhuk Atom 7&ndash;21&#215;40 ir kvalitat\u012bvs un uzticams binoklis ar main\u0101mu  palielin\u0101jumu. To var ieteikt medniekiem un mak&scaron;\u0137erniekiem, straikbola  un orient\u0113&scaron;an\u0101s cien\u012bt\u0101jiem. &Scaron;is binoklis b\u016bs piem\u0113rots ar\u012b vienk\u0101r&scaron;iem  astronomiskajiem nov\u0113rojumiem. Ier\u012bces palielin\u0101jumu var regul\u0113t no 7  l\u012bdz 21x.<\/p>\n<table class=\"table table-bordered\" border=\"0\">\n<thead>\n<tr>\n<td colspan=\"2\"><strong>Atrib\u016bti<\/strong><\/td>\n<\/tr>\n<\/thead>\n<tbody>\n<tr>\n<td>Acs att\u0101lums<\/td>\n<td>15&ndash;13 mm<\/td>\n<\/tr>\n<tr>\n<td>Fokus\u0113&scaron;ana<\/td>\n<td>centr\u0101l\u0101<\/td>\n<\/tr>\n<tr>\n<td>Garantija<\/td>\n<td>999 months<\/td>\n<\/tr>\n<tr>\n<td>Iepakojuma izm\u0113ri (GxPxA)<\/td>\n<td>20.0 x 17.0 x 8.0 cm<\/td>\n<\/tr>\n<tr>\n<td>Izejas z\u012bl\u012b&scaron;u diametrs<\/td>\n<td>5,7&ndash;1,9 mm<\/td>\n<\/tr>\n<tr>\n<td>Objekt\u012bva l\u0113cas diametrs (atv\u0113rums)<\/td>\n<td>40 mm<\/td>\n<\/tr>\n<tr>\n<td>Okul\u0101ru dioptriju korekcija, dioptriju skala<\/td>\n<td>&plusmn;2<\/td>\n<\/tr>\n<tr>\n<td>Okul\u0101ru kausi\u0146i<\/td>\n<td>folding<\/td>\n<\/tr>\n<tr>\n<td>Optikas materi\u0101ls<\/td>\n<td>BK-7 glass<\/td>\n<\/tr>\n<tr>\n<td>Optikas p\u0101rkl\u0101jums<\/td>\n<td>abpus\u0113js multi-p\u0101rkl\u0101jums<\/td>\n<\/tr>\n<tr>\n<td>Palielin\u0101jums<\/td>\n<td>7&ndash;21 x<\/td>\n<\/tr>\n<tr>\n<td>Piel\u0101gojams stat\u012bvam<\/td>\n<td>j\u0101<\/td>\n<\/tr>\n<tr>\n<td>Ra\u017eot\u0101ja valsts<\/td>\n<td>PRC, controlled by Levenhuk, Inc. (USA)<\/td>\n<\/tr>\n<tr>\n<td>Redzes lauks<\/td>\n<td>5,3&ndash;2,1 &deg;<\/td>\n<\/tr>\n<tr>\n<td>Redzes lauks, m\/1000 m<\/td>\n<td>93&ndash;37<\/td>\n<\/tr>\n<tr>\n<td>Relat\u012bvais spilgtums<\/td>\n<td>32&ndash;4<\/td>\n<\/tr>\n<tr>\n<td>Starp-z\u012bl\u012b&scaron;u  att\u0101lums (IPD)<\/td>\n<td>58&ndash;72 mm<\/td>\n<\/tr>\n<tr>\n<td>Svars<\/td>\n<td>1.0 kg<\/td>\n<\/tr>\n<tr>\n<td>Tips<\/td>\n<td>Porro prizma<\/td>\n<\/tr>\n<tr>\n<td>Tuvais fokuss<\/td>\n<td>10 m<\/td>\n<\/tr>\n<tr>\n<td>\u016adensiztur\u012bgs<\/td>\n<td>\u0435\u0441\u0442\u044c<\/td>\n<\/tr>\n<tr>\n<td>Zoom<\/td>\n<td>\u0435\u0441\u0442\u044c<\/td>\n<\/tr>\n<tr>\n<td>\u0427\u0435\u0445\u043e\u043b\/\u0441\u0443\u043c\u043a\u0430 \u0432 \u043a\u043e\u043c\u043f\u043b\u0435\u043a\u0442\u0435<\/td>\n<td>j\u0101<\/td>\n<\/tr>\n<\/tbody>\n<\/table>\n<p>&nbsp;<\/p>\n<p>&nbsp;<\/p>\n","protected":false},"excerpt":{"rendered":"<p>Levenhuk Atom 7&ndash;21&#215;40 ir kvalitat\u012bvs un uzticams binoklis ar main\u0101mu palielin\u0101jumu. To var ieteikt medniekiem un mak&scaron;\u0137erniekiem, straikbola un orient\u0113&scaron;an\u0101s cien\u012bt\u0101jiem. &Scaron;is binoklis b\u016bs piem\u0113rots ar\u012b vienk\u0101r&scaron;iem astronomiskajiem nov\u0113rojumiem. Ier\u012bces palielin\u0101jumu var regul\u0113t no 7 l\u012bdz 21x. Atrib\u016bti Acs att\u0101lums 15&ndash;13 mm Fokus\u0113&scaron;ana centr\u0101l\u0101 Garantija 999 months Iepakojuma izm\u0113ri (GxPxA) 20.0 x 17.0 x 8.0 [&hellip;]<\/p>\n","protected":false},"featured_media":0,"template":"","meta":[],"product_brand":[3372],"product_cat":[4640,4938,4939],"product_tag":[],"class_list":{"0":"post-79327","1":"product","2":"type-product","3":"status-publish","5":"product_brand-levenhuk","6":"product_cat-recreation","7":"product_cat-optics-recreation","8":"product_cat-binoculars-optics-recreation","10":"first","11":"instock","12":"shipping-taxable","13":"purchasable","14":"product-type-simple"},"_links":{"self":[{"href":"https:\/\/sezona.lv\/en\/wp-json\/wp\/v2\/product\/79327","targetHints":{"allow":["GET"]}}],"collection":[{"href":"https:\/\/sezona.lv\/en\/wp-json\/wp\/v2\/product"}],"about":[{"href":"https:\/\/sezona.lv\/en\/wp-json\/wp\/v2\/types\/product"}],"wp:attachment":[{"href":"https:\/\/sezona.lv\/en\/wp-json\/wp\/v2\/media?parent=79327"}],"wp:term":[{"taxonomy":"product_brand","embeddable":true,"href":"https:\/\/sezona.lv\/en\/wp-json\/wp\/v2\/product_brand?post=79327"},{"taxonomy":"product_cat","embeddable":true,"href":"https:\/\/sezona.lv\/en\/wp-json\/wp\/v2\/product_cat?post=79327"},{"taxonomy":"product_tag","embeddable":true,"href":"https:\/\/sezona.lv\/en\/wp-json\/wp\/v2\/product_tag?post=79327"}],"curies":[{"name":"wp","href":"https:\/\/api.w.org\/{rel}","templated":true}]}}