{"id":79329,"date":"2025-07-14T15:38:21","date_gmt":"2025-07-14T12:38:21","guid":{"rendered":"https:\/\/demo8.ecube.lv\/sezona.lv\/products\/levenhuk-nelson-8x42-monoklis\/"},"modified":"2025-07-14T15:38:21","modified_gmt":"2025-07-14T12:38:21","slug":"levenhuk-nelson-8x42-monoklis","status":"publish","type":"product","link":"https:\/\/sezona.lv\/en\/products\/levenhuk-nelson-8x42-monoklis\/","title":{"rendered":"Levenhuk Nelson 8&#215;42 Monoklis"},"content":{"rendered":"<p>Levenhuk Nelson 8 x 42 j\u016bras monoklis ir lieliski piem\u0113rots \u016bdens  ce\u013cojumu un mak&scaron;\u0137er\u0113&scaron;anas cien\u012bt\u0101jiem, k\u0101 ar\u012b nelielu laivu \u012bpa&scaron;niekiem.  Kompaktajam optikas instrumentam ir 8x palielin\u0101jums un 42 mm atv\u0113rums.  Tas pal\u012bdz labi saskat\u012bt ar\u012b att\u0101lin\u0101tus objektus. &Scaron;is monoklis ir  lieliski piem\u0113rots ar\u012b tuvu objektu izp\u0113tei; t\u0101 tuv\u0101kais fokuss ir 3 m.<\/p>\n<table class=\"table table-bordered\" border=\"0\">\n<thead>\n<tr>\n<td colspan=\"2\"><strong>Atrib\u016bti<\/strong><\/td>\n<\/tr>\n<\/thead>\n<tbody>\n<tr>\n<td>Acs att\u0101lums<\/td>\n<td>23 mm<\/td>\n<\/tr>\n<tr>\n<td>Darb\u012bbas temperat\u016bras diapazons<\/td>\n<td>&minus;20&hellip;+55 &deg; C<\/td>\n<\/tr>\n<tr>\n<td>Garantija<\/td>\n<td>999 months<\/td>\n<\/tr>\n<tr>\n<td>Iepakojuma izm\u0113ri (GxPxA)<\/td>\n<td>18.0 x 9.0 x 7.0 cm<\/td>\n<\/tr>\n<tr>\n<td>Izejas z\u012bl\u012b&scaron;u diametrs<\/td>\n<td>5.25 mm<\/td>\n<\/tr>\n<tr>\n<td>Korpusa materi\u0101ls<\/td>\n<td>plastmasa<\/td>\n<\/tr>\n<tr>\n<td>Kr\u0113slas koeficients<\/td>\n<td>18.33<\/td>\n<\/tr>\n<tr>\n<td>Lietojums<\/td>\n<td>Visp\u0101r\u012bg\u0101s lieto&scaron;anas produkts., Dr\u012bkst lietot b\u0113rni, kas ir vec\u0101ki par 3 gadiem.<\/td>\n<\/tr>\n<tr>\n<td>Objekt\u012bva l\u0113cas diametrs (atv\u0113rums)<\/td>\n<td>42 mm<\/td>\n<\/tr>\n<tr>\n<td>Objekt\u012bvi<\/td>\n<td>tr\u012bs optiskie elementi div\u0101s grup\u0101s<\/td>\n<\/tr>\n<tr>\n<td>Okul\u0101ri<\/td>\n<td>divi optiskie elementi vien\u0101 grup\u0101<\/td>\n<\/tr>\n<tr>\n<td>Okul\u0101ru dioptriju korekcija, dioptriju skala<\/td>\n<td>&plusmn;4<\/td>\n<\/tr>\n<tr>\n<td>Okul\u0101ru kausi\u0146i<\/td>\n<td>twisted-up<\/td>\n<\/tr>\n<tr>\n<td>Optikas materi\u0101ls<\/td>\n<td>BaK-4 stikla<\/td>\n<\/tr>\n<tr>\n<td>Optikas p\u0101rkl\u0101jums<\/td>\n<td>abpus\u0113js multi-p\u0101rkl\u0101jums<\/td>\n<\/tr>\n<tr>\n<td>Palielin\u0101jums<\/td>\n<td>8 x<\/td>\n<\/tr>\n<tr>\n<td>Papildu<\/td>\n<td>ieb\u016bv\u0113ts kompass un t\u0101lm\u0113rs<\/td>\n<\/tr>\n<tr>\n<td>Ra\u017eot\u0101ja valsts<\/td>\n<td>PRC, controlled by Levenhuk, Inc. (USA)<\/td>\n<\/tr>\n<tr>\n<td>Redzes lauks<\/td>\n<td>7 &deg;<\/td>\n<\/tr>\n<tr>\n<td>Redzes lauks, m\/1000 m<\/td>\n<td>120<\/td>\n<\/tr>\n<tr>\n<td>Relat\u012bvais spilgtums<\/td>\n<td>27.56<\/td>\n<\/tr>\n<tr>\n<td>Svars<\/td>\n<td>0.445 kg<\/td>\n<\/tr>\n<tr>\n<td>Tuvais fokuss<\/td>\n<td>3 m<\/td>\n<\/tr>\n<tr>\n<td>\u016adens notur\u012bbas specifik\u0101cijas<\/td>\n<td>j\u0101<\/td>\n<\/tr>\n<\/tbody>\n<\/table>\n<p>&nbsp;<\/p>\n","protected":false},"excerpt":{"rendered":"<p>Levenhuk Nelson 8 x 42 j\u016bras monoklis ir lieliski piem\u0113rots \u016bdens ce\u013cojumu un mak&scaron;\u0137er\u0113&scaron;anas cien\u012bt\u0101jiem, k\u0101 ar\u012b nelielu laivu \u012bpa&scaron;niekiem. Kompaktajam optikas instrumentam ir 8x palielin\u0101jums un 42 mm atv\u0113rums. Tas pal\u012bdz labi saskat\u012bt ar\u012b att\u0101lin\u0101tus objektus. &Scaron;is monoklis ir lieliski piem\u0113rots ar\u012b tuvu objektu izp\u0113tei; t\u0101 tuv\u0101kais fokuss ir 3 m. Atrib\u016bti Acs att\u0101lums [&hellip;]<\/p>\n","protected":false},"featured_media":0,"template":"","meta":[],"product_brand":[3372],"product_cat":[4640,4938,4941],"product_tag":[],"class_list":{"0":"post-79329","1":"product","2":"type-product","3":"status-publish","5":"product_brand-levenhuk","6":"product_cat-recreation","7":"product_cat-optics-recreation","8":"product_cat-monoculars-optics-recreation","10":"first","11":"instock","12":"shipping-taxable","13":"purchasable","14":"product-type-simple"},"_links":{"self":[{"href":"https:\/\/sezona.lv\/en\/wp-json\/wp\/v2\/product\/79329","targetHints":{"allow":["GET"]}}],"collection":[{"href":"https:\/\/sezona.lv\/en\/wp-json\/wp\/v2\/product"}],"about":[{"href":"https:\/\/sezona.lv\/en\/wp-json\/wp\/v2\/types\/product"}],"wp:attachment":[{"href":"https:\/\/sezona.lv\/en\/wp-json\/wp\/v2\/media?parent=79329"}],"wp:term":[{"taxonomy":"product_brand","embeddable":true,"href":"https:\/\/sezona.lv\/en\/wp-json\/wp\/v2\/product_brand?post=79329"},{"taxonomy":"product_cat","embeddable":true,"href":"https:\/\/sezona.lv\/en\/wp-json\/wp\/v2\/product_cat?post=79329"},{"taxonomy":"product_tag","embeddable":true,"href":"https:\/\/sezona.lv\/en\/wp-json\/wp\/v2\/product_tag?post=79329"}],"curies":[{"name":"wp","href":"https:\/\/api.w.org\/{rel}","templated":true}]}}