{"id":79331,"date":"2025-07-14T15:38:23","date_gmt":"2025-07-14T12:38:23","guid":{"rendered":"https:\/\/demo8.ecube.lv\/sezona.lv\/products\/bresser-national-geographics-7x50-mitrumizturigs-binoklis\/"},"modified":"2025-07-14T15:38:23","modified_gmt":"2025-07-14T12:38:23","slug":"bresser-national-geographics-7x50-mitrumizturigs-binoklis","status":"publish","type":"product","link":"https:\/\/sezona.lv\/en\/products\/bresser-national-geographics-7x50-mitrumizturigs-binoklis\/","title":{"rendered":"Bresser National Geographics 7&#215;50 Mitrumiztur\u012bgs Binoklis"},"content":{"rendered":"<p><span id=\"docs-internal-guid-d54afcb9-1f4e-a30a-2d81-ea75bcdc6fdc\"> <\/span><\/p>\n<p>&nbsp;<\/p>\n<p style=\"background-color: transparent;color: #000000;font-family: Arial;font-size: 10.5pt;line-height: 1.38;margin-top: 0pt;margin-bottom: 0pt\" dir=\"ltr\"><span style=\"font-size: 11pt;color: #212121;vertical-align: baseline\">Elegants Porro-prizmu binoklis. Piln\u012bgi p\u0101rkl\u0101ta optika, garant\u0113 izteikti liel\u0101ku gaismas caurlaid\u012bbu caur stiklu, t\u0101d\u0113j\u0101di palielinot kr\u0101su precizit\u0101ti un kontrastu. Dioptriju kompens\u0101cija ir standarta, &scaron;iem mode\u013ciem. Tas padara &scaron;os binok\u013cus piem\u0113rotus ies\u0101c\u0113ju putnu v\u0113rot\u0101jiem vai dabas nov\u0113rot\u0101jiem. Pat v\u0113jain\u0101s dien\u0101s, pateicoties <\/span><span style=\"font-size: 11pt;color: #212121;font-weight: 700;vertical-align: baseline\">7 reizes lielam palielin\u0101jumam<\/span><span style=\"font-size: 11pt;color: #212121;vertical-align: baseline\">, tiek nodro&scaron;in\u0101ts stabils att\u0113ls. <\/span><span style=\"font-size: 11pt;color: #212121;font-weight: 700;vertical-align: baseline\">50 mm objekt\u012bvi sav\u0101c pietiekamu gaismu nov\u0113ro&scaron;anai pat nakts laik\u0101<\/span><span style=\"font-size: 11pt;color: #212121;vertical-align: baseline\">. Ir iek\u013cauta transport\u0113&scaron;anas &#8211; neilona soma un kakla siksna. Ilg\u0101kiem nov\u0113rojumiem ir iestr\u0101d\u0101ta stat\u012bvs-adaptera v\u012btne.<\/span><span style=\"font-size: 11pt;color: #212121;vertical-align: baseline\"><br class=\"kix-line-break\" \/><\/span><span style=\"font-size: 11pt;color: #212121;vertical-align: baseline\"><br class=\"kix-line-break\" \/><\/span><span style=\"font-size: 11pt;color: #212121;font-weight: 700;vertical-align: baseline\">Funckijas:<\/span><span style=\"font-size: 11pt;color: #212121;vertical-align: baseline\"><br class=\"kix-line-break\" \/><br class=\"kix-line-break\" \/><\/span><\/p>\n<p style=\"background-color: transparent;color: #000000;font-family: Arial;font-size: 10.5pt;line-height: 1.38;margin-top: 0pt;margin-bottom: 0pt\" dir=\"ltr\"><span style=\"font-size: 11pt;color: #212121;vertical-align: baseline\">Porro binok\u013ci ar lielu objekt\u012bvu diametru<\/span><span style=\"font-size: 11pt;color: #212121;vertical-align: baseline\"><br class=\"kix-line-break\" \/><\/span><span style=\"font-size: 11pt;color: #212121;vertical-align: baseline\">Ide\u0101ls nov\u0113rojumiem pat v\u0101j\u0101 apgaismojum\u0101<\/span><span style=\"font-size: 11pt;color: #212121;vertical-align: baseline\"><br class=\"kix-line-break\" \/><\/span><span style=\"font-size: 11pt;color: #212121;vertical-align: baseline\">Piem\u0113rots bri\u013c\u013cu \u012bpa&scaron;niekiem, pateicoties dioptrijas kompens\u0101cijai un salok\u0101m\u0101m e\u0146\u0123\u0113m<\/span><span style=\"font-size: 11pt;color: #212121;vertical-align: baseline\"><br class=\"kix-line-break\" \/><\/span><span style=\"font-size: 11pt;color: #212121;vertical-align: baseline\">Var savienot ar stat\u012bvu ilgsto&scaron;iem nov\u0113rojumiem<\/span><\/p>\n<p style=\"background-color: transparent;color: #000000;font-family: Arial;font-size: 10.5pt;line-height: 1.38;margin-top: 0pt;margin-bottom: 0pt\" dir=\"ltr\"><span style=\"font-size: 11pt;color: #212121;vertical-align: baseline\"><br class=\"kix-line-break\" \/><\/span><span style=\"font-size: 11pt;color: #212121;font-weight: 700;vertical-align: baseline\">Komplekt\u0101 ietilpst:<\/span><span style=\"font-size: 11pt;color: #212121;vertical-align: baseline\"><br class=\"kix-line-break\" \/><br class=\"kix-line-break\" \/><\/span><\/p>\n<p style=\"background-color: transparent;color: #000000;font-family: Arial;font-size: 10.5pt;line-height: 1.38;margin-top: 0pt;margin-bottom: 0pt\" dir=\"ltr\"><span style=\"font-size: 11pt;color: #212121;vertical-align: baseline\">Binoklis<\/span><\/p>\n<p style=\"background-color: transparent;color: #000000;font-family: Arial;font-size: 10.5pt;line-height: 1.38;margin-top: 0pt;margin-bottom: 0pt\" dir=\"ltr\"><span style=\"font-size: 11pt;color: #212121;vertical-align: baseline\">Neilona soma<\/span><\/p>\n<p style=\"background-color: transparent;color: #000000;font-family: Arial;font-size: 10.5pt;line-height: 1.38;margin-top: 0pt;margin-bottom: 0pt\" dir=\"ltr\"><span style=\"font-size: 11pt;color: #212121;vertical-align: baseline\">Kakla Sikna<\/span><\/p>\n<p style=\"background-color: transparent;color: #000000;font-family: Arial;font-size: 10.5pt;line-height: 1.38;margin-top: 0pt;margin-bottom: 0pt\" dir=\"ltr\"><span style=\"font-size: 11pt;color: #212121;vertical-align: baseline\">Objekt\u012bva v\u0101ci\u0146i<\/span><\/p>\n<p style=\"background-color: transparent;color: #000000;font-family: Arial;font-size: 10.5pt;line-height: 1.38;margin-top: 0pt;margin-bottom: 0pt\" dir=\"ltr\"><span style=\"font-size: 11pt;color: #212121;vertical-align: baseline\">L\u0113cas audums<\/span><\/p>\n<p style=\"background-color: transparent;color: #000000;font-family: Arial;font-size: 10.5pt;margin-top: 0pt;margin-bottom: 0pt;line-height: 1.38\" dir=\"ltr\"><span style=\"font-size: 11pt;background-color: transparent;vertical-align: baseline\"><span id=\"docs-internal-guid-d76b146f-27a3-3eaf-badc-750051b84b24\"><span style=\"font-size: 11pt;color: #212121;vertical-align: baseline\">Rokasgr\u0101mata<\/span><\/span><\/span><\/p>\n<p>&nbsp;<\/p>\n<table dir=\"ltr\" border=\"1\" cellspacing=\"0\" cellpadding=\"0\">\n<tbody>\n<tr style=\"height: 21px\">\n<td style=\"padding: 2px 3px;border-color: #0dc7ff;overflow: hidden;vertical-align: top;background-color: #0dc7ff;font-family: Arial;font-size: 11pt;font-weight: bold;color: #ffffff;text-align: center\" colspan=\"2\">OPTICAL SPECIFICATIONS<\/td>\n<\/tr>\n<tr style=\"height: 21px\">\n<td style=\"padding: 2px 3px;border-right-color: #0dc7ff;border-bottom-color: #0dc7ff;border-left-color: #0dc7ff;overflow: hidden;vertical-align: top;font-family: Arial;font-size: 11pt;font-weight: bold\">Optical design<\/td>\n<td style=\"padding: 2px 3px;border-right-color: #0dc7ff;border-bottom-color: #0dc7ff;overflow: hidden;vertical-align: top;font-family: Arial;font-size: 11pt\">Porro<\/td>\n<\/tr>\n<tr style=\"height: 21px\">\n<td style=\"padding: 2px 3px;border-right-color: #0dc7ff;border-bottom-color: #0dc7ff;border-left-color: #0dc7ff;overflow: hidden;vertical-align: top;font-family: Arial;font-size: 11pt;font-weight: bold\">Magnification<\/td>\n<td style=\"padding: 2px 3px;border-right-color: #0dc7ff;border-bottom-color: #0dc7ff;overflow: hidden;vertical-align: top;font-family: Arial;font-size: 11pt\">7 fixed<\/td>\n<\/tr>\n<tr style=\"height: 21px\">\n<td style=\"padding: 2px 3px;border-right-color: #0dc7ff;border-bottom-color: #0dc7ff;border-left-color: #0dc7ff;overflow: hidden;vertical-align: top;font-family: Arial;font-size: 11pt;font-weight: bold\">Objective diameter<\/td>\n<td style=\"padding: 2px 3px;border-right-color: #0dc7ff;border-bottom-color: #0dc7ff;overflow: hidden;vertical-align: top;font-family: Arial;font-size: 11pt\">50 mm<\/td>\n<\/tr>\n<tr style=\"height: 21px\">\n<td style=\"padding: 2px 3px;border-right-color: #0dc7ff;border-bottom-color: #0dc7ff;border-left-color: #0dc7ff;overflow: hidden;vertical-align: top;font-family: Arial;font-size: 11pt;font-weight: bold\">Type of coating<\/td>\n<td style=\"padding: 2px 3px;border-right-color: #0dc7ff;border-bottom-color: #0dc7ff;overflow: hidden;vertical-align: top;font-family: Arial;font-size: 11pt\">Fully coated<\/td>\n<\/tr>\n<tr style=\"height: 21px\">\n<td style=\"padding: 2px 3px;border-right-color: #0dc7ff;border-bottom-color: #0dc7ff;border-left-color: #0dc7ff;overflow: hidden;vertical-align: top;font-family: Arial;font-size: 11pt;font-weight: bold\">Colour of coating<\/td>\n<td style=\"padding: 2px 3px;border-right-color: #0dc7ff;border-bottom-color: #0dc7ff;overflow: hidden;vertical-align: top;font-family: Arial;font-size: 11pt\">green<\/td>\n<\/tr>\n<tr style=\"height: 21px\">\n<td style=\"padding: 2px 3px;border-right-color: #0dc7ff;border-bottom-color: #0dc7ff;border-left-color: #0dc7ff;overflow: hidden;vertical-align: top;font-family: Arial;font-size: 11pt;font-weight: bold\">Diopter setting<\/td>\n<td style=\"padding: 2px 3px;border-right-color: #0dc7ff;border-bottom-color: #0dc7ff;overflow: hidden;vertical-align: top;font-family: Arial;font-size: 11pt\">\u2713<\/td>\n<\/tr>\n<tr style=\"height: 21px\">\n<td style=\"padding: 2px 3px;border-right-color: #0dc7ff;border-bottom-color: #0dc7ff;border-left-color: #0dc7ff;overflow: hidden;vertical-align: top;font-family: Arial;font-size: 11pt;font-weight: bold\">Field of view at 1000m<\/td>\n<td style=\"padding: 2px 3px;border-right-color: #0dc7ff;border-bottom-color: #0dc7ff;overflow: hidden;vertical-align: top;font-family: Arial;font-size: 11pt\">122 m<\/td>\n<\/tr>\n<tr style=\"height: 21px\">\n<td style=\"padding: 2px 3px;border-right-color: #0dc7ff;border-bottom-color: #0dc7ff;border-left-color: #0dc7ff;overflow: hidden;vertical-align: top;font-family: Arial;font-size: 11pt;font-weight: bold\">Field of view<\/td>\n<td style=\"padding: 2px 3px;border-right-color: #0dc7ff;border-bottom-color: #0dc7ff;overflow: hidden;vertical-align: top;font-family: Arial;font-size: 11pt\">6.97 degrees<\/td>\n<\/tr>\n<tr style=\"height: 21px\">\n<td style=\"padding: 2px 3px;border-right-color: #0dc7ff;border-bottom-color: #0dc7ff;border-left-color: #0dc7ff;overflow: hidden;vertical-align: top;font-family: Arial;font-size: 11pt;font-weight: bold\">Light intensity<\/td>\n<td style=\"padding: 2px 3px;border-right-color: #0dc7ff;border-bottom-color: #0dc7ff;overflow: hidden;vertical-align: top;font-family: Arial;font-size: 11pt\">51<\/td>\n<\/tr>\n<tr style=\"height: 21px\">\n<td style=\"padding: 2px 3px;border-right-color: #0dc7ff;border-bottom-color: #0dc7ff;border-left-color: #0dc7ff;overflow: hidden;vertical-align: top;font-family: Arial;font-size: 11pt;font-weight: bold\">Twilight factor<\/td>\n<td style=\"padding: 2px 3px;border-right-color: #0dc7ff;border-bottom-color: #0dc7ff;overflow: hidden;vertical-align: top;font-family: Arial;font-size: 11pt\">18.71<\/td>\n<\/tr>\n<tr style=\"height: 21px\">\n<td style=\"padding: 2px 3px;border-right-color: #0dc7ff;border-bottom-color: #0dc7ff;border-left-color: #0dc7ff;overflow: hidden;vertical-align: top;background-color: #0dc7ff;font-family: Arial;font-size: 11pt;font-weight: bold;color: #ffffff;text-align: center\" colspan=\"2\">GENERAL TECHNICAL DATA<\/td>\n<\/tr>\n<tr style=\"height: 21px\">\n<td style=\"padding: 2px 3px;border-right-color: #0dc7ff;border-bottom-color: #0dc7ff;border-left-color: #0dc7ff;overflow: hidden;vertical-align: top;font-family: Arial;font-size: 11pt;font-weight: bold\">Turns of focus drive over entire focal range<\/td>\n<td style=\"padding: 2px 3px;border-right-color: #0dc7ff;border-bottom-color: #0dc7ff;overflow: hidden;vertical-align: top;font-family: Arial;font-size: 11pt\">1.25<\/td>\n<\/tr>\n<tr style=\"height: 21px\">\n<td style=\"padding: 2px 3px;border-right-color: #0dc7ff;border-bottom-color: #0dc7ff;border-left-color: #0dc7ff;overflow: hidden;vertical-align: top;font-family: Arial;font-size: 11pt;font-weight: bold\">Interpupilar distance min.<\/td>\n<td style=\"padding: 2px 3px;border-right-color: #0dc7ff;border-bottom-color: #0dc7ff;overflow: hidden;vertical-align: top;font-family: Arial;font-size: 11pt\">58.46 mm<\/td>\n<\/tr>\n<tr style=\"height: 21px\">\n<td style=\"padding: 2px 3px;border-right-color: #0dc7ff;border-bottom-color: #0dc7ff;border-left-color: #0dc7ff;overflow: hidden;vertical-align: top;font-family: Arial;font-size: 11pt;font-weight: bold\">Interpupilar distance max.<\/td>\n<td style=\"padding: 2px 3px;border-right-color: #0dc7ff;border-bottom-color: #0dc7ff;overflow: hidden;vertical-align: top;font-family: Arial;font-size: 11pt\">71.28 mm<\/td>\n<\/tr>\n<tr style=\"height: 21px\">\n<td style=\"padding: 2px 3px;border-right-color: #0dc7ff;border-bottom-color: #0dc7ff;border-left-color: #0dc7ff;overflow: hidden;vertical-align: top;font-family: Arial;font-size: 11pt;font-weight: bold\">Colour<\/td>\n<td style=\"padding: 2px 3px;border-right-color: #0dc7ff;border-bottom-color: #0dc7ff;overflow: hidden;vertical-align: top;font-family: Arial;font-size: 11pt\">black<\/td>\n<\/tr>\n<tr style=\"height: 21px\">\n<td style=\"padding: 2px 3px;border-right-color: #0dc7ff;border-bottom-color: #0dc7ff;border-left-color: #0dc7ff;overflow: hidden;vertical-align: top;font-family: Arial;font-size: 11pt;font-weight: bold\">Body material<\/td>\n<td style=\"padding: 2px 3px;border-right-color: #0dc7ff;border-bottom-color: #0dc7ff;overflow: hidden;vertical-align: top;font-family: Arial;font-size: 11pt\">Metal<\/td>\n<\/tr>\n<tr style=\"height: 21px\">\n<td style=\"padding: 2px 3px;border-right-color: #0dc7ff;border-bottom-color: #0dc7ff;border-left-color: #0dc7ff;overflow: hidden;vertical-align: top;font-family: Arial;font-size: 11pt;font-weight: bold\">Body armouring<\/td>\n<td style=\"padding: 2px 3px;border-right-color: #0dc7ff;border-bottom-color: #0dc7ff;overflow: hidden;vertical-align: top;font-family: Arial;font-size: 11pt\">Rubber\/Metal<\/td>\n<\/tr>\n<tr style=\"height: 21px\">\n<td style=\"padding: 2px 3px;border-right-color: #0dc7ff;border-bottom-color: #0dc7ff;border-left-color: #0dc7ff;overflow: hidden;vertical-align: top;font-family: Arial;font-size: 11pt;font-weight: bold\">Dust protection caps<\/td>\n<td style=\"padding: 2px 3px;border-right-color: #0dc7ff;border-bottom-color: #0dc7ff;overflow: hidden;vertical-align: top;font-family: Arial;font-size: 11pt\">for objective and eyepiece, individually removable<\/td>\n<\/tr>\n<\/tbody>\n<\/table>\n<p><span style=\"font-size: 11pt;background-color: transparent;vertical-align: baseline\"><span id=\"docs-internal-guid-d76b146f-27a3-3eaf-badc-750051b84b24\"><span style=\"font-size: 11pt;color: #212121;vertical-align: baseline\"><\/span><\/span><\/span><\/p>\n","protected":false},"excerpt":{"rendered":"<p>&nbsp; Elegants Porro-prizmu binoklis. Piln\u012bgi p\u0101rkl\u0101ta optika, garant\u0113 izteikti liel\u0101ku gaismas caurlaid\u012bbu caur stiklu, t\u0101d\u0113j\u0101di palielinot kr\u0101su precizit\u0101ti un kontrastu. Dioptriju kompens\u0101cija ir standarta, &scaron;iem mode\u013ciem. Tas padara &scaron;os binok\u013cus piem\u0113rotus ies\u0101c\u0113ju putnu v\u0113rot\u0101jiem vai dabas nov\u0113rot\u0101jiem. Pat v\u0113jain\u0101s dien\u0101s, pateicoties 7 reizes lielam palielin\u0101jumam, tiek nodro&scaron;in\u0101ts stabils att\u0113ls. 50 mm objekt\u012bvi sav\u0101c pietiekamu gaismu [&hellip;]<\/p>\n","protected":false},"featured_media":0,"template":"","meta":[],"product_brand":[],"product_cat":[4640,4938,4939],"product_tag":[],"class_list":{"0":"post-79331","1":"product","2":"type-product","3":"status-publish","5":"product_cat-recreation","6":"product_cat-optics-recreation","7":"product_cat-binoculars-optics-recreation","9":"first","10":"instock","11":"shipping-taxable","12":"purchasable","13":"product-type-simple"},"_links":{"self":[{"href":"https:\/\/sezona.lv\/en\/wp-json\/wp\/v2\/product\/79331","targetHints":{"allow":["GET"]}}],"collection":[{"href":"https:\/\/sezona.lv\/en\/wp-json\/wp\/v2\/product"}],"about":[{"href":"https:\/\/sezona.lv\/en\/wp-json\/wp\/v2\/types\/product"}],"wp:attachment":[{"href":"https:\/\/sezona.lv\/en\/wp-json\/wp\/v2\/media?parent=79331"}],"wp:term":[{"taxonomy":"product_brand","embeddable":true,"href":"https:\/\/sezona.lv\/en\/wp-json\/wp\/v2\/product_brand?post=79331"},{"taxonomy":"product_cat","embeddable":true,"href":"https:\/\/sezona.lv\/en\/wp-json\/wp\/v2\/product_cat?post=79331"},{"taxonomy":"product_tag","embeddable":true,"href":"https:\/\/sezona.lv\/en\/wp-json\/wp\/v2\/product_tag?post=79331"}],"curies":[{"name":"wp","href":"https:\/\/api.w.org\/{rel}","templated":true}]}}