{"id":79335,"date":"2025-07-14T15:38:26","date_gmt":"2025-07-14T12:38:26","guid":{"rendered":"https:\/\/demo8.ecube.lv\/sezona.lv\/products\/bresser-spektar-8x42-kompakts-mitrumizturigs-universalais-binoklis\/"},"modified":"2025-07-14T15:38:26","modified_gmt":"2025-07-14T12:38:26","slug":"bresser-spektar-8x42-kompakts-mitrumizturigs-universalais-binoklis","status":"publish","type":"product","link":"https:\/\/sezona.lv\/en\/products\/bresser-spektar-8x42-kompakts-mitrumizturigs-universalais-binoklis\/","title":{"rendered":"Bresser Spektar 8&#215;42 Kompakts Mitrumiztur\u012bgs univers\u0101lais binoklis"},"content":{"rendered":"<h4 class=\"product-title\" style=\", Helvetica, Arial, sans-serif;color: gray;margin-top: 10px;margin-bottom: 10px;font-size: 18px\"><span style=\"font-weight: bold\">Bresser Spektars 8&#215;42 &nbsp;Kompakts Roof Prizmas Mitrumiztur\u012bgs univers\u0101lais binoklis<\/span><br \/><\/h4>\n<p>&nbsp;<\/p>\n<p style=\"line-height: 1.38;margin-top: 0pt;margin-bottom: 0pt\" dir=\"ltr\"><span style=\"font-size: 12pt;font-family: Arial;color: #212121;background-color: #ffffff;font-style: normal;text-decoration: none;vertical-align: baseline;font-weight: bold\">Bresser Spektar 8&#215;42<\/span><span style=\"font-size: 12pt;font-family: Arial;color: #212121;background-color: #ffffff;font-weight: 400;font-style: normal;font-variant: normal;text-decoration: none;vertical-align: baseline\"> ir binoklis ar Roof (jumta) prizmu ar palielin\u0101jumu 8x un optisko apert\u016bru 42mm. Dioptrijas regul\u0113&scaron;ana \u013cauj dioptriju korekcijas l\u012bdz + -2. Augstas kvalit\u0101tes daudzsl\u0101\u0146u p\u0101rkl\u0101jums uz visiem stikla elementiem samazina uzman\u012bbu atstarojo&scaron;ajiem atstarojumiem, un uzlabo gaismas caurlaid\u012bbu, un nodro&scaron;ina augstu kontrastu ar\u012b sliktos gaismas apst\u0101k\u013cos. Binoklis ir veidots ar \u0113rtu un pret traipu iztur\u012bgu gumijas virsmu. Norm\u0101ls stat\u012bva savienojums \u013cauj to salabot uz stat\u012bva, lai lab\u0101k nov\u0113rotu. Lai nodro&scaron;in\u0101tu lab\u0101ku transportu, pieg\u0101des komplekt\u0101 ietilpst maiss un komforta siksna.<\/span><span style=\"font-size: 12pt;font-family: Arial;color: #212121;background-color: #ffffff;font-weight: 400;font-style: normal;font-variant: normal;text-decoration: none;vertical-align: baseline\"><br class=\"kix-line-break\" \/><\/span><span style=\"font-size: 12pt;font-family: Arial;color: #212121;background-color: #ffffff;font-weight: 400;font-style: normal;font-variant: normal;text-decoration: none;vertical-align: baseline\"><br class=\"kix-line-break\" \/><\/span><span style=\"font-size: 12pt;font-family: Arial;color: #212121;background-color: #ffffff;font-weight: 400;font-style: normal;font-variant: normal;text-decoration: none;vertical-align: baseline\">Iek\u013cauts: bik&scaron;turi 8&#215;42 Bresser Spektar, kakla siksna, t\u012br\u012b&scaron;anas audums, transporta soma<\/span><\/p>\n<p><span style=\"color: #000000;, Helvetica, Arial, sans-serif;font-size: 14px\"><br \/><\/span><\/p>\n<p>&nbsp;<\/p>\n<table style=\"font-size: 10pt;font-family: arial, sans, sans-serif;width: 0px;border: none\" dir=\"ltr\" border=\"1\" cellspacing=\"0\" cellpadding=\"0\">\n<colgroup>\n<col width=\"190\"><\/col>\n<col width=\"269\"><\/col>\n<\/colgroup>\n<tbody>\n<tr style=\"height: 21px\">\n<td style=\"border-color: #000000;overflow: hidden;padding: 2px 3px;vertical-align: top;font-family: Arial;font-weight: bold;color: #222222;text-align: center\" colspan=\"2\">Atrib\u016bti<\/td>\n<\/tr>\n<tr style=\"height: 21px\">\n<td style=\"border-right-color: #000000;border-bottom-color: #000000;border-left-color: #000000;overflow: hidden;padding: 2px 3px;vertical-align: top;font-family: Arial;color: #222222;text-align: center\">Materi\u0101la prizma<\/td>\n<td style=\"border-right-color: #000000;border-bottom-color: #000000;overflow: hidden;padding: 2px 3px;vertical-align: top;font-family: Arial;color: #222222;text-align: center\">BK-7<\/td>\n<\/tr>\n<tr style=\"height: 21px\">\n<td style=\"border-right-color: #000000;border-bottom-color: #000000;border-left-color: #000000;overflow: hidden;padding: 2px 3px;vertical-align: top;font-family: Arial;color: #222222;text-align: center\">P\u0101rkl\u0101juma veids<\/td>\n<td style=\"border-right-color: #000000;border-bottom-color: #000000;overflow: hidden;padding: 2px 3px;vertical-align: top;font-family: Arial;color: #222222;text-align: center\">Dubultais p\u0101rkl\u0101jums<\/td>\n<\/tr>\n<tr style=\"height: 21px\">\n<td style=\"border-right-color: #000000;border-bottom-color: #000000;border-left-color: #000000;overflow: hidden;padding: 2px 3px;vertical-align: top;font-family: Arial;color: #222222;text-align: center\">Dioptrijas iestat\u012bjums<\/td>\n<td style=\"border-right-color: #000000;border-bottom-color: #000000;overflow: hidden;padding: 2px 3px;vertical-align: top;font-family: Arial;color: #222222;text-align: center\">IR<\/td>\n<\/tr>\n<tr style=\"height: 21px\">\n<td style=\"border-right-color: #000000;border-bottom-color: #000000;border-left-color: #000000;overflow: hidden;padding: 2px 3px;vertical-align: top;font-family: Arial;color: #222222;text-align: center\">Gaismas intensit\u0101te<\/td>\n<td style=\"border-right-color: #000000;border-bottom-color: #000000;overflow: hidden;padding: 2px 3px;vertical-align: top;font-family: Arial;color: #222222;text-align: center\">27.56<\/td>\n<\/tr>\n<tr style=\"height: 21px\">\n<td style=\"border-right-color: #000000;border-bottom-color: #000000;border-left-color: #000000;overflow: hidden;padding: 2px 3px;vertical-align: top;font-family: Arial;color: #222222;text-align: center\">Kr\u0113slas koeficients<\/td>\n<td style=\"border-right-color: #000000;border-bottom-color: #000000;overflow: hidden;padding: 2px 3px;vertical-align: top;font-family: Arial;color: #222222;text-align: center\">18.33<\/td>\n<\/tr>\n<tr style=\"height: 21px\">\n<td style=\"border-right-color: #000000;border-bottom-color: #000000;border-left-color: #000000;overflow: hidden;padding: 2px 3px;vertical-align: top;font-family: Arial;color: #222222;text-align: center\">m\u0113r\u0137a diametrs<\/td>\n<td style=\"border-right-color: #000000;border-bottom-color: #000000;overflow: hidden;padding: 2px 3px;vertical-align: top;font-family: Arial;color: #222222;text-align: center\">42 mm<\/td>\n<\/tr>\n<tr style=\"height: 21px\">\n<td style=\"border-right-color: #000000;border-bottom-color: #000000;border-left-color: #000000;overflow: hidden;padding: 2px 3px;vertical-align: top;font-family: Arial;color: #222222;text-align: center\">Optiskais dizains<\/td>\n<td style=\"border-right-color: #000000;border-bottom-color: #000000;overflow: hidden;padding: 2px 3px;vertical-align: top;font-family: Arial;color: #222222;text-align: center\">Roof<\/td>\n<\/tr>\n<tr style=\"height: 21px\">\n<td style=\"border-right-color: #000000;border-bottom-color: #000000;border-left-color: #000000;overflow: hidden;padding: 2px 3px;vertical-align: top;font-family: Arial;color: #222222;text-align: center\">Palielin\u0101jums<\/td>\n<td style=\"border-right-color: #000000;border-bottom-color: #000000;overflow: hidden;padding: 2px 3px;vertical-align: top;font-family: Arial;color: #222222;text-align: center\">8 fixed<\/td>\n<\/tr>\n<tr style=\"height: 21px\">\n<td style=\"border-right-color: #000000;border-bottom-color: #000000;border-left-color: #000000;overflow: hidden;padding: 2px 3px;vertical-align: top;font-family: Arial;color: #222222;text-align: center\">P\u0101rkl\u0101juma kr\u0101sa<\/td>\n<td style=\"border-right-color: #000000;border-bottom-color: #000000;overflow: hidden;padding: 2px 3px;vertical-align: top;font-family: Arial;color: #222222;text-align: center\">Zils<\/td>\n<\/tr>\n<tr style=\"height: 21px\">\n<td style=\"border-right-color: #000000;border-bottom-color: #000000;border-left-color: #000000;overflow: hidden;padding: 2px 3px;vertical-align: top;font-family: Arial;color: #222222;text-align: center\">Redzes lauks<\/td>\n<td style=\"border-right-color: #000000;border-bottom-color: #000000;overflow: hidden;padding: 2px 3px;vertical-align: top;font-family: Arial;color: #222222;text-align: center\">6 degrees<\/td>\n<\/tr>\n<tr style=\"height: 21px\">\n<td style=\"border-right-color: #000000;border-bottom-color: #000000;border-left-color: #000000;overflow: hidden;padding: 2px 3px;vertical-align: top;font-family: Arial;color: #222222;text-align: center\">Redzes lauks, m\/1000 m<\/td>\n<td style=\"border-right-color: #000000;border-bottom-color: #000000;overflow: hidden;padding: 2px 3px;vertical-align: top;font-family: Arial;color: #222222;text-align: center\">105 m<\/td>\n<\/tr>\n<tr style=\"height: 21px\">\n<td style=\"border-right-color: #000000;border-bottom-color: #000000;border-left-color: #000000;overflow: hidden;padding: 2px 3px;vertical-align: top;font-family: Arial;color: #222222;text-align: center\">Tuvais fokuss<\/td>\n<td style=\"border-right-color: #000000;border-bottom-color: #000000;overflow: hidden;padding: 2px 3px;vertical-align: top;font-family: Arial;color: #222222;text-align: center\">4 m<\/td>\n<\/tr>\n<\/tbody>\n<\/table>\n","protected":false},"excerpt":{"rendered":"<p>Bresser Spektars 8&#215;42 &nbsp;Kompakts Roof Prizmas Mitrumiztur\u012bgs univers\u0101lais binoklis &nbsp; Bresser Spektar 8&#215;42 ir binoklis ar Roof (jumta) prizmu ar palielin\u0101jumu 8x un optisko apert\u016bru 42mm. Dioptrijas regul\u0113&scaron;ana \u013cauj dioptriju korekcijas l\u012bdz + -2. Augstas kvalit\u0101tes daudzsl\u0101\u0146u p\u0101rkl\u0101jums uz visiem stikla elementiem samazina uzman\u012bbu atstarojo&scaron;ajiem atstarojumiem, un uzlabo gaismas caurlaid\u012bbu, un nodro&scaron;ina augstu kontrastu ar\u012b [&hellip;]<\/p>\n","protected":false},"featured_media":0,"template":"","meta":[],"product_brand":[],"product_cat":[4640,4938,4939],"product_tag":[],"class_list":{"0":"post-79335","1":"product","2":"type-product","3":"status-publish","5":"product_cat-recreation","6":"product_cat-optics-recreation","7":"product_cat-binoculars-optics-recreation","9":"first","10":"instock","11":"shipping-taxable","12":"purchasable","13":"product-type-simple"},"_links":{"self":[{"href":"https:\/\/sezona.lv\/en\/wp-json\/wp\/v2\/product\/79335","targetHints":{"allow":["GET"]}}],"collection":[{"href":"https:\/\/sezona.lv\/en\/wp-json\/wp\/v2\/product"}],"about":[{"href":"https:\/\/sezona.lv\/en\/wp-json\/wp\/v2\/types\/product"}],"wp:attachment":[{"href":"https:\/\/sezona.lv\/en\/wp-json\/wp\/v2\/media?parent=79335"}],"wp:term":[{"taxonomy":"product_brand","embeddable":true,"href":"https:\/\/sezona.lv\/en\/wp-json\/wp\/v2\/product_brand?post=79335"},{"taxonomy":"product_cat","embeddable":true,"href":"https:\/\/sezona.lv\/en\/wp-json\/wp\/v2\/product_cat?post=79335"},{"taxonomy":"product_tag","embeddable":true,"href":"https:\/\/sezona.lv\/en\/wp-json\/wp\/v2\/product_tag?post=79335"}],"curies":[{"name":"wp","href":"https:\/\/api.w.org\/{rel}","templated":true}]}}