{"id":79339,"date":"2025-07-14T15:38:32","date_gmt":"2025-07-14T12:38:32","guid":{"rendered":"https:\/\/demo8.ecube.lv\/sezona.lv\/products\/levenhuk-sherman-base-plus-12x50-binoklis\/"},"modified":"2025-07-14T15:38:32","modified_gmt":"2025-07-14T12:38:32","slug":"levenhuk-sherman-base-plus-12x50-binoklis","status":"publish","type":"product","link":"https:\/\/sezona.lv\/en\/products\/levenhuk-sherman-base-plus-12x50-binoklis\/","title":{"rendered":"Levenhuk Sherman BASE PLUS 12&#215;50 binoklis"},"content":{"rendered":"<p><span id=\"docs-internal-guid-d54afcb9-1ec4-18cc-27c8-f6eac0f430a4\"> <\/span><\/p>\n<p>&nbsp;<\/p>\n<div id=\"tab-description\" class=\"tab-pane active\">\n<p style=\"line-height: 1.38;margin-top: 0pt;margin-bottom: 0pt\" dir=\"ltr\"><span style=\"font-size: 11pt;font-family: Arial;color: #000000;background-color: #ffffff;font-weight: 700;font-style: normal;font-variant: normal;text-decoration: none;vertical-align: baseline\">Levenhuk Sherman BASE PLUS 12&#215;50 <\/span><span style=\"font-size: 11pt;font-family: Arial;color: #000000;background-color: #ffffff;font-weight: 400;font-style: normal;font-variant: normal;text-decoration: none;vertical-align: baseline\">binoklis ir kompakta lauka nov\u0113ro&scaron;anas ier\u012bce, j\u016bs varat to \u0146emt l\u012bdzi ce\u013cojum\u0101 vai p\u0101rg\u0101jien\u0101. &Scaron;is vieglais modelis, viegli iek\u013caujas jebkur\u0101 ce\u013cojuma som\u0101. Dienas laik\u0101 &scaron;ie binok\u013ci, \u013cauj nov\u0113rot dabas un pils\u0113tas ainavas deta\u013c\u0101s. Kad j\u016bs mak&scaron;\u0137er\u0113jat, ce\u013cojat vai sporta pas\u0101kum\u0101 piedalieties vai nov\u0113rojat, &scaron;ie binok\u013ci ir \u013coti noder\u012bgi.<\/span><span style=\"font-size: 11pt;font-family: Arial;color: #000000;background-color: #ffffff;font-weight: 400;font-style: normal;font-variant: normal;text-decoration: none;vertical-align: baseline\"><br class=\"kix-line-break\" \/><\/span><span style=\"font-size: 11pt;font-family: Arial;color: #000000;background-color: #ffffff;font-weight: 400;font-style: normal;font-variant: normal;text-decoration: none;vertical-align: baseline\"><br class=\"kix-line-break\" \/><\/span><span style=\"font-size: 11pt;font-family: Arial;color: #000000;background-color: #ffffff;font-weight: 400;font-style: normal;font-variant: normal;text-decoration: none;vertical-align: baseline\">Dizains balst\u012bts uz klasisko Porro sh\u0113mu. Izmantojot <\/span><span style=\"font-size: 11pt;font-family: Arial;color: #000000;background-color: #ffffff;font-weight: 700;font-style: normal;font-variant: normal;text-decoration: none;vertical-align: baseline\">Levenhuk Sherman BASE PLUS 12&#215;50 <\/span><span style=\"font-size: 11pt;font-family: Arial;color: #000000;background-color: #ffffff;font-weight: 400;font-style: normal;font-variant: normal;text-decoration: none;vertical-align: baseline\">binok\u013cu gaismas sav\u0101k&scaron;anas optika, jums nav j\u0101p\u0101rtrauc nov\u0113rojumi kr\u0113sl\u0101 vai sliktos laika apst\u0101k\u013cos. Optika ir izgatavota no <\/span><span style=\"font-size: 11pt;font-family: Arial;color: #000000;background-color: #ffffff;font-weight: 700;font-style: normal;font-variant: normal;text-decoration: none;vertical-align: baseline\">BaK-4 stikla<\/span><span style=\"font-size: 11pt;font-family: Arial;color: #000000;background-color: #ffffff;font-weight: 400;font-style: normal;font-variant: normal;text-decoration: none;vertical-align: baseline\">, kas nodro&scaron;ina spilgtu un asu att\u0113lu ar pareizu kr\u0101su att\u0113lojumu. <\/span><span style=\"font-size: 11pt;font-family: Arial;color: #000000;background-color: #ffffff;font-weight: 700;font-style: normal;font-variant: normal;text-decoration: none;vertical-align: baseline\">L\u0113cas ir p\u0101rkl\u0101tas ar daudzsl\u0101\u0146u p\u0101rkl\u0101jumu, kas palielina gaismas caurlaid\u012bbu.<\/span><span style=\"font-size: 11pt;font-family: Arial;color: #000000;background-color: #ffffff;font-weight: 700;font-style: normal;font-variant: normal;text-decoration: none;vertical-align: baseline\"><br class=\"kix-line-break\" \/><\/span><span style=\"font-size: 11pt;font-family: Arial;color: #000000;background-color: #ffffff;font-weight: 400;font-style: normal;font-variant: normal;text-decoration: none;vertical-align: baseline\"><br class=\"kix-line-break\" \/><\/span><span style=\"font-size: 11pt;font-family: Arial;color: #000000;background-color: #ffffff;font-weight: 700;font-style: normal;font-variant: normal;text-decoration: none;vertical-align: baseline\">Levenhuk Sherman BASE PLUS 12&#215;50 <\/span><span style=\"font-size: 11pt;font-family: Arial;color: #000000;background-color: #ffffff;font-weight: 400;font-style: normal;font-variant: normal;text-decoration: none;vertical-align: baseline\">binoklis ir <\/span><span style=\"font-size: 11pt;font-family: Arial;color: #000000;background-color: #ffffff;font-weight: 700;font-style: normal;font-variant: normal;text-decoration: none;vertical-align: baseline\">izgatavots no alum\u012bnija<\/span><span style=\"font-size: 11pt;font-family: Arial;color: #000000;background-color: #ffffff;font-weight: 400;font-style: normal;font-variant: normal;text-decoration: none;vertical-align: baseline\">, iztur\u012bgs pret meh\u0101niskiem triecieniem. <\/span><span style=\"font-size: 11pt;font-family: Arial;color: #000000;background-color: #ffffff;font-weight: 700;font-style: normal;font-variant: normal;text-decoration: none;vertical-align: baseline\">IPX6 \u016bdensnecaurlaid\u012bgs<\/span><span style=\"font-size: 11pt;font-family: Arial;color: #000000;background-color: #ffffff;font-weight: 400;font-style: normal;font-variant: normal;text-decoration: none;vertical-align: baseline\"> reitings, \u013cauj &scaron;os binok\u013cus izmantot pat lietain\u0101 vai sniegain\u0101 dien\u0101. Augsta mitruma vai strauja temperat\u016bras mai\u0146a nevar p\u0101rtraukt j\u016bsu nov\u0113rojumus &#8211; <\/span><span style=\"font-size: 11pt;font-family: Arial;color: #000000;background-color: #ffffff;font-weight: 700;font-style: normal;font-variant: normal;text-decoration: none;vertical-align: baseline\">binok\u013ci ir piepild\u012bti ar sl\u0101pekli, kas aizsarg\u0101 l\u0113cas no miglo&scaron;anas.<\/span><span style=\"font-size: 11pt;font-family: Arial;color: #000000;background-color: #ffffff;font-weight: 700;font-style: normal;font-variant: normal;text-decoration: none;vertical-align: baseline\"><br class=\"kix-line-break\" \/><\/span><span style=\"font-size: 11pt;font-family: Arial;color: #000000;background-color: #ffffff;font-weight: 400;font-style: normal;font-variant: normal;text-decoration: none;vertical-align: baseline\"><br class=\"kix-line-break\" \/><\/span><span style=\"font-size: 11pt;font-family: Arial;color: #000000;background-color: #ffffff;font-weight: 400;font-style: normal;font-variant: normal;text-decoration: none;vertical-align: baseline\">Lai ieg\u016btu v\u0113l liel\u0101ku \u0113rt\u012bbu ilgsto&scaron;u nov\u0113rojumu laik\u0101, <\/span><span style=\"font-size: 11pt;font-family: Arial;color: #000000;background-color: #ffffff;font-weight: 700;font-style: normal;font-variant: normal;text-decoration: none;vertical-align: baseline\">Levenhuk Sherman BASE PLUS 12&#215;50 <\/span><span style=\"font-size: 11pt;font-family: Arial;color: #000000;background-color: #ffffff;font-weight: 400;font-style: normal;font-variant: normal;text-decoration: none;vertical-align: baseline\">binokli var uzst\u0101d\u012bt uz stat\u012bva. Dioptrijas regul\u0113&scaron;anas gredzens labaj\u0101 okul\u0101r\u0101 da\u013c\u0101, kompens\u0113 individu\u0101las redzes vari\u0101cijas.<\/span><span style=\"font-size: 11pt;font-family: Arial;color: #000000;background-color: #ffffff;font-weight: 400;font-style: normal;font-variant: normal;text-decoration: none;vertical-align: baseline\"><br class=\"kix-line-break\" \/><\/span><span style=\"font-size: 11pt;font-family: Arial;color: #000000;background-color: #ffffff;font-weight: 400;font-style: normal;font-variant: normal;text-decoration: none;vertical-align: baseline\"><br class=\"kix-line-break\" \/><\/span><span style=\"font-size: 11pt;font-family: Arial;color: #000000;background-color: #ffffff;font-weight: 700;font-style: normal;font-variant: normal;text-decoration: none;vertical-align: baseline\">Funckijas:<\/span><span style=\"font-size: 11pt;font-family: Arial;color: #000000;background-color: #ffffff;font-weight: 400;font-style: normal;font-variant: normal;text-decoration: none;vertical-align: baseline\"><br class=\"kix-line-break\" \/><\/span><span style=\"font-size: 11pt;font-family: Arial;color: #000000;background-color: #ffffff;font-weight: 400;font-style: normal;font-variant: normal;text-decoration: none;vertical-align: baseline\"><br class=\"kix-line-break\" \/><\/span><span style=\"font-size: 11pt;font-family: Arial;color: #000000;background-color: #ffffff;font-weight: 400;font-style: normal;font-variant: normal;text-decoration: none;vertical-align: baseline\">Kompakti binok\u013ci lauka nov\u0113rojumiem<\/span><span style=\"font-size: 11pt;font-family: Arial;color: #000000;background-color: #ffffff;font-weight: 400;font-style: normal;font-variant: normal;text-decoration: none;vertical-align: baseline\"><br class=\"kix-line-break\" \/><\/span><span style=\"font-size: 11pt;font-family: Arial;color: #000000;background-color: #ffffff;font-weight: 400;font-style: normal;font-variant: normal;text-decoration: none;vertical-align: baseline\">BaK-4 optikas stikls<\/span><span style=\"font-size: 11pt;font-family: Arial;color: #000000;background-color: #ffffff;font-weight: 400;font-style: normal;font-variant: normal;text-decoration: none;vertical-align: baseline\"><br class=\"kix-line-break\" \/><\/span><span style=\"font-size: 11pt;font-family: Arial;color: #000000;background-color: #ffffff;font-weight: 400;font-style: normal;font-variant: normal;text-decoration: none;vertical-align: baseline\">P\u0101rkl\u0101ti objekt\u012bvi<\/span><span style=\"font-size: 11pt;font-family: Arial;color: #000000;background-color: #ffffff;font-weight: 400;font-style: normal;font-variant: normal;text-decoration: none;vertical-align: baseline\"><br class=\"kix-line-break\" \/><\/span><span style=\"font-size: 11pt;font-family: Arial;color: #000000;background-color: #ffffff;font-weight: 400;font-style: normal;font-variant: normal;text-decoration: none;vertical-align: baseline\">\u016adensnecaurlaid\u012bgs korpuss, piepild\u012bts ar sl\u0101pekli<\/span><span style=\"font-size: 11pt;font-family: Arial;color: #000000;background-color: #ffffff;font-weight: 400;font-style: normal;font-variant: normal;text-decoration: none;vertical-align: baseline\"><br class=\"kix-line-break\" \/><\/span><span style=\"font-size: 11pt;font-family: Arial;color: #000000;background-color: #ffffff;font-weight: 400;font-style: normal;font-variant: normal;text-decoration: none;vertical-align: baseline\">Piel\u0101go&scaron;an\u0101s stat\u012bviem<\/span><span style=\"font-size: 11pt;font-family: Arial;color: #000000;background-color: #ffffff;font-weight: 400;font-style: normal;font-variant: normal;text-decoration: none;vertical-align: baseline\"><br class=\"kix-line-break\" \/><br class=\"kix-line-break\" \/><\/span><\/p>\n<p style=\"margin-top: 0pt;margin-bottom: 8pt;line-height: 1.38\" dir=\"ltr\">&nbsp;<\/p>\n<p style=\"line-height: 1.38;margin-top: 0pt;margin-bottom: 0pt\" dir=\"ltr\"><span style=\"font-size: 11pt;font-family: Arial;color: #000000;background-color: #ffffff;font-weight: 700;font-style: normal;font-variant: normal;text-decoration: none;vertical-align: baseline\">Komplekt\u0101 ietilpst:<\/span><span style=\"font-size: 11pt;font-family: Arial;color: #000000;background-color: #ffffff;font-weight: 400;font-style: normal;font-variant: normal;text-decoration: none;vertical-align: baseline\"><br class=\"kix-line-break\" \/><\/span><span style=\"font-size: 11pt;font-family: Arial;color: #000000;background-color: #ffffff;font-weight: 400;font-style: normal;font-variant: normal;text-decoration: none;vertical-align: baseline\"><br class=\"kix-line-break\" \/><\/span><span style=\"font-size: 11pt;font-family: Arial;color: #000000;background-color: #ffffff;font-weight: 400;font-style: normal;font-variant: normal;text-decoration: none;vertical-align: baseline\">Levenhuk Sherman Base PLUS 12&#215;50 binoklis<\/span><span style=\"font-size: 11pt;font-family: Arial;color: #000000;background-color: #ffffff;font-weight: 400;font-style: normal;font-variant: normal;text-decoration: none;vertical-align: baseline\"><br class=\"kix-line-break\" \/><\/span><span style=\"font-size: 11pt;font-family: Arial;color: #000000;background-color: #ffffff;font-weight: 400;font-style: normal;font-variant: normal;text-decoration: none;vertical-align: baseline\">Acis un objekt\u012bvu v\u0101ci\u0146i<\/span><span style=\"font-size: 11pt;font-family: Arial;color: #000000;background-color: #ffffff;font-weight: 400;font-style: normal;font-variant: normal;text-decoration: none;vertical-align: baseline\"><br class=\"kix-line-break\" \/><\/span><span style=\"font-size: 11pt;font-family: Arial;color: #000000;background-color: #ffffff;font-weight: 400;font-style: normal;font-variant: normal;text-decoration: none;vertical-align: baseline\">Siksna<\/span><span style=\"font-size: 11pt;font-family: Arial;color: #000000;background-color: #ffffff;font-weight: 400;font-style: normal;font-variant: normal;text-decoration: none;vertical-align: baseline\"><br class=\"kix-line-break\" \/><\/span><span style=\"font-size: 11pt;font-family: Arial;color: #000000;background-color: #ffffff;font-weight: 400;font-style: normal;font-variant: normal;text-decoration: none;vertical-align: baseline\">P\u0101rn\u0113sajam\u0101 soma<\/span><span style=\"font-size: 11pt;font-family: Arial;color: #000000;background-color: #ffffff;font-weight: 400;font-style: normal;font-variant: normal;text-decoration: none;vertical-align: baseline\"><br class=\"kix-line-break\" \/><\/span><span style=\"font-size: 11pt;font-family: Arial;color: #000000;background-color: #ffffff;font-weight: 400;font-style: normal;font-variant: normal;text-decoration: none;vertical-align: baseline\">T\u012br\u012b&scaron;ana Lupati\u0146a<\/span><span style=\"font-size: 11pt;font-family: Arial;color: #000000;background-color: #ffffff;font-weight: 400;font-style: normal;font-variant: normal;text-decoration: none;vertical-align: baseline\"><br class=\"kix-line-break\" \/><\/span><span style=\"font-size: 11pt;font-family: Arial;color: #000000;background-color: #ffffff;font-weight: 400;font-style: normal;font-variant: normal;text-decoration: none;vertical-align: baseline\">Lietot\u0101ja rokasgr\u0101mata un m\u016b\u017ea garantija<\/span><\/p>\n<p style=\"line-height: 1.38;margin-top: 0pt;margin-bottom: 0pt\" dir=\"ltr\">&nbsp;<\/p>\n<table class=\"table table-bordered\" border=\"0\">\n<thead>\n<tr>\n<td colspan=\"2\"><strong>Atrib\u016bti<\/strong><\/td>\n<\/tr>\n<\/thead>\n<tbody>\n<tr>\n<td>Acs att\u0101lums<\/td>\n<td>15 mm<\/td>\n<\/tr>\n<tr>\n<td>Darb\u012bbas temperat\u016bras diapazons<\/td>\n<td>&ndash;10&#8230;+50 &deg; C<\/td>\n<\/tr>\n<tr>\n<td>Fokus\u0113&scaron;ana<\/td>\n<td>centr\u0101l\u0101<\/td>\n<\/tr>\n<tr>\n<td>Garantija<\/td>\n<td>999 months<\/td>\n<\/tr>\n<tr>\n<td>Iepakojuma izm\u0113ri (GxPxA):<\/td>\n<td>21.5 x 20.3 x 8.5 cm<\/td>\n<\/tr>\n<tr>\n<td>Izejas z\u012bl\u012b&scaron;u diametrs<\/td>\n<td>4,2 mm<\/td>\n<\/tr>\n<tr>\n<td>Izm\u0113ri<\/td>\n<td>185x170x60 mm<\/td>\n<\/tr>\n<tr>\n<td>Iz&scaron;\u0137irtsp\u0113jas slieksnis, (arcsecundes)<\/td>\n<td>5,6<\/td>\n<\/tr>\n<tr>\n<td>Korpusa materi\u0101ls<\/td>\n<td>alum\u012bnijs<\/td>\n<\/tr>\n<tr>\n<td>Kr\u0113slas koeficients<\/td>\n<td>24,5<\/td>\n<\/tr>\n<tr>\n<td>Objekt\u012bva l\u0113cas diametrs (atv\u0113rums)<\/td>\n<td>50 mm<\/td>\n<\/tr>\n<tr>\n<td>Objekt\u012bvi<\/td>\n<td>tr\u012bs elementi div\u0101s grup\u0101s<\/td>\n<\/tr>\n<tr>\n<td>Okul\u0101ri<\/td>\n<td>tr\u012bs elementi div\u0101s grup\u0101s<\/td>\n<\/tr>\n<tr>\n<td>Okul\u0101ru dioptriju korekcija, dioptriju skala<\/td>\n<td>&plusmn;6<\/td>\n<\/tr>\n<tr>\n<td>Okul\u0101ru kausi\u0146i<\/td>\n<td>gumijas, folding<\/td>\n<\/tr>\n<tr>\n<td>Optikas materi\u0101ls<\/td>\n<td>BaK-4 stikla<\/td>\n<\/tr>\n<tr>\n<td>Optikas p\u0101rkl\u0101jums<\/td>\n<td>abpus\u0113js multi-p\u0101rkl\u0101jums<\/td>\n<\/tr>\n<tr>\n<td>Palielin\u0101jums<\/td>\n<td>12 x<\/td>\n<\/tr>\n<tr>\n<td>Piel\u0101gojams stat\u012bvam<\/td>\n<td>\u0435\u0441\u0442\u044c<\/td>\n<\/tr>\n<tr>\n<td>Ra\u017eot\u0101ja valsts<\/td>\n<td>PRC, controlled by Levenhuk, Inc. (USA)<\/td>\n<\/tr>\n<tr>\n<td>Redzes lauks<\/td>\n<td>5,4 &deg;<\/td>\n<\/tr>\n<tr>\n<td>Redzes lauks, m\/1000 m<\/td>\n<td>95<\/td>\n<\/tr>\n<tr>\n<td>Relat\u012bvais spilgtums<\/td>\n<td>17,6<\/td>\n<\/tr>\n<tr>\n<td>Starp-z\u012bl\u012b&scaron;u  att\u0101lums (IPD)<\/td>\n<td>50&ndash;74 mm<\/td>\n<\/tr>\n<tr>\n<td>Svars<\/td>\n<td>0,74 kg<\/td>\n<\/tr>\n<tr>\n<td>Tips<\/td>\n<td>Porro prizma<\/td>\n<\/tr>\n<tr>\n<td>Tuvais fokuss<\/td>\n<td>6 m<\/td>\n<\/tr>\n<tr>\n<td>\u016adens notur\u012bbas specifik\u0101cijas<\/td>\n<td>j\u0101 (class IPX6)<\/td>\n<\/tr>\n<\/tbody>\n<\/table>\n<p style=\"line-height: 1.38;margin-top: 0pt;margin-bottom: 0pt\" dir=\"ltr\"><span style=\"font-size: 11pt;font-family: Arial;color: #000000;background-color: #ffffff;font-weight: 400;font-style: normal;font-variant: normal;text-decoration: none;vertical-align: baseline\"><\/span><\/p>\n<\/div>\n","protected":false},"excerpt":{"rendered":"<p>&nbsp; Levenhuk Sherman BASE PLUS 12&#215;50 binoklis ir kompakta lauka nov\u0113ro&scaron;anas ier\u012bce, j\u016bs varat to \u0146emt l\u012bdzi ce\u013cojum\u0101 vai p\u0101rg\u0101jien\u0101. &Scaron;is vieglais modelis, viegli iek\u013caujas jebkur\u0101 ce\u013cojuma som\u0101. Dienas laik\u0101 &scaron;ie binok\u013ci, \u013cauj nov\u0113rot dabas un pils\u0113tas ainavas deta\u013c\u0101s. Kad j\u016bs mak&scaron;\u0137er\u0113jat, ce\u013cojat vai sporta pas\u0101kum\u0101 piedalieties vai nov\u0113rojat, &scaron;ie binok\u013ci ir \u013coti noder\u012bgi.Dizains balst\u012bts [&hellip;]<\/p>\n","protected":false},"featured_media":0,"template":"","meta":[],"product_brand":[3372],"product_cat":[4640,4938,4939],"product_tag":[],"class_list":{"0":"post-79339","1":"product","2":"type-product","3":"status-publish","5":"product_brand-levenhuk","6":"product_cat-recreation","7":"product_cat-optics-recreation","8":"product_cat-binoculars-optics-recreation","10":"first","11":"instock","12":"shipping-taxable","13":"purchasable","14":"product-type-simple"},"_links":{"self":[{"href":"https:\/\/sezona.lv\/en\/wp-json\/wp\/v2\/product\/79339","targetHints":{"allow":["GET"]}}],"collection":[{"href":"https:\/\/sezona.lv\/en\/wp-json\/wp\/v2\/product"}],"about":[{"href":"https:\/\/sezona.lv\/en\/wp-json\/wp\/v2\/types\/product"}],"wp:attachment":[{"href":"https:\/\/sezona.lv\/en\/wp-json\/wp\/v2\/media?parent=79339"}],"wp:term":[{"taxonomy":"product_brand","embeddable":true,"href":"https:\/\/sezona.lv\/en\/wp-json\/wp\/v2\/product_brand?post=79339"},{"taxonomy":"product_cat","embeddable":true,"href":"https:\/\/sezona.lv\/en\/wp-json\/wp\/v2\/product_cat?post=79339"},{"taxonomy":"product_tag","embeddable":true,"href":"https:\/\/sezona.lv\/en\/wp-json\/wp\/v2\/product_tag?post=79339"}],"curies":[{"name":"wp","href":"https:\/\/api.w.org\/{rel}","templated":true}]}}