{"id":79340,"date":"2025-07-14T15:38:33","date_gmt":"2025-07-14T12:38:33","guid":{"rendered":"https:\/\/demo8.ecube.lv\/sezona.lv\/products\/bresser-national-geographics-8-24x50-mitrumizturigs-binoklis\/"},"modified":"2025-07-14T15:38:33","modified_gmt":"2025-07-14T12:38:33","slug":"bresser-national-geographics-8-24x50-mitrumizturigs-binoklis","status":"publish","type":"product","link":"https:\/\/sezona.lv\/en\/products\/bresser-national-geographics-8-24x50-mitrumizturigs-binoklis\/","title":{"rendered":"Bresser National Geographics 8-24&#215;50 Mitrumiztur\u012bgs binoklis"},"content":{"rendered":"<p style=\"margin-top: 0pt;margin-bottom: 0pt;line-height: 1.2\" dir=\"ltr\"><span style=\"font-size: 11pt;font-family: Arial;color: #000000;background-color: transparent;vertical-align: baseline\">National Geographic 8-24&#215;50 Porro<\/span><\/p>\n<p>&nbsp;<\/p>\n<p style=\"margin-top: 0pt;margin-bottom: 0pt;line-height: 1.38\" dir=\"ltr\">&nbsp;<\/p>\n<p style=\"line-height: 1.38;margin-top: 0pt;margin-bottom: 0pt\" dir=\"ltr\"><span style=\"font-size: 11pt;font-family: Arial;color: #212121;background-color: #ffffff;font-weight: 400;font-style: normal;font-variant: normal;text-decoration: none;vertical-align: baseline\">&Scaron;ie porro-prismu binok\u013ci pied\u0101v\u0101 pievilc\u012bgu t\u0101lummai\u0146as funkciju. Pateicoties main\u012bgam palielin\u0101jumam, &scaron;os binok\u013cus var izmantot daudz\u0101m jom\u0101m. Piln\u012bgi p\u0101rkl\u0101ta optika garant\u0113 izteikti liel\u0101ku gaismas caurlaid\u012bbu caur stiklu, t\u0101d\u0113j\u0101di palielinot kr\u0101su precizit\u0101ti un kontrastu. Dioptru kompens\u0101cija ir tipiska. Ilg\u0101kiem nov\u0113rojumiem ir iestr\u0101d\u0101ts stat\u012bvs-adaptera v\u012btne.<\/span><\/p>\n<p style=\"line-height: 1.38;margin-top: 0pt;margin-bottom: 0pt\" dir=\"ltr\"><span style=\"font-size: 11pt;font-family: Arial;color: #212121;background-color: #ffffff;font-style: normal;text-decoration: none;vertical-align: baseline;font-weight: bold\"><br \/><\/span><\/p>\n<p style=\"line-height: 1.38;margin-top: 0pt;margin-bottom: 0pt\" dir=\"ltr\"><span style=\"color: #212121;font-family: Arial;font-size: 14.6667px;font-weight: bold\">Komplekt\u0101 ietilpst:<\/span><\/p>\n<p style=\"line-height: 1.38;margin-top: 0pt;margin-bottom: 0pt\" dir=\"ltr\"><span style=\"color: #212121;font-family: Arial;font-size: 14.6667px\">Neilona soma<\/span><\/p>\n<p style=\"line-height: 1.38;margin-top: 0pt;margin-bottom: 0pt\" dir=\"ltr\"><span style=\"color: #212121;font-family: Arial;font-size: 14.6667px\">Kakla siksna<\/span><\/p>\n<p style=\"line-height: 1.38;margin-top: 0pt;margin-bottom: 0pt\" dir=\"ltr\"><span style=\"color: #212121;font-family: Arial;font-size: 14.6667px\">Rokasgr\u0101mata<\/span><\/p>\n<p style=\"margin-top: 0pt;margin-bottom: 0pt;line-height: 1.38\" dir=\"ltr\"><span style=\"font-size: 11pt;font-family: Arial;color: #000000;background-color: transparent;vertical-align: baseline\"><br \/><\/span><\/p>\n<p style=\"margin-top: 0pt;margin-bottom: 0pt;line-height: 1.38\" dir=\"ltr\"><span style=\"font-size: 11pt;font-family: Arial;color: #000000;background-color: transparent;vertical-align: baseline\"><\/span><\/p>\n<table style=\"background-color: #ffffff;font-size: 10pt;font-family: arial, sans, sans-serif;width: 0px;border: none\" dir=\"ltr\" border=\"1\" cellspacing=\"0\" cellpadding=\"0\">\n<colgroup>\n<col width=\"164\"><\/col>\n<col width=\"143\"><\/col>\n<\/colgroup>\n<tbody>\n<tr style=\"height: 21px\">\n<td style=\"padding: 2px 3px;border-color: #0dc7ff;overflow: hidden;vertical-align: bottom;background-color: #0dc7ff;font-family: Arial;font-size: 11pt;font-weight: bold;color: #edf5f9;text-align: center\" colspan=\"2\">Optical System<\/td>\n<\/tr>\n<tr style=\"height: 21px\">\n<td style=\"padding: 2px 3px;border-right-color: #0dc7ff;border-bottom-color: #0dc7ff;border-left-color: #0dc7ff;overflow: hidden;vertical-align: top;font-family: Arial;font-size: 11pt;color: #222222\">Objective Lens Diameter<\/td>\n<td style=\"padding: 2px 3px;border-right-color: #0dc7ff;border-bottom-color: #0dc7ff;overflow: hidden;vertical-align: top;font-family: Arial;font-size: 11pt;color: #222222\">50 mm<\/td>\n<\/tr>\n<tr style=\"height: 21px\">\n<td style=\"padding: 2px 3px;border-right-color: #0dc7ff;border-bottom-color: #0dc7ff;border-left-color: #0dc7ff;overflow: hidden;vertical-align: top;font-family: Arial;font-size: 11pt;color: #222222\">Special Functions<\/td>\n<td style=\"padding: 2px 3px;border-right-color: #0dc7ff;border-bottom-color: #0dc7ff;overflow: hidden;vertical-align: top;font-family: Arial;font-size: 11pt;color: #222222\">Zoom<\/td>\n<\/tr>\n<tr style=\"height: 21px\">\n<td style=\"padding: 2px 3px;border-right-color: #0dc7ff;border-bottom-color: #0dc7ff;border-left-color: #0dc7ff;overflow: hidden;vertical-align: top;font-family: Arial;font-size: 11pt;color: #222222\">Prism System<\/td>\n<td style=\"padding: 2px 3px;border-right-color: #0dc7ff;border-bottom-color: #0dc7ff;overflow: hidden;vertical-align: top;font-family: Arial;font-size: 11pt;color: #222222\">Porro<\/td>\n<\/tr>\n<tr style=\"height: 21px\">\n<td style=\"padding: 2px 3px;border-right-color: #0dc7ff;border-bottom-color: #0dc7ff;border-left-color: #0dc7ff;overflow: hidden;vertical-align: top;font-family: Arial;font-size: 11pt;color: #222222\">Focus System<\/td>\n<td style=\"padding: 2px 3px;border-right-color: #0dc7ff;border-bottom-color: #0dc7ff;overflow: hidden;vertical-align: top;font-family: Arial;font-size: 11pt;color: #222222\">Center focus<\/td>\n<\/tr>\n<tr style=\"height: 21px\">\n<td style=\"padding: 2px 3px;border-right-color: #0dc7ff;border-bottom-color: #0dc7ff;border-left-color: #0dc7ff;overflow: hidden;vertical-align: top;font-family: Arial;font-size: 11pt;color: #222222\">Magnification<\/td>\n<td style=\"padding: 2px 3px;border-right-color: #0dc7ff;border-bottom-color: #0dc7ff;overflow: hidden;vertical-align: top;font-family: Arial;font-size: 11pt;color: #222222\">8-24 x<\/td>\n<\/tr>\n<tr style=\"height: 21px\">\n<td style=\"padding: 2px 3px;border-right-color: #0dc7ff;border-bottom-color: #0dc7ff;border-left-color: #0dc7ff;overflow: hidden;vertical-align: top;font-family: Arial;font-size: 11pt;color: #222222\">Lens Coating<\/td>\n<td style=\"padding: 2px 3px;border-right-color: #0dc7ff;border-bottom-color: #0dc7ff;overflow: hidden;vertical-align: top;font-family: Arial;font-size: 11pt;color: #222222\">Fully coated<\/td>\n<\/tr>\n<tr style=\"height: 21px\">\n<td style=\"padding: 2px 3px;border-right-color: #0dc7ff;border-bottom-color: #0dc7ff;border-left-color: #0dc7ff;overflow: hidden;vertical-align: top;font-family: Arial;font-size: 11pt;color: #222222\">Features<\/td>\n<td style=\"padding: 2px 3px;border-right-color: #0dc7ff;border-bottom-color: #0dc7ff;overflow: hidden;vertical-align: top;font-family: Arial;font-size: 11pt;color: #222222\">Built-in tripod adapter<\/td>\n<\/tr>\n<tr style=\"height: 21px\">\n<td style=\"padding: 2px 3px;border-right-color: #0dc7ff;border-bottom-color: #0dc7ff;border-left-color: #0dc7ff;overflow: hidden;vertical-align: bottom;background-color: #0dc7ff;font-family: Arial;font-size: 11pt;font-weight: bold;color: #ffffff;text-align: center\" colspan=\"2\">Miscellaneous<\/td>\n<\/tr>\n<tr style=\"height: 21px\">\n<td style=\"padding: 2px 3px;border-right-color: #0dc7ff;border-bottom-color: #0dc7ff;border-left-color: #0dc7ff;overflow: hidden;vertical-align: top;font-family: Arial;font-size: 11pt;color: #222222\">Carrying Case<\/td>\n<td style=\"padding: 2px 3px;border-right-color: #0dc7ff;border-bottom-color: #0dc7ff;overflow: hidden;vertical-align: top;font-family: Arial;font-size: 11pt;color: #222222\">Pouch<\/td>\n<\/tr>\n<tr style=\"height: 21px\">\n<td style=\"padding: 2px 3px;border-right-color: #0dc7ff;border-bottom-color: #0dc7ff;border-left-color: #0dc7ff;overflow: hidden;vertical-align: top;font-family: Arial;font-size: 11pt;color: #222222\">Included Accessories<\/td>\n<td style=\"padding: 2px 3px;border-right-color: #0dc7ff;border-bottom-color: #0dc7ff;overflow: hidden;vertical-align: top;font-family: Arial;font-size: 11pt;color: #222222\">Neck strap<\/td>\n<\/tr>\n<\/tbody>\n<\/table>\n","protected":false},"excerpt":{"rendered":"<p>National Geographic 8-24&#215;50 Porro &nbsp; &nbsp; &Scaron;ie porro-prismu binok\u013ci pied\u0101v\u0101 pievilc\u012bgu t\u0101lummai\u0146as funkciju. Pateicoties main\u012bgam palielin\u0101jumam, &scaron;os binok\u013cus var izmantot daudz\u0101m jom\u0101m. Piln\u012bgi p\u0101rkl\u0101ta optika garant\u0113 izteikti liel\u0101ku gaismas caurlaid\u012bbu caur stiklu, t\u0101d\u0113j\u0101di palielinot kr\u0101su precizit\u0101ti un kontrastu. Dioptru kompens\u0101cija ir tipiska. Ilg\u0101kiem nov\u0113rojumiem ir iestr\u0101d\u0101ts stat\u012bvs-adaptera v\u012btne. Komplekt\u0101 ietilpst: Neilona soma Kakla siksna Rokasgr\u0101mata [&hellip;]<\/p>\n","protected":false},"featured_media":0,"template":"","meta":[],"product_brand":[],"product_cat":[4640,4938,4939],"product_tag":[],"class_list":{"0":"post-79340","1":"product","2":"type-product","3":"status-publish","5":"product_cat-recreation","6":"product_cat-optics-recreation","7":"product_cat-binoculars-optics-recreation","9":"first","10":"instock","11":"shipping-taxable","12":"purchasable","13":"product-type-simple"},"_links":{"self":[{"href":"https:\/\/sezona.lv\/en\/wp-json\/wp\/v2\/product\/79340","targetHints":{"allow":["GET"]}}],"collection":[{"href":"https:\/\/sezona.lv\/en\/wp-json\/wp\/v2\/product"}],"about":[{"href":"https:\/\/sezona.lv\/en\/wp-json\/wp\/v2\/types\/product"}],"wp:attachment":[{"href":"https:\/\/sezona.lv\/en\/wp-json\/wp\/v2\/media?parent=79340"}],"wp:term":[{"taxonomy":"product_brand","embeddable":true,"href":"https:\/\/sezona.lv\/en\/wp-json\/wp\/v2\/product_brand?post=79340"},{"taxonomy":"product_cat","embeddable":true,"href":"https:\/\/sezona.lv\/en\/wp-json\/wp\/v2\/product_cat?post=79340"},{"taxonomy":"product_tag","embeddable":true,"href":"https:\/\/sezona.lv\/en\/wp-json\/wp\/v2\/product_tag?post=79340"}],"curies":[{"name":"wp","href":"https:\/\/api.w.org\/{rel}","templated":true}]}}