{"id":79341,"date":"2025-07-14T15:38:34","date_gmt":"2025-07-14T12:38:34","guid":{"rendered":"https:\/\/demo8.ecube.lv\/sezona.lv\/products\/bresser-national-geographics-8x42-mitrumizturigs-binoklis\/"},"modified":"2025-07-14T15:38:34","modified_gmt":"2025-07-14T12:38:34","slug":"bresser-national-geographics-8x42-mitrumizturigs-binoklis","status":"publish","type":"product","link":"https:\/\/sezona.lv\/en\/products\/bresser-national-geographics-8x42-mitrumizturigs-binoklis\/","title":{"rendered":"Bresser National Geographics 8&#215;42 Mitrumiztur\u012bgs Binoklis"},"content":{"rendered":"<p style=\"line-height: 1.38;margin-top: 0pt;margin-bottom: 0pt\" dir=\"ltr\"><span style=\"font-size: 11pt;font-family: Arial;color: #000000;background-color: transparent;font-weight: 400;font-style: normal;font-variant: normal;text-decoration: none;vertical-align: baseline\">&Scaron;is binoklis ir lieliski piem\u0113rot med\u012bb\u0101m , putnu v\u0113ro&scaron;anai, ce\u013cojumiem. Tas ir kompakts un \u0113rts. Tam ir ROOF prizmas, un dioptrijas var noregul\u0113t l\u012bdz +\/-2. Augstas kvalit\u0101tes stikli nodro&scaron;in\u0101s gai&scaron;u att\u0113lu un augstu gaismas caurlaid\u012bbu. To Iesp\u0113jams uzlikt ar\u012b uz stat\u012bva.<\/span><\/p>\n<p><span id=\"docs-internal-guid-e623f1cd-e5dd-374d-7142-ddace06ad86c\"><br \/><\/span><\/p>\n<p style=\"line-height: 1.38;margin-top: 0pt;margin-bottom: 0pt\" dir=\"ltr\"><span style=\"font-size: 12pt;font-family: Arial;color: #212121;background-color: #ffffff;font-weight: 700;font-style: normal;font-variant: normal;text-decoration: none;vertical-align: baseline\">Funkcijas:<\/span><span style=\"font-size: 12pt;font-family: Arial;color: #212121;background-color: #ffffff;font-weight: 400;font-style: normal;font-variant: normal;text-decoration: none;vertical-align: baseline\"><br class=\"kix-line-break\" \/><\/span><span style=\"font-size: 12pt;font-family: Arial;color: #212121;background-color: #ffffff;font-weight: 400;font-style: normal;font-variant: normal;text-decoration: none;vertical-align: baseline\">Piln\u012bb\u0101 p\u0101rkl\u0101ta optika<\/span><\/p>\n<p style=\"line-height: 1.38;margin-top: 0pt;margin-bottom: 0pt\" dir=\"ltr\"><span style=\"font-size: 12pt;font-family: Arial;color: #212121;background-color: #ffffff;font-weight: 400;font-style: normal;font-variant: normal;text-decoration: none;vertical-align: baseline\">Dioptrijas korekcija &plusmn; 2<\/span><span style=\"font-size: 12pt;font-family: Arial;color: #212121;background-color: #ffffff;font-weight: 400;font-style: normal;font-variant: normal;text-decoration: none;vertical-align: baseline\"><br class=\"kix-line-break\" \/><\/span><span style=\"font-size: 12pt;font-family: Arial;color: #212121;background-color: #ffffff;font-weight: 400;font-style: normal;font-variant: normal;text-decoration: none;vertical-align: baseline\">Gumijots, Bru\u0146ots korpuss<\/span><\/p>\n<p style=\"margin-top: 0pt;margin-bottom: 0pt;line-height: 1.38\" dir=\"ltr\">&nbsp;<\/p>\n<p style=\"line-height: 1.38;margin-top: 0pt;margin-bottom: 0pt\" dir=\"ltr\"><span style=\"font-size: 12pt;font-family: Arial;color: #212121;background-color: #ffffff;font-weight: 400;font-style: normal;font-variant: normal;text-decoration: none;vertical-align: baseline\">Trikot\u0101\u017eas v\u012btne<\/span><span style=\"font-size: 12pt;font-family: Arial;color: #212121;background-color: #ffffff;font-weight: 400;font-style: normal;font-variant: normal;text-decoration: none;vertical-align: baseline\"><br class=\"kix-line-break\" \/><\/span><span style=\"font-size: 12pt;font-family: Arial;color: #212121;background-color: #ffffff;font-weight: 400;font-style: normal;font-variant: normal;text-decoration: none;vertical-align: baseline\"><br class=\"kix-line-break\" \/><\/span><span style=\"font-size: 12pt;font-family: Arial;color: #212121;background-color: #ffffff;font-weight: 700;font-style: normal;font-variant: normal;text-decoration: none;vertical-align: baseline\">Komplekt\u0101 ietilpst:<\/span><span style=\"font-size: 12pt;font-family: Arial;color: #212121;background-color: #ffffff;font-weight: 400;font-style: normal;font-variant: normal;text-decoration: none;vertical-align: baseline\"><br class=\"kix-line-break\" \/><\/span><span style=\"font-size: 12pt;font-family: Arial;color: #212121;background-color: #ffffff;font-weight: 400;font-style: normal;font-variant: normal;text-decoration: none;vertical-align: baseline\">Binok\u013ci<\/span><span style=\"font-size: 12pt;font-family: Arial;color: #212121;background-color: #ffffff;font-weight: 400;font-style: normal;font-variant: normal;text-decoration: none;vertical-align: baseline\"><br class=\"kix-line-break\" \/><\/span><span style=\"font-size: 12pt;font-family: Arial;color: #212121;background-color: #ffffff;font-weight: 400;font-style: normal;font-variant: normal;text-decoration: none;vertical-align: baseline\">Neilona soma<\/span><span style=\"font-size: 12pt;font-family: Arial;color: #212121;background-color: #ffffff;font-weight: 400;font-style: normal;font-variant: normal;text-decoration: none;vertical-align: baseline\"><br class=\"kix-line-break\" \/><\/span><span style=\"font-size: 12pt;font-family: Arial;color: #212121;background-color: #ffffff;font-weight: 400;font-style: normal;font-variant: normal;text-decoration: none;vertical-align: baseline\">Siksna<\/span><span style=\"font-size: 12pt;font-family: Arial;color: #212121;background-color: #ffffff;font-weight: 400;font-style: normal;font-variant: normal;text-decoration: none;vertical-align: baseline\"><br class=\"kix-line-break\" \/><\/span><span style=\"font-size: 12pt;font-family: Arial;color: #212121;background-color: #ffffff;font-weight: 400;font-style: normal;font-variant: normal;text-decoration: none;vertical-align: baseline\">Rokasgr\u0101mata<\/span><\/p>\n<p>&nbsp;<\/p>\n<table style=\"background-color: #ffffff;font-size: 10pt;font-family: arial, sans, sans-serif;width: 0px;border: none\" dir=\"ltr\" border=\"1\" cellspacing=\"0\" cellpadding=\"0\">\n<colgroup>\n<col width=\"210\"><\/col>\n<col width=\"238\"><\/col>\n<\/colgroup>\n<tbody>\n<tr style=\"height: 21px\">\n<td style=\"padding: 2px 3px;border-color: #0dc7ff;overflow: hidden;vertical-align: top;background-color: #0dc7ff;font-family: Arial;font-size: 11pt;font-weight: bold;color: #ffffff;text-align: center\" colspan=\"2\">OPTICAL SPECIFICATIONS<\/td>\n<\/tr>\n<tr style=\"height: 21px\">\n<td style=\"padding: 2px 3px;border-right-color: #0dc7ff;border-bottom-color: #0dc7ff;border-left-color: #0dc7ff;overflow: hidden;vertical-align: top;font-family: Arial;font-size: 11pt;font-weight: bold;color: #000000\">Optical design<\/td>\n<td style=\"padding: 2px 3px;border-right-color: #0dc7ff;border-bottom-color: #0dc7ff;overflow: hidden;vertical-align: top;font-family: Arial;font-size: 11pt;color: #000000\">Roof<\/td>\n<\/tr>\n<tr style=\"height: 21px\">\n<td style=\"padding: 2px 3px;border-right-color: #0dc7ff;border-bottom-color: #0dc7ff;border-left-color: #0dc7ff;overflow: hidden;vertical-align: top;font-family: Arial;font-size: 11pt;font-weight: bold;color: #000000\">Magnification<\/td>\n<td style=\"padding: 2px 3px;border-right-color: #0dc7ff;border-bottom-color: #0dc7ff;overflow: hidden;vertical-align: top;font-family: Arial;font-size: 11pt;color: #000000\">8 fixed<\/td>\n<\/tr>\n<tr style=\"height: 21px\">\n<td style=\"padding: 2px 3px;border-right-color: #0dc7ff;border-bottom-color: #0dc7ff;border-left-color: #0dc7ff;overflow: hidden;vertical-align: top;font-family: Arial;font-size: 11pt;font-weight: bold;color: #000000\">Objective diameter<\/td>\n<td style=\"padding: 2px 3px;border-right-color: #0dc7ff;border-bottom-color: #0dc7ff;overflow: hidden;vertical-align: top;font-family: Arial;font-size: 11pt;color: #000000\">42 mm<\/td>\n<\/tr>\n<tr style=\"height: 21px\">\n<td style=\"padding: 2px 3px;border-right-color: #0dc7ff;border-bottom-color: #0dc7ff;border-left-color: #0dc7ff;overflow: hidden;vertical-align: top;font-family: Arial;font-size: 11pt;font-weight: bold;color: #000000\">Type of coating<\/td>\n<td style=\"padding: 2px 3px;border-right-color: #0dc7ff;border-bottom-color: #0dc7ff;overflow: hidden;vertical-align: top;font-family: Arial;font-size: 11pt;color: #000000\">Fully coated<\/td>\n<\/tr>\n<tr style=\"height: 21px\">\n<td style=\"padding: 2px 3px;border-right-color: #0dc7ff;border-bottom-color: #0dc7ff;border-left-color: #0dc7ff;overflow: hidden;vertical-align: top;font-family: Arial;font-size: 11pt;font-weight: bold;color: #000000\">Diopter setting<\/td>\n<td style=\"padding: 2px 3px;border-right-color: #0dc7ff;border-bottom-color: #0dc7ff;overflow: hidden;vertical-align: top;font-family: Arial;font-size: 11pt;color: #000000\">\u2713<\/td>\n<\/tr>\n<tr style=\"height: 21px\">\n<td style=\"padding: 2px 3px;border-right-color: #0dc7ff;border-bottom-color: #0dc7ff;border-left-color: #0dc7ff;overflow: hidden;vertical-align: top;font-family: Arial;font-size: 11pt;font-weight: bold;color: #000000\">Field of view at 1000m<\/td>\n<td style=\"padding: 2px 3px;border-right-color: #0dc7ff;border-bottom-color: #0dc7ff;overflow: hidden;vertical-align: top;font-family: Arial;font-size: 11pt;color: #000000\">110 m<\/td>\n<\/tr>\n<tr style=\"height: 21px\">\n<td style=\"padding: 2px 3px;border-right-color: #0dc7ff;border-bottom-color: #0dc7ff;border-left-color: #0dc7ff;overflow: hidden;vertical-align: top;font-family: Arial;font-size: 11pt;font-weight: bold;color: #000000\">Field of view<\/td>\n<td style=\"padding: 2px 3px;border-right-color: #0dc7ff;border-bottom-color: #0dc7ff;overflow: hidden;vertical-align: top;font-family: Arial;font-size: 11pt;color: #000000\">6.29 degrees<\/td>\n<\/tr>\n<tr style=\"height: 21px\">\n<td style=\"padding: 2px 3px;border-right-color: #0dc7ff;border-bottom-color: #0dc7ff;border-left-color: #0dc7ff;overflow: hidden;vertical-align: top;font-family: Arial;font-size: 11pt;font-weight: bold;color: #000000\">Light intensity<\/td>\n<td style=\"padding: 2px 3px;border-right-color: #0dc7ff;border-bottom-color: #0dc7ff;overflow: hidden;vertical-align: top;font-family: Arial;font-size: 11pt;color: #000000\">27.56<\/td>\n<\/tr>\n<tr style=\"height: 21px\">\n<td style=\"padding: 2px 3px;border-right-color: #0dc7ff;border-bottom-color: #0dc7ff;border-left-color: #0dc7ff;overflow: hidden;vertical-align: top;font-family: Arial;font-size: 11pt;font-weight: bold;color: #000000\">Twilight factor<\/td>\n<td style=\"padding: 2px 3px;border-right-color: #0dc7ff;border-bottom-color: #0dc7ff;overflow: hidden;vertical-align: top;font-family: Arial;font-size: 11pt;color: #000000\">18.33<\/td>\n<\/tr>\n<tr style=\"height: 21px\">\n<td style=\"padding: 2px 3px;border-right-color: #0dc7ff;border-bottom-color: #0dc7ff;border-left-color: #0dc7ff;overflow: hidden;vertical-align: top;background-color: #0dc7ff;font-family: Arial;font-size: 11pt;font-weight: bold;color: #ffffff;text-align: center\" colspan=\"2\">GENERAL TECHNICAL DATA<\/td>\n<\/tr>\n<tr style=\"height: 21px\">\n<td style=\"padding: 2px 3px;border-right-color: #0dc7ff;border-bottom-color: #0dc7ff;border-left-color: #0dc7ff;overflow: hidden;vertical-align: top;font-family: Arial;font-size: 11pt;font-weight: bold;color: #000000\">Focusing system<\/td>\n<td style=\"padding: 2px 3px;border-right-color: #0dc7ff;border-bottom-color: #0dc7ff;overflow: hidden;vertical-align: top;font-family: Arial;font-size: 11pt;color: #000000\">Central focus wheel<\/td>\n<\/tr>\n<tr style=\"height: 21px\">\n<td style=\"padding: 2px 3px;border-right-color: #0dc7ff;border-bottom-color: #0dc7ff;border-left-color: #0dc7ff;overflow: hidden;vertical-align: top;font-family: Arial;font-size: 11pt;font-weight: bold;color: #000000\">Eyecups<\/td>\n<td style=\"padding: 2px 3px;border-right-color: #0dc7ff;border-bottom-color: #0dc7ff;overflow: hidden;vertical-align: top;font-family: Arial;font-size: 11pt;color: #000000\">TwistUp eyecups<\/td>\n<\/tr>\n<tr style=\"height: 21px\">\n<td style=\"padding: 2px 3px;border-right-color: #0dc7ff;border-bottom-color: #0dc7ff;border-left-color: #0dc7ff;overflow: hidden;vertical-align: top;font-family: Arial;font-size: 11pt;font-weight: bold;color: #000000\">Interpupilar distance min.<\/td>\n<td style=\"padding: 2px 3px;border-right-color: #0dc7ff;border-bottom-color: #0dc7ff;overflow: hidden;vertical-align: top;font-family: Arial;font-size: 11pt;color: #000000\">73.69 mm<\/td>\n<\/tr>\n<tr style=\"height: 21px\">\n<td style=\"padding: 2px 3px;border-right-color: #0dc7ff;border-bottom-color: #0dc7ff;border-left-color: #0dc7ff;overflow: hidden;vertical-align: top;font-family: Arial;font-size: 11pt;font-weight: bold;color: #000000\">Interpupilar distance max.<\/td>\n<td style=\"padding: 2px 3px;border-right-color: #0dc7ff;border-bottom-color: #0dc7ff;overflow: hidden;vertical-align: top;font-family: Arial;font-size: 11pt;color: #000000\">73.69 mm<\/td>\n<\/tr>\n<tr style=\"height: 21px\">\n<td style=\"padding: 2px 3px;border-right-color: #0dc7ff;border-bottom-color: #0dc7ff;border-left-color: #0dc7ff;overflow: hidden;vertical-align: top;font-family: Arial;font-size: 11pt;font-weight: bold;color: #000000\">Colour<\/td>\n<td style=\"padding: 2px 3px;border-right-color: #0dc7ff;border-bottom-color: #0dc7ff;overflow: hidden;vertical-align: top;font-family: Arial;font-size: 11pt;color: #000000\">black<\/td>\n<\/tr>\n<tr style=\"height: 21px\">\n<td style=\"padding: 2px 3px;border-right-color: #0dc7ff;border-bottom-color: #0dc7ff;border-left-color: #0dc7ff;overflow: hidden;vertical-align: top;font-family: Arial;font-size: 11pt;font-weight: bold;color: #000000\">Body material<\/td>\n<td style=\"padding: 2px 3px;border-right-color: #0dc7ff;border-bottom-color: #0dc7ff;overflow: hidden;vertical-align: top;font-family: Arial;font-size: 11pt;color: #000000\">Plastic<\/td>\n<\/tr>\n<tr style=\"height: 21px\">\n<td style=\"padding: 2px 3px;border-right-color: #0dc7ff;border-bottom-color: #0dc7ff;border-left-color: #0dc7ff;overflow: hidden;vertical-align: top;font-family: Arial;font-size: 11pt;font-weight: bold;color: #000000\">Body armouring<\/td>\n<td style=\"padding: 2px 3px;border-right-color: #0dc7ff;border-bottom-color: #0dc7ff;overflow: hidden;vertical-align: top;font-family: Arial;font-size: 11pt;color: #000000\">Rubber\/Plastic<\/td>\n<\/tr>\n<tr style=\"height: 21px\">\n<td style=\"padding: 2px 3px;border-right-color: #0dc7ff;border-bottom-color: #0dc7ff;border-left-color: #0dc7ff;overflow: hidden;vertical-align: top;font-family: Arial;font-size: 11pt;font-weight: bold;color: #000000\">Dust protection caps<\/td>\n<td style=\"padding: 2px 3px;border-right-color: #0dc7ff;border-bottom-color: #0dc7ff;overflow: hidden;vertical-align: top;font-family: Arial;font-size: 11pt;color: #000000\">dust caps for eyepiece and objective<\/td>\n<\/tr>\n<\/tbody>\n<\/table>\n","protected":false},"excerpt":{"rendered":"<p>&Scaron;is binoklis ir lieliski piem\u0113rot med\u012bb\u0101m , putnu v\u0113ro&scaron;anai, ce\u013cojumiem. Tas ir kompakts un \u0113rts. Tam ir ROOF prizmas, un dioptrijas var noregul\u0113t l\u012bdz +\/-2. Augstas kvalit\u0101tes stikli nodro&scaron;in\u0101s gai&scaron;u att\u0113lu un augstu gaismas caurlaid\u012bbu. To Iesp\u0113jams uzlikt ar\u012b uz stat\u012bva. Funkcijas:Piln\u012bb\u0101 p\u0101rkl\u0101ta optika Dioptrijas korekcija &plusmn; 2Gumijots, Bru\u0146ots korpuss &nbsp; Trikot\u0101\u017eas v\u012btneKomplekt\u0101 ietilpst:Binok\u013ciNeilona somaSiksnaRokasgr\u0101mata [&hellip;]<\/p>\n","protected":false},"featured_media":0,"template":"","meta":[],"product_brand":[],"product_cat":[4640,4938,4939],"product_tag":[],"class_list":{"0":"post-79341","1":"product","2":"type-product","3":"status-publish","5":"product_cat-recreation","6":"product_cat-optics-recreation","7":"product_cat-binoculars-optics-recreation","9":"first","10":"instock","11":"shipping-taxable","12":"purchasable","13":"product-type-simple"},"_links":{"self":[{"href":"https:\/\/sezona.lv\/en\/wp-json\/wp\/v2\/product\/79341","targetHints":{"allow":["GET"]}}],"collection":[{"href":"https:\/\/sezona.lv\/en\/wp-json\/wp\/v2\/product"}],"about":[{"href":"https:\/\/sezona.lv\/en\/wp-json\/wp\/v2\/types\/product"}],"wp:attachment":[{"href":"https:\/\/sezona.lv\/en\/wp-json\/wp\/v2\/media?parent=79341"}],"wp:term":[{"taxonomy":"product_brand","embeddable":true,"href":"https:\/\/sezona.lv\/en\/wp-json\/wp\/v2\/product_brand?post=79341"},{"taxonomy":"product_cat","embeddable":true,"href":"https:\/\/sezona.lv\/en\/wp-json\/wp\/v2\/product_cat?post=79341"},{"taxonomy":"product_tag","embeddable":true,"href":"https:\/\/sezona.lv\/en\/wp-json\/wp\/v2\/product_tag?post=79341"}],"curies":[{"name":"wp","href":"https:\/\/api.w.org\/{rel}","templated":true}]}}