{"id":79344,"date":"2025-07-14T15:38:36","date_gmt":"2025-07-14T12:38:36","guid":{"rendered":"https:\/\/demo8.ecube.lv\/sezona.lv\/products\/bresser-condor-10x32-plus-kompakts-mitrumizturigs-binoklis\/"},"modified":"2025-07-14T15:38:36","modified_gmt":"2025-07-14T12:38:36","slug":"bresser-condor-10x32-plus-kompakts-mitrumizturigs-binoklis","status":"publish","type":"product","link":"https:\/\/sezona.lv\/en\/products\/bresser-condor-10x32-plus-kompakts-mitrumizturigs-binoklis\/","title":{"rendered":"Bresser Condor 10&#215;32 Plus Kompakts Mitrumiztur\u012bgs Binoklis"},"content":{"rendered":"<p style=\"margin-bottom: 15px;line-height: 1.8em\"><span style=\"color: #222222;font-family: Verdana, Arial, sans-serif;font-size: 15.4px;font-weight: bold\">Bresser Condor 10&#215;32 Plus Kompakts Mitrumiztur\u012bgs Roof Prizmas Binoklis ar Dzidrin\u0101tiem BAK4 Jaun\u0101s Paaudzes Stikliem<\/span><\/p>\n<p style=\"margin-bottom: 15px;line-height: 1.8em\"><span style=\"color: #222222;font-family: Verdana, Arial, sans-serif;font-size: 15.4px;font-weight: bold\"> <\/span><\/p>\n<p style=\"margin-bottom: 15px;line-height: 1.2\"><span style=\"color: #222222;font-family: Verdana, Arial, sans-serif;font-size: 15.4px\">Augstas kvalit\u0101tes \u016bdensiztur\u012bgs binoklis ar BAK4 stikla prizm\u0101m. <\/span><\/p>\n<p style=\"margin-bottom: 15px;line-height: 1.2\"><span style=\"color: #222222;font-family: Verdana, Arial, sans-serif;font-size: 15.4px\">Tas  ir paredz\u0113ts v\u0113ro&scaron;anai kr\u0113slas un nepietiekamas redzam\u012bbas apst\u0101k\u013cos  atrodoties kust\u012bb\u0101, jo to l\u0113c\u0101m ir speci\u0101ls p\u0101rkl\u0101jums, kas pat neliel\u0101  pustums\u0101 sniegs dzidrus un kvalitat\u012bvus att\u0113lus. <\/span><\/p>\n<p style=\"margin-bottom: 15px;line-height: 1.2\"><span style=\"color: #222222;font-family: Verdana, Arial, sans-serif;font-size: 15.4px\">Tas sver 584 gramus un piem\u0113rots medniekiem, \u012bpa&scaron;uma aizsardz\u012bbai un cit\u0101m aktivit\u0101t\u0113m agros r\u012btos vai pievakar\u0113s.<\/span><\/p>\n<table class=\"table table-bordered\" style=\"background-color: #ffffff;width: 813.333px;margin-bottom: 20px;color: #222222;font-family: Arial;font-size: 12px\" border=\"0\">\n<thead>\n<tr>\n<td style=\"line-height: 1.42857;vertical-align: top\" colspan=\"2\">Atrib\u016bti<\/td>\n<\/tr>\n<\/thead>\n<tbody>\n<tr>\n<td style=\"line-height: 1.42857;vertical-align: top\">Acu reljefs<\/td>\n<td style=\"line-height: 1.42857;vertical-align: top\">56mm<\/td>\n<\/tr>\n<tr>\n<td style=\"line-height: 1.42857;vertical-align: top\">Fokus\u0113&scaron;anas sist\u0113ma<\/td>\n<td style=\"line-height: 1.42857;vertical-align: top\">Centrs<\/td>\n<\/tr>\n<tr>\n<td style=\"line-height: 1.42857;vertical-align: top\">Izm\u0113ri<\/td>\n<td style=\"line-height: 1.42857;vertical-align: top\">132x125x50mm<\/td>\n<\/tr>\n<tr>\n<td style=\"line-height: 1.42857;vertical-align: top\">Korpuss<\/td>\n<td style=\"line-height: 1.42857;vertical-align: top\">Ciet\u0101 gumija (alum\u012bnija korpuss)<\/td>\n<\/tr>\n<tr>\n<td style=\"line-height: 1.42857;vertical-align: top\">Objekt\u012bva l\u0113ca<\/td>\n<td style=\"line-height: 1.42857;vertical-align: top\">32mm<\/td>\n<\/tr>\n<tr>\n<td style=\"line-height: 1.42857;vertical-align: top\">Objekt\u012bvs<\/td>\n<td style=\"line-height: 1.42857;vertical-align: top\">Piln\u012bb\u0101 p\u0101rkl\u0101ts ar daudziem p\u0101rkl\u0101jumiem<\/td>\n<\/tr>\n<tr>\n<td style=\"line-height: 1.42857;vertical-align: top\">Okul\u0101ri<\/td>\n<td style=\"line-height: 1.42857;vertical-align: top\">Sasv\u0113rsies<\/td>\n<\/tr>\n<tr>\n<td style=\"line-height: 1.42857;vertical-align: top\">Palielin\u0101jums<\/td>\n<td style=\"line-height: 1.42857;vertical-align: top\">10<\/td>\n<\/tr>\n<tr>\n<td style=\"line-height: 1.42857;vertical-align: top\">Prizma<\/td>\n<td style=\"line-height: 1.42857;vertical-align: top\">BaK-4<\/td>\n<\/tr>\n<tr>\n<td style=\"line-height: 1.42857;vertical-align: top\">Redzamais lauks<\/td>\n<td style=\"line-height: 1.42857;vertical-align: top\">5.8&deg;<\/td>\n<\/tr>\n<tr>\n<td style=\"line-height: 1.42857;vertical-align: top\">Redzes lauks<\/td>\n<td style=\"line-height: 1.42857;vertical-align: top\">101m\/1000m<\/td>\n<\/tr>\n<tr>\n<td style=\"line-height: 1.42857;vertical-align: top\">Spilgtums<\/td>\n<td style=\"line-height: 1.42857;vertical-align: top\">10.24<\/td>\n<\/tr>\n<tr>\n<td style=\"line-height: 1.42857;vertical-align: top\">Svars<\/td>\n<td style=\"line-height: 1.42857;vertical-align: top\">1.3 lbs; 584 g<\/td>\n<\/tr>\n<tr>\n<td style=\"line-height: 1.42857;vertical-align: top\">Tuvs Fokuss<\/td>\n<td style=\"line-height: 1.42857;vertical-align: top\">3m<\/td>\n<\/tr>\n<\/tbody>\n<\/table>\n<p style=\"line-height: 2.16;margin-top: 0pt;margin-bottom: 11pt;background-color: #ffffff\" dir=\"ltr\">&nbsp;<\/p>\n<p style=\"line-height: 2.16;margin-top: 0pt;margin-bottom: 11pt;background-color: #ffffff\" dir=\"ltr\">&nbsp;<\/p>\n<p>&nbsp;<\/p>\n","protected":false},"excerpt":{"rendered":"<p>Bresser Condor 10&#215;32 Plus Kompakts Mitrumiztur\u012bgs Roof Prizmas Binoklis ar Dzidrin\u0101tiem BAK4 Jaun\u0101s Paaudzes Stikliem Augstas kvalit\u0101tes \u016bdensiztur\u012bgs binoklis ar BAK4 stikla prizm\u0101m. Tas ir paredz\u0113ts v\u0113ro&scaron;anai kr\u0113slas un nepietiekamas redzam\u012bbas apst\u0101k\u013cos atrodoties kust\u012bb\u0101, jo to l\u0113c\u0101m ir speci\u0101ls p\u0101rkl\u0101jums, kas pat neliel\u0101 pustums\u0101 sniegs dzidrus un kvalitat\u012bvus att\u0113lus. Tas sver 584 gramus un piem\u0113rots [&hellip;]<\/p>\n","protected":false},"featured_media":0,"template":"","meta":[],"product_brand":[],"product_cat":[4640,4938,4939],"product_tag":[],"class_list":{"0":"post-79344","1":"product","2":"type-product","3":"status-publish","5":"product_cat-recreation","6":"product_cat-optics-recreation","7":"product_cat-binoculars-optics-recreation","9":"first","10":"instock","11":"shipping-taxable","12":"purchasable","13":"product-type-simple"},"_links":{"self":[{"href":"https:\/\/sezona.lv\/en\/wp-json\/wp\/v2\/product\/79344","targetHints":{"allow":["GET"]}}],"collection":[{"href":"https:\/\/sezona.lv\/en\/wp-json\/wp\/v2\/product"}],"about":[{"href":"https:\/\/sezona.lv\/en\/wp-json\/wp\/v2\/types\/product"}],"wp:attachment":[{"href":"https:\/\/sezona.lv\/en\/wp-json\/wp\/v2\/media?parent=79344"}],"wp:term":[{"taxonomy":"product_brand","embeddable":true,"href":"https:\/\/sezona.lv\/en\/wp-json\/wp\/v2\/product_brand?post=79344"},{"taxonomy":"product_cat","embeddable":true,"href":"https:\/\/sezona.lv\/en\/wp-json\/wp\/v2\/product_cat?post=79344"},{"taxonomy":"product_tag","embeddable":true,"href":"https:\/\/sezona.lv\/en\/wp-json\/wp\/v2\/product_tag?post=79344"}],"curies":[{"name":"wp","href":"https:\/\/api.w.org\/{rel}","templated":true}]}}