{"id":79345,"date":"2025-07-14T15:38:37","date_gmt":"2025-07-14T12:38:37","guid":{"rendered":"https:\/\/demo8.ecube.lv\/sezona.lv\/products\/bresser-condor-8x42-plus-kompakts-mitrumizturigs-binoklis\/"},"modified":"2025-07-14T15:38:37","modified_gmt":"2025-07-14T12:38:37","slug":"bresser-condor-8x42-plus-kompakts-mitrumizturigs-binoklis","status":"publish","type":"product","link":"https:\/\/sezona.lv\/en\/products\/bresser-condor-8x42-plus-kompakts-mitrumizturigs-binoklis\/","title":{"rendered":"Bresser Condor 8&#215;42 Plus Kompakts Mitrumiztur\u012bgs Binoklis"},"content":{"rendered":"<p style=\"line-height: 2.16;margin-top: 0pt;margin-bottom: 11pt;background-color: #ffffff\" dir=\"ltr\"><span style=\"font-size: 8.5pt;font-family: Arial;color: #444444;background-color: #ffffff;font-weight: 700;font-style: normal;font-variant: normal;text-decoration: none;vertical-align: baseline\">Bresser Condor 8&#215;42 Plus Kompakts Mitrumiztur\u012bgs &nbsp;Roof Prizmas &nbsp;Binoklis ar Dzidrin\u0101tiem BAK4 Jaun\u0101s Paaudzes Stikliem <\/span><\/p>\n<p style=\"line-height: 2.16;margin-top: 0pt;margin-bottom: 11pt;background-color: #ffffff\" dir=\"ltr\"><span style=\"font-size: 8.5pt;font-family: Arial;color: #444444;background-color: #ffffff;font-weight: 400;font-style: normal;font-variant: normal;text-decoration: none;vertical-align: baseline\">\u013boti daudzpus\u012bgs binoklis. 8 rei\u017eu palielin\u0101jums un 42mm l\u0113cu diametrs. Tam ir sal\u012bdzino&scaron;i zema cena, \u0146emot v\u0113r\u0101 t\u0101 pla&scaron;\u0101s iesp\u0113jas.<\/span><span style=\"font-size: 9pt;font-family: Arial;color: #464646;background-color: #ffffff;font-weight: 400;font-style: normal;font-variant: normal;text-decoration: none;vertical-align: baseline\">Tam ir speci\u0101ls l\u0113cu p\u0101rkl\u0101jums, kas pat nedaudz neatstaro gaismu. &Scaron;im binoklim vajadz\u0113tu b\u016bt jebkura mednieka apr\u012bkojum\u0101.<\/span><span style=\"font-size: 8.5pt;font-family: Arial;color: #444444;background-color: #ffffff;font-weight: 400;font-style: normal;font-variant: normal;text-decoration: none;vertical-align: baseline\">Piem\u0113rots v\u0113ro&scaron;anai agri no r\u012btiem, pievakar\u0113s un pat nakt\u012bs. Tam ir speci\u0101ls l\u0113cu p\u0101rkl\u0101jums, kas pat nedaudz neatstaro gaismu. &Scaron;im binoklim vajadz\u0113tu b\u016bt jebkura mednieka un dabas drauga apr\u012bkojum\u0101.<\/span><\/p>\n<p style=\"line-height: 2.16;margin-top: 0pt;margin-bottom: 11pt;background-color: #ffffff\" dir=\"ltr\">&nbsp;<\/p>\n<p style=\"line-height: 2.16;margin-top: 0pt;margin-bottom: 11pt;background-color: #ffffff\" dir=\"ltr\"><span style=\"font-size: 8.5pt;font-family: Arial;color: #444444;background-color: #ffffff;font-weight: 400;font-style: normal;font-variant: normal;text-decoration: none;vertical-align: baseline\"><\/span><\/p>\n<table style=\"font-size: 10pt;font-family: arial, sans, sans-serif;width: 0px;border: none\" dir=\"ltr\" border=\"1\" cellspacing=\"0\" cellpadding=\"0\">\n<colgroup>\n<col width=\"164\"><\/col>\n<col width=\"260\"><\/col>\n<\/colgroup>\n<tbody>\n<tr style=\"height: 21px\">\n<td style=\"border-color: #000000;overflow: hidden;padding: 2px 3px;vertical-align: top;font-family: Arial;font-weight: bold;color: #222222;text-align: center\" colspan=\"2\">Atrib\u016bti<\/td>\n<\/tr>\n<tr style=\"height: 21px\">\n<td style=\"border-right-color: #000000;border-bottom-color: #000000;border-left-color: #000000;overflow: hidden;padding: 2px 3px;vertical-align: top;font-family: Arial;color: #222222;text-align: center\">Acu reljefs<\/td>\n<td style=\"border-right-color: #000000;border-bottom-color: #000000;overflow: hidden;padding: 2px 3px;vertical-align: top;font-family: Arial;color: #222222;text-align: center\">56mm<\/td>\n<\/tr>\n<tr style=\"height: 21px\">\n<td style=\"border-right-color: #000000;border-bottom-color: #000000;border-left-color: #000000;overflow: hidden;padding: 2px 3px;vertical-align: top;font-family: Arial;color: #222222;text-align: center\">Fokus\u0113&scaron;anas sist\u0113ma<\/td>\n<td style=\"border-right-color: #000000;border-bottom-color: #000000;overflow: hidden;padding: 2px 3px;vertical-align: top;font-family: Arial;color: #222222;text-align: center\">centrs<\/td>\n<\/tr>\n<tr style=\"height: 21px\">\n<td style=\"border-right-color: #000000;border-bottom-color: #000000;border-left-color: #000000;overflow: hidden;padding: 2px 3px;vertical-align: top;font-family: Arial;color: #222222;text-align: center\">Izejas z\u012bl\u012b&scaron;u diametrs<\/td>\n<td style=\"border-right-color: #000000;border-bottom-color: #000000;overflow: hidden;padding: 2px 3px;vertical-align: top;font-family: Arial;color: #222222;text-align: center\">5.4mm<\/td>\n<\/tr>\n<tr style=\"height: 21px\">\n<td style=\"border-right-color: #000000;border-bottom-color: #000000;border-left-color: #000000;overflow: hidden;padding: 2px 3px;vertical-align: top;font-family: Arial;color: #222222;text-align: center\">Izm\u0113ri<\/td>\n<td style=\"border-right-color: #000000;border-bottom-color: #000000;overflow: hidden;padding: 2px 3px;vertical-align: top;font-family: Arial;color: #222222;text-align: center\">150x135x55 mm<\/td>\n<\/tr>\n<tr style=\"height: 21px\">\n<td style=\"border-right-color: #000000;border-bottom-color: #000000;border-left-color: #000000;overflow: hidden;padding: 2px 3px;vertical-align: top;font-family: Arial;color: #222222;text-align: center\">Korpuss<\/td>\n<td style=\"border-right-color: #000000;border-bottom-color: #000000;overflow: hidden;padding: 2px 3px;vertical-align: top;font-family: Arial;color: #222222;text-align: center\">Ciet\u0101 gumija (alum\u012bnija korpuss)<\/td>\n<\/tr>\n<tr style=\"height: 21px\">\n<td style=\"border-right-color: #000000;border-bottom-color: #000000;border-left-color: #000000;overflow: hidden;padding: 2px 3px;vertical-align: top;font-family: Arial;color: #222222;text-align: center\">Objekt\u012bva l\u0113ca<\/td>\n<td style=\"border-right-color: #000000;border-bottom-color: #000000;overflow: hidden;padding: 2px 3px;vertical-align: top;font-family: Arial;color: #222222;text-align: center\">42mm<\/td>\n<\/tr>\n<tr style=\"height: 21px\">\n<td style=\"border-right-color: #000000;border-bottom-color: #000000;border-left-color: #000000;overflow: hidden;padding: 2px 3px;vertical-align: top;font-family: Arial;color: #222222;text-align: center\">Objekt\u012bvs<\/td>\n<td style=\"border-right-color: #000000;border-bottom-color: #000000;overflow: hidden;padding: 2px 3px;vertical-align: top;font-family: Arial;color: #222222;text-align: center\">Piln\u012bb\u0101 p\u0101rkl\u0101ts ar daudziem p\u0101rkl\u0101jumiem<\/td>\n<\/tr>\n<tr style=\"height: 21px\">\n<td style=\"border-right-color: #000000;border-bottom-color: #000000;border-left-color: #000000;overflow: hidden;padding: 2px 3px;vertical-align: top;font-family: Arial;color: #222222;text-align: center\">Okul\u0101ri<\/td>\n<td style=\"border-right-color: #000000;border-bottom-color: #000000;overflow: hidden;padding: 2px 3px;vertical-align: top;font-family: Arial;color: #222222;text-align: center\">Sagrie\u017e<\/td>\n<\/tr>\n<tr style=\"height: 21px\">\n<td style=\"border-right-color: #000000;border-bottom-color: #000000;border-left-color: #000000;overflow: hidden;padding: 2px 3px;vertical-align: top;font-family: Arial;color: #222222;text-align: center\">Palielin\u0101jums<\/td>\n<td style=\"border-right-color: #000000;border-bottom-color: #000000;overflow: hidden;padding: 2px 3px;vertical-align: top;font-family: Arial;color: #222222;text-align: center\">8<\/td>\n<\/tr>\n<tr style=\"height: 21px\">\n<td style=\"border-right-color: #000000;border-bottom-color: #000000;border-left-color: #000000;overflow: hidden;padding: 2px 3px;vertical-align: top;font-family: Arial;color: #222222;text-align: center\">Prizma<\/td>\n<td style=\"border-right-color: #000000;border-bottom-color: #000000;overflow: hidden;padding: 2px 3px;vertical-align: top;font-family: Arial;color: #222222;text-align: center\">BaK-4<\/td>\n<\/tr>\n<tr style=\"height: 21px\">\n<td style=\"border-right-color: #000000;border-bottom-color: #000000;border-left-color: #000000;overflow: hidden;padding: 2px 3px;vertical-align: top;font-family: Arial;color: #222222;text-align: center\">Redzamais lauks<\/td>\n<td style=\"border-right-color: #000000;border-bottom-color: #000000;overflow: hidden;padding: 2px 3px;vertical-align: top;font-family: Arial;color: #222222;text-align: center\">7.3&deg;<\/td>\n<\/tr>\n<tr style=\"height: 21px\">\n<td style=\"border-right-color: #000000;border-bottom-color: #000000;border-left-color: #000000;overflow: hidden;padding: 2px 3px;vertical-align: top;font-family: Arial;color: #222222;text-align: center\">Redzes lauks, m\/1000 m<\/td>\n<td style=\"border-right-color: #000000;border-bottom-color: #000000;overflow: hidden;padding: 2px 3px;vertical-align: top;font-family: Arial;color: #222222;text-align: center\">129m\/1000m<\/td>\n<\/tr>\n<tr style=\"height: 21px\">\n<td style=\"border-right-color: #000000;border-bottom-color: #000000;border-left-color: #000000;overflow: hidden;padding: 2px 3px;vertical-align: top;font-family: Arial;color: #222222;text-align: center\">Spilgtums<\/td>\n<td style=\"border-right-color: #000000;border-bottom-color: #000000;overflow: hidden;padding: 2px 3px;vertical-align: top;font-family: Arial;color: #222222;text-align: center\">27.56<\/td>\n<\/tr>\n<tr style=\"height: 21px\">\n<td style=\"border-right-color: #000000;border-bottom-color: #000000;border-left-color: #000000;overflow: hidden;padding: 2px 3px;vertical-align: top;font-family: Arial;color: #222222;text-align: center\">Svars<\/td>\n<td style=\"border-right-color: #000000;border-bottom-color: #000000;overflow: hidden;padding: 2px 3px;vertical-align: top;font-family: Arial;color: #222222;text-align: center\">1.5 lbs; 666 g<\/td>\n<\/tr>\n<tr style=\"height: 21px\">\n<td style=\"border-right-color: #000000;border-bottom-color: #000000;border-left-color: #000000;overflow: hidden;padding: 2px 3px;vertical-align: top;font-family: Arial;color: #222222;text-align: center\">Tuvs Fokuss<\/td>\n<td style=\"border-right-color: #000000;border-bottom-color: #000000;overflow: hidden;padding: 2px 3px;vertical-align: top;font-family: Arial;color: #222222;text-align: center\">3m<\/td>\n<\/tr>\n<\/tbody>\n<\/table>\n<p style=\"line-height: 2.16;margin-top: 0pt;margin-bottom: 11pt;background-color: #ffffff\" dir=\"ltr\">&nbsp;<\/p>\n<p style=\"line-height: 2.16;margin-top: 0pt;margin-bottom: 11pt;background-color: #ffffff\" dir=\"ltr\">&nbsp;<\/p>\n<p>&nbsp;<\/p>\n","protected":false},"excerpt":{"rendered":"<p>Bresser Condor 8&#215;42 Plus Kompakts Mitrumiztur\u012bgs &nbsp;Roof Prizmas &nbsp;Binoklis ar Dzidrin\u0101tiem BAK4 Jaun\u0101s Paaudzes Stikliem \u013boti daudzpus\u012bgs binoklis. 8 rei\u017eu palielin\u0101jums un 42mm l\u0113cu diametrs. Tam ir sal\u012bdzino&scaron;i zema cena, \u0146emot v\u0113r\u0101 t\u0101 pla&scaron;\u0101s iesp\u0113jas.Tam ir speci\u0101ls l\u0113cu p\u0101rkl\u0101jums, kas pat nedaudz neatstaro gaismu. &Scaron;im binoklim vajadz\u0113tu b\u016bt jebkura mednieka apr\u012bkojum\u0101.Piem\u0113rots v\u0113ro&scaron;anai agri no r\u012btiem, [&hellip;]<\/p>\n","protected":false},"featured_media":0,"template":"","meta":[],"product_brand":[],"product_cat":[4640,4938,4939],"product_tag":[],"class_list":{"0":"post-79345","1":"product","2":"type-product","3":"status-publish","5":"product_cat-recreation","6":"product_cat-optics-recreation","7":"product_cat-binoculars-optics-recreation","9":"first","10":"instock","11":"shipping-taxable","12":"purchasable","13":"product-type-simple"},"_links":{"self":[{"href":"https:\/\/sezona.lv\/en\/wp-json\/wp\/v2\/product\/79345","targetHints":{"allow":["GET"]}}],"collection":[{"href":"https:\/\/sezona.lv\/en\/wp-json\/wp\/v2\/product"}],"about":[{"href":"https:\/\/sezona.lv\/en\/wp-json\/wp\/v2\/types\/product"}],"wp:attachment":[{"href":"https:\/\/sezona.lv\/en\/wp-json\/wp\/v2\/media?parent=79345"}],"wp:term":[{"taxonomy":"product_brand","embeddable":true,"href":"https:\/\/sezona.lv\/en\/wp-json\/wp\/v2\/product_brand?post=79345"},{"taxonomy":"product_cat","embeddable":true,"href":"https:\/\/sezona.lv\/en\/wp-json\/wp\/v2\/product_cat?post=79345"},{"taxonomy":"product_tag","embeddable":true,"href":"https:\/\/sezona.lv\/en\/wp-json\/wp\/v2\/product_tag?post=79345"}],"curies":[{"name":"wp","href":"https:\/\/api.w.org\/{rel}","templated":true}]}}