{"id":79347,"date":"2025-07-14T15:38:38","date_gmt":"2025-07-14T12:38:38","guid":{"rendered":"https:\/\/demo8.ecube.lv\/sezona.lv\/products\/bresser-corvette-8x42-wp-plus-kompakts-mitrumizturigs-binoklis\/"},"modified":"2025-07-14T15:38:38","modified_gmt":"2025-07-14T12:38:38","slug":"bresser-corvette-8x42-wp-plus-kompakts-mitrumizturigs-binoklis","status":"publish","type":"product","link":"https:\/\/sezona.lv\/en\/products\/bresser-corvette-8x42-wp-plus-kompakts-mitrumizturigs-binoklis\/","title":{"rendered":"Bresser Corvette 8&#215;42 WP PLUS Kompakts Mitrumiztur\u012bgs Binoklis"},"content":{"rendered":"<p><span style=\"color: #333333;font-family: Arial, Tahoma, Helvetica, sans-serif;font-size: 13px;font-weight: bold\">P\u0101rsteidzo&scaron;\u0101  meh\u0101nikas kvalit\u0101te padara &scaron;o binokli par nepiecie&scaron;amu instrumentu  jebkuram ce\u013cot\u0101jam un medniekam. T\u0101 kompaktais dizains un augstais  palielin\u0101jums sniegs neticami dzidrus un gai&scaron;us att\u0113lus. Tam ir augstas  kvalit\u0101tes BAK-4 stikla l\u0113cu materi\u0101ls ar vair\u0101ku k\u0101rtu piln\u012bgu  p\u0101rkl\u0101jumu. Binoklim ir 8 rei\u017eu palielin\u0101jums un 42mm l\u0113cu diametrs.<\/span><\/p>\n<p><span id=\"docs-internal-guid-5521b40f-385f-c08c-2a9e-95f81e62d1e0\"><span style=\"font-size: 11pt;font-family: Arial;color: #000000;background-color: transparent;vertical-align: baseline\"><br \/><\/span><\/span><\/p>\n<p><span id=\"docs-internal-guid-5521b40f-385f-c08c-2a9e-95f81e62d1e0\"><span style=\"font-size: 11pt;font-family: Arial;color: #000000;background-color: transparent;vertical-align: baseline\"><\/span><\/span><\/p>\n<table style=\"font-size: 10pt;font-family: arial, sans, sans-serif;width: 0px;border: none\" dir=\"ltr\" border=\"1\" cellspacing=\"0\" cellpadding=\"0\">\n<colgroup>\n<col width=\"190\"><\/col>\n<col width=\"252\"><\/col>\n<\/colgroup>\n<tbody>\n<tr style=\"height: 21px\">\n<td style=\"border-color: #000000;overflow: hidden;padding: 2px 3px;vertical-align: top;font-family: Arial;font-size: 9pt;font-weight: bold;color: #222222;text-align: center\" colspan=\"2\">Atrib\u016bti<\/td>\n<\/tr>\n<tr style=\"height: 21px\">\n<td style=\"border-right-color: #000000;border-bottom-color: #000000;border-left-color: #000000;overflow: hidden;padding: 2px 3px;vertical-align: top;font-family: Arial;font-size: 9pt;color: #222222;text-align: center\">Materi\u0101la prizma<\/td>\n<td style=\"border-right-color: #000000;border-bottom-color: #000000;overflow: hidden;padding: 2px 3px;vertical-align: top;font-family: Arial;font-size: 9pt;color: #222222;text-align: center\">BaK-4<\/td>\n<\/tr>\n<tr style=\"height: 21px\">\n<td style=\"border-right-color: #000000;border-bottom-color: #000000;border-left-color: #000000;overflow: hidden;padding: 2px 3px;vertical-align: top;font-family: Arial;font-size: 9pt;color: #222222;text-align: center\">P\u0101rkl\u0101juma veids<\/td>\n<td style=\"border-right-color: #000000;border-bottom-color: #000000;overflow: hidden;padding: 2px 3px;vertical-align: top;font-family: Arial;font-size: 9pt;color: #222222;text-align: center\">Piln\u012bb\u0101 p\u0101rkl\u0101ts ar daudziem p\u0101rkl\u0101jumiem<\/td>\n<\/tr>\n<tr style=\"height: 21px\">\n<td style=\"border-right-color: #000000;border-bottom-color: #000000;border-left-color: #000000;overflow: hidden;padding: 2px 3px;vertical-align: top;font-family: Arial;font-size: 9pt;color: #222222;text-align: center\">Gaismas intensit\u0101te<\/td>\n<td style=\"border-right-color: #000000;border-bottom-color: #000000;overflow: hidden;padding: 2px 3px;vertical-align: top;font-family: Arial;font-size: 9pt;color: #222222;text-align: center\">27.56<\/td>\n<\/tr>\n<tr style=\"height: 21px\">\n<td style=\"border-right-color: #000000;border-bottom-color: #000000;border-left-color: #000000;overflow: hidden;padding: 2px 3px;vertical-align: top;font-family: Arial;font-size: 9pt;color: #222222;text-align: center\">Izm\u0113ri<\/td>\n<td style=\"border-right-color: #000000;border-bottom-color: #000000;overflow: hidden;padding: 2px 3px;vertical-align: top;font-family: Arial;font-size: 9pt;color: #222222;text-align: center\">150 x 123 x 51 mm<\/td>\n<\/tr>\n<tr style=\"height: 21px\">\n<td style=\"border-right-color: #000000;border-bottom-color: #000000;border-left-color: #000000;overflow: hidden;padding: 2px 3px;vertical-align: top;font-family: Arial;font-size: 9pt;color: #222222;text-align: center\">Kr\u0113slas koeficients<\/td>\n<td style=\"border-right-color: #000000;border-bottom-color: #000000;overflow: hidden;padding: 2px 3px;vertical-align: top;font-family: Arial;font-size: 9pt;color: #222222;text-align: center\">18.33<\/td>\n<\/tr>\n<tr style=\"height: 21px\">\n<td style=\"border-right-color: #000000;border-bottom-color: #000000;border-left-color: #000000;overflow: hidden;padding: 2px 3px;vertical-align: top;font-family: Arial;font-size: 9pt;color: #222222;text-align: center\">m\u0113r\u0137a diametrs<\/td>\n<td style=\"border-right-color: #000000;border-bottom-color: #000000;overflow: hidden;padding: 2px 3px;vertical-align: top;font-family: Arial;font-size: 9pt;color: #222222;text-align: center\">42 mm<\/td>\n<\/tr>\n<tr style=\"height: 21px\">\n<td style=\"border-right-color: #000000;border-bottom-color: #000000;border-left-color: #000000;overflow: hidden;padding: 2px 3px;vertical-align: top;font-family: Arial;font-size: 9pt;color: #222222;text-align: center\">Okul\u0101rs priek&scaron; bri\u013c\u013cu valk\u0101t\u0101jiem<\/td>\n<td style=\"border-right-color: #000000;border-bottom-color: #000000;overflow: hidden;padding: 2px 3px;vertical-align: top;font-family: Arial;font-size: 9pt;color: #222222;text-align: center\">#ERROR!<\/td>\n<\/tr>\n<tr style=\"height: 21px\">\n<td style=\"border-right-color: #000000;border-bottom-color: #000000;border-left-color: #000000;overflow: hidden;padding: 2px 3px;vertical-align: top;font-family: Arial;font-size: 9pt;color: #222222;text-align: center\">Optiskais dizains<\/td>\n<td style=\"border-right-color: #000000;border-bottom-color: #000000;overflow: hidden;padding: 2px 3px;vertical-align: top;font-family: Arial;font-size: 9pt;color: #222222;text-align: center\">Roof<\/td>\n<\/tr>\n<tr style=\"height: 21px\">\n<td style=\"border-right-color: #000000;border-bottom-color: #000000;border-left-color: #000000;overflow: hidden;padding: 2px 3px;vertical-align: top;font-family: Arial;font-size: 9pt;color: #222222;text-align: center\">Palielin\u0101jums<\/td>\n<td style=\"border-right-color: #000000;border-bottom-color: #000000;overflow: hidden;padding: 2px 3px;vertical-align: top;font-family: Arial;font-size: 9pt;color: #222222;text-align: center\">8 fixed<\/td>\n<\/tr>\n<tr style=\"height: 21px\">\n<td style=\"border-right-color: #000000;border-bottom-color: #000000;border-left-color: #000000;overflow: hidden;padding: 2px 3px;vertical-align: top;font-family: Arial;font-size: 9pt;color: #222222;text-align: center\">P\u0101rkl\u0101juma kr\u0101sa<\/td>\n<td style=\"border-right-color: #000000;border-bottom-color: #000000;overflow: hidden;padding: 2px 3px;vertical-align: top;font-family: Arial;font-size: 9pt;color: #222222;text-align: center\">Za\u013c&scaron;<\/td>\n<\/tr>\n<tr style=\"height: 21px\">\n<td style=\"border-right-color: #000000;border-bottom-color: #000000;border-left-color: #000000;overflow: hidden;padding: 2px 3px;vertical-align: top;font-family: Arial;font-size: 9pt;color: #222222;text-align: center\">Redzes lauks<\/td>\n<td style=\"border-right-color: #000000;border-bottom-color: #000000;overflow: hidden;padding: 2px 3px;vertical-align: top;font-family: Arial;font-size: 9pt;color: #222222;text-align: center\">6 degrees<\/td>\n<\/tr>\n<tr style=\"height: 21px\">\n<td style=\"border-right-color: #000000;border-bottom-color: #000000;border-left-color: #000000;overflow: hidden;padding: 2px 3px;vertical-align: top;font-family: Arial;font-size: 9pt;color: #222222;text-align: center\">Redzes lauks, m\/1000 m<\/td>\n<td style=\"border-right-color: #000000;border-bottom-color: #000000;overflow: hidden;padding: 2px 3px;vertical-align: top;font-family: Arial;font-size: 9pt;color: #222222;text-align: center\">105 m<\/td>\n<\/tr>\n<tr style=\"height: 21px\">\n<td style=\"border-right-color: #000000;border-bottom-color: #000000;border-left-color: #000000;overflow: hidden;padding: 2px 3px;vertical-align: top;font-family: Arial;font-size: 9pt;color: #222222;text-align: center\">Tuvais fokuss<\/td>\n<td style=\"border-right-color: #000000;border-bottom-color: #000000;overflow: hidden;padding: 2px 3px;vertical-align: top;font-family: Arial;font-size: 9pt;color: #222222;text-align: center\">7 m<\/td>\n<\/tr>\n<\/tbody>\n<\/table>\n<p>&nbsp;<\/p>\n","protected":false},"excerpt":{"rendered":"<p>P\u0101rsteidzo&scaron;\u0101 meh\u0101nikas kvalit\u0101te padara &scaron;o binokli par nepiecie&scaron;amu instrumentu jebkuram ce\u013cot\u0101jam un medniekam. T\u0101 kompaktais dizains un augstais palielin\u0101jums sniegs neticami dzidrus un gai&scaron;us att\u0113lus. Tam ir augstas kvalit\u0101tes BAK-4 stikla l\u0113cu materi\u0101ls ar vair\u0101ku k\u0101rtu piln\u012bgu p\u0101rkl\u0101jumu. Binoklim ir 8 rei\u017eu palielin\u0101jums un 42mm l\u0113cu diametrs. Atrib\u016bti Materi\u0101la prizma BaK-4 P\u0101rkl\u0101juma veids Piln\u012bb\u0101 p\u0101rkl\u0101ts [&hellip;]<\/p>\n","protected":false},"featured_media":0,"template":"","meta":[],"product_brand":[],"product_cat":[4640,4938,4939],"product_tag":[],"class_list":{"0":"post-79347","1":"product","2":"type-product","3":"status-publish","5":"product_cat-recreation","6":"product_cat-optics-recreation","7":"product_cat-binoculars-optics-recreation","9":"first","10":"instock","11":"shipping-taxable","12":"purchasable","13":"product-type-simple"},"_links":{"self":[{"href":"https:\/\/sezona.lv\/en\/wp-json\/wp\/v2\/product\/79347","targetHints":{"allow":["GET"]}}],"collection":[{"href":"https:\/\/sezona.lv\/en\/wp-json\/wp\/v2\/product"}],"about":[{"href":"https:\/\/sezona.lv\/en\/wp-json\/wp\/v2\/types\/product"}],"wp:attachment":[{"href":"https:\/\/sezona.lv\/en\/wp-json\/wp\/v2\/media?parent=79347"}],"wp:term":[{"taxonomy":"product_brand","embeddable":true,"href":"https:\/\/sezona.lv\/en\/wp-json\/wp\/v2\/product_brand?post=79347"},{"taxonomy":"product_cat","embeddable":true,"href":"https:\/\/sezona.lv\/en\/wp-json\/wp\/v2\/product_cat?post=79347"},{"taxonomy":"product_tag","embeddable":true,"href":"https:\/\/sezona.lv\/en\/wp-json\/wp\/v2\/product_tag?post=79347"}],"curies":[{"name":"wp","href":"https:\/\/api.w.org\/{rel}","templated":true}]}}