{"id":79349,"date":"2025-07-14T15:38:40","date_gmt":"2025-07-14T12:38:40","guid":{"rendered":"https:\/\/demo8.ecube.lv\/sezona.lv\/products\/barska-12-60x70-zoom-gladiator-blue-lens-w-tripod-adapter\/"},"modified":"2025-07-14T15:38:40","modified_gmt":"2025-07-14T12:38:40","slug":"barska-12-60x70-zoom-gladiator-blue-lens-w-tripod-adapter","status":"publish","type":"product","link":"https:\/\/sezona.lv\/en\/products\/barska-12-60x70-zoom-gladiator-blue-lens-w-tripod-adapter\/","title":{"rendered":"Barska 12-60&#215;70 Zoom, Gladiator, Blue Lens w\/ Tripod Adapter"},"content":{"rendered":"<p>2-60&#215;70 Gladiator Zoom binokis ir paredz\u0113ts sauzszemes v\u0113ro&scaron;anai un  astronomijai. Main\u012bg\u0101 palielin\u0101juma diapozons \u013cauj skat\u012bt pla&scaron;u le\u0146\u0137i un  apskat\u012bt pietuvin\u0101m\u0101 objekta deta\u013cas. &nbsp;Binoklim ir ar \u012bk&scaron;\u0137i regul\u0113jama  svira, lai var\u0113tu viegli un \u0101tri palielin\u0101t att\u0113lu. Okul\u0101ri ir iek\u013cauti,  nolai\u017eamie acu kausi\u0146i, lai b\u016btu komfortabli skat\u012bties neatkar\u012bgi no t\u0101  vai lietot\u0101jam ir vai nav brilles.&nbsp;<\/p>\n<h3 style=\"font-family: 'Open Sans', sans-serif;color: #666666\"><span style=\"font-weight: bold\">\u012apa&scaron;\u012bbas:<\/span><\/h3>\n<p>&nbsp;&nbsp;&nbsp; &bull; BAK7 Porro Prizmas<br \/>&nbsp;&nbsp;&nbsp; &bull; Piln\u012bb\u0101 p\u0101rkl\u0101tas l\u0113cas<br \/>&nbsp;&nbsp;&nbsp; &bull; Piel\u0101gojams stat\u012bvam<br \/>&nbsp;&nbsp;&nbsp; &bull; Stat\u012bva v\u012btnes<br \/>&nbsp;&nbsp;&nbsp; &bull; Lielas objekt\u012bva l\u0113cas<br \/>&nbsp;&nbsp;&nbsp; &bull;&nbsp;Gumijas p\u0101rkl\u0101jums<br \/>&nbsp;&nbsp;&nbsp; &bull; Koeficienta l\u012bdzsvara t\u0101lummai\u0146as palielin\u0101jums<\/p>\n<p>&nbsp;<\/p>\n<h3 style=\"font-family: 'Open Sans', sans-serif;color: #666666\"><span style=\"font-weight: bold\">Specifik\u0101cija<\/span><\/h3>\n<table class=\"table table-bordered\" border=\"0\">\n<tbody>\n<tr>\n<td>Model<\/td>\n<td>AB10172<\/td>\n<\/tr>\n<tr>\n<td>Magnification<\/td>\n<td>12-60x<\/td>\n<\/tr>\n<tr>\n<td>Objective Lens<\/td>\n<td>70mm<\/td>\n<\/tr>\n<tr>\n<td>Prism type<\/td>\n<td>Porro<\/td>\n<\/tr>\n<tr>\n<td>Prism Glass<\/td>\n<td>BK-7<\/td>\n<\/tr>\n<tr>\n<td>Exit Pupil<\/td>\n<td>5.8mm<\/td>\n<\/tr>\n<tr>\n<td><span style=\"line-height: 17.1429px\">Optiskais p\u0101rkl\u0101jums<\/span><\/td>\n<td><span style=\"line-height: 17.1429px\">Piln\u012bb\u0101 p\u0101rkl\u0101ts (Fully Coated)<\/span><\/td>\n<\/tr>\n<tr>\n<td><span style=\"line-height: 17.1429px\">Fokus\u0113&scaron;anas sist\u0113ma<\/span><\/td>\n<td>Centra<\/td>\n<\/tr>\n<tr>\n<td><span style=\"line-height: 17.1429px\">Skata lauks<\/span>(ft@100yds\/m@100m)&nbsp; <\/td>\n<td>120\/40@12x<\/td>\n<\/tr>\n<tr>\n<td>Close Focus (ft\/m)<\/td>\n<td>49\/15<\/td>\n<\/tr>\n<tr>\n<td>Eye Relief<\/td>\n<td>21 mm<\/td>\n<\/tr>\n<tr>\n<td><span style=\"line-height: 17.1429px\">Svars<\/span><\/td>\n<td>51.5 unces<\/td>\n<\/tr>\n<tr>\n<td><span style=\"line-height: 17.1429px\">Iek\u013cautie piederumi<\/span><\/td>\n<td><span style=\"line-height: 17.1429px\">Soma p\u0101rn\u0113s\u0101&scaron;anai, Kakla josti\u0146a un L\u0113cas dr\u0101ni\u0146a<\/span><\/td>\n<\/tr>\n<\/tbody>\n<\/table>\n","protected":false},"excerpt":{"rendered":"<p>2-60&#215;70 Gladiator Zoom binokis ir paredz\u0113ts sauzszemes v\u0113ro&scaron;anai un astronomijai. Main\u012bg\u0101 palielin\u0101juma diapozons \u013cauj skat\u012bt pla&scaron;u le\u0146\u0137i un apskat\u012bt pietuvin\u0101m\u0101 objekta deta\u013cas. &nbsp;Binoklim ir ar \u012bk&scaron;\u0137i regul\u0113jama svira, lai var\u0113tu viegli un \u0101tri palielin\u0101t att\u0113lu. Okul\u0101ri ir iek\u013cauti, nolai\u017eamie acu kausi\u0146i, lai b\u016btu komfortabli skat\u012bties neatkar\u012bgi no t\u0101 vai lietot\u0101jam ir vai nav brilles.&nbsp; \u012apa&scaron;\u012bbas: [&hellip;]<\/p>\n","protected":false},"featured_media":0,"template":"","meta":[],"product_brand":[],"product_cat":[4640,4938,4939],"product_tag":[],"class_list":{"0":"post-79349","1":"product","2":"type-product","3":"status-publish","5":"product_cat-recreation","6":"product_cat-optics-recreation","7":"product_cat-binoculars-optics-recreation","9":"first","10":"instock","11":"shipping-taxable","12":"purchasable","13":"product-type-simple"},"_links":{"self":[{"href":"https:\/\/sezona.lv\/en\/wp-json\/wp\/v2\/product\/79349","targetHints":{"allow":["GET"]}}],"collection":[{"href":"https:\/\/sezona.lv\/en\/wp-json\/wp\/v2\/product"}],"about":[{"href":"https:\/\/sezona.lv\/en\/wp-json\/wp\/v2\/types\/product"}],"wp:attachment":[{"href":"https:\/\/sezona.lv\/en\/wp-json\/wp\/v2\/media?parent=79349"}],"wp:term":[{"taxonomy":"product_brand","embeddable":true,"href":"https:\/\/sezona.lv\/en\/wp-json\/wp\/v2\/product_brand?post=79349"},{"taxonomy":"product_cat","embeddable":true,"href":"https:\/\/sezona.lv\/en\/wp-json\/wp\/v2\/product_cat?post=79349"},{"taxonomy":"product_tag","embeddable":true,"href":"https:\/\/sezona.lv\/en\/wp-json\/wp\/v2\/product_tag?post=79349"}],"curies":[{"name":"wp","href":"https:\/\/api.w.org\/{rel}","templated":true}]}}