{"id":79350,"date":"2025-07-14T15:38:41","date_gmt":"2025-07-14T12:38:41","guid":{"rendered":"https:\/\/demo8.ecube.lv\/sezona.lv\/products\/bresser-spezial-porro-bak4-jaunas-paaudzes-prizmas-binoklis-ar-attaluma-regulesanas-funkciju-7-35x50\/"},"modified":"2025-07-14T15:38:41","modified_gmt":"2025-07-14T12:38:41","slug":"bresser-spezial-porro-bak4-jaunas-paaudzes-prizmas-binoklis-ar-attaluma-regulesanas-funkciju-7-35x50","status":"publish","type":"product","link":"https:\/\/sezona.lv\/en\/products\/bresser-spezial-porro-bak4-jaunas-paaudzes-prizmas-binoklis-ar-attaluma-regulesanas-funkciju-7-35x50\/","title":{"rendered":"Bresser Spezial Porro BAK4 Jaun\u0101s Paaudzes Prizmas Binoklis ar Att\u0101luma Regul\u0113\u0161anas Funkciju 7-35&#215;50"},"content":{"rendered":"<div><span id=\"docs-internal-guid-a46f81b4-c82d-ebb6-b5c9-c650540f76ce\"><\/p>\n<p style=\"line-height: 1.38;margin-top: 0pt;margin-bottom: 0pt\" dir=\"ltr\"><span style=\"font-size: 12pt;font-family: Arial;color: #212121;vertical-align: baseline\">Zoom binok\u013ci ar lielu palielin\u0101juma diapazonu<\/span><span style=\"font-size: 12pt;font-family: Arial;color: #212121;vertical-align: baseline\"><br class=\"kix-line-break\" \/><\/span><span style=\"font-size: 12pt;font-family: Arial;color: #212121;vertical-align: baseline\">Palielin\u0101jums: 7-35x \/ Objekt\u012bva diametrs: 50mm<\/span><span style=\"font-size: 12pt;font-family: Arial;color: #212121;vertical-align: baseline\"><br class=\"kix-line-break\" \/><\/span><span style=\"font-size: 12pt;font-family: Arial;color: #212121;vertical-align: baseline\">Vair\u0101ku p\u0101rkl\u0101jumu \/ dioptriju kompens\u0101cija<\/span><span style=\"font-size: 12pt;font-family: Arial;color: #212121;vertical-align: baseline\"><br class=\"kix-line-break\" \/><\/span><span style=\"font-size: 12pt;font-family: Arial;color: #212121;vertical-align: baseline\">izm\u0113ri: 202x63x200 mm \/ svars: 961 g<\/span><span style=\"font-size: 12pt;font-family: Arial;color: #212121;vertical-align: baseline\"><br class=\"kix-line-break\" \/><\/span><span style=\"font-size: 12pt;font-family: Arial;color: #212121;vertical-align: baseline\">Pieg\u0101des apjoms: Binok\u013ci, soma, stat\u012bva adapteris<\/span><\/p>\n<p><\/p>\n<p style=\"line-height: 1.38;margin-top: 0pt;margin-bottom: 0pt\" dir=\"ltr\"><span style=\"font-size: 12pt;font-family: Arial;color: #212121;vertical-align: baseline\">Nosaukums saka to visu!<\/span><span style=\"font-size: 12pt;font-family: Arial;color: #212121;font-weight: 700;vertical-align: baseline\"> BRESSER Special-Zoomar<\/span><span style=\"font-size: 12pt;font-family: Arial;color: #212121;vertical-align: baseline\"> 7-35&#215;50 binok\u013ci pied\u0101v\u0101 aizraujo&scaron;us asus att\u0113lus. Atsevi&scaron;\u0137ie okul\u0101ri r\u016bp\u012bgi piel\u0101gojas viens otram, palielinot main\u012bgo lielumu, izmantojot t\u0101lummai\u0146as sviru. Pateicoties FMK p\u0101rkl\u0101ta BaK-4 stikla materi\u0101la priek&scaron;metiem t\u0101l\u0101 att\u0101lum\u0101, joproj\u0101m var redz\u0113t skaidrus att\u0113lus. \u0112rta un ergonomiska gumijas p\u0101rkl\u0101jums, nodro&scaron;ina stabilu stiprin\u0101jumu. Nodro&scaron;in\u0101ts standarta tr\u012bsst\u016bris v\u012btne un adapteris, \u013cauj viegli piestiprin\u0101t,&scaron;os binok\u013cus uz jebkura Fotogr\u0101f\u0113&scaron;anas stat\u012bva.<\/span><\/p>\n<p><\/p>\n<p style=\"line-height: 1.38;margin-top: 0pt;margin-bottom: 0pt\" dir=\"ltr\"><span style=\"font-size: 12pt;font-family: Arial;color: #212121;vertical-align: baseline\">BaK-4 stikla materi\u0101la prizmas un l\u0113cas<\/span><span style=\"font-size: 12pt;font-family: Arial;color: #212121;vertical-align: baseline\"><br class=\"kix-line-break\" \/><\/span><span style=\"font-size: 12pt;font-family: Arial;color: #212121;vertical-align: baseline\">Optisk\u0101s virsmas ir za\u013cas, p\u0101rkl\u0101tas ar 95% gaismas caurlaid\u012bbu<\/span><span style=\"font-size: 12pt;font-family: Arial;color: #212121;vertical-align: baseline\"><br class=\"kix-line-break\" \/><\/span><span style=\"font-size: 12pt;font-family: Arial;color: #212121;vertical-align: baseline\">Augsts spilgtums<\/span><span style=\"font-size: 12pt;font-family: Arial;color: #212121;vertical-align: baseline\"><br class=\"kix-line-break\" \/><\/span><span style=\"font-size: 12pt;font-family: Arial;color: #212121;vertical-align: baseline\">Centr\u0101l\u0101 rite\u0146a fokus\u0113&scaron;ana<\/span><span style=\"font-size: 12pt;font-family: Arial;color: #212121;vertical-align: baseline\"><br class=\"kix-line-break\" \/><\/span><span style=\"font-size: 12pt;font-family: Arial;color: #212121;vertical-align: baseline\">Trikot\u0101\u017eas adaptera v\u012btne<\/span><span style=\"font-size: 12pt;font-family: Arial;color: #212121;vertical-align: baseline\"><br class=\"kix-line-break\" \/><\/span><span style=\"font-size: 12pt;font-family: Arial;color: #212121;vertical-align: baseline\">Iztur\u012bgs, gumijas bronzas binoklis<\/span><span style=\"font-size: 12pt;font-family: Arial;color: #212121;vertical-align: baseline\"><br class=\"kix-line-break\" \/><\/span><span style=\"font-size: 12pt;font-family: Arial;color: #212121;vertical-align: baseline\">Main\u012bg\u0101 palielin\u0101juma diapazons [ZOOM]<\/span><span style=\"font-size: 12pt;font-family: Arial;color: #212121;vertical-align: baseline\"><br class=\"kix-line-break\" \/><\/span><span style=\"font-size: 12pt;font-family: Arial;color: #212121;vertical-align: baseline\">Garantija: 5 gadi<\/span><\/p>\n<p><\/p>\n<p style=\"line-height: 1.38;margin-top: 0pt;margin-bottom: 0pt\" dir=\"ltr\"><span style=\"font-size: 12pt;font-family: Arial;color: #212121;font-weight: 700;vertical-align: baseline\">Komplekt\u0101 ietilpst :<\/span><\/p>\n<ol style=\"margin-top: 0pt;margin-bottom: 0pt\">\n<li style=\"list-style-type: decimal;font-size: 12pt;font-family: Arial;color: #212121;vertical-align: baseline\" dir=\"ltr\">\n<p style=\"line-height: 1.38;margin-top: 0pt;margin-bottom: 0pt\" dir=\"ltr\"><span style=\"font-size: 12pt;vertical-align: baseline\">Binoklis<\/span><\/p>\n<\/li>\n<li style=\"list-style-type: decimal;font-size: 12pt;font-family: Arial;color: #212121;vertical-align: baseline\" dir=\"ltr\">\n<p style=\"line-height: 1.38;margin-top: 0pt;margin-bottom: 0pt\" dir=\"ltr\"><span style=\"font-size: 12pt;vertical-align: baseline\">Neilona soma<\/span><\/p>\n<\/li>\n<li style=\"list-style-type: decimal;font-size: 12pt;font-family: Arial;color: #212121;vertical-align: baseline\" dir=\"ltr\">\n<p style=\"line-height: 1.38;margin-top: 0pt;margin-bottom: 0pt\" dir=\"ltr\"><span style=\"font-size: 12pt;vertical-align: baseline\">Svira<\/span><\/p>\n<\/li>\n<li style=\"list-style-type: decimal;font-size: 12pt;font-family: Arial;color: #212121;vertical-align: baseline\" dir=\"ltr\">\n<p style=\"line-height: 1.38;margin-top: 0pt;margin-bottom: 0pt\" dir=\"ltr\"><span style=\"font-size: 12pt;vertical-align: baseline\">Stat\u012bvs adapteris<\/span><\/p>\n<\/li>\n<li style=\"list-style-type: decimal;font-size: 12pt;font-family: Arial;color: #212121;vertical-align: baseline\" dir=\"ltr\">\n<p style=\"line-height: 1.38;margin-top: 0pt;margin-bottom: 0pt\" dir=\"ltr\"><span style=\"font-size: 12pt;vertical-align: baseline\">Aizsardz\u012bbas objekt\u012bva v\u0101ci\u0146i<\/span><\/p>\n<table class=\"table table-bordered\" border=\"0\">\n<thead>\n<tr>\n<td colspan=\"2\"><strong>Atrib\u016bti<\/strong><\/td>\n<\/tr>\n<\/thead>\n<tbody>\n<tr>\n<td>LE okul\u0101ri<\/td>\n<td>+<\/td>\n<\/tr>\n<tr>\n<td>Materi\u0101la prizma<\/td>\n<td>BaK-4<\/td>\n<\/tr>\n<tr>\n<td>P\u0101rkl\u0101juma veids<\/td>\n<td>Piln\u012bb\u0101 p\u0101rkl\u0101ts ar daudziem p\u0101rkl\u0101jumiem<\/td>\n<\/tr>\n<tr>\n<td>Aplik\u0101cija<\/td>\n<td>Putnu v\u0113ro&scaron;ana un dabas nov\u0113ro&scaron;ana<\/td>\n<\/tr>\n<tr>\n<td>Dioptrijas iestat\u012bjums<\/td>\n<td>+<\/td>\n<\/tr>\n<tr>\n<td>Fokusa piedzi\u0146as virziens pa visu fokusa att\u0101lumu<\/td>\n<td>0.75<\/td>\n<\/tr>\n<tr>\n<td>Fokus\u0113&scaron;anas sist\u0113ma<\/td>\n<td>+<\/td>\n<\/tr>\n<tr>\n<td>Gaismas intensit\u0101te<\/td>\n<td>51.02<\/td>\n<\/tr>\n<tr>\n<td>Garantija<\/td>\n<td>5 gadi<\/td>\n<\/tr>\n<tr>\n<td>Izejas z\u012bl\u012bte, max<\/td>\n<td>17.1 mm<\/td>\n<\/tr>\n<tr>\n<td>\u0136erme\u0146a bru\u0146as<\/td>\n<td>Gumija<\/td>\n<\/tr>\n<tr>\n<td>kr\u0101sa<\/td>\n<td>Melns<\/td>\n<\/tr>\n<tr>\n<td>Kr\u0113slas koeficients<\/td>\n<td>41.8<\/td>\n<\/tr>\n<tr>\n<td>Materi\u0101ls<\/td>\n<td>Met\u0101ls \/ plastmasa<\/td>\n<\/tr>\n<tr>\n<td>m\u0113r\u0137a diametrs<\/td>\n<td>50 mm<\/td>\n<\/tr>\n<tr>\n<td>Okul\u0101ri<\/td>\n<td>Gumijas uzmavas, salok\u0101mas<\/td>\n<\/tr>\n<tr>\n<td>Okul\u0101rs priek&scaron; bri\u013c\u013cu valk\u0101t\u0101jiem<\/td>\n<td>+<\/td>\n<\/tr>\n<tr>\n<td>Optiskais dizains<\/td>\n<td>Porro<\/td>\n<\/tr>\n<tr>\n<td>Palielin\u0101jums<\/td>\n<td>7-35 x<\/td>\n<\/tr>\n<tr>\n<td>P\u0101rkl\u0101juma kr\u0101sa<\/td>\n<td>Za\u013c&scaron;<\/td>\n<\/tr>\n<tr>\n<td>Produkta ID<\/td>\n<td>Spezial-Zoomar<\/td>\n<\/tr>\n<tr>\n<td>Putek\u013cu aizsardz\u012bbas v\u0101ci\u0146i<\/td>\n<td>Objekt\u012bvam un okul\u0101ram, individu\u0101li no\u0146emams<\/td>\n<\/tr>\n<tr>\n<td>Redzes lauks<\/td>\n<td>3.77&deg;<\/td>\n<\/tr>\n<tr>\n<td>Redzes lauks, m\/1000 m<\/td>\n<td>66 m<\/td>\n<\/tr>\n<tr>\n<td>Soma \/ maisi\u0146&scaron;<\/td>\n<td>Neilona somi\u0146a ar siksnu<\/td>\n<\/tr>\n<tr>\n<td>Svars<\/td>\n<td>898 g<\/td>\n<\/tr>\n<tr>\n<td>Tips<\/td>\n<td>Zoom Binoculars<\/td>\n<\/tr>\n<tr>\n<td>Tr\u012bsk\u0101ju stat\u012bva adapteris<\/td>\n<td>+<\/td>\n<\/tr>\n<tr>\n<td>Tuvais fokuss<\/td>\n<td>7 m<\/td>\n<\/tr>\n<\/tbody>\n<\/table>\n<\/li>\n<\/ol>\n<p><\/span><\/div>\n<p>&nbsp;<\/p>\n<p>&nbsp;<\/p>\n<p>&nbsp;<\/p>\n","protected":false},"excerpt":{"rendered":"<p>Zoom binok\u013ci ar lielu palielin\u0101juma diapazonuPalielin\u0101jums: 7-35x \/ Objekt\u012bva diametrs: 50mmVair\u0101ku p\u0101rkl\u0101jumu \/ dioptriju kompens\u0101cijaizm\u0113ri: 202x63x200 mm \/ svars: 961 gPieg\u0101des apjoms: Binok\u013ci, soma, stat\u012bva adapteris Nosaukums saka to visu! BRESSER Special-Zoomar 7-35&#215;50 binok\u013ci pied\u0101v\u0101 aizraujo&scaron;us asus att\u0113lus. Atsevi&scaron;\u0137ie okul\u0101ri r\u016bp\u012bgi piel\u0101gojas viens otram, palielinot main\u012bgo lielumu, izmantojot t\u0101lummai\u0146as sviru. Pateicoties FMK p\u0101rkl\u0101ta BaK-4 stikla [&hellip;]<\/p>\n","protected":false},"featured_media":0,"template":"","meta":[],"product_brand":[],"product_cat":[4640,4938,4939],"product_tag":[],"class_list":{"0":"post-79350","1":"product","2":"type-product","3":"status-publish","5":"product_cat-recreation","6":"product_cat-optics-recreation","7":"product_cat-binoculars-optics-recreation","9":"first","10":"instock","11":"shipping-taxable","12":"purchasable","13":"product-type-simple"},"_links":{"self":[{"href":"https:\/\/sezona.lv\/en\/wp-json\/wp\/v2\/product\/79350","targetHints":{"allow":["GET"]}}],"collection":[{"href":"https:\/\/sezona.lv\/en\/wp-json\/wp\/v2\/product"}],"about":[{"href":"https:\/\/sezona.lv\/en\/wp-json\/wp\/v2\/types\/product"}],"wp:attachment":[{"href":"https:\/\/sezona.lv\/en\/wp-json\/wp\/v2\/media?parent=79350"}],"wp:term":[{"taxonomy":"product_brand","embeddable":true,"href":"https:\/\/sezona.lv\/en\/wp-json\/wp\/v2\/product_brand?post=79350"},{"taxonomy":"product_cat","embeddable":true,"href":"https:\/\/sezona.lv\/en\/wp-json\/wp\/v2\/product_cat?post=79350"},{"taxonomy":"product_tag","embeddable":true,"href":"https:\/\/sezona.lv\/en\/wp-json\/wp\/v2\/product_tag?post=79350"}],"curies":[{"name":"wp","href":"https:\/\/api.w.org\/{rel}","templated":true}]}}