{"id":79351,"date":"2025-07-14T15:38:42","date_gmt":"2025-07-14T12:38:42","guid":{"rendered":"https:\/\/demo8.ecube.lv\/sezona.lv\/products\/bresser-spezial-zoom-jaunas-paaudzes-prizmas-binoklis\/"},"modified":"2025-07-14T15:38:42","modified_gmt":"2025-07-14T12:38:42","slug":"bresser-spezial-zoom-jaunas-paaudzes-prizmas-binoklis","status":"publish","type":"product","link":"https:\/\/sezona.lv\/en\/products\/bresser-spezial-zoom-jaunas-paaudzes-prizmas-binoklis\/","title":{"rendered":"Bresser Spezial-Zoom Jaun\u0101s Paaudzes Prizmas Binoklis"},"content":{"rendered":"<h3><span style=\"font-weight: bold;font-family: Arial\">Platle\u0146\u0137a Binoklis ar T\u0101lmai\u0146as &nbsp;regul\u0113&scaron;anu &nbsp;Bresser &nbsp;12-36&#215;70<\/span><\/h3>\n<p style=\"line-height: 1.38;margin-top: 0pt;margin-bottom: 0pt\" dir=\"ltr\"><span style=\"font-size: 11pt;font-family: Arial;color: #000000;background-color: transparent;font-weight: 400;font-style: normal;font-variant: normal;text-decoration: none;vertical-align: baseline\">Speci\u0101ls s\u0113rijas binoklis paredz\u0113ts ilgsto&scaron;iem nov\u0113rojumiem t\u0101l\u0101s distanc\u0113s. Tas noder\u0113s gan astronomijai, gan putnu v\u0113ro&scaron;anai. Tam ir att\u0101luma mai\u0146as funkcija no 12-36 reiz\u0113m. Pie abiem palielin\u0101jumiem binok\u013ca BaK-4 optika sniegs dzidrus att\u0113lus. To iesp\u0113jams ar\u012b uzmont\u0113t uz stat\u012bva ilgsto&scaron;iem nov\u0113rojumiem. Komplekt\u0101 ietilpst soma un siksna. <\/span><\/p>\n<p>&nbsp;<\/p>\n<p style=\"line-height: 1.38;margin-top: 0pt;margin-bottom: 0pt\" dir=\"ltr\"><span style=\"font-size: 11pt;font-family: Arial;color: #000000;background-color: transparent;font-weight: 400;font-style: normal;font-variant: normal;text-decoration: none;vertical-align: baseline\">Garantija 3 gadi.<\/span><\/p>\n<p>&nbsp;<\/p>\n<table style=\"font-size: 10pt;font-family: arial, sans, sans-serif;width: 0px;border: none\" dir=\"ltr\" border=\"1\" cellspacing=\"0\" cellpadding=\"0\">\n<colgroup>\n<col width=\"207\"><\/col>\n<col width=\"125\"><\/col>\n<\/colgroup>\n<tbody>\n<tr style=\"height: 21px\">\n<td style=\"border-color: #28cdff;overflow: hidden;padding: 2px 3px;vertical-align: bottom;background-color: #28cdff;font-family: Arial;font-size: 11pt;font-weight: bold;color: #ffffff;text-align: center\" colspan=\"2\">Specifik\u0101cija<\/td>\n<\/tr>\n<tr style=\"height: 21px\">\n<td style=\"border-right-color: #28cdff;border-bottom-color: #28cdff;border-left-color: #28cdff;overflow: hidden;padding: 2px 3px;vertical-align: bottom;font-family: Arial;font-size: 11pt;color: #000000;text-align: center\">Izejas diametrs (mm)<\/td>\n<td style=\"border-right-color: #28cdff;border-bottom-color: #28cdff;overflow: hidden;padding: 2px 3px;vertical-align: bottom;font-family: Arial;font-size: 11pt;color: #000000;text-align: center\">5.8<\/td>\n<\/tr>\n<tr style=\"height: 21px\">\n<td style=\"border-right-color: #28cdff;border-bottom-color: #28cdff;border-left-color: #28cdff;overflow: hidden;padding: 2px 3px;vertical-align: bottom;font-family: Arial;font-size: 11pt;color: #000000;text-align: center\">Palielin\u0101jums<\/td>\n<td style=\"border-right-color: #28cdff;border-bottom-color: #28cdff;overflow: hidden;padding: 2px 3px;vertical-align: bottom;font-family: Arial;font-size: 11pt;color: #000000;text-align: center\">36(12-36)<\/td>\n<\/tr>\n<tr style=\"height: 21px\">\n<td style=\"border-right-color: #28cdff;border-bottom-color: #28cdff;border-left-color: #28cdff;overflow: hidden;padding: 2px 3px;vertical-align: bottom;font-family: Arial;font-size: 11pt;color: #000000;text-align: center\">Priek&scaron;\u0113jo l\u0113cu diametrs (mm)<\/td>\n<td style=\"border-right-color: #28cdff;border-bottom-color: #28cdff;overflow: hidden;padding: 2px 3px;vertical-align: bottom;font-family: Arial;font-size: 11pt;color: #000000;text-align: center\">70<\/td>\n<\/tr>\n<tr style=\"height: 21px\">\n<td style=\"border-right-color: #28cdff;border-bottom-color: #28cdff;border-left-color: #28cdff;overflow: hidden;padding: 2px 3px;vertical-align: bottom;font-family: Arial;font-size: 11pt;color: #000000;text-align: center\">Konstrukcijas veids<\/td>\n<td style=\"border-right-color: #28cdff;border-bottom-color: #28cdff;overflow: hidden;padding: 2px 3px;vertical-align: bottom;font-family: Arial;font-size: 11pt;color: #000000;text-align: center\">Porro prizmas<\/td>\n<\/tr>\n<tr style=\"height: 21px\">\n<td style=\"border-right-color: #28cdff;border-bottom-color: #28cdff;border-left-color: #28cdff;overflow: hidden;padding: 2px 3px;vertical-align: bottom;font-family: Arial;font-size: 11pt;color: #000000;text-align: center\">Stikla materi\u0101ls<\/td>\n<td style=\"border-right-color: #28cdff;border-bottom-color: #28cdff;overflow: hidden;padding: 2px 3px;vertical-align: bottom;font-family: Arial;font-size: 11pt;color: #000000;text-align: center\">BaK-4<\/td>\n<\/tr>\n<tr style=\"height: 21px\">\n<td style=\"border-right-color: #28cdff;border-bottom-color: #28cdff;border-left-color: #28cdff;overflow: hidden;padding: 2px 3px;vertical-align: bottom;font-family: Arial;font-size: 11pt;color: #000000;text-align: center\">L\u0113cu p\u0101rkl\u0101jums<\/td>\n<td style=\"border-right-color: transparent;border-bottom-color: #28cdff;overflow: visible;padding: 2px 3px;vertical-align: bottom;font-family: Arial;font-size: 11pt;color: #000000;text-align: center\">\n<div style=\"overflow: hidden;position: relative;width: 221px;left: 3px\">\n<div style=\"margin-left: -100%;margin-right: -100%;position: relative;left: -50.5px\">Vair\u0101k sl\u0101\u0146u, Piln\u012bgs<\/div>\n<\/div>\n<\/td>\n<\/tr>\n<tr style=\"height: 21px\">\n<td style=\"border-right-color: #28cdff;border-bottom-color: #28cdff;border-left-color: #28cdff;overflow: hidden;padding: 2px 3px;vertical-align: bottom;font-family: Arial;font-size: 11pt;color: #000000;text-align: center\">Palielin\u0101juma mai\u0146a<\/td>\n<td style=\"border-right-color: #28cdff;border-bottom-color: #28cdff;overflow: hidden;padding: 2px 3px;vertical-align: bottom;font-family: Arial;font-size: 11pt;color: #000000;text-align: center\">ir<\/td>\n<\/tr>\n<tr style=\"height: 21px\">\n<td style=\"border-right-color: #28cdff;border-bottom-color: #28cdff;border-left-color: #28cdff;overflow: hidden;padding: 2px 3px;vertical-align: bottom;font-family: Arial;font-size: 11pt;color: #000000;text-align: center\">Stat\u012bva adaptera vieta<\/td>\n<td style=\"border-right-color: #28cdff;border-bottom-color: #28cdff;overflow: hidden;padding: 2px 3px;vertical-align: bottom;font-family: Arial;font-size: 11pt;color: #000000;text-align: center\">ir<\/td>\n<\/tr>\n<tr style=\"height: 21px\">\n<td style=\"border-right-color: #28cdff;border-bottom-color: #28cdff;border-left-color: #28cdff;overflow: hidden;padding: 2px 3px;vertical-align: bottom;font-family: Arial;font-size: 11pt;color: #000000;text-align: center\">Soma<\/td>\n<td style=\"border-right-color: #28cdff;border-bottom-color: #28cdff;overflow: hidden;padding: 2px 3px;vertical-align: bottom;font-family: Arial;font-size: 11pt;color: #000000;text-align: center\">ir<\/td>\n<\/tr>\n<tr style=\"height: 21px\">\n<td style=\"border-right-color: #28cdff;border-bottom-color: #28cdff;border-left-color: #28cdff;overflow: hidden;padding: 2px 3px;vertical-align: bottom;font-family: Arial;font-size: 11pt;color: #000000;text-align: center\">Okul\u0101rs izmanto&scaron;anai ar brill\u0113m<\/td>\n<td style=\"border-right-color: #28cdff;border-bottom-color: #28cdff;overflow: hidden;padding: 2px 3px;vertical-align: bottom;font-family: Arial;font-size: 11pt;color: #000000;text-align: center\">&#8211;<\/td>\n<\/tr>\n<tr style=\"height: 21px\">\n<td style=\"border-right-color: #28cdff;border-bottom-color: #28cdff;border-left-color: #28cdff;overflow: hidden;padding: 2px 3px;vertical-align: bottom;font-family: Arial;font-size: 11pt;color: #000000;text-align: center\">Patiesais redzes lauks<\/td>\n<td style=\"border-right-color: #28cdff;border-bottom-color: #28cdff;overflow: hidden;padding: 2px 3px;vertical-align: bottom;font-family: Arial;font-size: 11pt;color: #000000;text-align: center\">(&deg;) 2.6<\/td>\n<\/tr>\n<tr style=\"height: 21px\">\n<td style=\"border-right-color: #28cdff;border-bottom-color: #28cdff;border-left-color: #28cdff;overflow: hidden;padding: 2px 3px;vertical-align: bottom;font-family: Arial;font-size: 11pt;color: #000000;text-align: center\">Redzes lauks uz 1,000 m (m)<\/td>\n<td style=\"border-right-color: #28cdff;border-bottom-color: #28cdff;overflow: hidden;padding: 2px 3px;vertical-align: bottom;font-family: Arial;font-size: 11pt;color: #000000;text-align: center\">45 (Pie 12x)<\/td>\n<\/tr>\n<tr style=\"height: 21px\">\n<td style=\"border-right-color: #28cdff;border-bottom-color: #28cdff;border-left-color: #28cdff;overflow: hidden;padding: 2px 3px;vertical-align: bottom;font-family: Arial;font-size: 11pt;color: #000000;text-align: center\">Gaismas intensit\u0101te<\/td>\n<td style=\"border-right-color: #28cdff;border-bottom-color: #28cdff;overflow: hidden;padding: 2px 3px;vertical-align: bottom;font-family: Arial;font-size: 11pt;color: #000000;text-align: center\">33.6<\/td>\n<\/tr>\n<tr style=\"height: 21px\">\n<td style=\"border-right-color: #28cdff;border-bottom-color: #28cdff;border-left-color: #28cdff;overflow: hidden;padding: 2px 3px;vertical-align: bottom;font-family: Arial;font-size: 11pt;color: #000000;text-align: center\">Kr\u0113slas faktors<\/td>\n<td style=\"border-right-color: #28cdff;border-bottom-color: #28cdff;overflow: hidden;padding: 2px 3px;vertical-align: bottom;font-family: Arial;font-size: 11pt;color: #000000;text-align: center\">29<\/td>\n<\/tr>\n<tr style=\"height: 21px\">\n<td style=\"border-right-color: #28cdff;border-bottom-color: #28cdff;border-left-color: #28cdff;overflow: hidden;padding: 2px 3px;vertical-align: bottom;font-family: Arial;font-size: 11pt;color: #000000;text-align: center\">Kr\u0101sa<\/td>\n<td style=\"border-right-color: #28cdff;border-bottom-color: #28cdff;overflow: hidden;padding: 2px 3px;vertical-align: bottom;font-family: Arial;font-size: 11pt;color: #000000;text-align: center\">melna<\/td>\n<\/tr>\n<tr style=\"height: 21px\">\n<td style=\"border-right-color: #28cdff;border-bottom-color: #28cdff;border-left-color: #28cdff;overflow: hidden;padding: 2px 3px;vertical-align: bottom;font-family: Arial;font-size: 11pt;color: #000000;text-align: center\">Korpusa materi\u0101ls<\/td>\n<td style=\"border-right-color: #28cdff;border-bottom-color: #28cdff;overflow: hidden;padding: 2px 3px;vertical-align: bottom;font-family: Arial;font-size: 11pt;color: #000000;text-align: center\">Gumijas p\u0101rkl\u0101jums<\/td>\n<\/tr>\n<\/tbody>\n<\/table>\n","protected":false},"excerpt":{"rendered":"<p>Platle\u0146\u0137a Binoklis ar T\u0101lmai\u0146as &nbsp;regul\u0113&scaron;anu &nbsp;Bresser &nbsp;12-36&#215;70 Speci\u0101ls s\u0113rijas binoklis paredz\u0113ts ilgsto&scaron;iem nov\u0113rojumiem t\u0101l\u0101s distanc\u0113s. Tas noder\u0113s gan astronomijai, gan putnu v\u0113ro&scaron;anai. Tam ir att\u0101luma mai\u0146as funkcija no 12-36 reiz\u0113m. Pie abiem palielin\u0101jumiem binok\u013ca BaK-4 optika sniegs dzidrus att\u0113lus. To iesp\u0113jams ar\u012b uzmont\u0113t uz stat\u012bva ilgsto&scaron;iem nov\u0113rojumiem. Komplekt\u0101 ietilpst soma un siksna. &nbsp; Garantija 3 [&hellip;]<\/p>\n","protected":false},"featured_media":0,"template":"","meta":[],"product_brand":[],"product_cat":[4640,4938,4939],"product_tag":[],"class_list":{"0":"post-79351","1":"product","2":"type-product","3":"status-publish","5":"product_cat-recreation","6":"product_cat-optics-recreation","7":"product_cat-binoculars-optics-recreation","9":"first","10":"instock","11":"shipping-taxable","12":"purchasable","13":"product-type-simple"},"_links":{"self":[{"href":"https:\/\/sezona.lv\/en\/wp-json\/wp\/v2\/product\/79351","targetHints":{"allow":["GET"]}}],"collection":[{"href":"https:\/\/sezona.lv\/en\/wp-json\/wp\/v2\/product"}],"about":[{"href":"https:\/\/sezona.lv\/en\/wp-json\/wp\/v2\/types\/product"}],"wp:attachment":[{"href":"https:\/\/sezona.lv\/en\/wp-json\/wp\/v2\/media?parent=79351"}],"wp:term":[{"taxonomy":"product_brand","embeddable":true,"href":"https:\/\/sezona.lv\/en\/wp-json\/wp\/v2\/product_brand?post=79351"},{"taxonomy":"product_cat","embeddable":true,"href":"https:\/\/sezona.lv\/en\/wp-json\/wp\/v2\/product_cat?post=79351"},{"taxonomy":"product_tag","embeddable":true,"href":"https:\/\/sezona.lv\/en\/wp-json\/wp\/v2\/product_tag?post=79351"}],"curies":[{"name":"wp","href":"https:\/\/api.w.org\/{rel}","templated":true}]}}