{"id":79352,"date":"2025-07-14T15:38:43","date_gmt":"2025-07-14T12:38:43","guid":{"rendered":"https:\/\/demo8.ecube.lv\/sezona.lv\/products\/bresser-astro-20x80-jaunas-paaudzes-prizmas-binoklis-ar-adapteri\/"},"modified":"2025-07-14T15:38:43","modified_gmt":"2025-07-14T12:38:43","slug":"bresser-astro-20x80-jaunas-paaudzes-prizmas-binoklis-ar-adapteri","status":"publish","type":"product","link":"https:\/\/sezona.lv\/en\/products\/bresser-astro-20x80-jaunas-paaudzes-prizmas-binoklis-ar-adapteri\/","title":{"rendered":"Bresser Astro 20&#215;80 Jaun\u0101s Paaudzes Prizmas Binoklis ar Adapteri"},"content":{"rendered":"<p style=\"line-height: 1.38;margin-top: 0pt;margin-bottom: 0pt\" dir=\"ltr\"><span style=\"font-size: 11pt;font-family: Arial;color: #000000;background-color: transparent;font-weight: 400;font-style: normal;font-variant: normal;text-decoration: none;vertical-align: baseline\">&Scaron;is milz\u012bgais &nbsp;Platle\u0146\u0137a Porro Prizmas Mitrumiztur\u012bgais &nbsp;Bresser Spezial ASTRO PLUS 20X80 binoklis neko nepalaid\u012bs gar\u0101m.<\/span><\/p>\n<p style=\"line-height: 1.38;margin-top: 0pt;margin-bottom: 0pt\" dir=\"ltr\"><span style=\"font-size: 11pt;font-family: Arial;color: #000000;background-color: transparent;font-weight: 400;font-style: normal;font-variant: normal;text-decoration: none;vertical-align: baseline\">Tam ir liels 20 rei\u017eu palielin\u0101jums un 80mm l\u0113cu diametrs.<\/span><\/p>\n<p style=\"line-height: 1.38;margin-top: 0pt;margin-bottom: 0pt\" dir=\"ltr\"><span style=\"font-size: 11pt;font-family: Arial;color: #000000;background-color: transparent;font-weight: 400;font-style: normal;font-variant: normal;text-decoration: none;vertical-align: baseline\">Paredz\u0113ts astronomijai, putnu v\u0113ro&scaron;anai un med\u012bb\u0101m.<\/span><\/p>\n<p style=\"line-height: 1.38;margin-top: 0pt;margin-bottom: 0pt\" dir=\"ltr\"><span style=\"font-size: 11pt;font-family: Arial;color: #000000;background-color: transparent;font-weight: 400;font-style: normal;font-variant: normal;text-decoration: none;vertical-align: baseline\">Pateicoties t\u0101 speci\u0101lajai konstrukcijai un lielai gaismas sav\u0101k&scaron;anas kapacit\u0101tei tas paredz\u0113ts ilgsto&scaron;iem nov\u0113rojumiem.<\/span><\/p>\n<p style=\"line-height: 1.38;margin-top: 0pt;margin-bottom: 0pt\" dir=\"ltr\"><span style=\"font-size: 11pt;font-family: Arial;color: #000000;background-color: transparent;font-weight: 400;font-style: normal;font-variant: normal;text-decoration: none;vertical-align: baseline\">T\u0101 korpuss ir notur\u012bgs pret laika apst\u0101k\u013ciem un putek\u013ciem. Tam ir regul\u0113jams katras acs iestat\u012bjums.<\/span><\/p>\n<p>&nbsp;<\/p>\n<p style=\"line-height: 1.38;margin-top: 0pt;margin-bottom: 0pt\" dir=\"ltr\"><span style=\"font-size: 11pt;font-family: Arial;color: #000000;background-color: transparent;font-weight: 400;font-style: normal;font-variant: normal;text-decoration: none;vertical-align: baseline\">L\u0113c\u0101m ir vair\u0101ku k\u0101rtu p\u0101rkl\u0101jums, kas sniegs gai&scaron;us un dzidrus att\u0113lus.<\/span><\/p>\n<p><strong style=\"color: #444444;font-family: Tahoma, Arial, sans-serif;font-size: 11px\"><br \/><\/strong><\/p>\n<table style=\"font-size: 10pt;font-family: arial, sans, sans-serif;width: 0px;border: none\" dir=\"ltr\" border=\"1\" cellspacing=\"0\" cellpadding=\"0\">\n<colgroup>\n<col width=\"168\"><\/col>\n<col width=\"163\"><\/col>\n<\/colgroup>\n<tbody>\n<tr style=\"height: 21px\">\n<td style=\"border-color: #28cdff;overflow: hidden;padding: 2px 3px;vertical-align: bottom;background-color: #28cdff;font-family: Arial;font-size: 11pt;font-weight: bold;color: #ffffff;text-align: center\" colspan=\"2\">Specifik\u0101cija<\/td>\n<\/tr>\n<tr style=\"height: 21px\">\n<td style=\"border-right-color: #28cdff;border-bottom-color: #28cdff;border-left-color: #28cdff;overflow: hidden;padding: 2px 3px;vertical-align: bottom;font-family: Arial;font-size: 9pt;color: #000000;text-align: center\">Izejas diametrs (mm)<\/td>\n<td style=\"border-right-color: #28cdff;border-bottom-color: #28cdff;overflow: hidden;padding: 2px 3px;vertical-align: bottom;font-family: Arial;color: #000000;text-align: center\">4<\/td>\n<\/tr>\n<tr style=\"height: 21px\">\n<td style=\"border-right-color: #28cdff;border-bottom-color: #28cdff;border-left-color: #28cdff;overflow: hidden;padding: 2px 3px;vertical-align: bottom;font-family: Arial;font-size: 9pt;color: #000000;text-align: center\">Palielin\u0101jums<\/td>\n<td style=\"border-right-color: #28cdff;border-bottom-color: #28cdff;overflow: hidden;padding: 2px 3px;vertical-align: bottom;font-family: Arial;color: #000000;text-align: center\">20<\/td>\n<\/tr>\n<tr style=\"height: 21px\">\n<td style=\"border-right-color: #28cdff;border-bottom-color: #28cdff;border-left-color: #28cdff;overflow: hidden;padding: 2px 3px;vertical-align: bottom;font-family: Arial;font-size: 9pt;color: #000000;text-align: center\">Priek&scaron;\u0113jo l\u0113cu diametrs (mm)<\/td>\n<td style=\"border-right-color: #28cdff;border-bottom-color: #28cdff;overflow: hidden;padding: 2px 3px;vertical-align: bottom;font-family: Arial;color: #000000;text-align: center\">80<\/td>\n<\/tr>\n<tr style=\"height: 21px\">\n<td style=\"border-right-color: #28cdff;border-bottom-color: #28cdff;border-left-color: #28cdff;overflow: hidden;padding: 2px 3px;vertical-align: bottom;font-family: Arial;font-size: 9pt;color: #000000;text-align: center\">Konstrukcijas veids<\/td>\n<td style=\"border-right-color: #28cdff;border-bottom-color: #28cdff;overflow: hidden;padding: 2px 3px;vertical-align: bottom;font-family: Arial;color: #000000;text-align: center\">Porro prizmas<\/td>\n<\/tr>\n<tr style=\"height: 21px\">\n<td style=\"border-right-color: #28cdff;border-bottom-color: #28cdff;border-left-color: #28cdff;overflow: hidden;padding: 2px 3px;vertical-align: bottom;font-family: Arial;font-size: 9pt;color: #000000;text-align: center\">Stikla materi\u0101ls<\/td>\n<td style=\"border-right-color: #28cdff;border-bottom-color: #28cdff;overflow: hidden;padding: 2px 3px;vertical-align: bottom;font-family: Arial;color: #000000;text-align: center\">BaK-4<\/td>\n<\/tr>\n<tr style=\"height: 21px\">\n<td style=\"border-right-color: #28cdff;border-bottom-color: #28cdff;border-left-color: #28cdff;overflow: hidden;padding: 2px 3px;vertical-align: bottom;font-family: Arial;font-size: 9pt;color: #000000;text-align: center\">L\u0113cu p\u0101rkl\u0101jums<\/td>\n<td style=\"border-right-color: #28cdff;border-bottom-color: #28cdff;overflow: hidden;padding: 2px 3px;vertical-align: bottom;font-family: Arial;color: #000000;text-align: center\">Vair\u0101k sl\u0101\u0146u<\/td>\n<\/tr>\n<tr style=\"height: 21px\">\n<td style=\"border-right-color: #28cdff;border-bottom-color: #28cdff;border-left-color: #28cdff;overflow: hidden;padding: 2px 3px;vertical-align: bottom;font-family: Arial;font-size: 9pt;color: #000000;text-align: center\">Palielin\u0101juma mai\u0146a<\/td>\n<td style=\"border-right-color: #28cdff;border-bottom-color: #28cdff;overflow: hidden;padding: 2px 3px;vertical-align: bottom;font-family: Arial;color: #000000;text-align: center\">&#8211;<\/td>\n<\/tr>\n<tr style=\"height: 21px\">\n<td style=\"border-right-color: #28cdff;border-bottom-color: #28cdff;border-left-color: #28cdff;overflow: hidden;padding: 2px 3px;vertical-align: bottom;font-family: Arial;font-size: 9pt;color: #000000;text-align: center\">Stat\u012bva adaptera vieta<\/td>\n<td style=\"border-right-color: #28cdff;border-bottom-color: #28cdff;overflow: hidden;padding: 2px 3px;vertical-align: bottom;font-family: Arial;color: #000000;text-align: center\">ir<\/td>\n<\/tr>\n<tr style=\"height: 21px\">\n<td style=\"border-right-color: #28cdff;border-bottom-color: #28cdff;border-left-color: #28cdff;overflow: hidden;padding: 2px 3px;vertical-align: bottom;font-family: Arial;font-size: 9pt;color: #000000;text-align: center\">Soma<\/td>\n<td style=\"border-right-color: #28cdff;border-bottom-color: #28cdff;overflow: hidden;padding: 2px 3px;vertical-align: bottom;font-family: Arial;color: #000000;text-align: center\">ir<\/td>\n<\/tr>\n<tr style=\"height: 21px\">\n<td style=\"border-right-color: #28cdff;border-bottom-color: #28cdff;border-left-color: #28cdff;overflow: hidden;padding: 2px 3px;vertical-align: bottom;font-family: Arial;font-size: 9pt;color: #000000;text-align: center\">Okul\u0101rs izmanto&scaron;anai ar brill\u0113m<\/td>\n<td style=\"border-right-color: #28cdff;border-bottom-color: #28cdff;overflow: hidden;padding: 2px 3px;vertical-align: bottom;font-family: Arial;color: #000000;text-align: center\">&#8211;<\/td>\n<\/tr>\n<tr style=\"height: 21px\">\n<td style=\"border-right-color: #28cdff;border-bottom-color: #28cdff;border-left-color: #28cdff;overflow: hidden;padding: 2px 3px;vertical-align: bottom;font-family: Arial;font-size: 9pt;color: #000000;text-align: center\">Patiesais redzes lauks<\/td>\n<td style=\"border-right-color: #28cdff;border-bottom-color: #28cdff;overflow: hidden;padding: 2px 3px;vertical-align: bottom;font-family: Arial;color: #000000;text-align: center\">(&deg;) 2.6<\/td>\n<\/tr>\n<tr style=\"height: 21px\">\n<td style=\"border-right-color: #28cdff;border-bottom-color: #28cdff;border-left-color: #28cdff;overflow: hidden;padding: 2px 3px;vertical-align: bottom;font-family: Arial;font-size: 9pt;color: #000000;text-align: center\">Redzes lauks uz 1,000 m (m)<\/td>\n<td style=\"border-right-color: #28cdff;border-bottom-color: #28cdff;overflow: hidden;padding: 2px 3px;vertical-align: bottom;font-family: Arial;color: #000000;text-align: center\">45 (Pie 12x)<\/td>\n<\/tr>\n<tr style=\"height: 21px\">\n<td style=\"border-right-color: #28cdff;border-bottom-color: #28cdff;border-left-color: #28cdff;overflow: hidden;padding: 2px 3px;vertical-align: bottom;font-family: Arial;font-size: 9pt;color: #000000;text-align: center\">Gaismas intensit\u0101te<\/td>\n<td style=\"border-right-color: #28cdff;border-bottom-color: #28cdff;overflow: hidden;padding: 2px 3px;vertical-align: bottom;font-family: Arial;color: #000000;text-align: center\">16<\/td>\n<\/tr>\n<tr style=\"height: 21px\">\n<td style=\"border-right-color: #28cdff;border-bottom-color: #28cdff;border-left-color: #28cdff;overflow: hidden;padding: 2px 3px;vertical-align: bottom;font-family: Arial;font-size: 9pt;color: #000000;text-align: center\">Kr\u0113slas faktors<\/td>\n<td style=\"border-right-color: #28cdff;border-bottom-color: #28cdff;overflow: hidden;padding: 2px 3px;vertical-align: bottom;font-family: Arial;color: #000000;text-align: center\">37<\/td>\n<\/tr>\n<tr style=\"height: 21px\">\n<td style=\"border-right-color: #28cdff;border-bottom-color: #28cdff;border-left-color: #28cdff;overflow: hidden;padding: 2px 3px;vertical-align: bottom;font-family: Arial;font-size: 9pt;color: #000000;text-align: center\">Kr\u0101sa<\/td>\n<td style=\"border-right-color: #28cdff;border-bottom-color: #28cdff;overflow: hidden;padding: 2px 3px;vertical-align: bottom;font-family: Arial;color: #000000;text-align: center\">melna<\/td>\n<\/tr>\n<tr style=\"height: 21px\">\n<td style=\"border-right-color: #28cdff;border-bottom-color: #28cdff;border-left-color: #28cdff;overflow: hidden;padding: 2px 3px;vertical-align: bottom;font-family: Arial;font-size: 9pt;color: #000000;text-align: center\">Garums (mm)<\/td>\n<td style=\"border-right-color: #28cdff;border-bottom-color: #28cdff;overflow: hidden;padding: 2px 3px;vertical-align: bottom;font-family: Arial;color: #000000;text-align: center\">(mm): 199(mm): 205<\/td>\n<\/tr>\n<tr style=\"height: 21px\">\n<td style=\"border-right-color: #28cdff;border-bottom-color: #28cdff;border-left-color: #28cdff;overflow: hidden;padding: 2px 3px;vertical-align: bottom;font-family: Arial;font-size: 9pt;color: #000000;text-align: center\">Augstums (mm)<\/td>\n<td style=\"border-right-color: #28cdff;border-bottom-color: #28cdff;overflow: hidden;padding: 2px 3px;vertical-align: bottom;font-family: Arial;color: #000000;text-align: center\">75<\/td>\n<\/tr>\n<tr style=\"height: 21px\">\n<td style=\"border-right-color: #28cdff;border-bottom-color: #28cdff;border-left-color: #28cdff;overflow: hidden;padding: 2px 3px;vertical-align: bottom;font-family: Arial;font-size: 9pt;color: #000000;text-align: center\">Svars (g)<\/td>\n<td style=\"border-right-color: #28cdff;border-bottom-color: #28cdff;overflow: hidden;padding: 2px 3px;vertical-align: bottom;font-family: Arial;color: #000000;text-align: center\">1140<\/td>\n<\/tr>\n<tr style=\"height: 21px\">\n<td style=\"border-right-color: #28cdff;border-bottom-color: #28cdff;border-left-color: #28cdff;overflow: hidden;padding: 2px 3px;vertical-align: bottom;font-family: Arial;font-size: 9pt;color: #000000;text-align: center\">Korpusa materi\u0101ls<\/td>\n<td style=\"border-right-color: #28cdff;border-bottom-color: #28cdff;overflow: hidden;padding: 2px 3px;vertical-align: bottom;font-family: Arial;color: #000000;text-align: center\">Gumijas p\u0101rkl\u0101jums<\/td>\n<\/tr>\n<\/tbody>\n<\/table>\n","protected":false},"excerpt":{"rendered":"<p>&Scaron;is milz\u012bgais &nbsp;Platle\u0146\u0137a Porro Prizmas Mitrumiztur\u012bgais &nbsp;Bresser Spezial ASTRO PLUS 20X80 binoklis neko nepalaid\u012bs gar\u0101m. Tam ir liels 20 rei\u017eu palielin\u0101jums un 80mm l\u0113cu diametrs. Paredz\u0113ts astronomijai, putnu v\u0113ro&scaron;anai un med\u012bb\u0101m. Pateicoties t\u0101 speci\u0101lajai konstrukcijai un lielai gaismas sav\u0101k&scaron;anas kapacit\u0101tei tas paredz\u0113ts ilgsto&scaron;iem nov\u0113rojumiem. T\u0101 korpuss ir notur\u012bgs pret laika apst\u0101k\u013ciem un putek\u013ciem. Tam ir [&hellip;]<\/p>\n","protected":false},"featured_media":0,"template":"","meta":[],"product_brand":[],"product_cat":[4640,4938,4939],"product_tag":[],"class_list":{"0":"post-79352","1":"product","2":"type-product","3":"status-publish","5":"product_cat-recreation","6":"product_cat-optics-recreation","7":"product_cat-binoculars-optics-recreation","9":"first","10":"instock","11":"shipping-taxable","12":"purchasable","13":"product-type-simple"},"_links":{"self":[{"href":"https:\/\/sezona.lv\/en\/wp-json\/wp\/v2\/product\/79352","targetHints":{"allow":["GET"]}}],"collection":[{"href":"https:\/\/sezona.lv\/en\/wp-json\/wp\/v2\/product"}],"about":[{"href":"https:\/\/sezona.lv\/en\/wp-json\/wp\/v2\/types\/product"}],"wp:attachment":[{"href":"https:\/\/sezona.lv\/en\/wp-json\/wp\/v2\/media?parent=79352"}],"wp:term":[{"taxonomy":"product_brand","embeddable":true,"href":"https:\/\/sezona.lv\/en\/wp-json\/wp\/v2\/product_brand?post=79352"},{"taxonomy":"product_cat","embeddable":true,"href":"https:\/\/sezona.lv\/en\/wp-json\/wp\/v2\/product_cat?post=79352"},{"taxonomy":"product_tag","embeddable":true,"href":"https:\/\/sezona.lv\/en\/wp-json\/wp\/v2\/product_tag?post=79352"}],"curies":[{"name":"wp","href":"https:\/\/api.w.org\/{rel}","templated":true}]}}