{"id":79355,"date":"2025-07-14T15:38:45","date_gmt":"2025-07-14T12:38:45","guid":{"rendered":"https:\/\/demo8.ecube.lv\/sezona.lv\/products\/bresser-spezial-11x56-jaunas-paaudzes-prizmas-binoklis\/"},"modified":"2025-07-14T15:38:45","modified_gmt":"2025-07-14T12:38:45","slug":"bresser-spezial-11x56-jaunas-paaudzes-prizmas-binoklis","status":"publish","type":"product","link":"https:\/\/sezona.lv\/en\/products\/bresser-spezial-11x56-jaunas-paaudzes-prizmas-binoklis\/","title":{"rendered":"Bresser Spezial 11&#215;56 Jaun\u0101s Paaudzes Prizmas Binoklis"},"content":{"rendered":"<p style=\"line-height: 1.38;margin-top: 0pt;margin-bottom: 0pt\" dir=\"ltr\"><span style=\"font-size: 11pt;font-family: Arial;color: #000000;background-color: transparent;font-weight: 400;font-style: normal;font-variant: normal;text-decoration: none;vertical-align: baseline\">Platle\u0146\u0137a Porro Prizmas Mitrumiztur\u012bgs Binoklis Bresser Spezial PLUS 11X56 rad\u012bts speci\u0101li medniekiem un dz\u012bvnieku v\u0113rot\u0101jiem.<\/span><\/p>\n<p style=\"line-height: 1.38;margin-top: 0pt;margin-bottom: 0pt\" dir=\"ltr\"><span style=\"font-size: 11pt;font-family: Arial;color: #000000;background-color: transparent;font-weight: 400;font-style: normal;font-variant: normal;text-decoration: none;vertical-align: baseline\">Tam ir BaK-4 jaun\u0101s paaudzes optika 11 rei\u017eu palielin\u0101jums un 56mm diametrs.<\/span><\/p>\n<p style=\"line-height: 1.38;margin-top: 0pt;margin-bottom: 0pt\" dir=\"ltr\"><span style=\"font-size: 11pt;font-family: Arial;color: #000000;background-color: transparent;font-weight: 400;font-style: normal;font-variant: normal;text-decoration: none;vertical-align: baseline\">Paredz\u0113ts dabas nov\u0113ro&scaron;anai kr\u0113slas un nelielas gaismas apst\u0101k\u013cos, kuros tas sniegs maksim\u0101li gai&scaron;us un dzidrus att\u0113lus.<\/span><\/p>\n<p>&nbsp;<\/p>\n<p style=\"line-height: 1.38;margin-top: 0pt;margin-bottom: 0pt\" dir=\"ltr\"><span style=\"font-size: 11pt;font-family: Arial;color: #000000;background-color: transparent;font-weight: 400;font-style: normal;font-variant: normal;text-decoration: none;vertical-align: baseline\">Binoklim 3 gadu garantija.<\/span><\/p>\n<p style=\"line-height: 1.38;margin-top: 0pt;margin-bottom: 0pt\" dir=\"ltr\"><span style=\"font-size: 11pt;font-family: Arial;color: #000000;background-color: transparent;font-weight: 400;font-style: normal;font-variant: normal;text-decoration: none;vertical-align: baseline\"><br \/><\/span><\/p>\n<h3 style=\"line-height: 1.8\">\n<table style=\"font-size: 10pt;font-family: arial, sans, sans-serif;width: 0px;border: none\" dir=\"ltr\" border=\"1\" cellspacing=\"0\" cellpadding=\"0\">\n<colgroup>\n<col width=\"256\"><\/col>\n<\/colgroup>\n<tbody>\n<tr style=\"height: 21px\">\n<td style=\"border-color: #28cdff;overflow: hidden;padding: 2px 3px;vertical-align: bottom;background-color: #28cdff;font-family: Arial;font-size: 11pt;font-weight: bold;color: #ffffff;text-align: center\">Specifik\u0101cija<\/td>\n<\/tr>\n<tr style=\"height: 21px\">\n<td style=\"border-right-color: #28cdff;border-bottom-color: #28cdff;border-left-color: #28cdff;overflow: hidden;padding: 2px 3px;vertical-align: bottom;font-family: Arial;font-size: 11pt;color: #000000\">Izejas diametrs (mm): 5.1<\/td>\n<\/tr>\n<tr style=\"height: 21px\">\n<td style=\"border-right-color: #28cdff;border-bottom-color: #28cdff;border-left-color: #28cdff;overflow: hidden;padding: 2px 3px;vertical-align: bottom;font-family: Arial;font-size: 11pt;color: #000000\">Palielin\u0101jums: 11<\/td>\n<\/tr>\n<tr style=\"height: 21px\">\n<td style=\"border-right-color: #28cdff;border-bottom-color: #28cdff;border-left-color: #28cdff;overflow: hidden;padding: 2px 3px;vertical-align: bottom;font-family: Arial;font-size: 11pt;color: #000000\">Priek&scaron;\u0113jo l\u0113cu diametrs (mm): 56<\/td>\n<\/tr>\n<tr style=\"height: 21px\">\n<td style=\"border-right-color: #28cdff;border-bottom-color: #28cdff;border-left-color: #28cdff;overflow: hidden;padding: 2px 3px;vertical-align: bottom;font-family: Arial;font-size: 11pt;color: #000000\">Konstrukcijas veids: Porro<\/td>\n<\/tr>\n<tr style=\"height: 21px\">\n<td style=\"border-right-color: #28cdff;border-bottom-color: #28cdff;border-left-color: #28cdff;overflow: hidden;padding: 2px 3px;vertical-align: bottom;font-family: Arial;font-size: 11pt;color: #000000\">Stikla materi\u0101ls: BaK-4<\/td>\n<\/tr>\n<tr style=\"height: 21px\">\n<td style=\"border-right-color: #28cdff;border-bottom-color: #28cdff;border-left-color: #28cdff;overflow: hidden;padding: 2px 3px;vertical-align: bottom;font-family: Arial;font-size: 11pt;color: #000000\">L\u0113cu p\u0101rkl\u0101jums: Vair\u0101ku sl\u0101\u0146u, Piln\u012bgs<\/td>\n<\/tr>\n<tr style=\"height: 21px\">\n<td style=\"border-right-color: #28cdff;border-bottom-color: #28cdff;border-left-color: #28cdff;overflow: hidden;padding: 2px 3px;vertical-align: bottom;font-family: Arial;font-size: 11pt;color: #000000\">Stat\u012bva adaptera vieta: Ir<\/td>\n<\/tr>\n<tr style=\"height: 21px\">\n<td style=\"border-right-color: #28cdff;border-bottom-color: #28cdff;border-left-color: #28cdff;overflow: hidden;padding: 2px 3px;vertical-align: bottom;font-family: Arial;font-size: 11pt;color: #000000\">Soma: Ir<\/td>\n<\/tr>\n<tr style=\"height: 21px\">\n<td style=\"border-right-color: #28cdff;border-bottom-color: #28cdff;border-left-color: #28cdff;overflow: hidden;padding: 2px 3px;vertical-align: bottom;font-family: Arial;font-size: 11pt;color: #000000\">Okul\u0101rs izmanto&scaron;anai ar brill\u0113m:-<\/td>\n<\/tr>\n<tr style=\"height: 21px\">\n<td style=\"border-right-color: #28cdff;border-bottom-color: #28cdff;border-left-color: #28cdff;overflow: hidden;padding: 2px 3px;vertical-align: bottom;font-family: Arial;font-size: 11pt;color: #000000\">Patiesais redzes lauks (&deg;) 6.0<\/td>\n<\/tr>\n<tr style=\"height: 21px\">\n<td style=\"border-right-color: #28cdff;border-bottom-color: #28cdff;border-left-color: #28cdff;overflow: hidden;padding: 2px 3px;vertical-align: bottom;font-family: Arial;font-size: 11pt;color: #000000\">Redzes lauks uz 1,000 m (m): 105<\/td>\n<\/tr>\n<tr style=\"height: 21px\">\n<td style=\"border-right-color: #28cdff;border-bottom-color: #28cdff;border-left-color: #28cdff;overflow: hidden;padding: 2px 3px;vertical-align: bottom;font-family: Arial;font-size: 11pt;color: #000000\">Gaismas intensit\u0101te: 26.0<\/td>\n<\/tr>\n<tr style=\"height: 21px\">\n<td style=\"border-right-color: #28cdff;border-bottom-color: #28cdff;border-left-color: #28cdff;overflow: hidden;padding: 2px 3px;vertical-align: bottom;font-family: Arial;font-size: 11pt;color: #000000\">Kr\u0113slas faktors: 24.8<\/td>\n<\/tr>\n<tr style=\"height: 21px\">\n<td style=\"border-right-color: #28cdff;border-bottom-color: #28cdff;border-left-color: #28cdff;overflow: hidden;padding: 2px 3px;vertical-align: bottom;font-family: Arial;font-size: 11pt;color: #000000\">Kr\u0101sa: za\u013ca<\/td>\n<\/tr>\n<tr style=\"height: 21px\">\n<td style=\"border-right-color: #28cdff;border-bottom-color: #28cdff;border-left-color: #28cdff;overflow: hidden;padding: 2px 3px;vertical-align: bottom;font-family: Arial;font-size: 11pt;color: #000000\">Korpusa materi\u0101ls: Gumijas p\u0101rkl\u0101jums<\/td>\n<\/tr>\n<\/tbody>\n<\/table>\n<\/h3>\n<p>&nbsp;<\/p>\n<div class=\"tab-content\">\n<div id=\"tab-specification\" class=\"tab-pane active\"><\/div>\n<\/div>\n","protected":false},"excerpt":{"rendered":"<p>Platle\u0146\u0137a Porro Prizmas Mitrumiztur\u012bgs Binoklis Bresser Spezial PLUS 11X56 rad\u012bts speci\u0101li medniekiem un dz\u012bvnieku v\u0113rot\u0101jiem. Tam ir BaK-4 jaun\u0101s paaudzes optika 11 rei\u017eu palielin\u0101jums un 56mm diametrs. Paredz\u0113ts dabas nov\u0113ro&scaron;anai kr\u0113slas un nelielas gaismas apst\u0101k\u013cos, kuros tas sniegs maksim\u0101li gai&scaron;us un dzidrus att\u0113lus. &nbsp; Binoklim 3 gadu garantija. Specifik\u0101cija Izejas diametrs (mm): 5.1 Palielin\u0101jums: 11 [&hellip;]<\/p>\n","protected":false},"featured_media":0,"template":"","meta":[],"product_brand":[],"product_cat":[4640,4938,4939],"product_tag":[],"class_list":{"0":"post-79355","1":"product","2":"type-product","3":"status-publish","5":"product_cat-recreation","6":"product_cat-optics-recreation","7":"product_cat-binoculars-optics-recreation","9":"first","10":"instock","11":"shipping-taxable","12":"purchasable","13":"product-type-simple"},"_links":{"self":[{"href":"https:\/\/sezona.lv\/en\/wp-json\/wp\/v2\/product\/79355","targetHints":{"allow":["GET"]}}],"collection":[{"href":"https:\/\/sezona.lv\/en\/wp-json\/wp\/v2\/product"}],"about":[{"href":"https:\/\/sezona.lv\/en\/wp-json\/wp\/v2\/types\/product"}],"wp:attachment":[{"href":"https:\/\/sezona.lv\/en\/wp-json\/wp\/v2\/media?parent=79355"}],"wp:term":[{"taxonomy":"product_brand","embeddable":true,"href":"https:\/\/sezona.lv\/en\/wp-json\/wp\/v2\/product_brand?post=79355"},{"taxonomy":"product_cat","embeddable":true,"href":"https:\/\/sezona.lv\/en\/wp-json\/wp\/v2\/product_cat?post=79355"},{"taxonomy":"product_tag","embeddable":true,"href":"https:\/\/sezona.lv\/en\/wp-json\/wp\/v2\/product_tag?post=79355"}],"curies":[{"name":"wp","href":"https:\/\/api.w.org\/{rel}","templated":true}]}}