{"id":79356,"date":"2025-07-14T15:38:47","date_gmt":"2025-07-14T12:38:47","guid":{"rendered":"https:\/\/demo8.ecube.lv\/sezona.lv\/products\/levenhuk-bruno-wide-plus-15x70-mitrumizturigs-platlenka-binoklis\/"},"modified":"2025-07-14T15:38:47","modified_gmt":"2025-07-14T12:38:47","slug":"levenhuk-bruno-wide-plus-15x70-mitrumizturigs-platlenka-binoklis","status":"publish","type":"product","link":"https:\/\/sezona.lv\/en\/products\/levenhuk-bruno-wide-plus-15x70-mitrumizturigs-platlenka-binoklis\/","title":{"rendered":"Levenhuk Bruno WIDE PLUS 15&#215;70 Mitrumiztur\u012bgs Platle\u0146\u0137a Binoklis"},"content":{"rendered":"<p><span id=\"docs-internal-guid-b09b1fe4-e96c-6ebd-7d50-f2820d9bbfb6\"><\/p>\n<p style=\"line-height: 1.38;margin-top: 0pt;margin-bottom: 0pt\" dir=\"ltr\"><span style=\"font-size: 11pt;font-family: Arial;color: #000000;background-color: #ffffff;font-weight: 700;font-style: normal;font-variant: normal;text-decoration: none;vertical-align: baseline\">Levenhuk Bruno WIDE PLUS 15&#215;70 astronomijas binok\u013ci<\/span><span style=\"font-size: 11pt;font-family: Arial;color: #000000;background-color: #ffffff;font-weight: 400;font-style: normal;font-variant: normal;text-decoration: none;vertical-align: baseline\">, dos Jums lielisku iesp\u0113ju izp\u0113t\u012bt kosmosu dzi\u013cumu! To \u012bpa&scaron;\u012bbas ir diezgan sal\u012bdzin\u0101mas ar s\u0101kuma l\u012bme\u0146a refraktora \u012bpa&scaron;\u012bb\u0101m, un \u013cauj mums apskat\u012bt m\u016bsu Visuma skaistumu. <\/span><span style=\"font-size: 11pt;font-family: Arial;color: #000000;background-color: #ffffff;font-weight: 700;font-style: normal;font-variant: normal;text-decoration: none;vertical-align: baseline\">Ar Levenhuk Bruno WIDE PLUS 15&#215;70<\/span><span style=\"font-size: 11pt;font-family: Arial;color: #000000;background-color: #ffffff;font-weight: 400;font-style: normal;font-variant: normal;text-decoration: none;vertical-align: baseline\"> astronomijas binok\u013ciem, J\u016bs varat apskat\u012bt M\u0113ness, atrast Saturnu un Ven\u0113ru debes\u012bs, un izsekot Starptautisk\u0101s kosmosa stacijas kust\u012bbai. <\/span><span style=\"font-size: 11pt;font-family: Arial;color: #000000;background-color: #ffffff;font-weight: 700;font-style: normal;font-variant: normal;text-decoration: none;vertical-align: baseline\">&Scaron;is binoklis, b\u016btu lielisks l\u012bdzeklis, lai nov\u0113rotu meteoru kri&scaron;anu un Iridijas mirgo&scaron;anos.<\/span><span style=\"font-size: 11pt;font-family: Arial;color: #000000;background-color: #ffffff;font-weight: 700;font-style: normal;font-variant: normal;text-decoration: none;vertical-align: baseline\"><br class=\"kix-line-break\" \/><\/span><span style=\"font-size: 11pt;font-family: Arial;color: #000000;background-color: #ffffff;font-weight: 400;font-style: normal;font-variant: normal;text-decoration: none;vertical-align: baseline\"><br class=\"kix-line-break\" \/><\/span><span style=\"font-size: 11pt;font-family: Arial;color: #000000;background-color: #ffffff;font-weight: 400;font-style: normal;font-variant: normal;text-decoration: none;vertical-align: baseline\">Porro prizmas un piecu elementu okul\u0101ri, kas atrodas optiskaj\u0101 sh\u0113m\u0101, nodod skaidru, kontrastu un detaliz\u0113tu att\u0113lu bez deform\u0101cij\u0101m. Visi <\/span><span style=\"font-size: 11pt;font-family: Arial;color: #000000;background-color: #ffffff;font-weight: 700;font-style: normal;font-variant: normal;text-decoration: none;vertical-align: baseline\">optikas elementi<\/span><span style=\"font-size: 11pt;font-family: Arial;color: #000000;background-color: #ffffff;font-weight: 400;font-style: normal;font-variant: normal;text-decoration: none;vertical-align: baseline\"> ir izgatavoti no augstas <\/span><span style=\"font-size: 11pt;font-family: Arial;color: #000000;background-color: #ffffff;font-weight: 700;font-style: normal;font-variant: normal;text-decoration: none;vertical-align: baseline\">kvalit\u0101tes BaK-4 stikla, <\/span><span style=\"font-size: 11pt;font-family: Arial;color: #000000;background-color: #ffffff;font-weight: 400;font-style: normal;font-variant: normal;text-decoration: none;vertical-align: baseline\">un <\/span><span style=\"font-size: 11pt;font-family: Arial;color: #000000;background-color: #ffffff;font-weight: 700;font-style: normal;font-variant: normal;text-decoration: none;vertical-align: baseline\">objekt\u012bvi ir p\u0101rkl\u0101ti ar daudziem p\u0101rkl\u0101jumiem<\/span><span style=\"font-size: 11pt;font-family: Arial;color: #000000;background-color: #ffffff;font-weight: 400;font-style: normal;font-variant: normal;text-decoration: none;vertical-align: baseline\">. Augstas aperat\u016bras objekt\u012bvi ir ide\u0101li piem\u0113roti zvaig\u017e\u0146ot\u0101s debess nakts nov\u0113ro&scaron;anai. &Scaron;o binok\u013cu optisk\u0101s \u012bpa&scaron;\u012bbas, \u013cauj palielin\u0101t objektu 15 reizes!<\/span><span style=\"font-size: 11pt;font-family: Arial;color: #000000;background-color: #ffffff;font-weight: 400;font-style: normal;font-variant: normal;text-decoration: none;vertical-align: baseline\"><br class=\"kix-line-break\" \/><\/span><span style=\"font-size: 11pt;font-family: Arial;color: #000000;background-color: #ffffff;font-weight: 400;font-style: normal;font-variant: normal;text-decoration: none;vertical-align: baseline\"><br class=\"kix-line-break\" \/><\/span><span style=\"font-size: 11pt;font-family: Arial;color: #000000;background-color: #ffffff;font-weight: 400;font-style: normal;font-variant: normal;text-decoration: none;vertical-align: baseline\">Levenhuk Bruno WIDE PLUS 15&#215;70 binok\u013ci ir uzticams optiskais instruments, kas nebaid\u0101s no probl\u0113m\u0101m. <\/span><span style=\"font-size: 11pt;font-family: Arial;color: #000000;background-color: #ffffff;font-weight: 700;font-style: normal;font-variant: normal;text-decoration: none;vertical-align: baseline\">Herm\u0113tisks dizains<\/span><span style=\"font-size: 11pt;font-family: Arial;color: #000000;background-color: #ffffff;font-weight: 400;font-style: normal;font-variant: normal;text-decoration: none;vertical-align: baseline\"> ne\u013cauj iek\u013c\u016bt \u016bden\u012b un putek\u013ciem iek&scaron;pus\u0113, un s<\/span><span style=\"font-size: 11pt;font-family: Arial;color: #000000;background-color: #ffffff;font-weight: 700;font-style: normal;font-variant: normal;text-decoration: none;vertical-align: baseline\">l\u0101pek\u013ca piepild\u012bjums<\/span><span style=\"font-size: 11pt;font-family: Arial;color: #000000;background-color: #ffffff;font-weight: 400;font-style: normal;font-variant: normal;text-decoration: none;vertical-align: baseline\"> aizsarg\u0101 l\u0113cas no miglo&scaron;anas. <\/span><span style=\"font-size: 11pt;font-family: Arial;color: #000000;background-color: #ffffff;font-weight: 700;font-style: normal;font-variant: normal;text-decoration: none;vertical-align: baseline\">Korpuss ir izgatavots<\/span><span style=\"font-size: 11pt;font-family: Arial;color: #000000;background-color: #ffffff;font-weight: 400;font-style: normal;font-variant: normal;text-decoration: none;vertical-align: baseline\"> no triecieniztur\u012bga <\/span><span style=\"font-size: 11pt;font-family: Arial;color: #000000;background-color: #ffffff;font-weight: 700;font-style: normal;font-variant: normal;text-decoration: none;vertical-align: baseline\">alum\u012bnija<\/span><span style=\"font-size: 11pt;font-family: Arial;color: #000000;background-color: #ffffff;font-weight: 400;font-style: normal;font-variant: normal;text-decoration: none;vertical-align: baseline\">, kura neietekm\u0113 kritienus un krat\u012b&scaron;anu. J\u016bs varat turpin\u0101t <\/span><span style=\"font-size: 11pt;font-family: Arial;color: #000000;background-color: #ffffff;font-weight: 700;font-style: normal;font-variant: normal;text-decoration: none;vertical-align: baseline\">v\u0113rot pat ekstr\u0113mos apst\u0101k\u013cos!<\/span><span style=\"font-size: 11pt;font-family: Arial;color: #000000;background-color: #ffffff;font-weight: 700;font-style: normal;font-variant: normal;text-decoration: none;vertical-align: baseline\"><br class=\"kix-line-break\" \/><\/span><span style=\"font-size: 11pt;font-family: Arial;color: #000000;background-color: #ffffff;font-weight: 400;font-style: normal;font-variant: normal;text-decoration: none;vertical-align: baseline\"><br class=\"kix-line-break\" \/><\/span><span style=\"font-size: 11pt;font-family: Arial;color: #000000;background-color: #ffffff;font-weight: 400;font-style: normal;font-variant: normal;text-decoration: none;vertical-align: baseline\">Lai ieg\u016btu vislab\u0101ko att\u0113lu, iesak\u0101m &scaron;os binok\u013cus uzst\u0101d\u012bt uz stat\u012bviem. Binok\u013ca tr\u012bsst\u016bris mont\u0101\u017eas ligzd\u0101 tiks ievietots jebkur&scaron; standarta diametra stat\u012bvs. Lai nov\u0113rojumu padar\u012btu \u0113rt\u0101ku jebkuram lietot\u0101jam, varat piel\u0101got att\u0101lumu, pareizu okul\u0101ru dioptriju un pagrie\u017eamo eyecups poz\u012bciju. Fokus\u0113&scaron;anai tiek izmantots standarta centra fokus\u0113&scaron;anas cilindrs.<\/span><span style=\"font-size: 11pt;font-family: Arial;color: #000000;background-color: #ffffff;font-weight: 400;font-style: normal;font-variant: normal;text-decoration: none;vertical-align: baseline\"><br class=\"kix-line-break\" \/><\/span><span style=\"font-size: 11pt;font-family: Arial;color: #000000;background-color: #ffffff;font-weight: 400;font-style: normal;font-variant: normal;text-decoration: none;vertical-align: baseline\"><br class=\"kix-line-break\" \/><\/span><span style=\"font-size: 11pt;font-family: Arial;color: #000000;background-color: #ffffff;font-weight: 700;font-style: normal;font-variant: normal;text-decoration: none;vertical-align: baseline\">Funckijas:<\/span><span style=\"font-size: 11pt;font-family: Arial;color: #000000;background-color: #ffffff;font-weight: 400;font-style: normal;font-variant: normal;text-decoration: none;vertical-align: baseline\"><br class=\"kix-line-break\" \/><\/span><span style=\"font-size: 11pt;font-family: Arial;color: #000000;background-color: #ffffff;font-weight: 400;font-style: normal;font-variant: normal;text-decoration: none;vertical-align: baseline\"><br class=\"kix-line-break\" \/><\/span><span style=\"font-size: 11pt;font-family: Arial;color: #000000;background-color: #ffffff;font-weight: 400;font-style: normal;font-variant: normal;text-decoration: none;vertical-align: baseline\">Astronomijas binoklis<\/span><span style=\"font-size: 11pt;font-family: Arial;color: #000000;background-color: #ffffff;font-weight: 400;font-style: normal;font-variant: normal;text-decoration: none;vertical-align: baseline\"><br class=\"kix-line-break\" \/><\/span><span style=\"font-size: 11pt;font-family: Arial;color: #000000;background-color: #ffffff;font-weight: 400;font-style: normal;font-variant: normal;text-decoration: none;vertical-align: baseline\">BaK-4 optikas stikls<\/span><span style=\"font-size: 11pt;font-family: Arial;color: #000000;background-color: #ffffff;font-weight: 400;font-style: normal;font-variant: normal;text-decoration: none;vertical-align: baseline\"><br class=\"kix-line-break\" \/><\/span><span style=\"font-size: 11pt;font-family: Arial;color: #000000;background-color: #ffffff;font-weight: 400;font-style: normal;font-variant: normal;text-decoration: none;vertical-align: baseline\">Daudzsl\u0101\u0146u l\u0113cas<\/span><span style=\"font-size: 11pt;font-family: Arial;color: #000000;background-color: #ffffff;font-weight: 400;font-style: normal;font-variant: normal;text-decoration: none;vertical-align: baseline\"><br class=\"kix-line-break\" \/><\/span><span style=\"font-size: 11pt;font-family: Arial;color: #000000;background-color: #ffffff;font-weight: 400;font-style: normal;font-variant: normal;text-decoration: none;vertical-align: baseline\">Piecu elementu okul\u0101ri<\/span><span style=\"font-size: 11pt;font-family: Arial;color: #000000;background-color: #ffffff;font-weight: 400;font-style: normal;font-variant: normal;text-decoration: none;vertical-align: baseline\"><br class=\"kix-line-break\" \/><\/span><span style=\"font-size: 11pt;font-family: Arial;color: #000000;background-color: #ffffff;font-weight: 400;font-style: normal;font-variant: normal;text-decoration: none;vertical-align: baseline\">Alum\u012bnija korpuss<\/span><span style=\"font-size: 11pt;font-family: Arial;color: #000000;background-color: #ffffff;font-weight: 400;font-style: normal;font-variant: normal;text-decoration: none;vertical-align: baseline\"><br class=\"kix-line-break\" \/><\/span><span style=\"font-size: 11pt;font-family: Arial;color: #000000;background-color: #ffffff;font-weight: 400;font-style: normal;font-variant: normal;text-decoration: none;vertical-align: baseline\">Sl\u0113gta konstrukcija<\/span><span style=\"font-size: 11pt;font-family: Arial;color: #000000;background-color: #ffffff;font-weight: 400;font-style: normal;font-variant: normal;text-decoration: none;vertical-align: baseline\"><br class=\"kix-line-break\" \/><\/span><span style=\"font-size: 11pt;font-family: Arial;color: #000000;background-color: #ffffff;font-weight: 400;font-style: normal;font-variant: normal;text-decoration: none;vertical-align: baseline\">\u016adensnecaurlaid\u012bgs korpuss, piepild\u012bts ar sl\u0101pekli<\/span><span style=\"font-size: 11pt;font-family: Arial;color: #000000;background-color: #ffffff;font-weight: 400;font-style: normal;font-variant: normal;text-decoration: none;vertical-align: baseline\"><br class=\"kix-line-break\" \/><\/span><span style=\"font-size: 11pt;font-family: Arial;color: #000000;background-color: #ffffff;font-weight: 400;font-style: normal;font-variant: normal;text-decoration: none;vertical-align: baseline\">Vienk\u0101r&scaron;a piel\u0101go&scaron;ana stat\u012bviem<\/span><span style=\"font-size: 11pt;font-family: Arial;color: #000000;background-color: #ffffff;font-weight: 400;font-style: normal;font-variant: normal;text-decoration: none;vertical-align: baseline\"><br class=\"kix-line-break\" \/><\/span><span style=\"font-size: 11pt;font-family: Arial;color: #000000;background-color: #ffffff;font-weight: 700;font-style: normal;font-variant: normal;text-decoration: none;vertical-align: baseline\"><br class=\"kix-line-break\" \/><\/span><span style=\"font-size: 11pt;font-family: Arial;color: #000000;background-color: #ffffff;font-weight: 700;font-style: normal;font-variant: normal;text-decoration: none;vertical-align: baseline\">Komplekt\u0101 ietilpst:<\/span><span style=\"font-size: 11pt;font-family: Arial;color: #000000;background-color: #ffffff;font-weight: 400;font-style: normal;font-variant: normal;text-decoration: none;vertical-align: baseline\"><br class=\"kix-line-break\" \/><\/span><span style=\"font-size: 11pt;font-family: Arial;color: #000000;background-color: #ffffff;font-weight: 400;font-style: normal;font-variant: normal;text-decoration: none;vertical-align: baseline\"><br class=\"kix-line-break\" \/><\/span><span style=\"font-size: 11pt;font-family: Arial;color: #000000;background-color: #ffffff;font-weight: 400;font-style: normal;font-variant: normal;text-decoration: none;vertical-align: baseline\">Levenhuk Bruno WIDE PLUS 15&#215;70 binok\u013ci<\/span><span style=\"font-size: 11pt;font-family: Arial;color: #000000;background-color: #ffffff;font-weight: 400;font-style: normal;font-variant: normal;text-decoration: none;vertical-align: baseline\"><br class=\"kix-line-break\" \/><\/span><span style=\"font-size: 11pt;font-family: Arial;color: #000000;background-color: #ffffff;font-weight: 400;font-style: normal;font-variant: normal;text-decoration: none;vertical-align: baseline\">Acis un objekt\u012bvu v\u0101ci\u0146i<\/span><span style=\"font-size: 11pt;font-family: Arial;color: #000000;background-color: #ffffff;font-weight: 400;font-style: normal;font-variant: normal;text-decoration: none;vertical-align: baseline\"><br class=\"kix-line-break\" \/><\/span><span style=\"font-size: 11pt;font-family: Arial;color: #000000;background-color: #ffffff;font-weight: 400;font-style: normal;font-variant: normal;text-decoration: none;vertical-align: baseline\">Siksna<\/span><span style=\"font-size: 11pt;font-family: Arial;color: #000000;background-color: #ffffff;font-weight: 400;font-style: normal;font-variant: normal;text-decoration: none;vertical-align: baseline\"><br class=\"kix-line-break\" \/><\/span><span style=\"font-size: 11pt;font-family: Arial;color: #000000;background-color: #ffffff;font-weight: 400;font-style: normal;font-variant: normal;text-decoration: none;vertical-align: baseline\">Neilona soma<\/span><span style=\"font-size: 11pt;font-family: Arial;color: #000000;background-color: #ffffff;font-weight: 400;font-style: normal;font-variant: normal;text-decoration: none;vertical-align: baseline\"><br class=\"kix-line-break\" \/><\/span><span style=\"font-size: 11pt;font-family: Arial;color: #000000;background-color: #ffffff;font-weight: 400;font-style: normal;font-variant: normal;text-decoration: none;vertical-align: baseline\">T\u012br\u012b&scaron;ana Lupati\u0146a<\/span><span style=\"font-size: 11pt;font-family: Arial;color: #000000;background-color: #ffffff;font-weight: 400;font-style: normal;font-variant: normal;text-decoration: none;vertical-align: baseline\"><br class=\"kix-line-break\" \/><\/span><span style=\"font-size: 11pt;font-family: Arial;color: #000000;background-color: #ffffff;font-weight: 400;font-style: normal;font-variant: normal;text-decoration: none;vertical-align: baseline\">Lietot\u0101ja rokasgr\u0101mata un m\u016b\u017ea garantija<\/span><\/p>\n<p style=\"line-height: 1.38;margin-top: 0pt;margin-bottom: 0pt\" dir=\"ltr\">&nbsp;<\/p>\n<p><\/span><\/p>\n<table class=\"table table-bordered\" border=\"0\">\n<thead>\n<tr>\n<td colspan=\"2\"><strong>Atrib\u016bti<\/strong><\/td>\n<\/tr>\n<\/thead>\n<tbody>\n<tr>\n<td>Acs att\u0101lums<\/td>\n<td>19 mm<\/td>\n<\/tr>\n<tr>\n<td>Darb\u012bbas temperat\u016bras diapazons<\/td>\n<td>&ndash;10&#8230;+50 &deg; C<\/td>\n<\/tr>\n<tr>\n<td>Fokus\u0113&scaron;ana<\/td>\n<td>centr\u0101l\u0101<\/td>\n<\/tr>\n<tr>\n<td>Garantija<\/td>\n<td>999 months<\/td>\n<\/tr>\n<tr>\n<td>Iepakojuma izm\u0113ri (GxPxA):<\/td>\n<td>38.0 x 27.0 x 14.5 cm<\/td>\n<\/tr>\n<tr>\n<td>Izejas z\u012bl\u012b&scaron;u diametrs<\/td>\n<td>4,7 mm<\/td>\n<\/tr>\n<tr>\n<td>Izm\u0113ri<\/td>\n<td>280x210x90 mm<\/td>\n<\/tr>\n<tr>\n<td>Iz&scaron;\u0137irtsp\u0113jas slieksnis, (arcsecundes)<\/td>\n<td>4<\/td>\n<\/tr>\n<tr>\n<td>Korpusa materi\u0101ls<\/td>\n<td>alum\u012bnijs<\/td>\n<\/tr>\n<tr>\n<td>Kr\u0113slas koeficients<\/td>\n<td>32,4<\/td>\n<\/tr>\n<tr>\n<td>Objekt\u012bva l\u0113cas diametrs (atv\u0113rums)<\/td>\n<td>70 mm<\/td>\n<\/tr>\n<tr>\n<td>Objekt\u012bvi<\/td>\n<td>divi elementi vien\u0101 grup\u0101<\/td>\n<\/tr>\n<tr>\n<td>Okul\u0101ri<\/td>\n<td>pieci elementi tr\u012bs grup\u0101s<\/td>\n<\/tr>\n<tr>\n<td>Okul\u0101ru dioptriju korekcija, dioptriju skala<\/td>\n<td>&plusmn;4<\/td>\n<\/tr>\n<tr>\n<td>Okul\u0101ru kausi\u0146i<\/td>\n<td>retractable (3 fixed positions)<\/td>\n<\/tr>\n<tr>\n<td>Optikas materi\u0101ls<\/td>\n<td>BaK-4 stikla<\/td>\n<\/tr>\n<tr>\n<td>Optikas p\u0101rkl\u0101jums<\/td>\n<td>abpus\u0113js multi-p\u0101rkl\u0101jums<\/td>\n<\/tr>\n<tr>\n<td>Palielin\u0101jums<\/td>\n<td>15 x<\/td>\n<\/tr>\n<tr>\n<td>Piel\u0101gojams stat\u012bvam<\/td>\n<td>\u0435\u0441\u0442\u044c<\/td>\n<\/tr>\n<tr>\n<td>Ra\u017eot\u0101ja valsts<\/td>\n<td>PRC, controlled by Levenhuk, Inc. (USA)<\/td>\n<\/tr>\n<tr>\n<td>Redzes lauks<\/td>\n<td>4,4 &deg;<\/td>\n<\/tr>\n<tr>\n<td>Redzes lauks, m\/1000 m<\/td>\n<td>77<\/td>\n<\/tr>\n<tr>\n<td>Relat\u012bvais spilgtums<\/td>\n<td>22,1<\/td>\n<\/tr>\n<tr>\n<td>Starp-z\u012bl\u012b&scaron;u  att\u0101lums (IPD)<\/td>\n<td>53&ndash;74 mm<\/td>\n<\/tr>\n<tr>\n<td>Svars<\/td>\n<td>1,3 kg<\/td>\n<\/tr>\n<tr>\n<td>Tips<\/td>\n<td>Porro prizma<\/td>\n<\/tr>\n<tr>\n<td>Tuvais fokuss<\/td>\n<td>14 m<\/td>\n<\/tr>\n<tr>\n<td>\u016adens notur\u012bbas specifik\u0101cijas<\/td>\n<td>j\u0101 (class IPX6)<\/td>\n<\/tr>\n<\/tbody>\n<\/table>\n<p><span id=\"docs-internal-guid-b09b1fe4-e96c-6ebd-7d50-f2820d9bbfb6\"><\/p>\n<p style=\"line-height: 1.38;margin-top: 0pt;margin-bottom: 0pt\" dir=\"ltr\"><span style=\"font-size: 11pt;font-family: Arial;color: #000000;background-color: #ffffff;font-weight: 400;font-style: normal;font-variant: normal;text-decoration: none;vertical-align: baseline\"><\/span><\/p>\n<p><\/span><\/p>\n<p>&nbsp;<\/p>\n<p style=\"line-height: 1.38;margin-top: 0pt;margin-bottom: 0pt\" dir=\"ltr\"><span style=\"font-size: 11pt;font-family: Arial;color: #000000;background-color: transparent;font-weight: 400;font-style: normal;font-variant: normal;text-decoration: none;vertical-align: baseline\"><br \/><\/span><\/p>\n<h3 style=\"line-height: 1.8\"><\/h3>\n<p>&nbsp;<\/p>\n<div class=\"tab-content\"><\/div>\n","protected":false},"excerpt":{"rendered":"<p>Levenhuk Bruno WIDE PLUS 15&#215;70 astronomijas binok\u013ci, dos Jums lielisku iesp\u0113ju izp\u0113t\u012bt kosmosu dzi\u013cumu! To \u012bpa&scaron;\u012bbas ir diezgan sal\u012bdzin\u0101mas ar s\u0101kuma l\u012bme\u0146a refraktora \u012bpa&scaron;\u012bb\u0101m, un \u013cauj mums apskat\u012bt m\u016bsu Visuma skaistumu. Ar Levenhuk Bruno WIDE PLUS 15&#215;70 astronomijas binok\u013ciem, J\u016bs varat apskat\u012bt M\u0113ness, atrast Saturnu un Ven\u0113ru debes\u012bs, un izsekot Starptautisk\u0101s kosmosa stacijas kust\u012bbai. &Scaron;is [&hellip;]<\/p>\n","protected":false},"featured_media":0,"template":"","meta":[],"product_brand":[3372],"product_cat":[4640,4938,4939],"product_tag":[],"class_list":{"0":"post-79356","1":"product","2":"type-product","3":"status-publish","5":"product_brand-levenhuk","6":"product_cat-recreation","7":"product_cat-optics-recreation","8":"product_cat-binoculars-optics-recreation","10":"first","11":"instock","12":"shipping-taxable","13":"purchasable","14":"product-type-simple"},"_links":{"self":[{"href":"https:\/\/sezona.lv\/en\/wp-json\/wp\/v2\/product\/79356","targetHints":{"allow":["GET"]}}],"collection":[{"href":"https:\/\/sezona.lv\/en\/wp-json\/wp\/v2\/product"}],"about":[{"href":"https:\/\/sezona.lv\/en\/wp-json\/wp\/v2\/types\/product"}],"wp:attachment":[{"href":"https:\/\/sezona.lv\/en\/wp-json\/wp\/v2\/media?parent=79356"}],"wp:term":[{"taxonomy":"product_brand","embeddable":true,"href":"https:\/\/sezona.lv\/en\/wp-json\/wp\/v2\/product_brand?post=79356"},{"taxonomy":"product_cat","embeddable":true,"href":"https:\/\/sezona.lv\/en\/wp-json\/wp\/v2\/product_cat?post=79356"},{"taxonomy":"product_tag","embeddable":true,"href":"https:\/\/sezona.lv\/en\/wp-json\/wp\/v2\/product_tag?post=79356"}],"curies":[{"name":"wp","href":"https:\/\/api.w.org\/{rel}","templated":true}]}}