{"id":79359,"date":"2025-07-11T16:57:56","date_gmt":"2025-07-11T13:57:56","guid":{"rendered":"https:\/\/demo8.ecube.lv\/sezona.lv\/products\/phiradar-ff108a-eholote\/"},"modified":"2025-07-14T15:38:50","modified_gmt":"2025-07-14T12:38:50","slug":"phiradar-ff108a-eholote","status":"publish","type":"product","link":"https:\/\/sezona.lv\/en\/products\/phiradar-ff108a-eholote\/","title":{"rendered":"Phiradar FF108A eholote"},"content":{"rendered":"<p>Phiradar FF108A eholote.<\/p>\n<p>Displejs:2.4&#8243; TN\/anti-UV LCD<br \/>Apgaismojums: balts LED<br \/>Maksim\u0101lais dzi\u013cums:240ft (73.2M)<br \/>Minim\u0101lais dzi\u013cums:2ft (0.6M)<br \/>Sensora frekvence: 200 KHz<br \/>Baro&scaron;anas elements: 4 gab. AAA alkalain baro&scaron;anas elementi.<br \/>Ska\u0146as sign\u0101ls: Zivis\/zema uzl\u0101de.<br \/>Lieto&scaron;anas t&deg; :no -20&deg;C l\u012bdz +70&deg;C<br \/>Reljefa un \u016bdensz\u0101\u013cu indikators: J\u0101<br \/>\u016adena temperat\u016bras indikators: J\u0101<br \/>Var izmantot no laivas, no krasta, uz ledus.<\/p>\n<p><span style=\"font-size: small\"><strong>&nbsp;&nbsp;&nbsp;&nbsp;&nbsp;&nbsp;&nbsp; <\/strong><\/span><\/p>\n","protected":false},"excerpt":{"rendered":"<p>Phiradar FF108A eholote. Displejs:2.4&#8243; TN\/anti-UV LCDApgaismojums: balts LEDMaksim\u0101lais dzi\u013cums:240ft (73.2M)Minim\u0101lais dzi\u013cums:2ft (0.6M)Sensora frekvence: 200 KHzBaro&scaron;anas elements: 4 gab. AAA alkalain baro&scaron;anas elementi.Ska\u0146as sign\u0101ls: Zivis\/zema uzl\u0101de.Lieto&scaron;anas t&deg; :no -20&deg;C l\u012bdz +70&deg;CReljefa un \u016bdensz\u0101\u013cu indikators: J\u0101\u016adena temperat\u016bras indikators: J\u0101Var izmantot no laivas, no krasta, uz ledus. &nbsp;&nbsp;&nbsp;&nbsp;&nbsp;&nbsp;&nbsp;<\/p>\n","protected":false},"featured_media":107726,"template":"","meta":[],"product_brand":[],"product_cat":[4741],"product_tag":[],"class_list":{"0":"post-79359","1":"product","2":"type-product","3":"status-publish","4":"has-post-thumbnail","6":"product_cat-eholots-navigation-watches-radios","8":"first","9":"instock","10":"shipping-taxable","11":"purchasable","12":"product-type-simple"},"_links":{"self":[{"href":"https:\/\/sezona.lv\/en\/wp-json\/wp\/v2\/product\/79359","targetHints":{"allow":["GET"]}}],"collection":[{"href":"https:\/\/sezona.lv\/en\/wp-json\/wp\/v2\/product"}],"about":[{"href":"https:\/\/sezona.lv\/en\/wp-json\/wp\/v2\/types\/product"}],"wp:featuredmedia":[{"embeddable":true,"href":"https:\/\/sezona.lv\/en\/wp-json\/wp\/v2\/media\/107726"}],"wp:attachment":[{"href":"https:\/\/sezona.lv\/en\/wp-json\/wp\/v2\/media?parent=79359"}],"wp:term":[{"taxonomy":"product_brand","embeddable":true,"href":"https:\/\/sezona.lv\/en\/wp-json\/wp\/v2\/product_brand?post=79359"},{"taxonomy":"product_cat","embeddable":true,"href":"https:\/\/sezona.lv\/en\/wp-json\/wp\/v2\/product_cat?post=79359"},{"taxonomy":"product_tag","embeddable":true,"href":"https:\/\/sezona.lv\/en\/wp-json\/wp\/v2\/product_tag?post=79359"}],"curies":[{"name":"wp","href":"https:\/\/api.w.org\/{rel}","templated":true}]}}