{"id":79360,"date":"2025-07-11T16:57:57","date_gmt":"2025-07-11T13:57:57","guid":{"rendered":"https:\/\/demo8.ecube.lv\/sezona.lv\/products\/fishfinder-ff-168w-bezvadu-eholote\/"},"modified":"2025-07-14T15:38:51","modified_gmt":"2025-07-14T12:38:51","slug":"fishfinder-ff-168w-bezvadu-eholote","status":"publish","type":"product","link":"https:\/\/sezona.lv\/en\/products\/fishfinder-ff-168w-bezvadu-eholote\/","title":{"rendered":"Fishfinder FF-168W bezvadu eholote"},"content":{"rendered":"<p>Fishfinder FF-168W bezvadu eholote.<\/p>\n<p>Bezvadu eholote FF 168W.  Darba dzi\u013cums 0.5-300m. Temperat\u016bras un gultnes reljefa indik\u0101cija.  At&scaron;\u0137ir lielas un mazas zivis.Darba att\u0101lums starp sonoru un eholotu ir  l\u012bdz 60m. Darbojas no 4 AAA tipa baro&scaron;anas elementiem. Sonor\u0101 ieb\u016bv\u0113ts  akumulators, kas l\u0101d\u0113jas no USB vada. Izv\u0113lne krievu un ang\u013cu valod\u0101.<\/p>\n","protected":false},"excerpt":{"rendered":"<p>Fishfinder FF-168W bezvadu eholote. Bezvadu eholote FF 168W. Darba dzi\u013cums 0.5-300m. Temperat\u016bras un gultnes reljefa indik\u0101cija. At&scaron;\u0137ir lielas un mazas zivis.Darba att\u0101lums starp sonoru un eholotu ir l\u012bdz 60m. Darbojas no 4 AAA tipa baro&scaron;anas elementiem. Sonor\u0101 ieb\u016bv\u0113ts akumulators, kas l\u0101d\u0113jas no USB vada. Izv\u0113lne krievu un ang\u013cu valod\u0101.<\/p>\n","protected":false},"featured_media":107724,"template":"","meta":[],"product_brand":[],"product_cat":[4741],"product_tag":[],"class_list":{"0":"post-79360","1":"product","2":"type-product","3":"status-publish","4":"has-post-thumbnail","6":"product_cat-eholots-navigation-watches-radios","8":"first","9":"instock","10":"shipping-taxable","11":"purchasable","12":"product-type-simple"},"_links":{"self":[{"href":"https:\/\/sezona.lv\/en\/wp-json\/wp\/v2\/product\/79360","targetHints":{"allow":["GET"]}}],"collection":[{"href":"https:\/\/sezona.lv\/en\/wp-json\/wp\/v2\/product"}],"about":[{"href":"https:\/\/sezona.lv\/en\/wp-json\/wp\/v2\/types\/product"}],"wp:featuredmedia":[{"embeddable":true,"href":"https:\/\/sezona.lv\/en\/wp-json\/wp\/v2\/media\/107724"}],"wp:attachment":[{"href":"https:\/\/sezona.lv\/en\/wp-json\/wp\/v2\/media?parent=79360"}],"wp:term":[{"taxonomy":"product_brand","embeddable":true,"href":"https:\/\/sezona.lv\/en\/wp-json\/wp\/v2\/product_brand?post=79360"},{"taxonomy":"product_cat","embeddable":true,"href":"https:\/\/sezona.lv\/en\/wp-json\/wp\/v2\/product_cat?post=79360"},{"taxonomy":"product_tag","embeddable":true,"href":"https:\/\/sezona.lv\/en\/wp-json\/wp\/v2\/product_tag?post=79360"}],"curies":[{"name":"wp","href":"https:\/\/api.w.org\/{rel}","templated":true}]}}