{"id":79362,"date":"2025-07-14T15:38:54","date_gmt":"2025-07-14T12:38:54","guid":{"rendered":"https:\/\/demo8.ecube.lv\/sezona.lv\/products\/bresser-pirsch-pro-8x56-augstas-klases-paltlenka-mitrumizturigs-universalais-binoklis\/"},"modified":"2025-07-14T15:38:54","modified_gmt":"2025-07-14T12:38:54","slug":"bresser-pirsch-pro-8x56-augstas-klases-paltlenka-mitrumizturigs-universalais-binoklis","status":"publish","type":"product","link":"https:\/\/sezona.lv\/en\/products\/bresser-pirsch-pro-8x56-augstas-klases-paltlenka-mitrumizturigs-universalais-binoklis\/","title":{"rendered":"Bresser Pirsch PRO 8&#215;56 Augstas Klases Paltle\u0146\u0137a Mitrumiztur\u012bgs univers\u0101lais binoklis"},"content":{"rendered":"<p style=\"margin-top: 0pt;margin-bottom: 0pt;line-height: 1.38;text-align: justify\" dir=\"ltr\"><span style=\"font-size: 12pt;font-family: Arial;color: #212121;vertical-align: baseline\">&Scaron;\u012bs &nbsp;<\/span><span style=\"font-size: 12pt;font-family: Arial;color: #212121;font-weight: 700;vertical-align: baseline\">BRESSER Pirsch Pro<\/span><span style=\"font-size: 12pt;font-family: Arial;color: #212121;vertical-align: baseline\"> s\u0113rijas premium <\/span><span style=\"font-size: 12pt;font-family: Arial;color: #212121;font-weight: 700;vertical-align: baseline\">&#8220;Allround&#8221;<\/span><span style=\"font-size: 12pt;font-family: Arial;color: #212121;vertical-align: baseline\"> (Vissapk\u0101rt),<\/span><span style=\"font-size: 12pt;font-family: Arial;color: #212121;vertical-align: baseline\"><br class=\"kix-line-break\" \/><\/span><span style=\"font-size: 12pt;font-family: Arial;color: #212121;vertical-align: baseline\">binok\u013ci ir piem\u0113roti katram piem\u0113rotajam diapazonam &#8211; gan br\u012bvdien\u0101s, gan <\/span><span style=\"font-size: 12pt;font-family: Arial;color: #212121;vertical-align: baseline\">ce\u013cojum\u0101, gan p\u0101rg\u0101jienos vai med\u012bb\u0101s.<\/span><\/p>\n<p style=\"margin-top: 0pt;margin-bottom: 0pt;line-height: 1.38;text-align: justify\" dir=\"ltr\"><span style=\"font-size: 12pt;font-family: Arial;color: #212121;background-color: transparent;vertical-align: baseline\">Binok\u013ci ir bru\u0146oti ar jaun\u0101ko f\u0101\u017eu p\u0101rkl\u0101jumu, \u013caujot att\u0113lam skaidr\u0101k kontrast\u0113t, un lai b\u016btu augsta<\/span><span style=\"font-size: 12pt;font-family: Arial;color: #000000;background-color: transparent;vertical-align: baseline\"> precizit\u0101te, un ir &nbsp;piln\u012bb\u0101 p\u0101rkl\u0101tu<\/span><span style=\"font-size: 12pt;font-family: Arial;color: #212121;background-color: transparent;vertical-align: baseline\"> multiko\u012bdu.<\/span><\/p>\n<p style=\"margin-top: 0pt;margin-bottom: 0pt;background-color: transparent;color: #000000;font-family: Arial;font-size: 10.5pt;line-height: 1.38;text-align: justify\" dir=\"ltr\">&nbsp;<\/p>\n<p style=\"margin-top: 0pt;margin-bottom: 0pt;line-height: 1.38;text-align: justify\" dir=\"ltr\"><span style=\"font-size: 12pt;font-family: Arial;color: #212121;vertical-align: baseline\">Pateicoties jaun\u0101s prizmas BaK-4 stikla materi\u0101la d\u0113\u013c, j\u016bs ieg\u016bstat spilgtu un skaidru att\u0113lu.<\/span><\/p>\n<p style=\"margin-top: 0pt;margin-bottom: 0pt;line-height: 1.38;text-align: justify\" dir=\"ltr\"><span style=\"font-size: 12pt;font-family: Arial;color: #212121;vertical-align: baseline\">Balstoties uz<\/span><span style=\"font-size: 12pt;font-family: Arial;color: #212121;font-weight: 700;vertical-align: baseline\"> TwistUp eyecups<\/span><span style=\"font-size: 12pt;font-family: Arial;color: #212121;vertical-align: baseline\">, bri\u013c\u013cu \u012bpa&scaron;nieki var baud\u012bt ar\u012b pilnu skat\u012bjumu. Tie ir regul\u0113jami 2 pak\u0101p\u0113s ,un ar\u012b atbalsta skatu bez brill\u0113m. BRESSER Pirsch Pro Binok\u013ci ir apr\u012bkoti ar gumijas bru\u0146u korpusu, kas nodro&scaron;ina stingru sa\u0137eri, lai neizsl\u012bd\u0113tu no rokas. <\/span><span style=\"font-size: 12pt;font-family: Arial;color: #000000;vertical-align: baseline\">Visi Pirsch Pro mode\u013ci ir bru\u0146oti ar pla&scaron;u un \u013coti \u0113rtu kakla siksnu. Lai padar\u012btu &scaron;os binok\u013cus <\/span><span style=\"font-size: 12pt;font-family: Arial;color: #000000;font-style: italic;vertical-align: baseline\">&nbsp;<\/span><span style=\"font-size: 12pt;font-family: Arial;color: #000000;vertical-align: baseline\">grandioz\u0101kus, &scaron;ie binok\u013ci ir \u016bdensnecaurlaid\u012bgi un izt\u012br\u012bti ar sl\u0101pekli, lai nov\u0113rstu miglo&scaron;anos.<\/span><\/p>\n<p style=\"margin-top: 0pt;margin-bottom: 0pt;line-height: 1.38;text-align: justify\" dir=\"ltr\"><span style=\"font-size: 12pt;font-family: Arial;color: #000000;vertical-align: baseline\"> <\/span><\/p>\n<p style=\"margin-top: 0pt;margin-bottom: 0pt;margin-left: 36pt;line-height: 1.38;text-indent: -18pt;text-align: justify;padding: 0pt 0pt 0pt 18pt\" dir=\"ltr\"><span style=\"font-size: 11pt;font-family: Arial;color: #212121;vertical-align: baseline\">&middot;<\/span><span style=\"font-size: 7pt;color: #212121;vertical-align: baseline\"> &nbsp;&nbsp;&nbsp;&nbsp;<\/span><span style=\"font-size: 7pt;color: #212121;vertical-align: baseline\"><span class=\"Apple-tab-span\"> <\/span><\/span><span style=\"font-size: 11pt;font-family: Arial;color: #212121;vertical-align: baseline\">Kompakts un daudzpus\u012bgs binoklis<\/span><\/p>\n<p style=\"margin-top: 0pt;margin-bottom: 0pt;margin-left: 36pt;line-height: 1.38;text-indent: -18pt;text-align: justify;padding: 0pt 0pt 0pt 18pt\" dir=\"ltr\"><span style=\"font-size: 11pt;font-family: Arial;color: #212121;vertical-align: baseline\">&middot;<\/span><span style=\"font-size: 7pt;color: #212121;vertical-align: baseline\"> &nbsp;&nbsp;&nbsp;&nbsp;<\/span><span style=\"font-size: 7pt;color: #212121;vertical-align: baseline\"><span class=\"Apple-tab-span\"> <\/span><\/span><span style=\"font-size: 11pt;font-family: Arial;color: #212121;vertical-align: baseline\">Augstas kvalit\u0101tes f\u0101zu p\u0101rkl\u0101jums &#8211; spilgtiem un liel\u0101ku kontrasta att\u0113liem<\/span><\/p>\n<p style=\"margin-top: 0pt;margin-bottom: 0pt;margin-left: 36pt;line-height: 1.38;text-indent: -18pt;text-align: justify;padding: 0pt 0pt 0pt 18pt\" dir=\"ltr\"><span style=\"font-size: 11pt;font-family: Arial;color: #212121;vertical-align: baseline\">&middot;<\/span><span style=\"font-size: 7pt;color: #212121;vertical-align: baseline\"> &nbsp;&nbsp;&nbsp;&nbsp;<\/span><span style=\"font-size: 7pt;color: #212121;vertical-align: baseline\"><span class=\"Apple-tab-span\"> <\/span><\/span><span style=\"font-size: 11pt;font-family: Arial;color: #212121;vertical-align: baseline\">\u016adensiztur\u012bgs un sl\u0101peklis izt\u012br\u012bts, lai nov\u0113rstu miglo&scaron;anos<\/span><\/p>\n<p style=\"margin-top: 0pt;margin-bottom: 0pt;margin-left: 36pt;line-height: 1.38;text-indent: -18pt;text-align: justify;padding: 0pt 0pt 0pt 18pt\" dir=\"ltr\"><span style=\"font-size: 11pt;font-family: Arial;color: #212121;vertical-align: baseline\">&middot;<\/span><span style=\"font-size: 7pt;color: #212121;vertical-align: baseline\"> &nbsp;&nbsp;&nbsp;&nbsp;<\/span><span style=\"font-size: 7pt;color: #212121;vertical-align: baseline\"><span class=\"Apple-tab-span\"> <\/span><\/span><span style=\"font-size: 11pt;font-family: Arial;color: #212121;vertical-align: baseline\">Gumijots apvalks<\/span><\/p>\n<p style=\"margin-top: 0pt;margin-bottom: 0pt;margin-left: 36pt;line-height: 1.38;text-indent: -18pt;text-align: justify;padding: 0pt 0pt 0pt 18pt\" dir=\"ltr\"><span style=\"font-size: 11pt;font-family: Arial;color: #212121;vertical-align: baseline\">&middot;<\/span><span style=\"font-size: 7pt;color: #212121;vertical-align: baseline\"> &nbsp;&nbsp;&nbsp;&nbsp;<\/span><span style=\"font-size: 7pt;color: #212121;vertical-align: baseline\"><span class=\"Apple-tab-span\"> <\/span><\/span><span style=\"font-size: 11pt;font-family: Arial;color: #212121;vertical-align: baseline\">Ide\u0101li piem\u0113rots ar\u012b bri\u013c\u013cu \u012bpa&scaron;niekiem +\/- 4 dioptriju<\/span><\/p>\n<p style=\"margin-top: 0pt;margin-bottom: 0pt;line-height: 1.38;text-align: justify\" dir=\"ltr\"><span style=\"font-size: 11pt;font-family: Arial;color: #212121;vertical-align: baseline\"> <\/span><\/p>\n<p style=\"margin-top: 0pt;margin-bottom: 0pt;line-height: 1.38;text-align: justify\" dir=\"ltr\"><span style=\"font-size: 12pt;font-family: Arial;color: #212121;font-weight: 700;vertical-align: baseline\">Komplekt\u0101 ietilpst :<\/span><\/p>\n<p style=\"margin-top: 0pt;margin-bottom: 0pt;line-height: 1.38;text-align: justify\" dir=\"ltr\"><span style=\"font-size: 12pt;font-family: Arial;color: #212121;font-weight: 700;vertical-align: baseline\"> <\/span><\/p>\n<p style=\"margin-top: 0pt;margin-bottom: 0pt;margin-left: 36pt;line-height: 1.38;text-indent: -18pt;text-align: justify;padding: 0pt 0pt 0pt 18pt\" dir=\"ltr\"><span style=\"font-size: 12pt;font-family: Arial;color: #212121;vertical-align: baseline\">1.<\/span><span style=\"font-size: 7pt;color: #212121;vertical-align: baseline\"><span class=\"Apple-tab-span\"> <\/span><\/span><span style=\"font-size: 12pt;font-family: Arial;color: #212121;vertical-align: baseline\">Binoklis<\/span><\/p>\n<p style=\"margin-top: 0pt;margin-bottom: 0pt;margin-left: 36pt;line-height: 1.38;text-indent: -18pt;text-align: justify;padding: 0pt 0pt 0pt 18pt\" dir=\"ltr\"><span style=\"font-size: 12pt;font-family: Arial;color: #212121;vertical-align: baseline\">2.<\/span><span style=\"font-size: 7pt;color: #212121;vertical-align: baseline\"><span class=\"Apple-tab-span\"> <\/span><\/span><span style=\"font-size: 12pt;font-family: Arial;color: #212121;vertical-align: baseline\">Neilona soma, ar plecu siksnu un jostas cilpu<\/span><\/p>\n<p style=\"margin-top: 0pt;margin-bottom: 0pt;margin-left: 36pt;line-height: 1.38;text-indent: -18pt;text-align: justify;padding: 0pt 0pt 0pt 18pt\" dir=\"ltr\"><span style=\"font-size: 12pt;font-family: Arial;color: #212121;vertical-align: baseline\">3.<\/span><span style=\"font-size: 7pt;color: #212121;vertical-align: baseline\"><span class=\"Apple-tab-span\"> <\/span><\/span><span style=\"font-size: 12pt;font-family: Arial;color: #212121;vertical-align: baseline\">Polster\u0113ta nes\u0113ja siksna<\/span><\/p>\n<p style=\"margin-top: 0pt;margin-bottom: 0pt;margin-left: 36pt;line-height: 1.38;text-indent: -18pt;text-align: justify;padding: 0pt 0pt 0pt 18pt\" dir=\"ltr\"><span style=\"font-size: 12pt;font-family: Arial;color: #212121;vertical-align: baseline\">4.<\/span><span style=\"font-size: 7pt;color: #212121;vertical-align: baseline\"><span class=\"Apple-tab-span\"> <\/span><\/span><span style=\"font-size: 12pt;font-family: Arial;color: #212121;vertical-align: baseline\">Aizsardz\u012bbas objekt\u012bva v\u0101ci\u0146i<\/span><\/p>\n<p style=\"margin-top: 0pt;margin-bottom: 0pt;margin-left: 36pt;line-height: 1.38;text-indent: -18pt;text-align: justify;padding: 0pt 0pt 0pt 18pt\" dir=\"ltr\"><span style=\"font-size: 12pt;font-family: Arial;color: #212121;vertical-align: baseline\">5.<\/span><span style=\"font-size: 7pt;color: #212121;vertical-align: baseline\"><span class=\"Apple-tab-span\"> <\/span><\/span><span style=\"font-size: 12pt;font-family: Arial;color: #212121;vertical-align: baseline\">Aizsargt\u0101s okul\u0101ra v\u0101ci\u0146i<\/span><\/p>\n<p style=\"margin-top: 0pt;margin-bottom: 0pt;margin-left: 36pt;line-height: 1.38;text-indent: -18pt;text-align: justify;padding: 0pt 0pt 0pt 18pt\" dir=\"ltr\"><span style=\"font-size: 12pt;font-family: Arial;color: #212121;vertical-align: baseline\">6.<\/span><span style=\"font-size: 7pt;color: #212121;vertical-align: baseline\"><span class=\"Apple-tab-span\"> <\/span><\/span><span style=\"font-size: 12pt;font-family: Arial;color: #212121;vertical-align: baseline\">L\u0113cas audums<\/span><\/p>\n<p style=\"margin-top: 0pt;margin-bottom: 0pt;margin-left: 36pt;line-height: 1.38;text-indent: -18pt;text-align: justify;padding: 0pt 0pt 0pt 18pt\" dir=\"ltr\"><span style=\"font-size: 12pt;font-family: Arial;color: #212121;vertical-align: baseline\">7.<\/span><span style=\"font-size: 7pt;color: #212121;vertical-align: baseline\"><span class=\"Apple-tab-span\"> <\/span><\/span><span style=\"font-size: 12pt;font-family: Arial;color: #212121;vertical-align: baseline\">Rokasgr\u0101mata<\/span><\/p>\n<p><span style=\"color: #000000;, Helvetica, Arial, sans-serif;font-size: 14px\"><br \/><\/span><\/p>\n<p>&nbsp;<\/p>\n<table style=\"font-size: 10pt;font-family: arial,sans,sans-serif;width: 0px;border-collapse: collapse;border: none\" dir=\"ltr\" border=\"1\" cellspacing=\"0\" cellpadding=\"0\">\n<colgroup>\n<col width=\"190\"><\/col>\n<col width=\"269\"><\/col>\n<\/colgroup>\n<tbody>\n<tr style=\"height: 21px\">\n<td style=\"overflow: hidden;padding: 2px 3px 2px 3px;vertical-align: top;font-family: Arial;font-weight: bold;color: #222222;text-align: center;border: 1px solid #000000\" colspan=\"2\">Atrib\u016bti<\/td>\n<\/tr>\n<tr style=\"height: 21px\">\n<td style=\"border-right: 1px solid #000000;border-bottom: 1px solid #000000;border-left: 1px solid #000000;overflow: hidden;padding: 2px 3px 2px 3px;vertical-align: top;font-family: Arial;font-weight: normal;color: #222222;text-align: center\">Materi\u0101la prizma<\/td>\n<td style=\"border-right: 1px solid #000000;border-bottom: 1px solid #000000;overflow: hidden;padding: 2px 3px 2px 3px;vertical-align: top;font-family: Arial;font-weight: normal;color: #222222;text-align: center\">BaK-4<\/td>\n<\/tr>\n<tr style=\"height: 21px\">\n<td style=\"border-right: 1px solid #000000;border-bottom: 1px solid #000000;border-left: 1px solid #000000;overflow: hidden;padding: 2px 3px 2px 3px;vertical-align: top;font-family: Arial;font-weight: normal;color: #222222;text-align: center\">P\u0101rkl\u0101juma veids<\/td>\n<td style=\"border-right: 1px solid #000000;border-bottom: 1px solid #000000;overflow: hidden;padding: 2px 3px 2px 3px;vertical-align: top;font-family: Arial;font-weight: normal;color: #222222;text-align: center\">Piln\u012bb\u0101 p\u0101rkl\u0101ts ar daudziem p\u0101rkl\u0101jumiem<\/td>\n<\/tr>\n<tr style=\"height: 21px\">\n<td style=\"border-right: 1px solid #000000;border-bottom: 1px solid #000000;border-left: 1px solid #000000;overflow: hidden;padding: 2px 3px 2px 3px;vertical-align: top;font-family: Arial;font-weight: normal;color: #222222;text-align: center\">Dioptrijas iestat\u012bjums<\/td>\n<td style=\"border-right: 1px solid #000000;border-bottom: 1px solid #000000;overflow: hidden;padding: 2px 3px 2px 3px;vertical-align: top;font-family: Arial;font-weight: normal;color: #222222;text-align: center\">IR<\/td>\n<\/tr>\n<tr style=\"height: 21px\">\n<td style=\"border-right: 1px solid #000000;border-bottom: 1px solid #000000;border-left: 1px solid #000000;overflow: hidden;padding: 2px 3px 2px 3px;vertical-align: top;font-family: Arial;font-weight: normal;color: #222222;text-align: center\">Gaismas intensit\u0101te<\/td>\n<td style=\"border-right: 1px solid #000000;border-bottom: 1px solid #000000;overflow: hidden;padding: 2px 3px 2px 3px;vertical-align: top;font-family: Arial;font-weight: normal;color: #222222;text-align: center\">49<\/td>\n<\/tr>\n<tr style=\"height: 21px\">\n<td style=\"border-right: 1px solid #000000;border-bottom: 1px solid #000000;border-left: 1px solid #000000;overflow: hidden;padding: 2px 3px 2px 3px;vertical-align: top;font-family: Arial;font-weight: normal;color: #222222;text-align: center\">Kr\u0113slas koeficients<\/td>\n<td style=\"border-right: 1px solid #000000;border-bottom: 1px solid #000000;overflow: hidden;padding: 2px 3px 2px 3px;vertical-align: top;font-family: Arial;font-weight: normal;color: #222222;text-align: center\">23.66<\/td>\n<\/tr>\n<tr style=\"height: 21px\">\n<td style=\"border-right: 1px solid #000000;border-bottom: 1px solid #000000;border-left: 1px solid #000000;overflow: hidden;padding: 2px 3px 2px 3px;vertical-align: top;font-family: Arial;font-weight: normal;color: #222222;text-align: center\">m\u0113r\u0137a diametrs<\/td>\n<td style=\"border-right: 1px solid #000000;border-bottom: 1px solid #000000;overflow: hidden;padding: 2px 3px 2px 3px;vertical-align: top;font-family: Arial;font-weight: normal;color: #222222;text-align: center\">56 mm<\/td>\n<\/tr>\n<tr style=\"height: 21px\">\n<td style=\"border-right: 1px solid #000000;border-bottom: 1px solid #000000;border-left: 1px solid #000000;overflow: hidden;padding: 2px 3px 2px 3px;vertical-align: top;font-family: Arial;font-weight: normal;color: #222222;text-align: center\">Okul\u0101rs priek&scaron; bri\u013c\u013cu valk\u0101t\u0101jiem<\/td>\n<td style=\"border-right: 1px solid #000000;border-bottom: 1px solid #000000;overflow: hidden;padding: 2px 3px 2px 3px;vertical-align: top;font-family: Arial;font-weight: normal;color: #222222;text-align: center\">IR<\/td>\n<\/tr>\n<tr style=\"height: 21px\">\n<td style=\"border-right: 1px solid #000000;border-bottom: 1px solid #000000;border-left: 1px solid #000000;overflow: hidden;padding: 2px 3px 2px 3px;vertical-align: top;font-family: Arial;font-weight: normal;color: #222222;text-align: center\">Optiskais dizains<\/td>\n<td style=\"border-right: 1px solid #000000;border-bottom: 1px solid #000000;overflow: hidden;padding: 2px 3px 2px 3px;vertical-align: top;font-family: Arial;font-weight: normal;color: #222222;text-align: center\">Roof<\/td>\n<\/tr>\n<tr style=\"height: 21px\">\n<td style=\"border-right: 1px solid #000000;border-bottom: 1px solid #000000;border-left: 1px solid #000000;overflow: hidden;padding: 2px 3px 2px 3px;vertical-align: top;font-family: Arial;font-weight: normal;color: #222222;text-align: center\">Palielin\u0101jums<\/td>\n<td style=\"border-right: 1px solid #000000;border-bottom: 1px solid #000000;overflow: hidden;padding: 2px 3px 2px 3px;vertical-align: top;font-family: Arial;font-weight: normal;color: #222222;text-align: center\">8 fixed<\/td>\n<\/tr>\n<tr style=\"height: 21px\">\n<td style=\"border-right: 1px solid #000000;border-bottom: 1px solid #000000;border-left: 1px solid #000000;overflow: hidden;padding: 2px 3px 2px 3px;vertical-align: top;font-family: Arial;font-weight: normal;color: #222222;text-align: center\">P\u0101rkl\u0101juma kr\u0101sa<\/td>\n<td style=\"border-right: 1px solid #000000;border-bottom: 1px solid #000000;overflow: hidden;padding: 2px 3px 2px 3px;vertical-align: top;font-family: Arial;font-weight: normal;color: #222222;text-align: center\">Za\u013c&scaron;<\/td>\n<\/tr>\n<tr style=\"height: 21px\">\n<td style=\"border-right: 1px solid #000000;border-bottom: 1px solid #000000;border-left: 1px solid #000000;overflow: hidden;padding: 2px 3px 2px 3px;vertical-align: top;font-family: Arial;font-weight: normal;color: #222222;text-align: center\">Redzes lauks<\/td>\n<td style=\"border-right: 1px solid #000000;border-bottom: 1px solid #000000;overflow: hidden;padding: 2px 3px 2px 3px;vertical-align: top;font-family: Arial;font-weight: normal;color: #222222;text-align: center\">6.51 degrees<\/td>\n<\/tr>\n<tr style=\"height: 21px\">\n<td style=\"border-right: 1px solid #000000;border-bottom: 1px solid #000000;border-left: 1px solid #000000;overflow: hidden;padding: 2px 3px 2px 3px;vertical-align: top;font-family: Arial;font-weight: normal;color: #222222;text-align: center\">Redzes lauks, m\/1000 m<\/td>\n<td style=\"border-right: 1px solid #000000;border-bottom: 1px solid #000000;overflow: hidden;padding: 2px 3px 2px 3px;vertical-align: top;font-family: Arial;font-weight: normal;color: #222222;text-align: center\">114 m<\/td>\n<\/tr>\n<tr style=\"height: 21px\">\n<td style=\"border-right: 1px solid #000000;border-bottom: 1px solid #000000;border-left: 1px solid #000000;overflow: hidden;padding: 2px 3px 2px 3px;vertical-align: top;font-family: Arial;font-weight: normal;color: #222222;text-align: center\">Tuvais fokuss<\/td>\n<td style=\"border-right: 1px solid #000000;border-bottom: 1px solid #000000;overflow: hidden;padding: 2px 3px 2px 3px;vertical-align: top;font-family: Arial;font-weight: normal;color: #222222;text-align: center\">3.5 m<\/td>\n<\/tr>\n<\/tbody>\n<\/table>\n","protected":false},"excerpt":{"rendered":"<p>&Scaron;\u012bs &nbsp;BRESSER Pirsch Pro s\u0113rijas premium &#8220;Allround&#8221; (Vissapk\u0101rt),binok\u013ci ir piem\u0113roti katram piem\u0113rotajam diapazonam &#8211; gan br\u012bvdien\u0101s, gan ce\u013cojum\u0101, gan p\u0101rg\u0101jienos vai med\u012bb\u0101s. Binok\u013ci ir bru\u0146oti ar jaun\u0101ko f\u0101\u017eu p\u0101rkl\u0101jumu, \u013caujot att\u0113lam skaidr\u0101k kontrast\u0113t, un lai b\u016btu augsta precizit\u0101te, un ir &nbsp;piln\u012bb\u0101 p\u0101rkl\u0101tu multiko\u012bdu. &nbsp; Pateicoties jaun\u0101s prizmas BaK-4 stikla materi\u0101la d\u0113\u013c, j\u016bs ieg\u016bstat spilgtu un [&hellip;]<\/p>\n","protected":false},"featured_media":0,"template":"","meta":[],"product_brand":[],"product_cat":[4640,4938,4939],"product_tag":[],"class_list":{"0":"post-79362","1":"product","2":"type-product","3":"status-publish","5":"product_cat-recreation","6":"product_cat-optics-recreation","7":"product_cat-binoculars-optics-recreation","9":"first","10":"instock","11":"shipping-taxable","12":"purchasable","13":"product-type-simple"},"_links":{"self":[{"href":"https:\/\/sezona.lv\/en\/wp-json\/wp\/v2\/product\/79362","targetHints":{"allow":["GET"]}}],"collection":[{"href":"https:\/\/sezona.lv\/en\/wp-json\/wp\/v2\/product"}],"about":[{"href":"https:\/\/sezona.lv\/en\/wp-json\/wp\/v2\/types\/product"}],"wp:attachment":[{"href":"https:\/\/sezona.lv\/en\/wp-json\/wp\/v2\/media?parent=79362"}],"wp:term":[{"taxonomy":"product_brand","embeddable":true,"href":"https:\/\/sezona.lv\/en\/wp-json\/wp\/v2\/product_brand?post=79362"},{"taxonomy":"product_cat","embeddable":true,"href":"https:\/\/sezona.lv\/en\/wp-json\/wp\/v2\/product_cat?post=79362"},{"taxonomy":"product_tag","embeddable":true,"href":"https:\/\/sezona.lv\/en\/wp-json\/wp\/v2\/product_tag?post=79362"}],"curies":[{"name":"wp","href":"https:\/\/api.w.org\/{rel}","templated":true}]}}