{"id":79364,"date":"2025-07-11T16:58:03","date_gmt":"2025-07-11T13:58:03","guid":{"rendered":"https:\/\/demo8.ecube.lv\/sezona.lv\/products\/bresser-condor-8x56-plus-paltlenka-mitrumizturigs-binoklis\/"},"modified":"2025-07-14T15:38:56","modified_gmt":"2025-07-14T12:38:56","slug":"bresser-condor-8x56-plus-paltlenka-mitrumizturigs-binoklis","status":"publish","type":"product","link":"https:\/\/sezona.lv\/en\/products\/bresser-condor-8x56-plus-paltlenka-mitrumizturigs-binoklis\/","title":{"rendered":"Bresser Condor 8&#215;56 Plus Paltle\u0146\u0137a Mitrumiztur\u012bgs binoklis"},"content":{"rendered":"<p style=\"line-height: 2.16;margin-top: 0pt;margin-bottom: 11pt;background-color: #ffffff\" dir=\"ltr\"><span style=\"font-size: 8.5pt;font-family: Arial;color: #444444;background-color: #ffffff;font-weight: 700;font-style: normal;font-variant: normal;text-decoration: none;vertical-align: baseline\">Bresser Condor 8&#215;56 Plus Kompakts Mitrumiztur\u012bgs &nbsp;Roof Prizmas &nbsp;Binoklis ar Dzidrin\u0101tiem BAK4 Jaun\u0101s Paaudzes Stikliem <\/span><\/p>\n<p style=\"line-height: 2.16;margin-top: 0pt;margin-bottom: 11pt;background-color: #ffffff\" dir=\"ltr\"><span style=\"font-size: 8.5pt;font-family: Arial;color: #444444;background-color: #ffffff;font-weight: 400;font-style: normal;font-variant: normal;text-decoration: none;vertical-align: baseline\">\u013boti daudzpus\u012bgs binoklis. 8 rei\u017eu palielin\u0101jums un 56mm l\u0113cu diametrs. Tam ir sal\u012bdzino&scaron;i zema cena, \u0146emot v\u0113r\u0101 t\u0101 pla&scaron;\u0101s iesp\u0113jas.<\/span><span style=\"font-size: 9pt;font-family: Arial;color: #464646;background-color: #ffffff;font-weight: 400;font-style: normal;font-variant: normal;text-decoration: none;vertical-align: baseline\">Tam ir speci\u0101ls l\u0113cu p\u0101rkl\u0101jums, kas pat nedaudz neatstaro gaismu. &Scaron;im binoklim vajadz\u0113tu b\u016bt jebkura mednieka apr\u012bkojum\u0101.<\/span><span style=\"font-size: 8.5pt;font-family: Arial;color: #444444;background-color: #ffffff;font-weight: 400;font-style: normal;font-variant: normal;text-decoration: none;vertical-align: baseline\">Piem\u0113rots v\u0113ro&scaron;anai agri no r\u012btiem, pievakar\u0113s un pat nakt\u012bs. Tam ir speci\u0101ls l\u0113cu p\u0101rkl\u0101jums, kas pat nedaudz neatstaro gaismu. &Scaron;im binoklim vajadz\u0113tu b\u016bt jebkura mednieka un dabas drauga apr\u012bkojum\u0101.<\/span><\/p>\n<p style=\"line-height: 2.16;margin-top: 0pt;margin-bottom: 11pt;background-color: #ffffff\" dir=\"ltr\"><span style=\"font-size: 8.5pt;font-family: Arial;color: #444444;background-color: #ffffff;font-weight: 400;font-style: normal;font-variant: normal;text-decoration: none;vertical-align: baseline\"><\/span><\/p>\n<table style=\"font-size: 10pt;font-family: arial, sans, sans-serif;width: 0px;border: none\" dir=\"ltr\" border=\"1\" cellspacing=\"0\" cellpadding=\"0\">\n<colgroup>\n<col width=\"209\"><\/col>\n<col width=\"260\"><\/col>\n<\/colgroup>\n<tbody>\n<tr style=\"height: 21px\">\n<td style=\"border-color: #000000;overflow: hidden;padding: 2px 3px;vertical-align: top;font-family: Arial;font-weight: bold;color: #222222;text-align: center\" colspan=\"2\">Atrib\u016bti<\/td>\n<\/tr>\n<tr style=\"height: 21px\">\n<td style=\"border-right-color: #000000;border-bottom-color: #000000;border-left-color: #000000;overflow: hidden;padding: 2px 3px;vertical-align: top;font-family: Arial;color: #222222;text-align: center\">Materi\u0101la prizma<\/td>\n<td style=\"border-right-color: #000000;border-bottom-color: #000000;overflow: hidden;padding: 2px 3px;vertical-align: top;font-family: Arial;color: #222222;text-align: center\">BaK-4<\/td>\n<\/tr>\n<tr style=\"height: 21px\">\n<td style=\"border-right-color: #000000;border-bottom-color: #000000;border-left-color: #000000;overflow: hidden;padding: 2px 3px;vertical-align: top;font-family: Arial;color: #222222;text-align: center\">Dioptrijas iestat\u012bjums<\/td>\n<td style=\"border-right-color: #000000;border-bottom-color: #000000;overflow: hidden;padding: 2px 3px;vertical-align: top;font-family: Arial;color: #222222;text-align: center\">IR<\/td>\n<\/tr>\n<tr style=\"height: 21px\">\n<td style=\"border-right-color: #000000;border-bottom-color: #000000;border-left-color: #000000;overflow: hidden;padding: 2px 3px;vertical-align: top;font-family: Arial;color: #222222;text-align: center\">Gaismas intensit\u0101te<\/td>\n<td style=\"border-right-color: #000000;border-bottom-color: #000000;overflow: hidden;padding: 2px 3px;vertical-align: top;font-family: Arial;color: #222222;text-align: center\">49<\/td>\n<\/tr>\n<tr style=\"height: 21px\">\n<td style=\"border-right-color: #000000;border-bottom-color: #000000;border-left-color: #000000;overflow: hidden;padding: 2px 3px;vertical-align: top;font-family: Arial;color: #222222;text-align: center\">Izejas z\u012bl\u012b&scaron;u diametrs<\/td>\n<td style=\"border-right-color: #000000;border-bottom-color: #000000;overflow: hidden;padding: 2px 3px;vertical-align: top;font-family: Arial;color: #222222;text-align: center\">7 mm<\/td>\n<\/tr>\n<tr style=\"height: 21px\">\n<td style=\"border-right-color: #000000;border-bottom-color: #000000;border-left-color: #000000;overflow: hidden;padding: 2px 3px;vertical-align: top;font-family: Arial;color: #222222;text-align: center\">Izm\u0113ri<\/td>\n<td style=\"border-right-color: #000000;border-bottom-color: #000000;overflow: hidden;padding: 2px 3px;vertical-align: top;font-family: Arial;color: #222222;text-align: center\">171x 157x 66mm<\/td>\n<\/tr>\n<tr style=\"height: 21px\">\n<td style=\"border-right-color: #000000;border-bottom-color: #000000;border-left-color: #000000;overflow: hidden;padding: 2px 3px;vertical-align: top;font-family: Arial;color: #222222;text-align: center\">Kr\u0113slas koeficients<\/td>\n<td style=\"border-right-color: #000000;border-bottom-color: #000000;overflow: hidden;padding: 2px 3px;vertical-align: top;font-family: Arial;color: #222222;text-align: center\">21.2<\/td>\n<\/tr>\n<tr style=\"height: 21px\">\n<td style=\"border-right-color: #000000;border-bottom-color: #000000;border-left-color: #000000;overflow: hidden;padding: 2px 3px;vertical-align: top;font-family: Arial;color: #222222;text-align: center\">m\u0113r\u0137a diametrs<\/td>\n<td style=\"border-right-color: #000000;border-bottom-color: #000000;overflow: hidden;padding: 2px 3px;vertical-align: top;font-family: Arial;color: #222222;text-align: center\">56 mm<\/td>\n<\/tr>\n<tr style=\"height: 21px\">\n<td style=\"border-right-color: #000000;border-bottom-color: #000000;border-left-color: #000000;overflow: hidden;padding: 2px 3px;vertical-align: top;font-family: Arial;color: #222222;text-align: center\">Objekt\u012bvs<\/td>\n<td style=\"border-right-color: #000000;border-bottom-color: #000000;overflow: hidden;padding: 2px 3px;vertical-align: top;font-family: Arial;color: #222222;text-align: center\">Piln\u012bb\u0101 p\u0101rkl\u0101ts ar daudziem p\u0101rkl\u0101jumiem<\/td>\n<\/tr>\n<tr style=\"height: 21px\">\n<td style=\"border-right-color: #000000;border-bottom-color: #000000;border-left-color: #000000;overflow: hidden;padding: 2px 3px;vertical-align: top;font-family: Arial;color: #222222;text-align: center\">Okul\u0101rs priek&scaron; bri\u013c\u013cu valk\u0101t\u0101jiem<\/td>\n<td style=\"border-right-color: #000000;border-bottom-color: #000000;overflow: hidden;padding: 2px 3px;vertical-align: top;font-family: Arial;color: #222222;text-align: center\">IR<\/td>\n<\/tr>\n<tr style=\"height: 21px\">\n<td style=\"border-right-color: #000000;border-bottom-color: #000000;border-left-color: #000000;overflow: hidden;padding: 2px 3px;vertical-align: top;font-family: Arial;color: #222222;text-align: center\">Optiskais dizains<\/td>\n<td style=\"border-right-color: #000000;border-bottom-color: #000000;overflow: hidden;padding: 2px 3px;vertical-align: top;font-family: Arial;color: #222222;text-align: center\">Roof<\/td>\n<\/tr>\n<tr style=\"height: 21px\">\n<td style=\"border-right-color: #000000;border-bottom-color: #000000;border-left-color: #000000;overflow: hidden;padding: 2px 3px;vertical-align: top;font-family: Arial;color: #222222;text-align: center\">Palielin\u0101jums<\/td>\n<td style=\"border-right-color: #000000;border-bottom-color: #000000;overflow: hidden;padding: 2px 3px;vertical-align: top;font-family: Arial;color: #222222;text-align: center\">8<\/td>\n<\/tr>\n<tr style=\"height: 21px\">\n<td style=\"border-right-color: #000000;border-bottom-color: #000000;border-left-color: #000000;overflow: hidden;padding: 2px 3px;vertical-align: top;font-family: Arial;color: #222222;text-align: center\">P\u0101rkl\u0101juma kr\u0101sa<\/td>\n<td style=\"border-right-color: #000000;border-bottom-color: #000000;overflow: hidden;padding: 2px 3px;vertical-align: top;font-family: Arial;color: #222222;text-align: center\">Za\u013cs<\/td>\n<\/tr>\n<tr style=\"height: 21px\">\n<td style=\"border-right-color: #000000;border-bottom-color: #000000;border-left-color: #000000;overflow: hidden;padding: 2px 3px;vertical-align: top;font-family: Arial;color: #222222;text-align: center\">Redzes lauks<\/td>\n<td style=\"border-right-color: #000000;border-bottom-color: #000000;overflow: hidden;padding: 2px 3px;vertical-align: top;font-family: Arial;color: #222222;text-align: center\">6.11 degrees<\/td>\n<\/tr>\n<tr style=\"height: 21px\">\n<td style=\"border-right-color: #000000;border-bottom-color: #000000;border-left-color: #000000;overflow: hidden;padding: 2px 3px;vertical-align: top;font-family: Arial;color: #222222;text-align: center\">Redzes lauks, m\/1000 m<\/td>\n<td style=\"border-right-color: #000000;border-bottom-color: #000000;overflow: hidden;padding: 2px 3px;vertical-align: top;font-family: Arial;color: #222222;text-align: center\">107 m<\/td>\n<\/tr>\n<tr style=\"height: 21px\">\n<td style=\"border-right-color: #000000;border-bottom-color: #000000;border-left-color: #000000;overflow: hidden;padding: 2px 3px;vertical-align: top;font-family: Arial;color: #222222;text-align: center\">Tuvais fokuss<\/td>\n<td style=\"border-right-color: #000000;border-bottom-color: #000000;overflow: hidden;padding: 2px 3px;vertical-align: top;font-family: Arial;color: #222222;text-align: center\">5 m<\/td>\n<\/tr>\n<\/tbody>\n<\/table>\n<p><span id=\"docs-internal-guid-d54afcb9-1ec4-18cc-27c8-f6eac0f430a4\"> <\/span><\/p>\n<p>&nbsp;<\/p>\n<p><span id=\"docs-internal-guid-d54afcb9-1ec4-18cc-27c8-f6eac0f430a4\"> <\/span><\/p>\n<p style=\"line-height: 1.38;margin-top: 0pt;margin-bottom: 0pt\" dir=\"ltr\">&nbsp;<\/p>\n<p>&nbsp;<\/p>\n","protected":false},"excerpt":{"rendered":"<p>Bresser Condor 8&#215;56 Plus Kompakts Mitrumiztur\u012bgs &nbsp;Roof Prizmas &nbsp;Binoklis ar Dzidrin\u0101tiem BAK4 Jaun\u0101s Paaudzes Stikliem \u013boti daudzpus\u012bgs binoklis. 8 rei\u017eu palielin\u0101jums un 56mm l\u0113cu diametrs. Tam ir sal\u012bdzino&scaron;i zema cena, \u0146emot v\u0113r\u0101 t\u0101 pla&scaron;\u0101s iesp\u0113jas.Tam ir speci\u0101ls l\u0113cu p\u0101rkl\u0101jums, kas pat nedaudz neatstaro gaismu. &Scaron;im binoklim vajadz\u0113tu b\u016bt jebkura mednieka apr\u012bkojum\u0101.Piem\u0113rots v\u0113ro&scaron;anai agri no r\u012btiem, [&hellip;]<\/p>\n","protected":false},"featured_media":71772,"template":"","meta":[],"product_brand":[],"product_cat":[4938,4939],"product_tag":[],"class_list":{"0":"post-79364","1":"product","2":"type-product","3":"status-publish","4":"has-post-thumbnail","6":"product_cat-optics-recreation","7":"product_cat-binoculars-optics-recreation","9":"first","10":"instock","11":"shipping-taxable","12":"purchasable","13":"product-type-simple"},"_links":{"self":[{"href":"https:\/\/sezona.lv\/en\/wp-json\/wp\/v2\/product\/79364","targetHints":{"allow":["GET"]}}],"collection":[{"href":"https:\/\/sezona.lv\/en\/wp-json\/wp\/v2\/product"}],"about":[{"href":"https:\/\/sezona.lv\/en\/wp-json\/wp\/v2\/types\/product"}],"wp:featuredmedia":[{"embeddable":true,"href":"https:\/\/sezona.lv\/en\/wp-json\/wp\/v2\/media\/71772"}],"wp:attachment":[{"href":"https:\/\/sezona.lv\/en\/wp-json\/wp\/v2\/media?parent=79364"}],"wp:term":[{"taxonomy":"product_brand","embeddable":true,"href":"https:\/\/sezona.lv\/en\/wp-json\/wp\/v2\/product_brand?post=79364"},{"taxonomy":"product_cat","embeddable":true,"href":"https:\/\/sezona.lv\/en\/wp-json\/wp\/v2\/product_cat?post=79364"},{"taxonomy":"product_tag","embeddable":true,"href":"https:\/\/sezona.lv\/en\/wp-json\/wp\/v2\/product_tag?post=79364"}],"curies":[{"name":"wp","href":"https:\/\/api.w.org\/{rel}","templated":true}]}}