{"id":79365,"date":"2025-07-14T15:38:57","date_gmt":"2025-07-14T12:38:57","guid":{"rendered":"https:\/\/demo8.ecube.lv\/sezona.lv\/products\/crane-golf-rangefinder-scope\/"},"modified":"2025-07-14T15:38:57","modified_gmt":"2025-07-14T12:38:57","slug":"crane-golf-rangefinder-scope","status":"publish","type":"product","link":"https:\/\/sezona.lv\/en\/products\/crane-golf-rangefinder-scope\/","title":{"rendered":"Crane Golf Rangefinder Scope"},"content":{"rendered":"<p><span id=\"docs-internal-guid-0866f4c0-ec7c-9c06-a466-9f673ddbc7c4\"><span style=\"font-size: 12pt;font-family: Arial;color: #212121;font-weight: 700;vertical-align: baseline\">Crane Rangefinder Golf Range Finder <\/span><span style=\"font-size: 12pt;font-family: Arial;color: #212121;font-weight: 700;vertical-align: baseline\"><br class=\"kix-line-break\" \/><\/span><span style=\"font-size: 12pt;font-family: Arial;color: #212121;vertical-align: baseline\">Ne ar l\u0101zera staru, bet ar triangul\u0101ciju, &scaron;is golfa skata mekl\u0113t\u0101js, att\u0101lums l\u012bdz caurumam!<\/span><span style=\"font-size: 12pt;font-family: Arial;color: #212121;vertical-align: baseline\"><br class=\"kix-line-break\" \/><\/span><span style=\"font-size: 12pt;font-family: Arial;color: #212121;vertical-align: baseline\"><br class=\"kix-line-break\" \/><\/span><span style=\"font-size: 12pt;font-family: Arial;color: #212121;vertical-align: baseline\">Un tas darbojas diezgan vienk\u0101r&scaron;i: PIN apjoms jau ir ieprogramm\u0113ts. Vispirms izm\u0113r\u012bt logu pie pamatnes, un tad p\u0101rvietojies par horizont\u0101lo l\u012bniju karoga augstum\u0101 un atkal m\u0113ri. Iek&scaron;\u0113ji apr\u0113\u0137in\u0101ts Crane Golf rangs mekl\u0113t\u0101js , tad att\u0101lums l\u012bdz karogam. Protams, j\u016bs varat p\u0101rprogramm\u0113t objekta augstumu.<\/span><span style=\"font-size: 12pt;font-family: Arial;color: #212121;vertical-align: baseline\"><br class=\"kix-line-break\" \/><\/span><span style=\"font-size: 12pt;font-family: Arial;color: #212121;vertical-align: baseline\"><br class=\"kix-line-break\" \/><\/span><span style=\"font-size: 12pt;font-family: Arial;color: #212121;font-weight: 700;vertical-align: baseline\">Pieg\u0101des apjoms:<\/span><span style=\"font-size: 12pt;font-family: Arial;color: #212121;vertical-align: baseline\"><br class=\"kix-line-break\" \/><\/span><span style=\"font-size: 12pt;font-family: Arial;color: #212121;vertical-align: baseline\"><br class=\"kix-line-break\" \/><\/span><span style=\"font-size: 12pt;font-family: Arial;color: #212121;vertical-align: baseline\">Att\u0101lin\u0101t\u0101js<\/span><span style=\"font-size: 12pt;font-family: Arial;color: #212121;vertical-align: baseline\"><br class=\"kix-line-break\" \/><\/span><span style=\"font-size: 12pt;font-family: Arial;color: #212121;vertical-align: baseline\">Aizsarg\u0101jo&scaron;ais maisi\u0146&scaron; un plaukstas siksna<\/span><span style=\"font-size: 12pt;font-family: Arial;color: #212121;vertical-align: baseline\"><br class=\"kix-line-break\" \/><\/span><span style=\"font-size: 12pt;font-family: Arial;color: #212121;vertical-align: baseline\">T\u012br\u012b&scaron;anas lupati\u0146a<\/span><span style=\"font-size: 12pt;font-family: Arial;color: #212121;vertical-align: baseline\"><br class=\"kix-line-break\" \/><\/span><span style=\"font-size: 12pt;font-family: Arial;color: #212121;vertical-align: baseline\">2 CR2032 baterijas<\/span><span style=\"font-size: 12pt;font-family: Arial;color: #212121;vertical-align: baseline\"><br class=\"kix-line-break\" \/><\/span><span style=\"font-size: 12pt;font-family: Arial;color: #212121;vertical-align: baseline\">Ang\u013cu rokasgr\u0101mata<\/span><\/span><\/p>\n<p>&nbsp;<\/p>\n<table class=\"table table-bordered\" border=\"0\">\n<thead>\n<tr>\n<td colspan=\"2\"><strong>Atrib\u016bti<\/strong><\/td>\n<\/tr>\n<\/thead>\n<tbody>\n<tr>\n<td>Bateriju Veids<\/td>\n<td>CR2032<\/td>\n<\/tr>\n<tr>\n<td>Gaismas intensit\u0101te<\/td>\n<td>16<\/td>\n<\/tr>\n<tr>\n<td>Kr\u0113slas koeficients<\/td>\n<td>10<\/td>\n<\/tr>\n<tr>\n<td>Okul\u0101ri<\/td>\n<td>Lok\u0101ms<\/td>\n<\/tr>\n<tr>\n<td>Palielin\u0101jums<\/td>\n<td>5x<\/td>\n<\/tr>\n<tr>\n<td>Priek&scaron;\u0113j\u0101 l\u0113cas diametrs (mm)<\/td>\n<td>20<\/td>\n<\/tr>\n<tr>\n<td>Redzes lauks<\/td>\n<td>7,4&deg;<\/td>\n<\/tr>\n<tr>\n<td>Redzes lauks, m\/1000 m<\/td>\n<td>130m<\/td>\n<\/tr>\n<\/tbody>\n<\/table>\n<p><span><\/span><\/p>\n","protected":false},"excerpt":{"rendered":"<p>Crane Rangefinder Golf Range Finder Ne ar l\u0101zera staru, bet ar triangul\u0101ciju, &scaron;is golfa skata mekl\u0113t\u0101js, att\u0101lums l\u012bdz caurumam!Un tas darbojas diezgan vienk\u0101r&scaron;i: PIN apjoms jau ir ieprogramm\u0113ts. Vispirms izm\u0113r\u012bt logu pie pamatnes, un tad p\u0101rvietojies par horizont\u0101lo l\u012bniju karoga augstum\u0101 un atkal m\u0113ri. Iek&scaron;\u0113ji apr\u0113\u0137in\u0101ts Crane Golf rangs mekl\u0113t\u0101js , tad att\u0101lums l\u012bdz karogam. [&hellip;]<\/p>\n","protected":false},"featured_media":0,"template":"","meta":[],"product_brand":[],"product_cat":[4640,4938,4942],"product_tag":[],"class_list":{"0":"post-79365","1":"product","2":"type-product","3":"status-publish","5":"product_cat-recreation","6":"product_cat-optics-recreation","7":"product_cat-rangefinders-optics-recreation","9":"first","10":"instock","11":"shipping-taxable","12":"purchasable","13":"product-type-simple"},"_links":{"self":[{"href":"https:\/\/sezona.lv\/en\/wp-json\/wp\/v2\/product\/79365","targetHints":{"allow":["GET"]}}],"collection":[{"href":"https:\/\/sezona.lv\/en\/wp-json\/wp\/v2\/product"}],"about":[{"href":"https:\/\/sezona.lv\/en\/wp-json\/wp\/v2\/types\/product"}],"wp:attachment":[{"href":"https:\/\/sezona.lv\/en\/wp-json\/wp\/v2\/media?parent=79365"}],"wp:term":[{"taxonomy":"product_brand","embeddable":true,"href":"https:\/\/sezona.lv\/en\/wp-json\/wp\/v2\/product_brand?post=79365"},{"taxonomy":"product_cat","embeddable":true,"href":"https:\/\/sezona.lv\/en\/wp-json\/wp\/v2\/product_cat?post=79365"},{"taxonomy":"product_tag","embeddable":true,"href":"https:\/\/sezona.lv\/en\/wp-json\/wp\/v2\/product_tag?post=79365"}],"curies":[{"name":"wp","href":"https:\/\/api.w.org\/{rel}","templated":true}]}}