{"id":79366,"date":"2025-07-14T15:38:58","date_gmt":"2025-07-14T12:38:58","guid":{"rendered":"https:\/\/demo8.ecube.lv\/sezona.lv\/products\/burrel-elite-xt-talmers\/"},"modified":"2025-07-14T15:38:58","modified_gmt":"2025-07-14T12:38:58","slug":"burrel-elite-xt-talmers","status":"publish","type":"product","link":"https:\/\/sezona.lv\/en\/products\/burrel-elite-xt-talmers\/","title":{"rendered":"Burrel Elite XT T\u0101lm\u0113rs"},"content":{"rendered":"<div id=\"tab-description\" class=\"tab-pane active\">\n<div><span style=\"color: #000000;font-family: Arial, Helvetica, sans-serif;font-size: small\">Pro l\u012bme\u0146a l\u0101zera att\u0101luma m\u0113r\u012bt\u0101js l\u012bdz pat 800 jardiem (= 720 m)&nbsp;<\/span><\/div>\n<div><span style=\"color: #000000;font-family: Arial, Helvetica, sans-serif;font-size: small\">Pateicoties PinSeeker funkcijai var izmantot da\u017e\u0101diem novirzieniem.<\/span><\/div>\n<div><span style=\"color: #000000;font-family: Arial, Helvetica, sans-serif;font-size: small\"><br \/><\/span><\/div>\n<div><span style=\"color: #000000;font-family: Arial, Helvetica, sans-serif;font-size: small\">Att\u0101luma m\u0113r\u012b&scaron;anas l\u0113cas ir vair\u0101ksl\u0101\u0146u, lai samazin\u0101tu atstaro&scaron;anu un<\/span><\/div>\n<div><span style=\"color: #000000;font-family: Arial, Helvetica, sans-serif;font-size: small\">maksimiz\u0113tu gaismas caurlaid\u012bbu.<\/span><\/div>\n<div><span style=\"color: #000000;font-family: Arial, Helvetica, sans-serif;font-size: small\">Ergonomisks dizains, kompakts izm\u0113rs un gumijas p\u0101rkl\u0101jums.<\/span><\/div>\n<div><span style=\"color: #000000;font-family: Arial, Helvetica, sans-serif;font-size: small\"><br \/><\/span><\/div>\n<div><span style=\"color: #000000;font-family: Arial, Helvetica, sans-serif;font-size: small\">Pie okul\u0101ra +\/&shy; fokuss.<\/span><\/div>\n<div><span style=\"color: #000000;font-family: Arial, Helvetica, sans-serif;font-size: small\">Ier\u012bcei ir ar\u012b pretsp\u012bd\u0113&scaron;anas m\u0113r\u012b&scaron;ana un sl\u012bpuma korekcija att\u0101lums.<\/span><\/div>\n<div><span style=\"color: #000000;font-family: Arial, Helvetica, sans-serif;font-size: small\">Komplekt\u0101 ietilpst \u0101trdarb\u012bgs, lieljaudas jostas stiprin\u0101jums.<\/span><\/div>\n<div><span style=\"color: #000000;font-family: Arial, Helvetica, sans-serif;font-size: small\">Darbojas ar CR2 bateriju<\/span><\/div>\n<div><span style=\"color: #000000;font-family: Arial, Helvetica, sans-serif;font-size: small\">Displejs: caurlaid\u012bgs LCD<\/span><\/div>\n<div><span style=\"color: #000000;font-family: Arial, Helvetica, sans-serif;font-size: small\">Sken\u0113&scaron;anas re\u017e\u012bms: j\u0101<\/span><\/div>\n<div><span style=\"color: #000000;font-family: Arial, Helvetica, sans-serif;font-size: small\">Pin Seeker: j\u0101<\/span><\/div>\n<div><span style=\"color: #000000;font-family: Arial, Helvetica, sans-serif;font-size: small\">Korpuss: plastmasa ar gumiju<\/span><\/div>\n<div><span style=\"color: #000000;font-family: Arial, Helvetica, sans-serif;font-size: small\">Palielin\u0101jums: 6x<\/span><\/div>\n<div><span style=\"color: #000000;font-family: Arial, Helvetica, sans-serif;font-size: small\">Dioptrijas korekcija: j\u0101<\/span><\/div>\n<div><span style=\"color: #000000;font-family: Arial, Helvetica, sans-serif;font-size: small\">Min. Fokus\u0113&scaron;anas att\u0101lums: 5 m<\/span><\/div>\n<div><span style=\"color: #000000;font-family: Arial, Helvetica, sans-serif;font-size: small\">Diapazona Reakcijas laiks: 0.4s<\/span><\/div>\n<div><span style=\"color: #000000;font-family: Arial, Helvetica, sans-serif;font-size: small\">M\u0113r\u0137a diametrs: 21mm<\/span><\/div>\n<div><span style=\"color: #000000;font-family: Arial, Helvetica, sans-serif;font-size: small\">Skata laukums: 7<\/span><\/div>\n<div><span style=\"color: #000000;font-family: Arial, Helvetica, sans-serif;font-size: small\">Izejas z\u012bl\u012b&scaron;u att\u0101lums: 14 mm<\/span><\/div>\n<div><span style=\"color: #000000;font-family: Arial, Helvetica, sans-serif;font-size: small\">Diapazons: 5&shy;800 jardi<\/span><\/div>\n<\/div>\n<p>&nbsp;<\/p>\n<p>&nbsp;<\/p>\n","protected":false},"excerpt":{"rendered":"<p>Pro l\u012bme\u0146a l\u0101zera att\u0101luma m\u0113r\u012bt\u0101js l\u012bdz pat 800 jardiem (= 720 m)&nbsp; Pateicoties PinSeeker funkcijai var izmantot da\u017e\u0101diem novirzieniem. Att\u0101luma m\u0113r\u012b&scaron;anas l\u0113cas ir vair\u0101ksl\u0101\u0146u, lai samazin\u0101tu atstaro&scaron;anu un maksimiz\u0113tu gaismas caurlaid\u012bbu. Ergonomisks dizains, kompakts izm\u0113rs un gumijas p\u0101rkl\u0101jums. Pie okul\u0101ra +\/&shy; fokuss. Ier\u012bcei ir ar\u012b pretsp\u012bd\u0113&scaron;anas m\u0113r\u012b&scaron;ana un sl\u012bpuma korekcija att\u0101lums. Komplekt\u0101 ietilpst \u0101trdarb\u012bgs, lieljaudas [&hellip;]<\/p>\n","protected":false},"featured_media":0,"template":"","meta":[],"product_brand":[],"product_cat":[4640,4938,4942],"product_tag":[],"class_list":{"0":"post-79366","1":"product","2":"type-product","3":"status-publish","5":"product_cat-recreation","6":"product_cat-optics-recreation","7":"product_cat-rangefinders-optics-recreation","9":"first","10":"instock","11":"shipping-taxable","12":"purchasable","13":"product-type-simple"},"_links":{"self":[{"href":"https:\/\/sezona.lv\/en\/wp-json\/wp\/v2\/product\/79366","targetHints":{"allow":["GET"]}}],"collection":[{"href":"https:\/\/sezona.lv\/en\/wp-json\/wp\/v2\/product"}],"about":[{"href":"https:\/\/sezona.lv\/en\/wp-json\/wp\/v2\/types\/product"}],"wp:attachment":[{"href":"https:\/\/sezona.lv\/en\/wp-json\/wp\/v2\/media?parent=79366"}],"wp:term":[{"taxonomy":"product_brand","embeddable":true,"href":"https:\/\/sezona.lv\/en\/wp-json\/wp\/v2\/product_brand?post=79366"},{"taxonomy":"product_cat","embeddable":true,"href":"https:\/\/sezona.lv\/en\/wp-json\/wp\/v2\/product_cat?post=79366"},{"taxonomy":"product_tag","embeddable":true,"href":"https:\/\/sezona.lv\/en\/wp-json\/wp\/v2\/product_tag?post=79366"}],"curies":[{"name":"wp","href":"https:\/\/api.w.org\/{rel}","templated":true}]}}