{"id":79367,"date":"2025-07-14T15:38:59","date_gmt":"2025-07-14T12:38:59","guid":{"rendered":"https:\/\/demo8.ecube.lv\/sezona.lv\/products\/bresser-rangefinder-800-talmers\/"},"modified":"2025-07-14T15:38:59","modified_gmt":"2025-07-14T12:38:59","slug":"bresser-rangefinder-800-talmers","status":"publish","type":"product","link":"https:\/\/sezona.lv\/en\/products\/bresser-rangefinder-800-talmers\/","title":{"rendered":"Bresser Rangefinder 800 T\u0101lm\u0113rs"},"content":{"rendered":"<h2 style=\"margin-right: 0px;margin-bottom: 0.25em;margin-left: 0px;padding: 0px;font-size: 18.0162px;font-family: 'Trebuchet MS', Verdana, Helvetica, Arial, sans-serif;font-weight: bold;color: #aa9083;line-height: normal\"><span id=\"docs-internal-guid-bf5bd35b-e659-a689-04ac-eb14e87d2c83\" style=\"font-weight: normal\"><span style=\"font-size: 11pt;font-family: Arial;color: #212121;font-weight: 700;vertical-align: baseline\">Produkta apraksts:<\/span><span style=\"font-size: 11pt;font-family: Arial;color: #212121;vertical-align: baseline\"><br class=\"kix-line-break\" \/><\/span><span style=\"font-size: 11pt;font-family: Arial;color: #212121;font-weight: 700;vertical-align: baseline\">Bresser Rangefinder 800<\/span><span style=\"font-size: 11pt;font-family: Arial;color: #212121;vertical-align: baseline\"> identific\u0113 skatu sekund\u0113s, l\u0101zeris urbjot objektu, <\/span><span style=\"font-size: 11pt;font-family: Arial;color: #212121;font-weight: 700;vertical-align: baseline\">nosaka prec\u012bzu att\u0101lumu<\/span><span style=\"font-size: 11pt;font-family: Arial;color: #212121;vertical-align: baseline\">. Da\u017e\u0101das iestat\u012b&scaron;anas funkcijas<\/span><span style=\"font-size: 11pt;font-family: Arial;color: #212121;font-weight: 700;vertical-align: baseline\"> \u013cauj m\u0113r\u012bt ar\u012b sliktos laika apst\u0101k\u013cos<\/span><span style=\"font-size: 11pt;font-family: Arial;color: #212121;vertical-align: baseline\">, piem\u0113ram, lietus. Zemais svars un kompaktais izm\u0113rs padara to par ide\u0101lu sabiedroto, ja j\u016bs pastaig\u0101jaties ar k\u0101j\u0101m, nodarbojaties ar med\u012bb\u0101m, golfu, atrodaties j\u016br\u0101, ar\u0113n\u0101 vai cit\u0101s \u0101ra aktivit\u0101t\u0113s.<\/span><\/span><\/h2>\n<h2 style=\"margin-right: 0px;margin-bottom: 0.25em;margin-left: 0px;padding: 0px;font-size: 18.0162px;font-family: 'Trebuchet MS', Verdana, Helvetica, Arial, sans-serif;font-weight: bold;color: #aa9083;line-height: normal\"><span id=\"docs-internal-guid-bf5bd35b-e659-a689-04ac-eb14e87d2c83\" style=\"font-weight: normal\"><span style=\"font-size: 11pt;font-family: Arial;color: #212121;vertical-align: baseline\"><br \/><\/span><\/span><\/h2>\n<table style=\"font-size: 10pt;font-family: arial, sans, sans-serif;width: 0px;border: none\" dir=\"ltr\" border=\"1\" cellspacing=\"0\" cellpadding=\"0\">\n<colgroup>\n<col width=\"199\"><\/col>\n<col width=\"78\"><\/col>\n<\/colgroup>\n<tbody>\n<tr style=\"height: 21px\">\n<td style=\"border-color: #35d0ff;overflow: hidden;padding: 2px 3px;vertical-align: bottom;background-color: #35d0ff;font-family: Arial;font-size: 14pt;font-weight: bold;color: #ffffff;text-align: center\" colspan=\"2\">Specifik\u0101cijas<\/td>\n<\/tr>\n<tr style=\"height: 21px\">\n<td style=\"border-right-color: #35d0ff;border-bottom-color: #35d0ff;border-left-color: #35d0ff;overflow: hidden;padding: 2px 3px;vertical-align: middle;font-family: Arial;font-size: 11pt;color: #000000\">Palielin\u0101jums<\/td>\n<td style=\"border-right-color: #35d0ff;border-bottom-color: #35d0ff;overflow: hidden;padding: 2px 3px;vertical-align: middle;font-family: Arial;font-size: 11pt;color: #000000;text-align: center\">4<\/td>\n<\/tr>\n<tr style=\"height: 21px\">\n<td style=\"border-right-color: #35d0ff;border-bottom-color: #35d0ff;border-left-color: #35d0ff;overflow: hidden;padding: 2px 3px;vertical-align: middle;font-family: Arial;font-size: 11pt;color: #000000\">Priek&scaron;\u0113j\u0101 l\u0113cas diametrs (mm)<\/td>\n<td style=\"border-right-color: #35d0ff;border-bottom-color: #35d0ff;overflow: hidden;padding: 2px 3px;vertical-align: middle;font-family: Arial;font-size: 11pt;color: #000000;text-align: center\">21<\/td>\n<\/tr>\n<tr style=\"height: 21px\">\n<td style=\"border-right-color: #35d0ff;border-bottom-color: #35d0ff;border-left-color: #35d0ff;overflow: hidden;padding: 2px 3px;vertical-align: middle;font-family: Arial;font-size: 11pt;color: #000000\">Ievieto&scaron;ana<\/td>\n<td style=\"border-right-color: #35d0ff;border-bottom-color: #35d0ff;overflow: hidden;padding: 2px 3px;vertical-align: middle;font-family: Arial;font-size: 11pt;color: #212121;text-align: center\">melns (diapazona atra&scaron;ana)<\/td>\n<\/tr>\n<tr style=\"height: 21px\">\n<td style=\"border-right-color: #35d0ff;border-bottom-color: #35d0ff;border-left-color: #35d0ff;overflow: hidden;padding: 2px 3px;vertical-align: middle;font-family: Arial;font-size: 11pt;color: #212121\">Att\u0101luma m\u0113r\u012b&scaron;anas jauda<\/td>\n<td style=\"border-right-color: #35d0ff;border-bottom-color: #35d0ff;overflow: hidden;padding: 2px 3px;vertical-align: middle\"><\/td>\n<\/tr>\n<tr style=\"height: 21px\">\n<td style=\"border-right-color: #35d0ff;border-bottom-color: #35d0ff;border-left-color: #35d0ff;overflow: hidden;padding: 2px 3px;vertical-align: middle;font-family: Arial;font-size: 11pt;color: #212121\">Maksim\u0101lais darb\u012bbas att\u0101lums<\/td>\n<td style=\"border-right-color: #35d0ff;border-bottom-color: #35d0ff;overflow: hidden;padding: 2px 3px;vertical-align: middle;font-family: Arial;font-size: 11pt;color: #000000;text-align: center\">732<\/td>\n<\/tr>\n<tr style=\"height: 21px\">\n<td style=\"border-right-color: #35d0ff;border-bottom-color: #35d0ff;border-left-color: #35d0ff;overflow: hidden;padding: 2px 3px;vertical-align: middle;background-color: #35d0ff;font-family: Arial;font-size: 11pt;font-weight: bold;color: #ffffff;text-align: center\" colspan=\"2\">Speci\u0101las Funkcijas<\/td>\n<\/tr>\n<tr style=\"height: 21px\">\n<td style=\"border-right-color: #35d0ff;border-bottom-color: #35d0ff;border-left-color: #35d0ff;overflow: hidden;padding: 2px 3px;vertical-align: middle;font-family: Arial;font-size: 11pt;color: #212121\">Vair\u0101ki m\u0113r\u012bjumi<\/td>\n<td style=\"border-right-color: #35d0ff;border-bottom-color: #35d0ff;overflow: hidden;padding: 2px 3px;vertical-align: middle;font-family: Arial;font-size: 11pt;color: #000000;text-align: center\">&#8211;<\/td>\n<\/tr>\n<tr style=\"height: 21px\">\n<td style=\"border-right-color: #35d0ff;border-bottom-color: #35d0ff;border-left-color: #35d0ff;overflow: hidden;padding: 2px 3px;vertical-align: middle;font-family: Arial;font-size: 11pt;color: #212121\">Meter-Yard izmai\u0146as<\/td>\n<td style=\"border-right-color: #35d0ff;border-bottom-color: #35d0ff;overflow: hidden;padding: 2px 3px;vertical-align: middle;font-family: Arial;font-size: 11pt;color: #000000;text-align: center\">Ir<\/td>\n<\/tr>\n<tr style=\"height: 21px\">\n<td style=\"border-right-color: #35d0ff;border-bottom-color: #35d0ff;border-left-color: #35d0ff;overflow: hidden;padding: 2px 3px;vertical-align: middle;font-family: Arial;font-size: 11pt;color: #212121\">Horizont\u0101lais att\u0101lums<\/td>\n<td style=\"border-right-color: #35d0ff;border-bottom-color: #35d0ff;overflow: hidden;padding: 2px 3px;vertical-align: middle;font-family: Arial;font-size: 11pt;color: #000000;text-align: center\">Ir<\/td>\n<\/tr>\n<tr style=\"height: 21px\">\n<td style=\"border-right-color: #35d0ff;border-bottom-color: #35d0ff;border-left-color: #35d0ff;overflow: hidden;padding: 2px 3px;vertical-align: middle;font-family: Arial;font-size: 11pt;color: #212121\">Inclinometrs<\/td>\n<td style=\"border-right-color: #35d0ff;border-bottom-color: #35d0ff;overflow: hidden;padding: 2px 3px;vertical-align: middle;font-family: Arial;font-size: 11pt;color: #000000;text-align: center\">&#8211;<\/td>\n<\/tr>\n<tr style=\"height: 21px\">\n<td style=\"border-right-color: #35d0ff;border-bottom-color: #35d0ff;border-left-color: #35d0ff;overflow: hidden;padding: 2px 3px;vertical-align: middle;font-family: Arial;font-size: 11pt;color: #212121\">Aizsardz\u012bbas soma<\/td>\n<td style=\"border-right-color: #35d0ff;border-bottom-color: #35d0ff;overflow: hidden;padding: 2px 3px;vertical-align: middle;font-family: Arial;font-size: 11pt;color: #000000;text-align: center\">Ir<\/td>\n<\/tr>\n<tr style=\"height: 21px\">\n<td style=\"border-right-color: #35d0ff;border-bottom-color: #35d0ff;border-left-color: #35d0ff;overflow: hidden;padding: 2px 3px;vertical-align: middle;font-family: Arial;font-size: 11pt;color: #212121\">Nesl\u012bdo&scaron;s<\/td>\n<td style=\"border-right-color: #35d0ff;border-bottom-color: #35d0ff;overflow: hidden;padding: 2px 3px;vertical-align: middle;font-family: Arial;font-size: 11pt;color: #000000;text-align: center\">Ir<\/td>\n<\/tr>\n<tr style=\"height: 21px\">\n<td style=\"border-right-color: #35d0ff;border-bottom-color: #35d0ff;border-left-color: #35d0ff;overflow: hidden;padding: 2px 3px;vertical-align: middle;font-family: Arial;font-size: 11pt;color: #000000\">V\u012bt\u0146ots stat\u012bva savienot\u0101js<\/td>\n<td style=\"border-right-color: #35d0ff;border-bottom-color: #35d0ff;overflow: hidden;padding: 2px 3px;vertical-align: middle;font-family: Arial;font-size: 11pt;color: #000000;text-align: center\">&#8211;<\/td>\n<\/tr>\n<tr style=\"height: 21px\">\n<td style=\"border-right-color: #35d0ff;border-bottom-color: #35d0ff;border-left-color: #35d0ff;overflow: hidden;padding: 2px 3px;vertical-align: middle;background-color: #35d0ff;font-family: Arial;font-size: 11pt;font-weight: bold;color: #ffffff;text-align: center\" colspan=\"2\">Redzeslauku<\/td>\n<\/tr>\n<tr style=\"height: 21px\">\n<td style=\"border-right-color: #35d0ff;border-bottom-color: #35d0ff;border-left-color: #35d0ff;overflow: hidden;padding: 2px 3px;vertical-align: middle;font-family: Arial;font-size: 11pt;color: #212121\">\u012asts redzes lauks (&deg;)<\/td>\n<td style=\"border-right-color: #35d0ff;border-bottom-color: #35d0ff;overflow: hidden;padding: 2px 3px;vertical-align: middle;font-family: Arial;font-size: 11pt;color: #000000;text-align: center\">8,0<\/td>\n<\/tr>\n<tr style=\"height: 21px\">\n<td style=\"border-right-color: #35d0ff;border-bottom-color: #35d0ff;border-left-color: #35d0ff;overflow: hidden;padding: 2px 3px;vertical-align: middle;font-family: Arial;font-size: 11pt;color: #212121\">Gaismas intensit\u0101te<\/td>\n<td style=\"border-right-color: #35d0ff;border-bottom-color: #35d0ff;overflow: hidden;padding: 2px 3px;vertical-align: middle;font-family: Arial;font-size: 11pt;color: #000000;text-align: center\">14,5<\/td>\n<\/tr>\n<tr style=\"height: 21px\">\n<td style=\"border-right-color: #35d0ff;border-bottom-color: #35d0ff;border-left-color: #35d0ff;overflow: hidden;padding: 2px 3px;vertical-align: middle;font-family: Arial;font-size: 11pt;color: #000000\">Garums (mm)<\/td>\n<td style=\"border-right-color: #35d0ff;border-bottom-color: #35d0ff;overflow: hidden;padding: 2px 3px;vertical-align: middle;font-family: Arial;font-size: 11pt;color: #000000;text-align: center\">120<\/td>\n<\/tr>\n<tr style=\"height: 21px\">\n<td style=\"border-right-color: #35d0ff;border-bottom-color: #35d0ff;border-left-color: #35d0ff;overflow: hidden;padding: 2px 3px;vertical-align: middle;font-family: Arial;font-size: 11pt;color: #000000\">Platums (mm)<\/td>\n<td style=\"border-right-color: #35d0ff;border-bottom-color: #35d0ff;overflow: hidden;padding: 2px 3px;vertical-align: middle;font-family: Arial;font-size: 11pt;color: #000000;text-align: center\">70<\/td>\n<\/tr>\n<tr style=\"height: 21px\">\n<td style=\"border-right-color: #35d0ff;border-bottom-color: #35d0ff;border-left-color: #35d0ff;overflow: hidden;padding: 2px 3px;vertical-align: middle;font-family: Arial;font-size: 11pt;color: #000000\">Augstums (mm)<\/td>\n<td style=\"border-right-color: #35d0ff;border-bottom-color: #35d0ff;overflow: hidden;padding: 2px 3px;vertical-align: middle;font-family: Arial;font-size: 11pt;color: #000000;text-align: center\">41<\/td>\n<\/tr>\n<tr style=\"height: 21px\">\n<td style=\"border-right-color: #35d0ff;border-bottom-color: #35d0ff;border-left-color: #35d0ff;overflow: hidden;padding: 2px 3px;vertical-align: middle;font-family: Arial;font-size: 11pt;color: #000000\">Svars (g)<\/td>\n<td style=\"border-right-color: #35d0ff;border-bottom-color: #35d0ff;overflow: hidden;padding: 2px 3px;vertical-align: middle;font-family: Arial;font-size: 11pt;color: #000000;text-align: center\">187<\/td>\n<\/tr>\n<tr style=\"height: 21px\">\n<td style=\"border-right-color: #35d0ff;border-bottom-color: #35d0ff;border-left-color: #35d0ff;overflow: hidden;padding: 2px 3px;vertical-align: middle;font-family: Arial;font-size: 11pt;color: #000000\">S\u0113rija<\/td>\n<td style=\"border-right-color: #35d0ff;border-bottom-color: #35d0ff;overflow: hidden;padding: 2px 3px;vertical-align: middle;font-family: Arial;font-size: 11pt;color: #000000;text-align: center\">Sonstige<\/td>\n<\/tr>\n<tr style=\"height: 21px\">\n<td style=\"border-right-color: #35d0ff;border-bottom-color: #35d0ff;border-left-color: #35d0ff;overflow: hidden;padding: 2px 3px;vertical-align: middle;font-family: Arial;font-size: 11pt;color: #000000\">Kr\u0101sa<\/td>\n<td style=\"border-right-color: #35d0ff;border-bottom-color: #35d0ff;overflow: hidden;padding: 2px 3px;vertical-align: middle;font-family: Arial;font-size: 11pt;color: #000000;text-align: center\">Melns<\/td>\n<\/tr>\n<\/tbody>\n<\/table>\n","protected":false},"excerpt":{"rendered":"<p>Produkta apraksts:Bresser Rangefinder 800 identific\u0113 skatu sekund\u0113s, l\u0101zeris urbjot objektu, nosaka prec\u012bzu att\u0101lumu. Da\u017e\u0101das iestat\u012b&scaron;anas funkcijas \u013cauj m\u0113r\u012bt ar\u012b sliktos laika apst\u0101k\u013cos, piem\u0113ram, lietus. Zemais svars un kompaktais izm\u0113rs padara to par ide\u0101lu sabiedroto, ja j\u016bs pastaig\u0101jaties ar k\u0101j\u0101m, nodarbojaties ar med\u012bb\u0101m, golfu, atrodaties j\u016br\u0101, ar\u0113n\u0101 vai cit\u0101s \u0101ra aktivit\u0101t\u0113s. Specifik\u0101cijas Palielin\u0101jums 4 Priek&scaron;\u0113j\u0101 l\u0113cas [&hellip;]<\/p>\n","protected":false},"featured_media":0,"template":"","meta":[],"product_brand":[],"product_cat":[4640,4938,4942],"product_tag":[],"class_list":{"0":"post-79367","1":"product","2":"type-product","3":"status-publish","5":"product_cat-recreation","6":"product_cat-optics-recreation","7":"product_cat-rangefinders-optics-recreation","9":"first","10":"instock","11":"shipping-taxable","12":"purchasable","13":"product-type-simple"},"_links":{"self":[{"href":"https:\/\/sezona.lv\/en\/wp-json\/wp\/v2\/product\/79367","targetHints":{"allow":["GET"]}}],"collection":[{"href":"https:\/\/sezona.lv\/en\/wp-json\/wp\/v2\/product"}],"about":[{"href":"https:\/\/sezona.lv\/en\/wp-json\/wp\/v2\/types\/product"}],"wp:attachment":[{"href":"https:\/\/sezona.lv\/en\/wp-json\/wp\/v2\/media?parent=79367"}],"wp:term":[{"taxonomy":"product_brand","embeddable":true,"href":"https:\/\/sezona.lv\/en\/wp-json\/wp\/v2\/product_brand?post=79367"},{"taxonomy":"product_cat","embeddable":true,"href":"https:\/\/sezona.lv\/en\/wp-json\/wp\/v2\/product_cat?post=79367"},{"taxonomy":"product_tag","embeddable":true,"href":"https:\/\/sezona.lv\/en\/wp-json\/wp\/v2\/product_tag?post=79367"}],"curies":[{"name":"wp","href":"https:\/\/api.w.org\/{rel}","templated":true}]}}