{"id":79368,"date":"2025-07-14T15:38:59","date_gmt":"2025-07-14T12:38:59","guid":{"rendered":"https:\/\/demo8.ecube.lv\/sezona.lv\/products\/bresser-national-geographic-rangefinder-800m-talmers\/"},"modified":"2025-07-14T15:38:59","modified_gmt":"2025-07-14T12:38:59","slug":"bresser-national-geographic-rangefinder-800m-talmers","status":"publish","type":"product","link":"https:\/\/sezona.lv\/en\/products\/bresser-national-geographic-rangefinder-800m-talmers\/","title":{"rendered":"Bresser National Geographic Rangefinder 800m T\u0101lm\u0113rs"},"content":{"rendered":"<p><span id=\"docs-internal-guid-0866f4c0-ec0f-4563-816c-831c2e9753cf\"><span style=\"font-size: 11pt;font-family: Arial;color: #212121;font-weight: 700;vertical-align: baseline\">Rangefinder National Geographic &#8211; kompakts un uzticams<\/span><span style=\"font-size: 11pt;font-family: Arial;color: #212121;font-weight: 700;vertical-align: baseline\"><br class=\"kix-line-break\" \/><\/span><span style=\"font-size: 11pt;font-family: Arial;color: #212121;vertical-align: baseline\"><br class=\"kix-line-break\" \/><\/span><span style=\"font-size: 11pt;font-family: Arial;color: #212121;vertical-align: baseline\">T\u0101lm\u0113ris, kas da\u017eu sekun\u017eu laik\u0101 ar l\u0101zera staru (nekait\u012bgs cilv\u0113ka ac\u012bm) nosaka m\u0113r\u0137a objekta, prec\u012bzu att\u0101lumu, izmantojot optiku <\/span><span style=\"font-size: 11pt;font-family: Arial;color: #212121;font-weight: 700;vertical-align: baseline\">l\u012bdz 800 metriem<\/span><span style=\"font-size: 11pt;font-family: Arial;color: #212121;vertical-align: baseline\">. Rezult\u0101ts tiek par\u0101d\u012bts metros vai jardos. Kompaktie izm\u0113ri, \u0101rk\u0101rt\u012bgi vieglais svars un lieto&scaron;anas \u0113rtums padara odometru par ide\u0101lu sabiedrot\u0101ju p\u0101rg\u0101jieniem, med\u012bb\u0101m, ezeram, stadionam vai citiem pas\u0101kumiem br\u012bv\u0101 dab\u0101.<\/span><\/span><\/p>\n<p>&nbsp;<\/p>\n<table class=\"table table-bordered\" border=\"0\">\n<thead>\n<tr>\n<td colspan=\"2\"><strong>Atrib\u016bti<\/strong><\/td>\n<\/tr>\n<\/thead>\n<tbody>\n<tr>\n<td>Izm\u0113ri<\/td>\n<td>113 x 88 x 42 mm<\/td>\n<\/tr>\n<tr>\n<td>Maksim\u0101lais darb\u012bbas att\u0101lums<\/td>\n<td>800m<\/td>\n<\/tr>\n<tr>\n<td>Palielin\u0101jums<\/td>\n<td>4x<\/td>\n<\/tr>\n<tr>\n<td>Priek&scaron;\u0113j\u0101 l\u0113cas diametrs (mm)<\/td>\n<td>21<\/td>\n<\/tr>\n<\/tbody>\n<\/table>\n<p><span><span style=\"font-size: 11pt;font-family: Arial;color: #212121;vertical-align: baseline\"><\/span><\/span><\/p>\n<table style=\"font-size: 10pt;font-family: arial, sans, sans-serif;width: 0px;border: none\" dir=\"ltr\" border=\"1\" cellspacing=\"0\" cellpadding=\"0\">\n<tbody>\n<tr style=\"height: 21px\">\n<td style=\"border-color: #35d0ff;overflow: hidden;padding: 2px 3px;vertical-align: bottom;background-color: #35d0ff;font-family: Arial;font-size: 14pt;font-weight: bold;color: #ffffff;text-align: center\" colspan=\"2\"><\/td>\n<\/tr>\n<tr style=\"height: 21px\">\n<td style=\"border-right-color: #35d0ff;border-bottom-color: #35d0ff;border-left-color: #35d0ff;overflow: hidden;padding: 2px 3px;vertical-align: middle;font-family: Arial;font-size: 11pt;color: #000000\"><\/td>\n<td style=\"border-right-color: #35d0ff;border-bottom-color: #35d0ff;overflow: hidden;padding: 2px 3px;vertical-align: middle;font-family: Arial;font-size: 11pt;color: #000000;text-align: center\"><\/td>\n<\/tr>\n<tr style=\"height: 21px\">\n<td style=\"border-right-color: #35d0ff;border-bottom-color: #35d0ff;border-left-color: #35d0ff;overflow: hidden;padding: 2px 3px;vertical-align: middle;font-family: Arial;font-size: 11pt;color: #000000\"><\/td>\n<td style=\"border-right-color: #35d0ff;border-bottom-color: #35d0ff;overflow: hidden;padding: 2px 3px;vertical-align: middle;font-family: Arial;font-size: 11pt;color: #000000;text-align: center\"><\/td>\n<\/tr>\n<tr style=\"height: 21px\">\n<td style=\"border-right-color: #35d0ff;border-bottom-color: #35d0ff;border-left-color: #35d0ff;overflow: hidden;padding: 2px 3px;vertical-align: middle;font-family: Arial;font-size: 11pt;color: #000000\"><\/td>\n<td style=\"border-right-color: #35d0ff;border-bottom-color: #35d0ff;overflow: hidden;padding: 2px 3px;vertical-align: middle;font-family: Arial;font-size: 11pt;color: #212121;text-align: center\"><\/td>\n<\/tr>\n<tr style=\"height: 21px\">\n<td style=\"border-right-color: #35d0ff;border-bottom-color: #35d0ff;border-left-color: #35d0ff;overflow: hidden;padding: 2px 3px;vertical-align: middle;font-family: Arial;font-size: 11pt;color: #212121\"><\/td>\n<td style=\"border-right-color: #35d0ff;border-bottom-color: #35d0ff;overflow: hidden;padding: 2px 3px;vertical-align: middle\"><\/td>\n<\/tr>\n<tr style=\"height: 21px\">\n<td style=\"border-right-color: #35d0ff;border-bottom-color: #35d0ff;border-left-color: #35d0ff;overflow: hidden;padding: 2px 3px;vertical-align: middle;font-family: Arial;font-size: 11pt;color: #212121\"><\/td>\n<td style=\"border-right-color: #35d0ff;border-bottom-color: #35d0ff;overflow: hidden;padding: 2px 3px;vertical-align: middle;font-family: Arial;font-size: 11pt;color: #000000;text-align: center\"><\/td>\n<\/tr>\n<tr style=\"height: 21px\">\n<td style=\"border-right-color: #35d0ff;border-bottom-color: #35d0ff;border-left-color: #35d0ff;overflow: hidden;padding: 2px 3px;vertical-align: middle;background-color: #35d0ff;font-family: Arial;font-size: 11pt;font-weight: bold;color: #ffffff;text-align: center\" colspan=\"2\"><\/td>\n<\/tr>\n<tr style=\"height: 21px\">\n<td style=\"border-right-color: #35d0ff;border-bottom-color: #35d0ff;border-left-color: #35d0ff;overflow: hidden;padding: 2px 3px;vertical-align: middle;font-family: Arial;font-size: 11pt;color: #212121\"><\/td>\n<td style=\"border-right-color: #35d0ff;border-bottom-color: #35d0ff;overflow: hidden;padding: 2px 3px;vertical-align: middle;font-family: Arial;font-size: 11pt;color: #000000;text-align: center\"><\/td>\n<\/tr>\n<tr style=\"height: 21px\">\n<td style=\"border-right-color: #35d0ff;border-bottom-color: #35d0ff;border-left-color: #35d0ff;overflow: hidden;padding: 2px 3px;vertical-align: middle;font-family: Arial;font-size: 11pt;color: #212121\"><\/td>\n<td style=\"border-right-color: #35d0ff;border-bottom-color: #35d0ff;overflow: hidden;padding: 2px 3px;vertical-align: middle;font-family: Arial;font-size: 11pt;color: #000000;text-align: center\"><\/td>\n<\/tr>\n<tr style=\"height: 21px\">\n<td style=\"border-right-color: #35d0ff;border-bottom-color: #35d0ff;border-left-color: #35d0ff;overflow: hidden;padding: 2px 3px;vertical-align: middle;font-family: Arial;font-size: 11pt;color: #212121\"><\/td>\n<td style=\"border-right-color: #35d0ff;border-bottom-color: #35d0ff;overflow: hidden;padding: 2px 3px;vertical-align: middle;font-family: Arial;font-size: 11pt;color: #000000;text-align: center\"><\/td>\n<\/tr>\n<tr style=\"height: 21px\">\n<td style=\"border-right-color: #35d0ff;border-bottom-color: #35d0ff;border-left-color: #35d0ff;overflow: hidden;padding: 2px 3px;vertical-align: middle;font-family: Arial;font-size: 11pt;color: #212121\"><\/td>\n<td style=\"border-right-color: #35d0ff;border-bottom-color: #35d0ff;overflow: hidden;padding: 2px 3px;vertical-align: middle;font-family: Arial;font-size: 11pt;color: #000000;text-align: center\"><\/td>\n<\/tr>\n<tr style=\"height: 21px\">\n<td style=\"border-right-color: #35d0ff;border-bottom-color: #35d0ff;border-left-color: #35d0ff;overflow: hidden;padding: 2px 3px;vertical-align: middle;font-family: Arial;font-size: 11pt;color: #212121\"><\/td>\n<td style=\"border-right-color: #35d0ff;border-bottom-color: #35d0ff;overflow: hidden;padding: 2px 3px;vertical-align: middle;font-family: Arial;font-size: 11pt;color: #000000;text-align: center\"><\/td>\n<\/tr>\n<tr style=\"height: 21px\">\n<td style=\"border-right-color: #35d0ff;border-bottom-color: #35d0ff;border-left-color: #35d0ff;overflow: hidden;padding: 2px 3px;vertical-align: middle;font-family: Arial;font-size: 11pt;color: #212121\"><\/td>\n<td style=\"border-right-color: #35d0ff;border-bottom-color: #35d0ff;overflow: hidden;padding: 2px 3px;vertical-align: middle;font-family: Arial;font-size: 11pt;color: #000000;text-align: center\"><\/td>\n<\/tr>\n<tr style=\"height: 21px\">\n<td style=\"border-right-color: #35d0ff;border-bottom-color: #35d0ff;border-left-color: #35d0ff;overflow: hidden;padding: 2px 3px;vertical-align: middle;font-family: Arial;font-size: 11pt;color: #000000\"><\/td>\n<td style=\"border-right-color: #35d0ff;border-bottom-color: #35d0ff;overflow: hidden;padding: 2px 3px;vertical-align: middle;font-family: Arial;font-size: 11pt;color: #000000;text-align: center\"><\/td>\n<\/tr>\n<tr style=\"height: 21px\">\n<td style=\"border-right-color: #35d0ff;border-bottom-color: #35d0ff;border-left-color: #35d0ff;overflow: hidden;padding: 2px 3px;vertical-align: middle;background-color: #35d0ff;font-family: Arial;font-size: 11pt;font-weight: bold;color: #ffffff;text-align: center\" colspan=\"2\"><\/td>\n<\/tr>\n<tr style=\"height: 21px\">\n<td style=\"border-right-color: #35d0ff;border-bottom-color: #35d0ff;border-left-color: #35d0ff;overflow: hidden;padding: 2px 3px;vertical-align: middle;font-family: Arial;font-size: 11pt;color: #212121\"><\/td>\n<td style=\"border-right-color: #35d0ff;border-bottom-color: #35d0ff;overflow: hidden;padding: 2px 3px;vertical-align: middle;font-family: Arial;font-size: 11pt;color: #000000;text-align: center\"><\/td>\n<\/tr>\n<tr style=\"height: 21px\">\n<td style=\"border-right-color: #35d0ff;border-bottom-color: #35d0ff;border-left-color: #35d0ff;overflow: hidden;padding: 2px 3px;vertical-align: middle;font-family: Arial;font-size: 11pt;color: #212121\"><\/td>\n<td style=\"border-right-color: #35d0ff;border-bottom-color: #35d0ff;overflow: hidden;padding: 2px 3px;vertical-align: middle;font-family: Arial;font-size: 11pt;color: #000000;text-align: center\"><\/td>\n<\/tr>\n<tr style=\"height: 21px\">\n<td style=\"border-right-color: #35d0ff;border-bottom-color: #35d0ff;border-left-color: #35d0ff;overflow: hidden;padding: 2px 3px;vertical-align: middle;font-family: Arial;font-size: 11pt;color: #000000\"><\/td>\n<td style=\"border-right-color: #35d0ff;border-bottom-color: #35d0ff;overflow: hidden;padding: 2px 3px;vertical-align: middle;font-family: Arial;font-size: 11pt;color: #000000;text-align: center\"><\/td>\n<\/tr>\n<tr style=\"height: 21px\">\n<td style=\"border-right-color: #35d0ff;border-bottom-color: #35d0ff;border-left-color: #35d0ff;overflow: hidden;padding: 2px 3px;vertical-align: middle;font-family: Arial;font-size: 11pt;color: #000000\"><\/td>\n<td style=\"border-right-color: #35d0ff;border-bottom-color: #35d0ff;overflow: hidden;padding: 2px 3px;vertical-align: middle;font-family: Arial;font-size: 11pt;color: #000000;text-align: center\"><\/td>\n<\/tr>\n<tr style=\"height: 21px\">\n<td style=\"border-right-color: #35d0ff;border-bottom-color: #35d0ff;border-left-color: #35d0ff;overflow: hidden;padding: 2px 3px;vertical-align: middle;font-family: Arial;font-size: 11pt;color: #000000\"><\/td>\n<td style=\"border-right-color: #35d0ff;border-bottom-color: #35d0ff;overflow: hidden;padding: 2px 3px;vertical-align: middle;font-family: Arial;font-size: 11pt;color: #000000;text-align: center\"><\/td>\n<\/tr>\n<tr style=\"height: 21px\">\n<td style=\"border-right-color: #35d0ff;border-bottom-color: #35d0ff;border-left-color: #35d0ff;overflow: hidden;padding: 2px 3px;vertical-align: middle;font-family: Arial;font-size: 11pt;color: #000000\"><\/td>\n<td style=\"border-right-color: #35d0ff;border-bottom-color: #35d0ff;overflow: hidden;padding: 2px 3px;vertical-align: middle;font-family: Arial;font-size: 11pt;color: #000000;text-align: center\"><\/td>\n<\/tr>\n<tr style=\"height: 21px\">\n<td style=\"border-right-color: #35d0ff;border-bottom-color: #35d0ff;border-left-color: #35d0ff;overflow: hidden;padding: 2px 3px;vertical-align: middle;font-family: Arial;font-size: 11pt;color: #000000\"><\/td>\n<td style=\"border-right-color: #35d0ff;border-bottom-color: #35d0ff;overflow: hidden;padding: 2px 3px;vertical-align: middle;font-family: Arial;font-size: 11pt;color: #000000;text-align: center\"><\/td>\n<\/tr>\n<tr style=\"height: 21px\">\n<td style=\"border-right-color: #35d0ff;border-bottom-color: #35d0ff;border-left-color: #35d0ff;overflow: hidden;padding: 2px 3px;vertical-align: middle;font-family: Arial;font-size: 11pt;color: #000000\"><\/td>\n<td style=\"border-right-color: #35d0ff;border-bottom-color: #35d0ff;overflow: hidden;padding: 2px 3px;vertical-align: middle;font-family: Arial;font-size: 11pt;color: #000000;text-align: center\"><\/td>\n<\/tr>\n<\/tbody>\n<\/table>\n","protected":false},"excerpt":{"rendered":"<p>Rangefinder National Geographic &#8211; kompakts un uzticamsT\u0101lm\u0113ris, kas da\u017eu sekun\u017eu laik\u0101 ar l\u0101zera staru (nekait\u012bgs cilv\u0113ka ac\u012bm) nosaka m\u0113r\u0137a objekta, prec\u012bzu att\u0101lumu, izmantojot optiku l\u012bdz 800 metriem. Rezult\u0101ts tiek par\u0101d\u012bts metros vai jardos. Kompaktie izm\u0113ri, \u0101rk\u0101rt\u012bgi vieglais svars un lieto&scaron;anas \u0113rtums padara odometru par ide\u0101lu sabiedrot\u0101ju p\u0101rg\u0101jieniem, med\u012bb\u0101m, ezeram, stadionam vai citiem pas\u0101kumiem br\u012bv\u0101 dab\u0101. [&hellip;]<\/p>\n","protected":false},"featured_media":0,"template":"","meta":[],"product_brand":[],"product_cat":[4640,4938,4942],"product_tag":[],"class_list":{"0":"post-79368","1":"product","2":"type-product","3":"status-publish","5":"product_cat-recreation","6":"product_cat-optics-recreation","7":"product_cat-rangefinders-optics-recreation","9":"first","10":"instock","11":"shipping-taxable","12":"purchasable","13":"product-type-simple"},"_links":{"self":[{"href":"https:\/\/sezona.lv\/en\/wp-json\/wp\/v2\/product\/79368","targetHints":{"allow":["GET"]}}],"collection":[{"href":"https:\/\/sezona.lv\/en\/wp-json\/wp\/v2\/product"}],"about":[{"href":"https:\/\/sezona.lv\/en\/wp-json\/wp\/v2\/types\/product"}],"wp:attachment":[{"href":"https:\/\/sezona.lv\/en\/wp-json\/wp\/v2\/media?parent=79368"}],"wp:term":[{"taxonomy":"product_brand","embeddable":true,"href":"https:\/\/sezona.lv\/en\/wp-json\/wp\/v2\/product_brand?post=79368"},{"taxonomy":"product_cat","embeddable":true,"href":"https:\/\/sezona.lv\/en\/wp-json\/wp\/v2\/product_cat?post=79368"},{"taxonomy":"product_tag","embeddable":true,"href":"https:\/\/sezona.lv\/en\/wp-json\/wp\/v2\/product_tag?post=79368"}],"curies":[{"name":"wp","href":"https:\/\/api.w.org\/{rel}","templated":true}]}}