{"id":79373,"date":"2025-07-14T15:39:04","date_gmt":"2025-07-14T12:39:04","guid":{"rendered":"https:\/\/demo8.ecube.lv\/sezona.lv\/products\/bushnell-rangefinder-sport-850-talmers\/"},"modified":"2025-07-14T15:39:04","modified_gmt":"2025-07-14T12:39:04","slug":"bushnell-rangefinder-sport-850-talmers","status":"publish","type":"product","link":"https:\/\/sezona.lv\/en\/products\/bushnell-rangefinder-sport-850-talmers\/","title":{"rendered":"Bushnell Rangefinder Sport 850 T\u0101lm\u0113rs"},"content":{"rendered":"<p><span id=\"docs-internal-guid-0866f4c0-ec2e-596e-6315-5d76a3506195\"><span style=\"font-size: 11pt;font-family: Arial;color: #212121;font-weight: 700;vertical-align: baseline\">Bushnell Rangefinder Sporta 850 <\/span><span style=\"font-size: 11pt;font-family: Arial;color: #212121;vertical-align: baseline\">ir viegls un pietiekami mazs, lai <\/span><span style=\"font-size: 11pt;font-family: Arial;color: #212121;font-weight: 700;vertical-align: baseline\">ietilptu krekla kabat\u0101<\/span><span style=\"font-size: 11pt;font-family: Arial;color: #212121;vertical-align: baseline\">, un tas ir tikpat viegli lietojams k\u0101 l\u0101zera t\u0101lummai\u0146ai. T\u0101s kompaktie izm\u0113ri un \u0113rta vertik\u0101l\u0101 konfigur\u0101cija padara to par iecien\u012bt\u0101ko gan loka, gan iero\u010da medniekiem. T\u016bl\u012bt ar vienu pogas nospie&scaron;anu, j\u016bs zin\u0101t prec\u012bzu att\u0101lumu l\u012bdz m\u0113r\u0137im no<\/span><span style=\"font-size: 11pt;font-family: Arial;color: #212121;font-weight: 700;vertical-align: baseline\"> 5 l\u012bdz 850 metriem \/ 770 metri<\/span><span style=\"font-size: 11pt;font-family: Arial;color: #212121;vertical-align: baseline\">. Un spilgti, krist\u0101ldzidra optika. Ilglaic\u012bgai uzticam\u012bbai visa ,&scaron;\u012b visprogres\u012bv\u0101k\u0101 tehnolo\u0123ija ir iesai\u0146ota iztur\u012bg\u0101, lietus necaurlaid\u012bg\u0101 korpus\u0101.<\/span><\/span><\/p>\n<table style=\"background-color: #ffffff;font-size: 10pt;font-family: arial, sans, sans-serif;width: 0px;border: none\" dir=\"ltr\" border=\"1\" cellspacing=\"0\" cellpadding=\"0\">\n<colgroup>\n<col width=\"204\"><\/col>\n<col width=\"142\"><\/col>\n<\/colgroup>\n<tbody>\n<tr style=\"height: 21px\">\n<td style=\"border-color: #35d0ff;overflow: hidden;padding: 2px 3px;vertical-align: middle;background-color: #0000ff;font-family: Arial;font-size: 14pt;font-weight: bold;color: #ffffff;text-align: center\" colspan=\"2\">Specifications:<\/td>\n<\/tr>\n<tr style=\"height: 21px\">\n<td style=\"border-right-color: #35d0ff;border-bottom-color: #35d0ff;border-left-color: #35d0ff;overflow: hidden;padding: 2px 3px;vertical-align: middle;background-color: #35d0ff;font-family: Arial;font-size: 11pt;font-weight: bold;color: #ffffff;text-align: center\" colspan=\"2\">Capacity<\/td>\n<\/tr>\n<tr style=\"height: 21px\">\n<td style=\"border-right-color: #35d0ff;border-bottom-color: #35d0ff;border-left-color: #35d0ff;overflow: hidden;padding: 2px 3px;vertical-align: middle;font-family: Arial;font-size: 11pt;color: #000000\">Magnification<\/td>\n<td style=\"border-right-color: #35d0ff;border-bottom-color: #35d0ff;overflow: hidden;padding: 2px 3px;vertical-align: middle;font-family: Arial;font-size: 11pt;color: #000000\">4<\/td>\n<\/tr>\n<tr style=\"height: 21px\">\n<td style=\"border-right-color: #35d0ff;border-bottom-color: #35d0ff;border-left-color: #35d0ff;overflow: hidden;padding: 2px 3px;vertical-align: middle;font-family: Arial;font-size: 11pt;color: #000000\">Insertion<\/td>\n<td style=\"border-right-color: #35d0ff;border-bottom-color: #35d0ff;overflow: hidden;padding: 2px 3px;vertical-align: middle;font-family: Arial;font-size: 11pt;color: #000000\">black (Range finding)<\/td>\n<\/tr>\n<tr style=\"height: 21px\">\n<td style=\"border-right-color: #35d0ff;border-bottom-color: #35d0ff;border-left-color: #35d0ff;overflow: hidden;padding: 2px 3px;vertical-align: bottom;font-family: Arial;font-size: 11pt;color: #000000\">Battery type<\/td>\n<td style=\"border-right-color: #35d0ff;border-bottom-color: #35d0ff;overflow: hidden;padding: 2px 3px;vertical-align: bottom;font-family: Arial;font-size: 11pt;color: #000000\">3V<\/td>\n<\/tr>\n<tr style=\"height: 21px\">\n<td style=\"border-right-color: #35d0ff;border-bottom-color: #35d0ff;border-left-color: #35d0ff;overflow: hidden;padding: 2px 3px;vertical-align: middle;background-color: #35d0ff;font-family: Arial;font-size: 11pt;font-weight: bold;color: #ffffff;text-align: center\" colspan=\"2\">Distance measuring capacity<\/td>\n<\/tr>\n<tr style=\"height: 21px\">\n<td style=\"border-right-color: #35d0ff;border-bottom-color: #35d0ff;border-left-color: #35d0ff;overflow: hidden;padding: 2px 3px;vertical-align: middle;font-family: Arial;font-size: 11pt;color: #000000\">Maximum operating distance<\/td>\n<td style=\"border-right-color: #35d0ff;border-bottom-color: #35d0ff;overflow: hidden;padding: 2px 3px;vertical-align: middle;font-family: Arial;font-size: 11pt;color: #000000\">770<\/td>\n<\/tr>\n<tr style=\"height: 21px\">\n<td style=\"border-right-color: #35d0ff;border-bottom-color: #35d0ff;border-left-color: #35d0ff;overflow: hidden;padding: 2px 3px;vertical-align: middle;font-family: Arial;font-size: 11pt;color: #000000\">Tree (m)<\/td>\n<td style=\"border-right-color: #35d0ff;border-bottom-color: #35d0ff;overflow: hidden;padding: 2px 3px;vertical-align: middle;font-family: Arial;font-size: 11pt;color: #000000\">550<\/td>\n<\/tr>\n<tr style=\"height: 21px\">\n<td style=\"border-right-color: #35d0ff;border-bottom-color: #35d0ff;border-left-color: #35d0ff;overflow: hidden;padding: 2px 3px;vertical-align: middle;font-family: Arial;font-size: 11pt;color: #000000\">Deer (m)<\/td>\n<td style=\"border-right-color: #35d0ff;border-bottom-color: #35d0ff;overflow: hidden;padding: 2px 3px;vertical-align: middle;font-family: Arial;font-size: 11pt;color: #000000\">180<\/td>\n<\/tr>\n<tr style=\"height: 21px\">\n<td style=\"border-right-color: #35d0ff;border-bottom-color: #35d0ff;border-left-color: #35d0ff;overflow: hidden;padding: 2px 3px;vertical-align: middle;background-color: #35d0ff;font-family: Arial;font-size: 11pt;font-weight: bold;color: #ffffff;text-align: center\" colspan=\"2\">Special features<\/td>\n<\/tr>\n<tr style=\"height: 21px\">\n<td style=\"border-right-color: #35d0ff;border-bottom-color: #35d0ff;border-left-color: #35d0ff;overflow: hidden;padding: 2px 3px;vertical-align: middle;font-family: Arial;font-size: 11pt;color: #000000\">Multiple measurements<\/td>\n<td style=\"border-right-color: #35d0ff;border-bottom-color: #35d0ff;overflow: hidden;padding: 2px 3px;vertical-align: middle;font-family: Arial;font-size: 11pt;color: #000000\">&#8211;<\/td>\n<\/tr>\n<tr style=\"height: 21px\">\n<td style=\"border-right-color: #35d0ff;border-bottom-color: #35d0ff;border-left-color: #35d0ff;overflow: hidden;padding: 2px 3px;vertical-align: middle;font-family: Arial;font-size: 11pt;color: #000000\">Meter-Yard change<\/td>\n<td style=\"border-right-color: #35d0ff;border-bottom-color: #35d0ff;overflow: hidden;padding: 2px 3px;vertical-align: middle;font-family: Arial;font-size: 11pt;color: #000000\">yes<\/td>\n<\/tr>\n<tr style=\"height: 21px\">\n<td style=\"border-right-color: #35d0ff;border-bottom-color: #35d0ff;border-left-color: #35d0ff;overflow: hidden;padding: 2px 3px;vertical-align: middle;font-family: Arial;font-size: 11pt;color: #000000\">Horicontal distance<\/td>\n<td style=\"border-right-color: #35d0ff;border-bottom-color: #35d0ff;overflow: hidden;padding: 2px 3px;vertical-align: middle;font-family: Arial;font-size: 11pt;color: #000000\">&#8211;<\/td>\n<\/tr>\n<tr style=\"height: 21px\">\n<td style=\"border-right-color: #35d0ff;border-bottom-color: #35d0ff;border-left-color: #35d0ff;overflow: hidden;padding: 2px 3px;vertical-align: middle;font-family: Arial;font-size: 11pt;color: #000000\">Inclinometer<\/td>\n<td style=\"border-right-color: #35d0ff;border-bottom-color: #35d0ff;overflow: hidden;padding: 2px 3px;vertical-align: middle;font-family: Arial;font-size: 11pt;color: #000000\">&#8211;<\/td>\n<\/tr>\n<tr style=\"height: 21px\">\n<td style=\"border-right-color: #35d0ff;border-bottom-color: #35d0ff;border-left-color: #35d0ff;overflow: hidden;padding: 2px 3px;vertical-align: middle;font-family: Arial;font-size: 11pt;color: #000000\">Protection bag<\/td>\n<td style=\"border-right-color: #35d0ff;border-bottom-color: #35d0ff;overflow: hidden;padding: 2px 3px;vertical-align: middle;font-family: Arial;font-size: 11pt;color: #000000\">yes<\/td>\n<\/tr>\n<tr style=\"height: 21px\">\n<td style=\"border-right-color: #35d0ff;border-bottom-color: #35d0ff;border-left-color: #35d0ff;overflow: hidden;padding: 2px 3px;vertical-align: middle;font-family: Arial;font-size: 11pt;color: #000000\">Splash-proof<\/td>\n<td style=\"border-right-color: #35d0ff;border-bottom-color: #35d0ff;overflow: hidden;padding: 2px 3px;vertical-align: middle;font-family: Arial;font-size: 11pt;color: #000000\">&#8211;<\/td>\n<\/tr>\n<tr style=\"height: 21px\">\n<td style=\"border-right-color: #35d0ff;border-bottom-color: #35d0ff;border-left-color: #35d0ff;overflow: hidden;padding: 2px 3px;vertical-align: middle;font-family: Arial;font-size: 11pt;color: #000000\">Threaded tripod connector<\/td>\n<td style=\"border-right-color: #35d0ff;border-bottom-color: #35d0ff;overflow: hidden;padding: 2px 3px;vertical-align: middle;font-family: Arial;font-size: 11pt;color: #000000\">&#8211;<\/td>\n<\/tr>\n<tr style=\"height: 21px\">\n<td style=\"border-right-color: #35d0ff;border-bottom-color: #35d0ff;border-left-color: #35d0ff;overflow: hidden;padding: 2px 3px;vertical-align: middle;font-family: Arial;font-size: 11pt;color: #000000\">Scanning function<\/td>\n<td style=\"border-right-color: #35d0ff;border-bottom-color: #35d0ff;overflow: hidden;padding: 2px 3px;vertical-align: middle;font-family: Arial;font-size: 11pt;color: #000000\">&#8211;<\/td>\n<\/tr>\n<tr style=\"height: 21px\">\n<td style=\"border-right-color: #35d0ff;border-bottom-color: #35d0ff;border-left-color: #35d0ff;overflow: hidden;padding: 2px 3px;vertical-align: middle;background-color: #35d0ff;font-family: Arial;font-size: 11pt;font-weight: bold;color: #ffffff;text-align: center\" colspan=\"2\">Field of view<\/td>\n<\/tr>\n<tr style=\"height: 21px\">\n<td style=\"border-right-color: #35d0ff;border-bottom-color: #35d0ff;border-left-color: #35d0ff;overflow: hidden;padding: 2px 3px;vertical-align: middle;font-family: Arial;font-size: 11pt;color: #000000\">Close focus limit (m)<\/td>\n<td style=\"border-right-color: #35d0ff;border-bottom-color: #35d0ff;overflow: hidden;padding: 2px 3px;vertical-align: middle;font-family: Arial;font-size: 11pt;color: #000000\">10<\/td>\n<\/tr>\n<tr style=\"height: 21px\">\n<td style=\"border-right-color: #35d0ff;border-bottom-color: #35d0ff;border-left-color: #35d0ff;overflow: hidden;padding: 2px 3px;vertical-align: middle;background-color: #35d0ff;font-family: Arial;font-size: 11pt;font-weight: bold;color: #ffffff;text-align: center\" colspan=\"2\">General<\/td>\n<\/tr>\n<tr style=\"height: 21px\">\n<td style=\"border-right-color: #35d0ff;border-bottom-color: #35d0ff;border-left-color: #35d0ff;overflow: hidden;padding: 2px 3px;vertical-align: middle;font-family: Arial;font-size: 11pt;color: #000000\">Length (mm)<\/td>\n<td style=\"border-right-color: #35d0ff;border-bottom-color: #35d0ff;overflow: hidden;padding: 2px 3px;vertical-align: middle;font-family: Arial;font-size: 11pt;color: #000000\">36<\/td>\n<\/tr>\n<tr style=\"height: 21px\">\n<td style=\"border-right-color: #35d0ff;border-bottom-color: #35d0ff;border-left-color: #35d0ff;overflow: hidden;padding: 2px 3px;vertical-align: middle;font-family: Arial;font-size: 11pt;color: #000000\">Width (mm)<\/td>\n<td style=\"border-right-color: #35d0ff;border-bottom-color: #35d0ff;overflow: hidden;padding: 2px 3px;vertical-align: middle;font-family: Arial;font-size: 11pt;color: #000000\">97<\/td>\n<\/tr>\n<tr style=\"height: 21px\">\n<td style=\"border-right-color: #35d0ff;border-bottom-color: #35d0ff;border-left-color: #35d0ff;overflow: hidden;padding: 2px 3px;vertical-align: middle;font-family: Arial;font-size: 11pt;color: #000000\">Height (mm)<\/td>\n<td style=\"border-right-color: #35d0ff;border-bottom-color: #35d0ff;overflow: hidden;padding: 2px 3px;vertical-align: middle;font-family: Arial;font-size: 11pt;color: #000000\">74<\/td>\n<\/tr>\n<tr style=\"height: 21px\">\n<td style=\"border-right-color: #35d0ff;border-bottom-color: #35d0ff;border-left-color: #35d0ff;overflow: hidden;padding: 2px 3px;vertical-align: middle;font-family: Arial;font-size: 11pt;color: #000000\">Weight (g)<\/td>\n<td style=\"border-right-color: #35d0ff;border-bottom-color: #35d0ff;overflow: hidden;padding: 2px 3px;vertical-align: middle;font-family: Arial;font-size: 11pt;color: #000000\">170<\/td>\n<\/tr>\n<tr style=\"height: 21px\">\n<td style=\"border-right-color: #35d0ff;border-bottom-color: #35d0ff;border-left-color: #35d0ff;overflow: hidden;padding: 2px 3px;vertical-align: middle;font-family: Arial;font-size: 11pt;color: #000000\">Series<\/td>\n<td style=\"border-right-color: #35d0ff;border-bottom-color: #35d0ff;overflow: hidden;padding: 2px 3px;vertical-align: middle;font-family: Arial;font-size: 11pt;color: #000000\">Sport 850<\/td>\n<\/tr>\n<tr style=\"height: 21px\">\n<td style=\"border-right-color: #35d0ff;border-bottom-color: #35d0ff;border-left-color: #35d0ff;overflow: hidden;padding: 2px 3px;vertical-align: middle;font-family: Arial;font-size: 11pt;color: #000000\">Colour<\/td>\n<td style=\"border-right-color: #35d0ff;border-bottom-color: #35d0ff;overflow: hidden;padding: 2px 3px;vertical-align: middle;font-family: Arial;font-size: 11pt;color: #000000\">black<\/td>\n<\/tr>\n<tr style=\"height: 21px\">\n<td style=\"border-right-color: #35d0ff;border-bottom-color: #35d0ff;border-left-color: #35d0ff;overflow: hidden;padding: 2px 3px;vertical-align: middle;background-color: #35d0ff;font-family: Arial;font-size: 11pt;font-weight: bold;color: #ffffff;text-align: center\" colspan=\"2\">Area of application<\/td>\n<\/tr>\n<tr style=\"height: 21px\">\n<td style=\"border-right-color: #35d0ff;border-bottom-color: #35d0ff;border-left-color: #35d0ff;overflow: hidden;padding: 2px 3px;vertical-align: middle;font-family: Arial;font-size: 11pt;color: #000000\">Sporting shooters<\/td>\n<td style=\"border-right-color: #35d0ff;border-bottom-color: #35d0ff;overflow: hidden;padding: 2px 3px;vertical-align: middle;font-family: Arial;font-size: 11pt;color: #000000\">yes<\/td>\n<\/tr>\n<\/tbody>\n<\/table>\n<table style=\"font-size: 10pt;font-family: arial, sans, sans-serif;width: 0px;border: none\" dir=\"ltr\" border=\"1\" cellspacing=\"0\" cellpadding=\"0\">\n<tbody>\n<tr style=\"height: 21px\">\n<td style=\"border-color: #35d0ff;overflow: hidden;padding: 2px 3px;vertical-align: bottom;background-color: #35d0ff;font-family: Arial;font-size: 14pt;font-weight: bold;color: #ffffff;text-align: center\" colspan=\"2\"><\/td>\n<\/tr>\n<tr style=\"height: 21px\">\n<td style=\"border-right-color: #35d0ff;border-bottom-color: #35d0ff;border-left-color: #35d0ff;overflow: hidden;padding: 2px 3px;vertical-align: middle;font-family: Arial;font-size: 11pt;color: #000000\"><\/td>\n<td style=\"border-right-color: #35d0ff;border-bottom-color: #35d0ff;overflow: hidden;padding: 2px 3px;vertical-align: middle;font-family: Arial;font-size: 11pt;color: #000000;text-align: center\"><\/td>\n<\/tr>\n<tr style=\"height: 21px\">\n<td style=\"border-right-color: #35d0ff;border-bottom-color: #35d0ff;border-left-color: #35d0ff;overflow: hidden;padding: 2px 3px;vertical-align: middle;font-family: Arial;font-size: 11pt;color: #000000\"><\/td>\n<td style=\"border-right-color: #35d0ff;border-bottom-color: #35d0ff;overflow: hidden;padding: 2px 3px;vertical-align: middle;font-family: Arial;font-size: 11pt;color: #000000;text-align: center\"><\/td>\n<\/tr>\n<tr style=\"height: 21px\">\n<td style=\"border-right-color: #35d0ff;border-bottom-color: #35d0ff;border-left-color: #35d0ff;overflow: hidden;padding: 2px 3px;vertical-align: middle;font-family: Arial;font-size: 11pt;color: #000000\"><\/td>\n<td style=\"border-right-color: #35d0ff;border-bottom-color: #35d0ff;overflow: hidden;padding: 2px 3px;vertical-align: middle;font-family: Arial;font-size: 11pt;color: #212121;text-align: center\"><\/td>\n<\/tr>\n<tr style=\"height: 21px\">\n<td style=\"border-right-color: #35d0ff;border-bottom-color: #35d0ff;border-left-color: #35d0ff;overflow: hidden;padding: 2px 3px;vertical-align: middle;font-family: Arial;font-size: 11pt;color: #212121\"><\/td>\n<td style=\"border-right-color: #35d0ff;border-bottom-color: #35d0ff;overflow: hidden;padding: 2px 3px;vertical-align: middle\"><\/td>\n<\/tr>\n<tr style=\"height: 21px\">\n<td style=\"border-right-color: #35d0ff;border-bottom-color: #35d0ff;border-left-color: #35d0ff;overflow: hidden;padding: 2px 3px;vertical-align: middle;font-family: Arial;font-size: 11pt;color: #212121\"><\/td>\n<td style=\"border-right-color: #35d0ff;border-bottom-color: #35d0ff;overflow: hidden;padding: 2px 3px;vertical-align: middle;font-family: Arial;font-size: 11pt;color: #000000;text-align: center\"><\/td>\n<\/tr>\n<tr style=\"height: 21px\">\n<td style=\"border-right-color: #35d0ff;border-bottom-color: #35d0ff;border-left-color: #35d0ff;overflow: hidden;padding: 2px 3px;vertical-align: middle;background-color: #35d0ff;font-family: Arial;font-size: 11pt;font-weight: bold;color: #ffffff;text-align: center\" colspan=\"2\"><\/td>\n<\/tr>\n<tr style=\"height: 21px\">\n<td style=\"border-right-color: #35d0ff;border-bottom-color: #35d0ff;border-left-color: #35d0ff;overflow: hidden;padding: 2px 3px;vertical-align: middle;font-family: Arial;font-size: 11pt;color: #212121\"><\/td>\n<td style=\"border-right-color: #35d0ff;border-bottom-color: #35d0ff;overflow: hidden;padding: 2px 3px;vertical-align: middle;font-family: Arial;font-size: 11pt;color: #000000;text-align: center\"><\/td>\n<\/tr>\n<tr style=\"height: 21px\">\n<td style=\"border-right-color: #35d0ff;border-bottom-color: #35d0ff;border-left-color: #35d0ff;overflow: hidden;padding: 2px 3px;vertical-align: middle;font-family: Arial;font-size: 11pt;color: #212121\"><\/td>\n<td style=\"border-right-color: #35d0ff;border-bottom-color: #35d0ff;overflow: hidden;padding: 2px 3px;vertical-align: middle;font-family: Arial;font-size: 11pt;color: #000000;text-align: center\"><\/td>\n<\/tr>\n<tr style=\"height: 21px\">\n<td style=\"border-right-color: #35d0ff;border-bottom-color: #35d0ff;border-left-color: #35d0ff;overflow: hidden;padding: 2px 3px;vertical-align: middle;font-family: Arial;font-size: 11pt;color: #212121\"><\/td>\n<td style=\"border-right-color: #35d0ff;border-bottom-color: #35d0ff;overflow: hidden;padding: 2px 3px;vertical-align: middle;font-family: Arial;font-size: 11pt;color: #000000;text-align: center\"><\/td>\n<\/tr>\n<tr style=\"height: 21px\">\n<td style=\"border-right-color: #35d0ff;border-bottom-color: #35d0ff;border-left-color: #35d0ff;overflow: hidden;padding: 2px 3px;vertical-align: middle;font-family: Arial;font-size: 11pt;color: #212121\"><\/td>\n<td style=\"border-right-color: #35d0ff;border-bottom-color: #35d0ff;overflow: hidden;padding: 2px 3px;vertical-align: middle;font-family: Arial;font-size: 11pt;color: #000000;text-align: center\"><\/td>\n<\/tr>\n<tr style=\"height: 21px\">\n<td style=\"border-right-color: #35d0ff;border-bottom-color: #35d0ff;border-left-color: #35d0ff;overflow: hidden;padding: 2px 3px;vertical-align: middle;font-family: Arial;font-size: 11pt;color: #212121\"><\/td>\n<td style=\"border-right-color: #35d0ff;border-bottom-color: #35d0ff;overflow: hidden;padding: 2px 3px;vertical-align: middle;font-family: Arial;font-size: 11pt;color: #000000;text-align: center\"><\/td>\n<\/tr>\n<tr style=\"height: 21px\">\n<td style=\"border-right-color: #35d0ff;border-bottom-color: #35d0ff;border-left-color: #35d0ff;overflow: hidden;padding: 2px 3px;vertical-align: middle;font-family: Arial;font-size: 11pt;color: #212121\"><\/td>\n<td style=\"border-right-color: #35d0ff;border-bottom-color: #35d0ff;overflow: hidden;padding: 2px 3px;vertical-align: middle;font-family: Arial;font-size: 11pt;color: #000000;text-align: center\"><\/td>\n<\/tr>\n<tr style=\"height: 21px\">\n<td style=\"border-right-color: #35d0ff;border-bottom-color: #35d0ff;border-left-color: #35d0ff;overflow: hidden;padding: 2px 3px;vertical-align: middle;font-family: Arial;font-size: 11pt;color: #000000\"><\/td>\n<td style=\"border-right-color: #35d0ff;border-bottom-color: #35d0ff;overflow: hidden;padding: 2px 3px;vertical-align: middle;font-family: Arial;font-size: 11pt;color: #000000;text-align: center\"><\/td>\n<\/tr>\n<tr style=\"height: 21px\">\n<td style=\"border-right-color: #35d0ff;border-bottom-color: #35d0ff;border-left-color: #35d0ff;overflow: hidden;padding: 2px 3px;vertical-align: middle;background-color: #35d0ff;font-family: Arial;font-size: 11pt;font-weight: bold;color: #ffffff;text-align: center\" colspan=\"2\"><\/td>\n<\/tr>\n<tr style=\"height: 21px\">\n<td style=\"border-right-color: #35d0ff;border-bottom-color: #35d0ff;border-left-color: #35d0ff;overflow: hidden;padding: 2px 3px;vertical-align: middle;font-family: Arial;font-size: 11pt;color: #212121\"><\/td>\n<td style=\"border-right-color: #35d0ff;border-bottom-color: #35d0ff;overflow: hidden;padding: 2px 3px;vertical-align: middle;font-family: Arial;font-size: 11pt;color: #000000;text-align: center\"><\/td>\n<\/tr>\n<tr style=\"height: 21px\">\n<td style=\"border-right-color: #35d0ff;border-bottom-color: #35d0ff;border-left-color: #35d0ff;overflow: hidden;padding: 2px 3px;vertical-align: middle;font-family: Arial;font-size: 11pt;color: #212121\"><\/td>\n<td style=\"border-right-color: #35d0ff;border-bottom-color: #35d0ff;overflow: hidden;padding: 2px 3px;vertical-align: middle;font-family: Arial;font-size: 11pt;color: #000000;text-align: center\"><\/td>\n<\/tr>\n<tr style=\"height: 21px\">\n<td style=\"border-right-color: #35d0ff;border-bottom-color: #35d0ff;border-left-color: #35d0ff;overflow: hidden;padding: 2px 3px;vertical-align: middle;font-family: Arial;font-size: 11pt;color: #000000\"><\/td>\n<td style=\"border-right-color: #35d0ff;border-bottom-color: #35d0ff;overflow: hidden;padding: 2px 3px;vertical-align: middle;font-family: Arial;font-size: 11pt;color: #000000;text-align: center\"><\/td>\n<\/tr>\n<tr style=\"height: 21px\">\n<td style=\"border-right-color: #35d0ff;border-bottom-color: #35d0ff;border-left-color: #35d0ff;overflow: hidden;padding: 2px 3px;vertical-align: middle;font-family: Arial;font-size: 11pt;color: #000000\"><\/td>\n<td style=\"border-right-color: #35d0ff;border-bottom-color: #35d0ff;overflow: hidden;padding: 2px 3px;vertical-align: middle;font-family: Arial;font-size: 11pt;color: #000000;text-align: center\"><\/td>\n<\/tr>\n<tr style=\"height: 21px\">\n<td style=\"border-right-color: #35d0ff;border-bottom-color: #35d0ff;border-left-color: #35d0ff;overflow: hidden;padding: 2px 3px;vertical-align: middle;font-family: Arial;font-size: 11pt;color: #000000\"><\/td>\n<td style=\"border-right-color: #35d0ff;border-bottom-color: #35d0ff;overflow: hidden;padding: 2px 3px;vertical-align: middle;font-family: Arial;font-size: 11pt;color: #000000;text-align: center\"><\/td>\n<\/tr>\n<tr style=\"height: 21px\">\n<td style=\"border-right-color: #35d0ff;border-bottom-color: #35d0ff;border-left-color: #35d0ff;overflow: hidden;padding: 2px 3px;vertical-align: middle;font-family: Arial;font-size: 11pt;color: #000000\"><\/td>\n<td style=\"border-right-color: #35d0ff;border-bottom-color: #35d0ff;overflow: hidden;padding: 2px 3px;vertical-align: middle;font-family: Arial;font-size: 11pt;color: #000000;text-align: center\"><\/td>\n<\/tr>\n<tr style=\"height: 21px\">\n<td style=\"border-right-color: #35d0ff;border-bottom-color: #35d0ff;border-left-color: #35d0ff;overflow: hidden;padding: 2px 3px;vertical-align: middle;font-family: Arial;font-size: 11pt;color: #000000\"><\/td>\n<td style=\"border-right-color: #35d0ff;border-bottom-color: #35d0ff;overflow: hidden;padding: 2px 3px;vertical-align: middle;font-family: Arial;font-size: 11pt;color: #000000;text-align: center\"><\/td>\n<\/tr>\n<tr style=\"height: 21px\">\n<td style=\"border-right-color: #35d0ff;border-bottom-color: #35d0ff;border-left-color: #35d0ff;overflow: hidden;padding: 2px 3px;vertical-align: middle;font-family: Arial;font-size: 11pt;color: #000000\"><\/td>\n<td style=\"border-right-color: #35d0ff;border-bottom-color: #35d0ff;overflow: hidden;padding: 2px 3px;vertical-align: middle;font-family: Arial;font-size: 11pt;color: #000000;text-align: center\">&nbsp;<\/td>\n<\/tr>\n<\/tbody>\n<\/table>\n","protected":false},"excerpt":{"rendered":"<p>Bushnell Rangefinder Sporta 850 ir viegls un pietiekami mazs, lai ietilptu krekla kabat\u0101, un tas ir tikpat viegli lietojams k\u0101 l\u0101zera t\u0101lummai\u0146ai. T\u0101s kompaktie izm\u0113ri un \u0113rta vertik\u0101l\u0101 konfigur\u0101cija padara to par iecien\u012bt\u0101ko gan loka, gan iero\u010da medniekiem. T\u016bl\u012bt ar vienu pogas nospie&scaron;anu, j\u016bs zin\u0101t prec\u012bzu att\u0101lumu l\u012bdz m\u0113r\u0137im no 5 l\u012bdz 850 metriem \/ [&hellip;]<\/p>\n","protected":false},"featured_media":0,"template":"","meta":[],"product_brand":[],"product_cat":[4640,4938,4942],"product_tag":[],"class_list":{"0":"post-79373","1":"product","2":"type-product","3":"status-publish","5":"product_cat-recreation","6":"product_cat-optics-recreation","7":"product_cat-rangefinders-optics-recreation","9":"first","10":"instock","11":"shipping-taxable","12":"purchasable","13":"product-type-simple"},"_links":{"self":[{"href":"https:\/\/sezona.lv\/en\/wp-json\/wp\/v2\/product\/79373","targetHints":{"allow":["GET"]}}],"collection":[{"href":"https:\/\/sezona.lv\/en\/wp-json\/wp\/v2\/product"}],"about":[{"href":"https:\/\/sezona.lv\/en\/wp-json\/wp\/v2\/types\/product"}],"wp:attachment":[{"href":"https:\/\/sezona.lv\/en\/wp-json\/wp\/v2\/media?parent=79373"}],"wp:term":[{"taxonomy":"product_brand","embeddable":true,"href":"https:\/\/sezona.lv\/en\/wp-json\/wp\/v2\/product_brand?post=79373"},{"taxonomy":"product_cat","embeddable":true,"href":"https:\/\/sezona.lv\/en\/wp-json\/wp\/v2\/product_cat?post=79373"},{"taxonomy":"product_tag","embeddable":true,"href":"https:\/\/sezona.lv\/en\/wp-json\/wp\/v2\/product_tag?post=79373"}],"curies":[{"name":"wp","href":"https:\/\/api.w.org\/{rel}","templated":true}]}}