{"id":79375,"date":"2025-07-14T15:39:06","date_gmt":"2025-07-14T12:39:06","guid":{"rendered":"https:\/\/demo8.ecube.lv\/sezona.lv\/products\/bushnell-rangefinder-tour-v3-white-slope-edition-talmers\/"},"modified":"2025-07-14T15:39:06","modified_gmt":"2025-07-14T12:39:06","slug":"bushnell-rangefinder-tour-v3-white-slope-edition-talmers","status":"publish","type":"product","link":"https:\/\/sezona.lv\/en\/products\/bushnell-rangefinder-tour-v3-white-slope-edition-talmers\/","title":{"rendered":"Bushnell Rangefinder Tour V3 White Slope Edition T\u0101lm\u0113rs"},"content":{"rendered":"<p class=\"important\"><span id=\"docs-internal-guid-0866f4c0-ec46-ba36-e463-6fcc4d9a3602\"><span style=\"font-size: 11pt;font-family: Arial;color: #212121;font-weight: 700;vertical-align: baseline\">Liel\u0101k\u0101 golfa laukuma priek&scaron;roc\u012bba!<\/span><span style=\"font-size: 11pt;font-family: Arial;color: #212121;vertical-align: baseline\"> Un vi\u0146&scaron; joproj\u0101m<\/span><span style=\"font-size: 11pt;font-family: Arial;color: #212121;font-weight: 700;vertical-align: baseline\"> \u0113rti ietilpst tav\u0101 rok\u0101<\/span><span style=\"font-size: 11pt;font-family: Arial;color: #212121;vertical-align: baseline\">. T\u016brisma V3 T\u0101lm\u0113ris ir kompakts un ergonomisks dizains p\u0113c pas\u016bt\u012bjuma izgatavotu, <\/span><span style=\"font-size: 11pt;font-family: Arial;color: #212121;font-weight: 700;vertical-align: baseline\">iztur\u012bgu korpusu<\/span><span style=\"font-size: 11pt;font-family: Arial;color: #212121;vertical-align: baseline\">, kura m\u0113rijums ir<\/span><span style=\"font-size: 11pt;font-family: Arial;color: #212121;font-weight: 700;vertical-align: baseline\"> l\u012bdz &nbsp;900 metri<\/span><span style=\"font-size: 11pt;font-family: Arial;color: #212121;vertical-align: baseline\">. Revolucion\u0101r\u0101 PinSeeker&reg; tehnolo\u0123ija ar JOLT nosaka att\u0101lumu no<\/span><span style=\"font-size: 11pt;font-family: Arial;color: #212121;font-weight: 700;vertical-align: baseline\"> karoga l\u012bdz 270 metriem<\/span><span style=\"font-size: 11pt;font-family: Arial;color: #212121;vertical-align: baseline\"> ar<\/span><span style=\"font-size: 11pt;font-family: Arial;color: #212121;font-weight: 700;vertical-align: baseline\"> precizit\u0101ti + \/ &#8211; 1 metrs<\/span><span style=\"font-size: 11pt;font-family: Arial;color: #212121;vertical-align: baseline\">. Pievienot tai spilgtu, <\/span><span style=\"font-size: 11pt;font-family: Arial;color: #212121;font-weight: 700;vertical-align: baseline\">daudzveid\u012bgu p\u0101rkl\u0101jumu optiku<\/span><span style=\"font-size: 11pt;font-family: Arial;color: #212121;vertical-align: baseline\"> un pret atmosf\u0113ras iedarb\u012bbu iztur\u012bgu konstrukciju; T\u0101tad, l\u0101zera diapazona mekl\u0113t\u0101js, j\u016bs varat ar\u012b ieg\u016bt ar\u012b sl\u012bpumu funkciju, 15 Bat sav\u0101 golfa som\u0101.<\/span><span style=\"font-size: 11pt;font-family: Arial;color: #212121;vertical-align: baseline\"><br class=\"kix-line-break\" \/><\/span><span style=\"font-size: 11pt;font-family: Arial;color: #212121;vertical-align: baseline\"><br class=\"kix-line-break\" \/><\/span><span style=\"font-size: 11pt;font-family: Arial;color: #212121;vertical-align: baseline\">JOLT tehnolo\u0123ija sniedz golfa sp\u0113l\u0113t\u0101jam pal\u012bdz\u012bbas, ko vi\u0146&scaron; zina, kad vi\u0146&scaron; ir nozvejojis karogu. JOLT tehnolo\u0123ija nov\u0113r&scaron; jebk\u0101das &scaron;aubas. Izmantojiet to pa&scaron;u, k\u0101 plusus, j\u016bs noteiksiet prec\u012bzu att\u0101lumu &#8230; <\/span><\/span><\/p>\n<p><a name=\"video\"><\/a><\/p>\n<p><span id=\"docs-internal-guid-0866f4c0-ec47-6984-c872-e641dc115418\"><span style=\"font-size: 12pt;font-family: Arial;color: #212121;font-weight: 700;vertical-align: baseline\">Raksturojums un veiktsp\u0113ja:<\/span><span style=\"font-size: 12pt;font-family: Arial;color: #212121;font-weight: 700;vertical-align: baseline\"><br class=\"kix-line-break\" \/><\/span><span style=\"font-size: 12pt;font-family: Arial;color: #212121;vertical-align: baseline\"><br class=\"kix-line-break\" \/><\/span><span style=\"font-size: 12pt;font-family: Arial;color: #212121;vertical-align: baseline\">Gal\u012bgais t\u0101lm\u0113rs avid golferiem<\/span><span style=\"font-size: 12pt;font-family: Arial;color: #212121;vertical-align: baseline\"><br class=\"kix-line-break\" \/><\/span><span style=\"font-size: 12pt;font-family: Arial;color: #212121;vertical-align: baseline\">5x palielin\u0101jums<\/span><span style=\"font-size: 12pt;font-family: Arial;color: #212121;vertical-align: baseline\"><br class=\"kix-line-break\" \/><\/span><span style=\"font-size: 12pt;font-family: Arial;color: #212121;vertical-align: baseline\">Precizit\u0101te +\/- 1 metrs<\/span><span style=\"font-size: 12pt;font-family: Arial;color: #212121;vertical-align: baseline\"><br class=\"kix-line-break\" \/><\/span><span style=\"font-size: 12pt;font-family: Arial;color: #212121;vertical-align: baseline\">PinSeekeer&reg; re\u017e\u012bms ar JOLT tehnolo\u0123iju<\/span><span style=\"font-size: 12pt;font-family: Arial;color: #212121;vertical-align: baseline\"><br class=\"kix-line-break\" \/><\/span><span style=\"font-size: 12pt;font-family: Arial;color: #212121;vertical-align: baseline\">Sl\u012bpuma re\u017e\u012bms<\/span><span style=\"font-size: 12pt;font-family: Arial;color: #212121;vertical-align: baseline\"><br class=\"kix-line-break\" \/><\/span><span style=\"font-size: 12pt;font-family: Arial;color: #212121;vertical-align: baseline\">Ieb\u016bv\u0113ts lietus re\u017e\u012bms<\/span><span style=\"font-size: 12pt;font-family: Arial;color: #212121;vertical-align: baseline\"><br class=\"kix-line-break\" \/><\/span><span style=\"font-size: 12pt;font-family: Arial;color: #212121;vertical-align: baseline\">Att\u0101luma displejs pagalmos un skait\u012bt\u0101jos, 275 metrus l\u012bdz karogam, 915 m maksim\u0101lais<\/span><span style=\"font-size: 12pt;font-family: Arial;color: #212121;vertical-align: baseline\"><br class=\"kix-line-break\" \/><\/span><span style=\"font-size: 12pt;font-family: Arial;color: #212121;vertical-align: baseline\">Rot\u0113jo&scaron;s fiks\u0113jams okul\u0101rs<\/span><span style=\"font-size: 12pt;font-family: Arial;color: #212121;vertical-align: baseline\"><br class=\"kix-line-break\" \/><\/span><span style=\"font-size: 12pt;font-family: Arial;color: #212121;vertical-align: baseline\">Integr\u0113ts LCD displejs<\/span><span style=\"font-size: 12pt;font-family: Arial;color: #212121;vertical-align: baseline\"><br class=\"kix-line-break\" \/><\/span><span style=\"font-size: 12pt;font-family: Arial;color: #212121;vertical-align: baseline\">Piln\u012bb\u0101 daudzsl\u0101\u0146u optika<\/span><span style=\"font-size: 12pt;font-family: Arial;color: #212121;vertical-align: baseline\"><br class=\"kix-line-break\" \/><\/span><span style=\"font-size: 12pt;font-family: Arial;color: #212121;vertical-align: baseline\">Izm\u0113rs: 40x71x107 mm<\/span><span style=\"font-size: 12pt;font-family: Arial;color: #212121;vertical-align: baseline\"><br class=\"kix-line-break\" \/><\/span><span style=\"font-size: 12pt;font-family: Arial;color: #212121;vertical-align: baseline\">Svars: 187 g<\/span><span style=\"font-size: 12pt;font-family: Arial;color: #212121;vertical-align: baseline\"><br class=\"kix-line-break\" \/><\/span><span style=\"font-size: 12pt;font-family: Arial;color: #212121;vertical-align: baseline\">Iek\u013cauts 3 voltu baterija un premium somu futr\u0101lis<\/span><span style=\"font-size: 12pt;font-family: Arial;color: #212121;vertical-align: baseline\"><br class=\"kix-line-break\" \/><\/span><span style=\"font-size: 12pt;font-family: Arial;color: #212121;vertical-align: baseline\">Lietus iztur\u012bgs<\/span><\/span><\/p>\n<p>&nbsp;<\/p>\n<table class=\"table table-bordered\" border=\"0\">\n<thead>\n<tr>\n<td colspan=\"2\"><strong>Atrib\u016bti<\/strong><\/td>\n<\/tr>\n<\/thead>\n<tbody>\n<tr>\n<td>Bateriju Veids<\/td>\n<td>CR2<\/td>\n<\/tr>\n<tr>\n<td>Dioptrijas iestat\u012bjums<\/td>\n<td>+<\/td>\n<\/tr>\n<tr>\n<td>Izm\u0113ri<\/td>\n<td>107 x 71 x 187 mm<\/td>\n<\/tr>\n<tr>\n<td>Maksim\u0101lais darb\u012bbas att\u0101lums<\/td>\n<td>915m<\/td>\n<\/tr>\n<tr>\n<td>M\u0113r\u012b&scaron;anas precizit\u0101te (m)<\/td>\n<td>+\/-1<\/td>\n<\/tr>\n<tr>\n<td>Palielin\u0101jums<\/td>\n<td>5x<\/td>\n<\/tr>\n<\/tbody>\n<\/table>\n<table style=\"font-size: 10pt;font-family: arial, sans, sans-serif;width: 0px;border: none\" dir=\"ltr\" border=\"1\" cellspacing=\"0\" cellpadding=\"0\">\n<tbody>\n<tr style=\"height: 21px\">\n<td style=\"border-color: #35d0ff;overflow: hidden;padding: 2px 3px;vertical-align: bottom;background-color: #35d0ff;font-family: Arial;font-size: 14pt;font-weight: bold;color: #ffffff;text-align: center\" colspan=\"2\"><\/td>\n<\/tr>\n<tr style=\"height: 21px\">\n<td style=\"border-right-color: #35d0ff;border-bottom-color: #35d0ff;border-left-color: #35d0ff;overflow: hidden;padding: 2px 3px;vertical-align: middle;font-family: Arial;font-size: 11pt;color: #000000\"><\/td>\n<td style=\"border-right-color: #35d0ff;border-bottom-color: #35d0ff;overflow: hidden;padding: 2px 3px;vertical-align: middle;font-family: Arial;font-size: 11pt;color: #000000;text-align: center\"><\/td>\n<\/tr>\n<tr style=\"height: 21px\">\n<td style=\"border-right-color: #35d0ff;border-bottom-color: #35d0ff;border-left-color: #35d0ff;overflow: hidden;padding: 2px 3px;vertical-align: middle;font-family: Arial;font-size: 11pt;color: #000000\"><\/td>\n<td style=\"border-right-color: #35d0ff;border-bottom-color: #35d0ff;overflow: hidden;padding: 2px 3px;vertical-align: middle;font-family: Arial;font-size: 11pt;color: #000000;text-align: center\"><\/td>\n<\/tr>\n<tr style=\"height: 21px\">\n<td style=\"border-right-color: #35d0ff;border-bottom-color: #35d0ff;border-left-color: #35d0ff;overflow: hidden;padding: 2px 3px;vertical-align: middle;font-family: Arial;font-size: 11pt;color: #000000\"><\/td>\n<td style=\"border-right-color: #35d0ff;border-bottom-color: #35d0ff;overflow: hidden;padding: 2px 3px;vertical-align: middle;font-family: Arial;font-size: 11pt;color: #212121;text-align: center\"><\/td>\n<\/tr>\n<tr style=\"height: 21px\">\n<td style=\"border-right-color: #35d0ff;border-bottom-color: #35d0ff;border-left-color: #35d0ff;overflow: hidden;padding: 2px 3px;vertical-align: middle;font-family: Arial;font-size: 11pt;color: #212121\"><\/td>\n<td style=\"border-right-color: #35d0ff;border-bottom-color: #35d0ff;overflow: hidden;padding: 2px 3px;vertical-align: middle\"><\/td>\n<\/tr>\n<tr style=\"height: 21px\">\n<td style=\"border-right-color: #35d0ff;border-bottom-color: #35d0ff;border-left-color: #35d0ff;overflow: hidden;padding: 2px 3px;vertical-align: middle;font-family: Arial;font-size: 11pt;color: #212121\"><\/td>\n<td style=\"border-right-color: #35d0ff;border-bottom-color: #35d0ff;overflow: hidden;padding: 2px 3px;vertical-align: middle;font-family: Arial;font-size: 11pt;color: #000000;text-align: center\"><\/td>\n<\/tr>\n<tr style=\"height: 21px\">\n<td style=\"border-right-color: #35d0ff;border-bottom-color: #35d0ff;border-left-color: #35d0ff;overflow: hidden;padding: 2px 3px;vertical-align: middle;background-color: #35d0ff;font-family: Arial;font-size: 11pt;font-weight: bold;color: #ffffff;text-align: center\" colspan=\"2\">&nbsp;<\/td>\n<\/tr>\n<tr style=\"height: 21px\">\n<td style=\"border-right-color: #35d0ff;border-bottom-color: #35d0ff;border-left-color: #35d0ff;overflow: hidden;padding: 2px 3px;vertical-align: middle;font-family: Arial;font-size: 11pt;color: #212121\">&nbsp;<\/td>\n<td style=\"border-right-color: #35d0ff;border-bottom-color: #35d0ff;overflow: hidden;padding: 2px 3px;vertical-align: middle;font-family: Arial;font-size: 11pt;color: #000000;text-align: center\">&nbsp;<\/td>\n<\/tr>\n<tr style=\"height: 21px\">\n<td style=\"border-right-color: #35d0ff;border-bottom-color: #35d0ff;border-left-color: #35d0ff;overflow: hidden;padding: 2px 3px;vertical-align: middle;font-family: Arial;font-size: 11pt;color: #212121\">&nbsp;<\/td>\n<td style=\"border-right-color: #35d0ff;border-bottom-color: #35d0ff;overflow: hidden;padding: 2px 3px;vertical-align: middle;font-family: Arial;font-size: 11pt;color: #000000;text-align: center\">&nbsp;<\/td>\n<\/tr>\n<tr style=\"height: 21px\">\n<td style=\"border-right-color: #35d0ff;border-bottom-color: #35d0ff;border-left-color: #35d0ff;overflow: hidden;padding: 2px 3px;vertical-align: middle;font-family: Arial;font-size: 11pt;color: #212121\">&nbsp;<\/td>\n<td style=\"border-right-color: #35d0ff;border-bottom-color: #35d0ff;overflow: hidden;padding: 2px 3px;vertical-align: middle;font-family: Arial;font-size: 11pt;color: #000000;text-align: center\">&nbsp;<\/td>\n<\/tr>\n<tr style=\"height: 21px\">\n<td style=\"border-right-color: #35d0ff;border-bottom-color: #35d0ff;border-left-color: #35d0ff;overflow: hidden;padding: 2px 3px;vertical-align: middle;font-family: Arial;font-size: 11pt;color: #212121\">&nbsp;<\/td>\n<td style=\"border-right-color: #35d0ff;border-bottom-color: #35d0ff;overflow: hidden;padding: 2px 3px;vertical-align: middle;font-family: Arial;font-size: 11pt;color: #000000;text-align: center\">&nbsp;<\/td>\n<\/tr>\n<tr style=\"height: 21px\">\n<td style=\"border-right-color: #35d0ff;border-bottom-color: #35d0ff;border-left-color: #35d0ff;overflow: hidden;padding: 2px 3px;vertical-align: middle;font-family: Arial;font-size: 11pt;color: #212121\">&nbsp;<\/td>\n<td style=\"border-right-color: #35d0ff;border-bottom-color: #35d0ff;overflow: hidden;padding: 2px 3px;vertical-align: middle;font-family: Arial;font-size: 11pt;color: #000000;text-align: center\">&nbsp;<\/td>\n<\/tr>\n<tr style=\"height: 21px\">\n<td style=\"border-right-color: #35d0ff;border-bottom-color: #35d0ff;border-left-color: #35d0ff;overflow: hidden;padding: 2px 3px;vertical-align: middle;font-family: Arial;font-size: 11pt;color: #212121\">&nbsp;<\/td>\n<td style=\"border-right-color: #35d0ff;border-bottom-color: #35d0ff;overflow: hidden;padding: 2px 3px;vertical-align: middle;font-family: Arial;font-size: 11pt;color: #000000;text-align: center\">&nbsp;<\/td>\n<\/tr>\n<tr style=\"height: 21px\">\n<td style=\"border-right-color: #35d0ff;border-bottom-color: #35d0ff;border-left-color: #35d0ff;overflow: hidden;padding: 2px 3px;vertical-align: middle;font-family: Arial;font-size: 11pt;color: #000000\">&nbsp;<\/td>\n<td style=\"border-right-color: #35d0ff;border-bottom-color: #35d0ff;overflow: hidden;padding: 2px 3px;vertical-align: middle;font-family: Arial;font-size: 11pt;color: #000000;text-align: center\">&nbsp;<\/td>\n<\/tr>\n<tr style=\"height: 21px\">\n<td style=\"border-right-color: #35d0ff;border-bottom-color: #35d0ff;border-left-color: #35d0ff;overflow: hidden;padding: 2px 3px;vertical-align: middle;background-color: #35d0ff;font-family: Arial;font-size: 11pt;font-weight: bold;color: #ffffff;text-align: center\" colspan=\"2\">&nbsp;<\/td>\n<\/tr>\n<tr style=\"height: 21px\">\n<td style=\"border-right-color: #35d0ff;border-bottom-color: #35d0ff;border-left-color: #35d0ff;overflow: hidden;padding: 2px 3px;vertical-align: middle;font-family: Arial;font-size: 11pt;color: #212121\">&nbsp;<\/td>\n<td style=\"border-right-color: #35d0ff;border-bottom-color: #35d0ff;overflow: hidden;padding: 2px 3px;vertical-align: middle;font-family: Arial;font-size: 11pt;color: #000000;text-align: center\">&nbsp;<\/td>\n<\/tr>\n<tr style=\"height: 21px\">\n<td style=\"border-right-color: #35d0ff;border-bottom-color: #35d0ff;border-left-color: #35d0ff;overflow: hidden;padding: 2px 3px;vertical-align: middle;font-family: Arial;font-size: 11pt;color: #212121\">&nbsp;<\/td>\n<td style=\"border-right-color: #35d0ff;border-bottom-color: #35d0ff;overflow: hidden;padding: 2px 3px;vertical-align: middle;font-family: Arial;font-size: 11pt;color: #000000;text-align: center\">&nbsp;<\/td>\n<\/tr>\n<tr style=\"height: 21px\">\n<td style=\"border-right-color: #35d0ff;border-bottom-color: #35d0ff;border-left-color: #35d0ff;overflow: hidden;padding: 2px 3px;vertical-align: middle;font-family: Arial;font-size: 11pt;color: #000000\">&nbsp;<\/td>\n<td style=\"border-right-color: #35d0ff;border-bottom-color: #35d0ff;overflow: hidden;padding: 2px 3px;vertical-align: middle;font-family: Arial;font-size: 11pt;color: #000000;text-align: center\">&nbsp;<\/td>\n<\/tr>\n<tr style=\"height: 21px\">\n<td style=\"border-right-color: #35d0ff;border-bottom-color: #35d0ff;border-left-color: #35d0ff;overflow: hidden;padding: 2px 3px;vertical-align: middle;font-family: Arial;font-size: 11pt;color: #000000\">&nbsp;<\/td>\n<td style=\"border-right-color: #35d0ff;border-bottom-color: #35d0ff;overflow: hidden;padding: 2px 3px;vertical-align: middle;font-family: Arial;font-size: 11pt;color: #000000;text-align: center\">&nbsp;<\/td>\n<\/tr>\n<tr style=\"height: 21px\">\n<td style=\"border-right-color: #35d0ff;border-bottom-color: #35d0ff;border-left-color: #35d0ff;overflow: hidden;padding: 2px 3px;vertical-align: middle;font-family: Arial;font-size: 11pt;color: #000000\">&nbsp;<\/td>\n<td style=\"border-right-color: #35d0ff;border-bottom-color: #35d0ff;overflow: hidden;padding: 2px 3px;vertical-align: middle;font-family: Arial;font-size: 11pt;color: #000000;text-align: center\">&nbsp;<\/td>\n<\/tr>\n<tr style=\"height: 21px\">\n<td style=\"border-right-color: #35d0ff;border-bottom-color: #35d0ff;border-left-color: #35d0ff;overflow: hidden;padding: 2px 3px;vertical-align: middle;font-family: Arial;font-size: 11pt;color: #000000\">&nbsp;<\/td>\n<td style=\"border-right-color: #35d0ff;border-bottom-color: #35d0ff;overflow: hidden;padding: 2px 3px;vertical-align: middle;font-family: Arial;font-size: 11pt;color: #000000;text-align: center\">&nbsp;<\/td>\n<\/tr>\n<tr style=\"height: 21px\">\n<td style=\"border-right-color: #35d0ff;border-bottom-color: #35d0ff;border-left-color: #35d0ff;overflow: hidden;padding: 2px 3px;vertical-align: middle;font-family: Arial;font-size: 11pt;color: #000000\">&nbsp;<\/td>\n<td style=\"border-right-color: #35d0ff;border-bottom-color: #35d0ff;overflow: hidden;padding: 2px 3px;vertical-align: middle;font-family: Arial;font-size: 11pt;color: #000000;text-align: center\">&nbsp;<\/td>\n<\/tr>\n<tr style=\"height: 21px\">\n<td style=\"border-right-color: #35d0ff;border-bottom-color: #35d0ff;border-left-color: #35d0ff;overflow: hidden;padding: 2px 3px;vertical-align: middle;font-family: Arial;font-size: 11pt;color: #000000\">&nbsp;<\/td>\n<td style=\"border-right-color: #35d0ff;border-bottom-color: #35d0ff;overflow: hidden;padding: 2px 3px;vertical-align: middle;font-family: Arial;font-size: 11pt;color: #000000;text-align: center\">&nbsp;<\/td>\n<\/tr>\n<\/tbody>\n<\/table>\n","protected":false},"excerpt":{"rendered":"<p>Liel\u0101k\u0101 golfa laukuma priek&scaron;roc\u012bba! Un vi\u0146&scaron; joproj\u0101m \u0113rti ietilpst tav\u0101 rok\u0101. T\u016brisma V3 T\u0101lm\u0113ris ir kompakts un ergonomisks dizains p\u0113c pas\u016bt\u012bjuma izgatavotu, iztur\u012bgu korpusu, kura m\u0113rijums ir l\u012bdz &nbsp;900 metri. Revolucion\u0101r\u0101 PinSeeker&reg; tehnolo\u0123ija ar JOLT nosaka att\u0101lumu no karoga l\u012bdz 270 metriem ar precizit\u0101ti + \/ &#8211; 1 metrs. Pievienot tai spilgtu, daudzveid\u012bgu p\u0101rkl\u0101jumu optiku [&hellip;]<\/p>\n","protected":false},"featured_media":0,"template":"","meta":[],"product_brand":[],"product_cat":[4640,4938,4942],"product_tag":[],"class_list":{"0":"post-79375","1":"product","2":"type-product","3":"status-publish","5":"product_cat-recreation","6":"product_cat-optics-recreation","7":"product_cat-rangefinders-optics-recreation","9":"first","10":"instock","11":"shipping-taxable","12":"purchasable","13":"product-type-simple"},"_links":{"self":[{"href":"https:\/\/sezona.lv\/en\/wp-json\/wp\/v2\/product\/79375","targetHints":{"allow":["GET"]}}],"collection":[{"href":"https:\/\/sezona.lv\/en\/wp-json\/wp\/v2\/product"}],"about":[{"href":"https:\/\/sezona.lv\/en\/wp-json\/wp\/v2\/types\/product"}],"wp:attachment":[{"href":"https:\/\/sezona.lv\/en\/wp-json\/wp\/v2\/media?parent=79375"}],"wp:term":[{"taxonomy":"product_brand","embeddable":true,"href":"https:\/\/sezona.lv\/en\/wp-json\/wp\/v2\/product_brand?post=79375"},{"taxonomy":"product_cat","embeddable":true,"href":"https:\/\/sezona.lv\/en\/wp-json\/wp\/v2\/product_cat?post=79375"},{"taxonomy":"product_tag","embeddable":true,"href":"https:\/\/sezona.lv\/en\/wp-json\/wp\/v2\/product_tag?post=79375"}],"curies":[{"name":"wp","href":"https:\/\/api.w.org\/{rel}","templated":true}]}}