{"id":79382,"date":"2025-07-14T15:39:13","date_gmt":"2025-07-14T12:39:13","guid":{"rendered":"https:\/\/demo8.ecube.lv\/sezona.lv\/products\/leica-rangemaster-crf-1600-b-rangefinder-talmers\/"},"modified":"2025-07-14T15:39:13","modified_gmt":"2025-07-14T12:39:13","slug":"leica-rangemaster-crf-1600-b-rangefinder-talmers","status":"publish","type":"product","link":"https:\/\/sezona.lv\/en\/products\/leica-rangemaster-crf-1600-b-rangefinder-talmers\/","title":{"rendered":"Leica Rangemaster CRF 1600-B rangefinder T\u0101lm\u0113rs"},"content":{"rendered":"<p><span id=\"docs-internal-guid-0866f4c0-ec76-2aa4-9f71-2002bed7d259\"><span style=\"font-size: 12pt;font-family: Arial;color: #212121;vertical-align: baseline\">&#8220;Leica&#8221; jau asto\u0146padsmit gadu laik\u0101 ir bijis pionieris un standarta noteic\u0113js t\u0101lvad\u012bbas jom\u0101. Mums tas ir pietiekams iemesls, lai past\u0101v\u012bgi str\u0101d\u0101tu pie m\u016bsu produktu izstr\u0101des. Un iemesls ir pietiekami, lai turpin\u0101tu standarta iestat\u012b&scaron;anu arvien liel\u0101ku.<\/span><span style=\"font-size: 12pt;font-family: Arial;color: #212121;vertical-align: baseline\"><br class=\"kix-line-break\" \/><\/span><span style=\"font-size: 12pt;font-family: Arial;color: #212121;vertical-align: baseline\"><br class=\"kix-line-break\" \/><\/span><span style=\"font-size: 12pt;font-family: Arial;color: #212121;vertical-align: baseline\">M\u0113s esam priec\u012bgi iepaz\u012bstin\u0101t ar jaun\u0101kajiem jaunin\u0101jumiem: <\/span><span style=\"font-size: 12pt;font-family: Arial;color: #212121;font-weight: 700;vertical-align: baseline\">Rangemaster CRF 1600<\/span><span style=\"font-size: 12pt;font-family: Arial;color: #212121;vertical-align: baseline\">. Sagatavojot<\/span><span style=\"font-size: 12pt;font-family: Arial;color: #212121;font-weight: 700;vertical-align: baseline\"> t\u0101lsatiksmes &scaron;\u0101vienu un ar\u012b sliktos laika apst\u0101k\u013cos<\/span><span style=\"font-size: 12pt;font-family: Arial;color: #212121;vertical-align: baseline\">, ir p\u0101r\u0101k viegli apr\u0113\u0137in\u0101t diapazonu. Lai ieg\u016btu prec\u012bzu un t\u012bru att\u0113lu, jums ir prec\u012bzi j\u0101nosaka att\u0101lums no m\u0113r\u0137a. J\u016bs varat uztic\u0113ties jaunajam Rangemaster CRF 1600, lai nodro&scaron;in\u0101tu nepiecie&scaron;amo sniegumu. Ar lielu <\/span><span style=\"font-size: 12pt;font-family: Arial;color: #212121;font-weight: 700;vertical-align: baseline\">115 m redzes lauku <\/span><span style=\"font-size: 12pt;font-family: Arial;color: #212121;vertical-align: baseline\">un <\/span><span style=\"font-size: 12pt;font-family: Arial;color: #212121;font-weight: 700;vertical-align: baseline\">7x palielin\u0101jumu<\/span><span style=\"font-size: 12pt;font-family: Arial;color: #212121;vertical-align: baseline\"> aiz\u0146em tikai <\/span><span style=\"font-size: 12pt;font-family: Arial;color: #212121;font-weight: 700;vertical-align: baseline\">0,3 sekundes<\/span><span style=\"font-size: 12pt;font-family: Arial;color: #212121;vertical-align: baseline\">, lai par\u0101d\u012btu prec\u012bzu att\u0101lumu l\u012bdz jebkuram m\u0113r\u0137im no <\/span><span style=\"font-size: 12pt;font-family: Arial;color: #212121;font-weight: 700;vertical-align: baseline\">10 m l\u012bdz aptuveni 1500 m ( 1640.42 j\u016bd\u017eu) att\u0101lum\u0101.<\/span><span style=\"font-size: 12pt;font-family: Arial;color: #212121;font-weight: 700;vertical-align: baseline\"><br class=\"kix-line-break\" \/><\/span><span style=\"font-size: 12pt;font-family: Arial;color: #212121;vertical-align: baseline\"><br class=\"kix-line-break\" \/><\/span><span style=\"font-size: 12pt;font-family: Arial;color: #212121;vertical-align: baseline\">Lai ieg\u016btu v\u0113l liel\u0101ku p\u0101rliec\u012bbu,<\/span><span style=\"font-size: 12pt;font-family: Arial;color: #212121;font-weight: 700;vertical-align: baseline\"> Rangemaster CRF 1600<\/span><span style=\"font-size: 12pt;font-family: Arial;color: #212121;vertical-align: baseline\"> pied\u0101v\u0101 integr\u0113tu <\/span><span style=\"font-size: 12pt;font-family: Arial;color: #212121;font-weight: 700;vertical-align: baseline\">ballistikas datoru ar balistisko l\u012bk\u0146u izv\u0113li<\/span><span style=\"font-size: 12pt;font-family: Arial;color: #212121;vertical-align: baseline\">. Veicot apr\u0113\u0137inu, sist\u0113ma <\/span><span style=\"font-size: 12pt;font-family: Arial;color: #212121;font-weight: 700;vertical-align: baseline\">autom\u0101tiski piel\u0101go barometrisko spiedienu un temperat\u016bru<\/span><span style=\"font-size: 12pt;font-family: Arial;color: #212121;vertical-align: baseline\">. J\u016bs vienk\u0101r&scaron;i izv\u0113laties piem\u0113rotu ballistisko l\u012bkni, un Rangemaster CRF 1600 par\u0101da prec\u012bzu gala punktu.<\/span><span style=\"font-size: 12pt;font-family: Arial;color: #212121;vertical-align: baseline\"><br class=\"kix-line-break\" \/><\/span><span style=\"font-size: 12pt;font-family: Arial;color: #212121;vertical-align: baseline\"><br class=\"kix-line-break\" \/><\/span><span style=\"font-size: 12pt;font-family: Arial;color: #212121;vertical-align: baseline\">Rangemaster CRF tiek veikts vertik\u0101li, un tas ir vien\u012bgais diapazona mekl\u0113t\u0101ja segment\u0101. Tas noz\u012bm\u0113, ka to ir vienl\u012bdz viegli izmantot <\/span><span style=\"font-size: 12pt;font-family: Arial;color: #212121;font-weight: 700;vertical-align: baseline\">gan krei\u013ciem, gan labro\u010diem<\/span><span style=\"font-size: 12pt;font-family: Arial;color: #212121;vertical-align: baseline\">. Sver tikai 230 g, tas ir \u0101rk\u0101rt\u012bgi viegls un, pateicoties kompaktajam dizainam, tas \u0113rti atrodas plaukst\u0101. Pat tad, ja valk\u0101jat cimdus, to ir viegli tur\u0113t un n\u0113s\u0101t. J\u016bs jut\u012bsiet at&scaron;\u0137ir\u012bbu.<\/span><\/span><\/p>\n<p>&nbsp;<\/p>\n<table class=\"table table-bordered\" border=\"0\">\n<thead>\n<tr>\n<td colspan=\"2\"><strong>Atrib\u016bti<\/strong><\/td>\n<\/tr>\n<\/thead>\n<tbody>\n<tr>\n<td>Bateriju Veids<\/td>\n<td>3V CR2<\/td>\n<\/tr>\n<tr>\n<td>Dioptrijas iestat\u012bjums<\/td>\n<td>+\/- 3,5<\/td>\n<\/tr>\n<tr>\n<td>Gaismas intensit\u0101te<\/td>\n<td>11,6<\/td>\n<\/tr>\n<tr>\n<td>Izm\u0113ri<\/td>\n<td>113 x 75 x 34 mm<\/td>\n<\/tr>\n<tr>\n<td>Kr\u0113slas koeficients<\/td>\n<td>13,0<\/td>\n<\/tr>\n<tr>\n<td>Maksim\u0101lais darb\u012bbas att\u0101lums<\/td>\n<td>1500<\/td>\n<\/tr>\n<tr>\n<td>Palielin\u0101jums<\/td>\n<td>7x<\/td>\n<\/tr>\n<tr>\n<td>Priek&scaron;\u0113j\u0101 l\u0113cas diametrs (mm)<\/td>\n<td>24<\/td>\n<\/tr>\n<tr>\n<td>Redzes lauks<\/td>\n<td>115m<\/td>\n<\/tr>\n<tr>\n<td>Tuvs Fokuss<\/td>\n<td>10,0m<\/td>\n<\/tr>\n<\/tbody>\n<\/table>\n<p><span><span style=\"font-size: 12pt;font-family: Arial;color: #212121;vertical-align: baseline\"><br \/><\/span><\/span><\/p>\n<p>&nbsp;<\/p>\n<p><span id=\"docs-internal-guid-0866f4c0-ec76-2aa4-9f71-2002bed7d259\"><span style=\"font-size: 12pt;font-family: Arial;color: #212121;vertical-align: baseline\"><\/span><\/span><span id=\"docs-internal-guid-0866f4c0-ec76-2aa4-9f71-2002bed7d259\"><\/span><\/p>\n<table style=\"font-size: 10pt;font-family: arial, sans, sans-serif;width: 0px;border: none\" dir=\"ltr\" border=\"1\" cellspacing=\"0\" cellpadding=\"0\">\n<tbody>\n<tr style=\"height: 21px\">\n<td style=\"border-color: #35d0ff;overflow: hidden;padding: 2px 3px;vertical-align: bottom;background-color: #35d0ff;font-family: Arial;font-size: 14pt;font-weight: bold;color: #ffffff;text-align: center\" colspan=\"2\">\n<p><span><span style=\"font-size: 12pt;font-family: Arial;color: #212121;vertical-align: baseline\"><br class=\"kix-line-break\" \/><\/span><span style=\"font-size: 12pt;font-family: Arial;color: #212121;vertical-align: baseline\">M\u0113s esam priec\u012bgi iepaz\u012bstin\u0101t ar jaun\u0101kajiem jaunin\u0101jumiem: <\/span><span style=\"font-size: 12pt;font-family: Arial;color: #212121;font-weight: 700;vertical-align: baseline\">Rangemaster CRF 1600<\/span><span style=\"font-size: 12pt;font-family: Arial;color: #212121;vertical-align: baseline\">. Sagatavojot<\/span><span style=\"font-size: 12pt;font-family: Arial;color: #212121;font-weight: 700;vertical-align: baseline\"> t\u0101lsatiksmes &scaron;\u0101vienu un ar\u012b sliktos laika apst\u0101k\u013cos<\/span><span style=\"font-size: 12pt;font-family: Arial;color: #212121;vertical-align: baseline\">, ir p\u0101r\u0101k viegli apr\u0113\u0137in\u0101t diapazonu. Lai ieg\u016btu prec\u012bzu un t\u012bru att\u0113lu, jums ir prec\u012bzi j\u0101nosaka att\u0101lums no m\u0113r\u0137a. J\u016bs varat uztic\u0113ties jaunajam Rangemaster CRF 1600, lai nodro&scaron;in\u0101tu nepiecie&scaron;amo sniegumu. Ar lielu <\/span><span style=\"font-size: 12pt;font-family: Arial;color: #212121;font-weight: 700;vertical-align: baseline\">115 m redzes lauku <\/span><span style=\"font-size: 12pt;font-family: Arial;color: #212121;vertical-align: baseline\">un <\/span><span style=\"font-size: 12pt;font-family: Arial;color: #212121;font-weight: 700;vertical-align: baseline\">7x palielin\u0101jumu<\/span><span style=\"font-size: 12pt;font-family: Arial;color: #212121;vertical-align: baseline\"> aiz\u0146em tikai <\/span><span style=\"font-size: 12pt;font-family: Arial;color: #212121;font-weight: 700;vertical-align: baseline\">0,3 sekundes<\/span><span style=\"font-size: 12pt;font-family: Arial;color: #212121;vertical-align: baseline\">, lai par\u0101d\u012btu prec\u012bzu att\u0101lumu l\u012bdz jebkuram m\u0113r\u0137im no <\/span><span style=\"font-size: 12pt;font-family: Arial;color: #212121;font-weight: 700;vertical-align: baseline\">10 m l\u012bdz aptuveni 1500 m ( 1640.42 j\u016bd\u017eu) att\u0101lum\u0101.<\/span><span style=\"font-size: 12pt;font-family: Arial;color: #212121;font-weight: 700;vertical-align: baseline\"><br class=\"kix-line-break\" \/><\/span><span style=\"font-size: 12pt;font-family: Arial;color: #212121;vertical-align: baseline\"><br class=\"kix-line-break\" \/><\/span><span style=\"font-size: 12pt;font-family: Arial;color: #212121;vertical-align: baseline\">Lai ieg\u016btu v\u0113l liel\u0101ku p\u0101rliec\u012bbu,<\/span><span style=\"font-size: 12pt;font-family: Arial;color: #212121;font-weight: 700;vertical-align: baseline\"> Rangemaster CRF 1600<\/span><span style=\"font-size: 12pt;font-family: Arial;color: #212121;vertical-align: baseline\"> pied\u0101v\u0101 integr\u0113tu <\/span><span style=\"font-size: 12pt;font-family: Arial;color: #212121;font-weight: 700;vertical-align: baseline\">ballistikas datoru ar balistisko l\u012bk\u0146u izv\u0113li<\/span><span style=\"font-size: 12pt;font-family: Arial;color: #212121;vertical-align: baseline\">. Veicot apr\u0113\u0137inu, sist\u0113ma <\/span><span style=\"font-size: 12pt;font-family: Arial;color: #212121;font-weight: 700;vertical-align: baseline\">autom\u0101tiski piel\u0101go barometrisko spiedienu un temperat\u016bru<\/span><span style=\"font-size: 12pt;font-family: Arial;color: #212121;vertical-align: baseline\">. J\u016bs vienk\u0101r&scaron;i izv\u0113laties piem\u0113rotu ballistisko l\u012bkni, un Rangemaster CRF 1600 par\u0101da prec\u012bzu gala punktu.<\/span><span style=\"font-size: 12pt;font-family: Arial;color: #212121;vertical-align: baseline\"><br class=\"kix-line-break\" \/><\/span><span style=\"font-size: 12pt;font-family: Arial;color: #212121;vertical-align: baseline\"><br class=\"kix-line-break\" \/><\/span><span style=\"font-size: 12pt;font-family: Arial;color: #212121;vertical-align: baseline\">Rangemaster CRF tiek veikts vertik\u0101li, un tas ir vien\u012bgais diapazona mekl\u0113t\u0101ja segment\u0101. Tas noz\u012bm\u0113, ka to ir vienl\u012bdz viegli izmantot <\/span><span style=\"font-size: 12pt;font-family: Arial;color: #212121;font-weight: 700;vertical-align: baseline\">gan krei\u013ciem, gan labro\u010diem<\/span><span style=\"font-size: 12pt;font-family: Arial;color: #212121;vertical-align: baseline\">. Sver tikai 230 g, tas ir \u0101rk\u0101rt\u012bgi viegls un, pateicoties kompaktajam dizainam, tas \u0113rti atrodas plaukst\u0101. Pat tad, ja valk\u0101jat cimdus, to ir viegli tur\u0113t un n\u0113s\u0101t. J\u016bs jut\u012bsiet at&scaron;\u0137ir\u012bbu.<\/span><\/span><\/p>\n<p>&nbsp;<\/p>\n<table class=\"table table-bordered\" border=\"0\">\n<thead>\n<tr>\n<td colspan=\"2\"><strong>Atrib\u016bti<\/strong><\/td>\n<\/tr>\n<\/thead>\n<tbody>\n<tr>\n<td>Bateriju Veids<\/td>\n<td>3V CR2<\/td>\n<\/tr>\n<tr>\n<td>Dioptrijas iestat\u012bjums<\/td>\n<td>+\/- 3,5<\/td>\n<\/tr>\n<tr>\n<td>Gaismas intensit\u0101te<\/td>\n<td>11,6<\/td>\n<\/tr>\n<tr>\n<td>Izm\u0113ri<\/td>\n<td>113 x 75 x 34 mm<\/td>\n<\/tr>\n<tr>\n<td>Kr\u0113slas koeficients<\/td>\n<td>13,0<\/td>\n<\/tr>\n<tr>\n<td>Maksim\u0101lais darb\u012bbas att\u0101lums<\/td>\n<td>1500<\/td>\n<\/tr>\n<tr>\n<td>Palielin\u0101jums<\/td>\n<td>7x<\/td>\n<\/tr>\n<tr>\n<td>Priek&scaron;\u0113j\u0101 l\u0113cas diametrs (mm)<\/td>\n<td>24<\/td>\n<\/tr>\n<tr>\n<td>Redzes lauks<\/td>\n<td>115m<\/td>\n<\/tr>\n<tr>\n<td>Tuvs Fokuss<\/td>\n<td>10,0m<\/td>\n<\/tr>\n<\/tbody>\n<\/table>\n<p><span><span style=\"font-size: 12pt;font-family: Arial;color: #212121;vertical-align: baseline\"><br \/><\/span><\/span><\/p>\n<p>&nbsp;<\/p>\n<h2 style=\"margin-right: 0px;margin-bottom: 0.25em;margin-left: 0px;padding: 0px;font-size: 18.0162px;font-family: 'Trebuchet MS', Verdana, Helvetica, Arial, sans-serif;font-weight: bold;color: #aa9083;line-height: normal\">Specifications:<\/h2>\n<table class=\"full\" style=\"margin: 0px 0px 0.5em;padding: 0px;font-size: 12.012px;width: 731px;border: 0px;color: #000000;font-family: 'Trebuchet MS', Verdana, Helvetica, Arial, sans-serif;line-height: normal;background-color: #ffffff\" border=\"0\">\n<tbody style=\"margin: 0px;padding: 0px;font-size: 12.0132px\">\n<tr style=\"margin: 0px;padding: 0px;font-size: 12.0144px\">\n<td class=\"attribute_group\" style=\"margin: 0px;padding-top: 1em;padding-right: 0.5em;padding-left: 0.5em;font-size: 12.0156px;border-bottom-width: 3px;border-bottom-style: solid;border-bottom-color: #d4d4d4\" colspan=\"2\">\n<h3 style=\"margin-right: 0px;margin-bottom: 0px;margin-left: 0px;padding: 0px;font-size: 14.4187px;font-family: 'Trebuchet MS', Verdana, Helvetica, Arial, sans-serif;font-weight: bold;color: #222222\">Capacity<\/h3>\n<\/td>\n<\/tr>\n<tr class=\"product_attribute_odd\" style=\"margin: 0px;padding: 0px;font-size: 12.0144px;line-height: 1em\">\n<td style=\"margin: 0px;padding: 0.5em;font-size: 12.0156px;border-bottom-width: 0px\" width=\"40%\">Magnification<\/td>\n<td style=\"margin: 0px;padding: 0.5em;font-size: 12.0156px;border-bottom-width: 0px\">6<\/td>\n<\/tr>\n<tr class=\"product_attribute_even\" style=\"margin: 0px;padding: 0px 0px 0px 1em;font-size: 12.0144px;line-height: 1em;background-color: #eef3fd\">\n<td style=\"margin: 0px;padding: 0.5em;font-size: 12.0156px;border-bottom-width: 0px\" width=\"40%\">Front lens diameter (mm)<\/td>\n<td style=\"margin: 0px;padding: 0.5em;font-size: 12.0156px;border-bottom-width: 0px\">21<\/td>\n<\/tr>\n<tr class=\"product_attribute_odd\" style=\"margin: 0px;padding: 0px;font-size: 12.0144px;line-height: 1em\">\n<td style=\"margin: 0px;padding: 0.5em;font-size: 12.0156px;border-bottom-width: 0px\" width=\"40%\">Type of build<\/td>\n<td style=\"margin: 0px;padding: 0.5em;font-size: 12.0156px;border-bottom-width: 0px\">Laser rangefinder<\/td>\n<\/tr>\n<tr class=\"product_attribute_even\" style=\"margin: 0px;padding: 0px 0px 0px 1em;font-size: 12.0144px;line-height: 1em;background-color: #eef3fd\">\n<td style=\"margin: 0px;padding: 0.5em;font-size: 12.0156px;border-bottom-width: 0px\" width=\"40%\">Battery type<\/td>\n<td style=\"margin: 0px;padding: 0.5em;font-size: 12.0156px;border-bottom-width: 0px\">CR2 (1)<\/td>\n<\/tr>\n<tr class=\"product_attribute_odd\" style=\"margin: 0px;padding: 0px;font-size: 12.0144px;line-height: 1em\">\n<td style=\"margin: 0px;padding: 0.5em;font-size: 12.0156px;border-bottom-width: 0px\" width=\"40%\">Insertion<\/td>\n<td style=\"margin: 0px;padding: 0.5em;font-size: 12.0156px;border-bottom-width: 0px\"><\/td>\n<\/tr>\n<\/tbody>\n<\/table>\n<\/td>\n<\/tr>\n<tr style=\"height: 21px\">\n<td style=\"border-right-color: #35d0ff;border-bottom-color: #35d0ff;border-left-color: #35d0ff;overflow: hidden;padding: 2px 3px;vertical-align: middle;font-family: Arial;font-size: 11pt;color: #000000\"><\/td>\n<td style=\"border-right-color: #35d0ff;border-bottom-color: #35d0ff;overflow: hidden;padding: 2px 3px;vertical-align: middle;font-family: Arial;font-size: 11pt;color: #000000;text-align: center\"><\/td>\n<\/tr>\n<tr style=\"height: 21px\">\n<td style=\"border-right-color: #35d0ff;border-bottom-color: #35d0ff;border-left-color: #35d0ff;overflow: hidden;padding: 2px 3px;vertical-align: middle;font-family: Arial;font-size: 11pt;color: #000000\"><\/td>\n<td style=\"border-right-color: #35d0ff;border-bottom-color: #35d0ff;overflow: hidden;padding: 2px 3px;vertical-align: middle;font-family: Arial;font-size: 11pt;color: #000000;text-align: center\"><\/td>\n<\/tr>\n<tr style=\"height: 21px\">\n<td style=\"border-right-color: #35d0ff;border-bottom-color: #35d0ff;border-left-color: #35d0ff;overflow: hidden;padding: 2px 3px;vertical-align: middle;font-family: Arial;font-size: 11pt;color: #000000\"><\/td>\n<td style=\"border-right-color: #35d0ff;border-bottom-color: #35d0ff;overflow: hidden;padding: 2px 3px;vertical-align: middle;font-family: Arial;font-size: 11pt;color: #212121;text-align: center\"><\/td>\n<\/tr>\n<tr style=\"height: 21px\">\n<td style=\"border-right-color: #35d0ff;border-bottom-color: #35d0ff;border-left-color: #35d0ff;overflow: hidden;padding: 2px 3px;vertical-align: middle;font-family: Arial;font-size: 11pt;color: #212121\"><\/td>\n<td style=\"border-right-color: #35d0ff;border-bottom-color: #35d0ff;overflow: hidden;padding: 2px 3px;vertical-align: middle\"><\/td>\n<\/tr>\n<tr style=\"height: 21px\">\n<td style=\"border-right-color: #35d0ff;border-bottom-color: #35d0ff;border-left-color: #35d0ff;overflow: hidden;padding: 2px 3px;vertical-align: middle;font-family: Arial;font-size: 11pt;color: #212121\"><\/td>\n<td style=\"border-right-color: #35d0ff;border-bottom-color: #35d0ff;overflow: hidden;padding: 2px 3px;vertical-align: middle;font-family: Arial;font-size: 11pt;color: #000000;text-align: center\"><\/td>\n<\/tr>\n<tr style=\"height: 21px\">\n<td style=\"border-right-color: #35d0ff;border-bottom-color: #35d0ff;border-left-color: #35d0ff;overflow: hidden;padding: 2px 3px;vertical-align: middle;background-color: #35d0ff;font-family: Arial;font-size: 11pt;font-weight: bold;color: #ffffff;text-align: center\" colspan=\"2\"><\/td>\n<\/tr>\n<tr style=\"height: 21px\">\n<td style=\"border-right-color: #35d0ff;border-bottom-color: #35d0ff;border-left-color: #35d0ff;overflow: hidden;padding: 2px 3px;vertical-align: middle;font-family: Arial;font-size: 11pt;color: #212121\"><\/td>\n<td style=\"border-right-color: #35d0ff;border-bottom-color: #35d0ff;overflow: hidden;padding: 2px 3px;vertical-align: middle;font-family: Arial;font-size: 11pt;color: #000000;text-align: center\"><\/td>\n<\/tr>\n<tr style=\"height: 21px\">\n<td style=\"border-right-color: #35d0ff;border-bottom-color: #35d0ff;border-left-color: #35d0ff;overflow: hidden;padding: 2px 3px;vertical-align: middle;font-family: Arial;font-size: 11pt;color: #212121\"><\/td>\n<td style=\"border-right-color: #35d0ff;border-bottom-color: #35d0ff;overflow: hidden;padding: 2px 3px;vertical-align: middle;font-family: Arial;font-size: 11pt;color: #000000;text-align: center\"><\/td>\n<\/tr>\n<tr style=\"height: 21px\">\n<td style=\"border-right-color: #35d0ff;border-bottom-color: #35d0ff;border-left-color: #35d0ff;overflow: hidden;padding: 2px 3px;vertical-align: middle;font-family: Arial;font-size: 11pt;color: #212121\"><\/td>\n<td style=\"border-right-color: #35d0ff;border-bottom-color: #35d0ff;overflow: hidden;padding: 2px 3px;vertical-align: middle;font-family: Arial;font-size: 11pt;color: #000000;text-align: center\"><\/td>\n<\/tr>\n<tr style=\"height: 21px\">\n<td style=\"border-right-color: #35d0ff;border-bottom-color: #35d0ff;border-left-color: #35d0ff;overflow: hidden;padding: 2px 3px;vertical-align: middle;font-family: Arial;font-size: 11pt;color: #212121\"><\/td>\n<td style=\"border-right-color: #35d0ff;border-bottom-color: #35d0ff;overflow: hidden;padding: 2px 3px;vertical-align: middle;font-family: Arial;font-size: 11pt;color: #000000;text-align: center\"><\/td>\n<\/tr>\n<tr style=\"height: 21px\">\n<td style=\"border-right-color: #35d0ff;border-bottom-color: #35d0ff;border-left-color: #35d0ff;overflow: hidden;padding: 2px 3px;vertical-align: middle;font-family: Arial;font-size: 11pt;color: #212121\"><\/td>\n<td style=\"border-right-color: #35d0ff;border-bottom-color: #35d0ff;overflow: hidden;padding: 2px 3px;vertical-align: middle;font-family: Arial;font-size: 11pt;color: #000000;text-align: center\"><\/td>\n<\/tr>\n<tr style=\"height: 21px\">\n<td style=\"border-right-color: #35d0ff;border-bottom-color: #35d0ff;border-left-color: #35d0ff;overflow: hidden;padding: 2px 3px;vertical-align: middle;font-family: Arial;font-size: 11pt;color: #212121\"><\/td>\n<td style=\"border-right-color: #35d0ff;border-bottom-color: #35d0ff;overflow: hidden;padding: 2px 3px;vertical-align: middle;font-family: Arial;font-size: 11pt;color: #000000;text-align: center\"><\/td>\n<\/tr>\n<tr style=\"height: 21px\">\n<td style=\"border-right-color: #35d0ff;border-bottom-color: #35d0ff;border-left-color: #35d0ff;overflow: hidden;padding: 2px 3px;vertical-align: middle;font-family: Arial;font-size: 11pt;color: #000000\"><\/td>\n<td style=\"border-right-color: #35d0ff;border-bottom-color: #35d0ff;overflow: hidden;padding: 2px 3px;vertical-align: middle;font-family: Arial;font-size: 11pt;color: #000000;text-align: center\"><\/td>\n<\/tr>\n<tr style=\"height: 21px\">\n<td style=\"border-right-color: #35d0ff;border-bottom-color: #35d0ff;border-left-color: #35d0ff;overflow: hidden;padding: 2px 3px;vertical-align: middle;background-color: #35d0ff;font-family: Arial;font-size: 11pt;font-weight: bold;color: #ffffff;text-align: center\" colspan=\"2\"><\/td>\n<\/tr>\n<tr style=\"height: 21px\">\n<td style=\"border-right-color: #35d0ff;border-bottom-color: #35d0ff;border-left-color: #35d0ff;overflow: hidden;padding: 2px 3px;vertical-align: middle;font-family: Arial;font-size: 11pt;color: #212121\"><\/td>\n<td style=\"border-right-color: #35d0ff;border-bottom-color: #35d0ff;overflow: hidden;padding: 2px 3px;vertical-align: middle;font-family: Arial;font-size: 11pt;color: #000000;text-align: center\"><\/td>\n<\/tr>\n<tr style=\"height: 21px\">\n<td style=\"border-right-color: #35d0ff;border-bottom-color: #35d0ff;border-left-color: #35d0ff;overflow: hidden;padding: 2px 3px;vertical-align: middle;font-family: Arial;font-size: 11pt;color: #212121\"><\/td>\n<td style=\"border-right-color: #35d0ff;border-bottom-color: #35d0ff;overflow: hidden;padding: 2px 3px;vertical-align: middle;font-family: Arial;font-size: 11pt;color: #000000;text-align: center\"><\/td>\n<\/tr>\n<tr style=\"height: 21px\">\n<td style=\"border-right-color: #35d0ff;border-bottom-color: #35d0ff;border-left-color: #35d0ff;overflow: hidden;padding: 2px 3px;vertical-align: middle;font-family: Arial;font-size: 11pt;color: #000000\"><\/td>\n<td style=\"border-right-color: #35d0ff;border-bottom-color: #35d0ff;overflow: hidden;padding: 2px 3px;vertical-align: middle;font-family: Arial;font-size: 11pt;color: #000000;text-align: center\"><\/td>\n<\/tr>\n<tr style=\"height: 21px\">\n<td style=\"border-right-color: #35d0ff;border-bottom-color: #35d0ff;border-left-color: #35d0ff;overflow: hidden;padding: 2px 3px;vertical-align: middle;font-family: Arial;font-size: 11pt;color: #000000\"><\/td>\n<td style=\"border-right-color: #35d0ff;border-bottom-color: #35d0ff;overflow: hidden;padding: 2px 3px;vertical-align: middle;font-family: Arial;font-size: 11pt;color: #000000;text-align: center\"><\/td>\n<\/tr>\n<tr style=\"height: 21px\">\n<td style=\"border-right-color: #35d0ff;border-bottom-color: #35d0ff;border-left-color: #35d0ff;overflow: hidden;padding: 2px 3px;vertical-align: middle;font-family: Arial;font-size: 11pt;color: #000000\"><\/td>\n<td style=\"border-right-color: #35d0ff;border-bottom-color: #35d0ff;overflow: hidden;padding: 2px 3px;vertical-align: middle;font-family: Arial;font-size: 11pt;color: #000000;text-align: center\"><\/td>\n<\/tr>\n<tr style=\"height: 21px\">\n<td style=\"border-right-color: #35d0ff;border-bottom-color: #35d0ff;border-left-color: #35d0ff;overflow: hidden;padding: 2px 3px;vertical-align: middle;font-family: Arial;font-size: 11pt;color: #000000\"><\/td>\n<td style=\"border-right-color: #35d0ff;border-bottom-color: #35d0ff;overflow: hidden;padding: 2px 3px;vertical-align: middle;font-family: Arial;font-size: 11pt;color: #000000;text-align: center\">&nbsp;<\/td>\n<\/tr>\n<tr style=\"height: 21px\">\n<td style=\"border-right-color: #35d0ff;border-bottom-color: #35d0ff;border-left-color: #35d0ff;overflow: hidden;padding: 2px 3px;vertical-align: middle;font-family: Arial;font-size: 11pt;color: #000000\">&nbsp;<\/td>\n<td style=\"border-right-color: #35d0ff;border-bottom-color: #35d0ff;overflow: hidden;padding: 2px 3px;vertical-align: middle;font-family: Arial;font-size: 11pt;color: #000000;text-align: center\">&nbsp;<\/td>\n<\/tr>\n<tr style=\"height: 21px\">\n<td style=\"border-right-color: #35d0ff;border-bottom-color: #35d0ff;border-left-color: #35d0ff;overflow: hidden;padding: 2px 3px;vertical-align: middle;font-family: Arial;font-size: 11pt;color: #000000\">&nbsp;<\/td>\n<td style=\"border-right-color: #35d0ff;border-bottom-color: #35d0ff;overflow: hidden;padding: 2px 3px;vertical-align: middle;font-family: Arial;font-size: 11pt;color: #000000;text-align: center\">&nbsp;<\/td>\n<\/tr>\n<\/tbody>\n<\/table>\n","protected":false},"excerpt":{"rendered":"<p>&#8220;Leica&#8221; jau asto\u0146padsmit gadu laik\u0101 ir bijis pionieris un standarta noteic\u0113js t\u0101lvad\u012bbas jom\u0101. Mums tas ir pietiekams iemesls, lai past\u0101v\u012bgi str\u0101d\u0101tu pie m\u016bsu produktu izstr\u0101des. Un iemesls ir pietiekami, lai turpin\u0101tu standarta iestat\u012b&scaron;anu arvien liel\u0101ku.M\u0113s esam priec\u012bgi iepaz\u012bstin\u0101t ar jaun\u0101kajiem jaunin\u0101jumiem: Rangemaster CRF 1600. Sagatavojot t\u0101lsatiksmes &scaron;\u0101vienu un ar\u012b sliktos laika apst\u0101k\u013cos, ir p\u0101r\u0101k viegli [&hellip;]<\/p>\n","protected":false},"featured_media":0,"template":"","meta":[],"product_brand":[],"product_cat":[4640,4938,4942],"product_tag":[],"class_list":{"0":"post-79382","1":"product","2":"type-product","3":"status-publish","5":"product_cat-recreation","6":"product_cat-optics-recreation","7":"product_cat-rangefinders-optics-recreation","9":"first","10":"instock","11":"shipping-taxable","12":"purchasable","13":"product-type-simple"},"_links":{"self":[{"href":"https:\/\/sezona.lv\/en\/wp-json\/wp\/v2\/product\/79382","targetHints":{"allow":["GET"]}}],"collection":[{"href":"https:\/\/sezona.lv\/en\/wp-json\/wp\/v2\/product"}],"about":[{"href":"https:\/\/sezona.lv\/en\/wp-json\/wp\/v2\/types\/product"}],"wp:attachment":[{"href":"https:\/\/sezona.lv\/en\/wp-json\/wp\/v2\/media?parent=79382"}],"wp:term":[{"taxonomy":"product_brand","embeddable":true,"href":"https:\/\/sezona.lv\/en\/wp-json\/wp\/v2\/product_brand?post=79382"},{"taxonomy":"product_cat","embeddable":true,"href":"https:\/\/sezona.lv\/en\/wp-json\/wp\/v2\/product_cat?post=79382"},{"taxonomy":"product_tag","embeddable":true,"href":"https:\/\/sezona.lv\/en\/wp-json\/wp\/v2\/product_tag?post=79382"}],"curies":[{"name":"wp","href":"https:\/\/api.w.org\/{rel}","templated":true}]}}