{"id":79384,"date":"2025-07-14T15:39:15","date_gmt":"2025-07-14T12:39:15","guid":{"rendered":"https:\/\/demo8.ecube.lv\/sezona.lv\/products\/bresser-spy-night-3x42-nakts-monoklis\/"},"modified":"2025-07-14T15:39:15","modified_gmt":"2025-07-14T12:39:15","slug":"bresser-spy-night-3x42-nakts-monoklis","status":"publish","type":"product","link":"https:\/\/sezona.lv\/en\/products\/bresser-spy-night-3x42-nakts-monoklis\/","title":{"rendered":"Bresser Spy-Night 3&#215;42 Nakts monoklis"},"content":{"rendered":"<p style=\"line-height: 1.38;margin-top: 0pt;margin-bottom: 0pt\" dir=\"ltr\"><span style=\"font-size: 11pt;font-family: Arial;color: #000000;background-color: transparent;font-weight: 700;font-style: normal;font-variant: normal;text-decoration: none;vertical-align: baseline\">BRESSER NightSpy<\/span><span style=\"font-size: 11pt;font-family: Arial;color: #000000;background-color: transparent;font-weight: 400;font-style: normal;font-variant: normal;text-decoration: none;vertical-align: baseline\"> ir monokulis 1 paaudzes nakts redzam\u012bbas ier\u012bce ar integr\u0113tu infrasarkano staru apgaismot\u0101ju ,un stat\u012bvs adaptera v\u012btni, kas iepakota kompakt\u0101 pl\u0101n\u0101 korpus\u0101. &Scaron;aj\u0101 instrument\u0101 ir ieb\u016bv\u0113ti &#8220;m\u012bkstas piesk\u0101riena&#8221; vad\u012bbas pogas, baro&scaron;anas un infrasarkanie indikatori, k\u0101 ar\u012b ergonomiski izveidots korpuss, ko var darbin\u0101t ar vienu roku. Ier\u012bce ir apr\u012bkota ar objekt\u012bvu sist\u0113mu, kas izgatavota no augstas kvalit\u0101tes stikla materi\u0101la.<\/span><\/p>\n<p><strong id=\"docs-internal-guid-e7ef5c9d-ccf8-2a28-0731-7b6476c90ec1\" style=\"font-weight: normal\"><br \/><\/strong><\/p>\n<p style=\"line-height: 1.38;margin-top: 0pt;margin-bottom: 0pt\" dir=\"ltr\"><span style=\"font-size: 11pt;font-family: Arial;color: #000000;background-color: transparent;font-weight: 700;font-style: normal;font-variant: normal;text-decoration: none;vertical-align: baseline\">Funkcijas:<\/span><\/p>\n<p><strong style=\"font-weight: normal\"><br \/><\/strong><\/p>\n<ul style=\"margin-top: 0pt;margin-bottom: 0pt\">\n<li style=\"list-style-type: disc;font-size: 11pt;font-family: Arial;color: #000000;background-color: transparent;font-weight: 400;font-style: normal;font-variant: normal;text-decoration: none;vertical-align: baseline\" dir=\"ltr\">\n<p style=\"line-height: 1.38;margin-top: 0pt;margin-bottom: 0pt\" dir=\"ltr\"><span style=\"font-size: 11pt;font-family: Arial;color: #000000;background-color: transparent;font-weight: 400;font-style: normal;font-variant: normal;text-decoration: none;vertical-align: baseline\">1. paaudzes nakts redzam\u012bba (att\u0113la pastiprin\u0101t\u0101js)<\/span><\/p>\n<\/li>\n<li style=\"list-style-type: disc;font-size: 11pt;font-family: Arial;color: #000000;background-color: transparent;font-weight: 400;font-style: normal;font-variant: normal;text-decoration: none;vertical-align: baseline\" dir=\"ltr\">\n<p style=\"line-height: 1.38;margin-top: 0pt;margin-bottom: 0pt\" dir=\"ltr\"><span style=\"font-size: 11pt;font-family: Arial;color: #000000;background-color: transparent;font-weight: 400;font-style: normal;font-variant: normal;text-decoration: none;vertical-align: baseline\">Infrasarkanais apgaismojums nov\u0113ro&scaron;anai pat piln\u012bg\u0101 tums\u0101<\/span><\/p>\n<\/li>\n<li style=\"list-style-type: disc;font-size: 11pt;font-family: Arial;color: #000000;background-color: transparent;font-weight: 400;font-style: normal;font-variant: normal;text-decoration: none;vertical-align: baseline\" dir=\"ltr\">\n<p style=\"line-height: 1.38;margin-top: 0pt;margin-bottom: 0pt\" dir=\"ltr\"><span style=\"font-size: 11pt;font-family: Arial;color: #000000;background-color: transparent;font-weight: 400;font-style: normal;font-variant: normal;text-decoration: none;vertical-align: baseline\">Piln\u012bb\u0101 p\u0101rkl\u0101ta optika<\/span><\/p>\n<\/li>\n<li style=\"list-style-type: disc;font-size: 11pt;font-family: Arial;color: #000000;background-color: transparent;font-weight: 400;font-style: normal;font-variant: normal;text-decoration: none;vertical-align: baseline\" dir=\"ltr\">\n<p style=\"line-height: 1.38;margin-top: 0pt;margin-bottom: 0pt\" dir=\"ltr\"><span style=\"font-size: 11pt;font-family: Arial;color: #000000;background-color: transparent;font-weight: 400;font-style: normal;font-variant: normal;text-decoration: none;vertical-align: baseline\">\u012ass tuvs fokuss<\/span><\/p>\n<\/li>\n<li style=\"list-style-type: disc;font-size: 11pt;font-family: Arial;color: #000000;background-color: transparent;font-weight: 400;font-style: normal;font-variant: normal;text-decoration: none;vertical-align: baseline\" dir=\"ltr\">\n<p style=\"line-height: 1.38;margin-top: 0pt;margin-bottom: 0pt\" dir=\"ltr\"><span style=\"font-size: 11pt;font-family: Arial;color: #000000;background-color: transparent;font-weight: 400;font-style: normal;font-variant: normal;text-decoration: none;vertical-align: baseline\">Vienk\u0101r&scaron;a darb\u012bba ar vienu roku<\/span><\/p>\n<\/li>\n<li style=\"list-style-type: disc;font-size: 11pt;font-family: Arial;color: #000000;background-color: transparent;font-weight: 400;font-style: normal;font-variant: normal;text-decoration: none;vertical-align: baseline\" dir=\"ltr\">\n<p style=\"line-height: 1.38;margin-top: 0pt;margin-bottom: 0pt\" dir=\"ltr\"><span style=\"font-size: 11pt;font-family: Arial;color: #000000;background-color: transparent;font-weight: 400;font-style: normal;font-variant: normal;text-decoration: none;vertical-align: baseline\">Trijkoda savienojums<\/span><\/p>\n<\/li>\n<li style=\"list-style-type: disc;font-size: 11pt;font-family: Arial;color: #000000;background-color: transparent;font-weight: 400;font-style: normal;font-variant: normal;text-decoration: none;vertical-align: baseline\" dir=\"ltr\">\n<p style=\"line-height: 1.38;margin-top: 0pt;margin-bottom: 0pt\" dir=\"ltr\"><span style=\"font-size: 11pt;font-family: Arial;color: #000000;background-color: transparent;font-weight: 400;font-style: normal;font-variant: normal;text-decoration: none;vertical-align: baseline\">Viegls svars<\/span><\/p>\n<\/li>\n<\/ul>\n<p><strong style=\"font-weight: normal\"><br \/><\/strong><\/p>\n<p style=\"line-height: 1.38;margin-top: 0pt;margin-bottom: 0pt\" dir=\"ltr\"><span style=\"font-size: 11pt;font-family: Arial;color: #000000;background-color: transparent;font-weight: 700;font-style: normal;font-variant: normal;text-decoration: none;vertical-align: baseline\">Komplekt\u0101 ietilpst:<\/span><\/p>\n<p><strong style=\"font-weight: normal\"><br \/><\/strong><\/p>\n<ol style=\"margin-top: 0pt;margin-bottom: 0pt\">\n<li style=\"list-style-type: decimal;font-size: 11pt;font-family: Arial;color: #000000;background-color: transparent;font-weight: 400;font-style: normal;font-variant: normal;text-decoration: none;vertical-align: baseline\" dir=\"ltr\">\n<p style=\"line-height: 1.38;margin-top: 0pt;margin-bottom: 0pt\" dir=\"ltr\"><span style=\"font-size: 11pt;font-family: Arial;color: #000000;background-color: transparent;font-weight: 400;font-style: normal;font-variant: normal;text-decoration: none;vertical-align: baseline\">Nakts redzam\u012bba monokulis<\/span><\/p>\n<\/li>\n<li style=\"list-style-type: decimal;font-size: 11pt;font-family: Arial;color: #000000;background-color: transparent;font-weight: 400;font-style: normal;font-variant: normal;text-decoration: none;vertical-align: baseline\" dir=\"ltr\">\n<p style=\"line-height: 1.38;margin-top: 0pt;margin-bottom: 0pt\" dir=\"ltr\"><span style=\"font-size: 11pt;font-family: Arial;color: #000000;background-color: transparent;font-weight: 400;font-style: normal;font-variant: normal;text-decoration: none;vertical-align: baseline\">Jostas somi\u0146a<\/span><\/p>\n<\/li>\n<li style=\"list-style-type: decimal;font-size: 11pt;font-family: Arial;color: #000000;background-color: transparent;font-weight: 400;font-style: normal;font-variant: normal;text-decoration: none;vertical-align: baseline\" dir=\"ltr\">\n<p style=\"line-height: 1.38;margin-top: 0pt;margin-bottom: 0pt\" dir=\"ltr\"><span style=\"font-size: 11pt;font-family: Arial;color: #000000;background-color: transparent;font-weight: 400;font-style: normal;font-variant: normal;text-decoration: none;vertical-align: baseline\">Akumulators (3V 1xCR123A)<\/span><\/p>\n<\/li>\n<li style=\"list-style-type: decimal;font-size: 11pt;font-family: Arial;color: #000000;background-color: transparent;font-weight: 400;font-style: normal;font-variant: normal;text-decoration: none;vertical-align: baseline\" dir=\"ltr\">\n<p style=\"line-height: 1.38;margin-top: 0pt;margin-bottom: 0pt\" dir=\"ltr\"><span style=\"font-size: 11pt;font-family: Arial;color: #000000;background-color: transparent;font-weight: 400;font-style: normal;font-variant: normal;text-decoration: none;vertical-align: baseline\">Lietot\u0101ja rokasgr\u0101mata<\/span><\/p>\n<\/li>\n<\/ol>\n<p><strong style=\"font-weight: normal\"><br \/><\/strong><\/p>\n<p style=\"line-height: 1.38;margin-top: 0pt;margin-bottom: 0pt\" dir=\"ltr\"><span style=\"font-size: 11pt;font-family: Arial;color: #000000;background-color: transparent;font-weight: 400;font-style: normal;font-variant: normal;text-decoration: none;vertical-align: baseline\">Nakts redze monokulis, lai nov\u0113rotu v\u0101j\u0101 apgaismojum\u0101 vai piln\u012bg\u0101 tums\u0101<\/span><\/p>\n<p style=\"line-height: 1.38;margin-top: 0pt;margin-bottom: 0pt\" dir=\"ltr\"><span style=\"font-size: 11pt;font-family: Arial;color: #000000;background-color: transparent;font-weight: 400;font-style: normal;font-variant: normal;text-decoration: none;vertical-align: baseline\">Palielin\u0101jums: 3x \/ Objekt\u012bva diametrs: 42mm \/ Optiskie p\u0101rkl\u0101jumi: Piln\u012bb\u0101 p\u0101rkl\u0101ts &#8211; zils<\/span><\/p>\n<p style=\"line-height: 1.38;margin-top: 0pt;margin-bottom: 0pt\" dir=\"ltr\"><span style=\"font-size: 11pt;font-family: Arial;color: #000000;background-color: transparent;font-weight: 400;font-style: normal;font-variant: normal;text-decoration: none;vertical-align: baseline\">Optiskais dizains: pirm\u0101s paaudzes \/ 1\/4 &#8220;stat\u012bva stiprin\u0101juma att\u0113ls<\/span><\/p>\n<p style=\"line-height: 1.38;margin-top: 0pt;margin-bottom: 0pt\" dir=\"ltr\"><span style=\"font-size: 11pt;font-family: Arial;color: #000000;background-color: transparent;font-weight: 700;font-style: normal;font-variant: normal;text-decoration: none;vertical-align: baseline\">Izm\u0113ri: 162x82x60mm \/ Svars: 420 grami<\/span><\/p>\n","protected":false},"excerpt":{"rendered":"<p>BRESSER NightSpy ir monokulis 1 paaudzes nakts redzam\u012bbas ier\u012bce ar integr\u0113tu infrasarkano staru apgaismot\u0101ju ,un stat\u012bvs adaptera v\u012btni, kas iepakota kompakt\u0101 pl\u0101n\u0101 korpus\u0101. &Scaron;aj\u0101 instrument\u0101 ir ieb\u016bv\u0113ti &#8220;m\u012bkstas piesk\u0101riena&#8221; vad\u012bbas pogas, baro&scaron;anas un infrasarkanie indikatori, k\u0101 ar\u012b ergonomiski izveidots korpuss, ko var darbin\u0101t ar vienu roku. Ier\u012bce ir apr\u012bkota ar objekt\u012bvu sist\u0113mu, kas izgatavota no [&hellip;]<\/p>\n","protected":false},"featured_media":0,"template":"","meta":[],"product_brand":[],"product_cat":[4640,4938,4943],"product_tag":[],"class_list":{"0":"post-79384","1":"product","2":"type-product","3":"status-publish","5":"product_cat-recreation","6":"product_cat-optics-recreation","7":"product_cat---optics-recreation","9":"first","10":"instock","11":"shipping-taxable","12":"purchasable","13":"product-type-simple"},"_links":{"self":[{"href":"https:\/\/sezona.lv\/en\/wp-json\/wp\/v2\/product\/79384","targetHints":{"allow":["GET"]}}],"collection":[{"href":"https:\/\/sezona.lv\/en\/wp-json\/wp\/v2\/product"}],"about":[{"href":"https:\/\/sezona.lv\/en\/wp-json\/wp\/v2\/types\/product"}],"wp:attachment":[{"href":"https:\/\/sezona.lv\/en\/wp-json\/wp\/v2\/media?parent=79384"}],"wp:term":[{"taxonomy":"product_brand","embeddable":true,"href":"https:\/\/sezona.lv\/en\/wp-json\/wp\/v2\/product_brand?post=79384"},{"taxonomy":"product_cat","embeddable":true,"href":"https:\/\/sezona.lv\/en\/wp-json\/wp\/v2\/product_cat?post=79384"},{"taxonomy":"product_tag","embeddable":true,"href":"https:\/\/sezona.lv\/en\/wp-json\/wp\/v2\/product_tag?post=79384"}],"curies":[{"name":"wp","href":"https:\/\/api.w.org\/{rel}","templated":true}]}}