{"id":79385,"date":"2025-07-11T16:58:32","date_gmt":"2025-07-11T13:58:32","guid":{"rendered":"https:\/\/demo8.ecube.lv\/sezona.lv\/products\/atn-x-sight-4k-pro-5-20x-smart-ultra-hd-day-night-rifle-scope\/"},"modified":"2025-07-14T15:39:16","modified_gmt":"2025-07-14T12:39:16","slug":"atn-x-sight-4k-pro-5-20x-smart-ultra-hd-day-night-rifle-scope","status":"publish","type":"product","link":"https:\/\/sezona.lv\/en\/products\/atn-x-sight-4k-pro-5-20x-smart-ultra-hd-day-night-rifle-scope\/","title":{"rendered":"ATN X-SIGHT 4K PRO 5-20X Smart Ultra HD day &amp; night rifle scope"},"content":{"rendered":"<div id=\"tab-description\" class=\"tab-pane active\">\n<p>Specifik\u0101cija<\/p>\n<p><span style=\"font-size: 12px\">Laika pretest\u012bba J\u0101<\/span><\/p>\n<p><span style=\"font-size: 12px\">Augstums 3 collas<\/span><\/p>\n<p><span style=\"font-size: 12px\">Objekt\u012bva diametrs 70 mm<\/span><\/p>\n<p><span style=\"font-size: 12px\">Platums 3 collas<\/span><\/p>\n<p><span style=\"font-size: 12px\">Dioptru regul\u0113&scaron;anas diapazons -5 &#8211; 5 dpt<\/span><\/p>\n<p><span style=\"font-size: 12px\">240 p\u0113das laukums pie 1000 j\u016bd\u017eu<\/span><\/p>\n<p><span style=\"font-size: 12px\">Acu atvieglojums 90 mm<\/span><\/p>\n<p><span style=\"font-size: 12px\">Palielin\u0101juma diapazons 5 &#8211; 20 x<\/span><\/p>\n<p><span style=\"font-size: 12px\">Minim\u0101lais fokusa att\u0101lums 10 m<\/span><\/p>\n<p><span style=\"font-size: 12px\">\u016adens pretest\u012bbas l\u012bmenis \u016adensiztur\u012bgs<\/span><\/p>\n<p><span style=\"font-size: 12px\">Svars 2,2 lbs<\/span><\/p>\n<p><span style=\"font-size: 12px\">Fokusa diapazons 10 m l\u012bdz bezgal\u012bbai<\/span><\/p>\n<p><span style=\"font-size: 12px\">Garums 14,9 collas<\/span><\/p>\n<p><span style=\"font-size: 12px\">Iek\u013cauti  aksesu\u0101ri , USB-C kabelis, 2 x standarta gredzeni, L formas gredzens,  gredzens w \/ Picatinny dzelzce\u013c&scaron;, darb\u012bbas lauka v\u0101ks<\/span><\/p>\n<p><span style=\"font-size: 12px\">Darb\u012bbas temperat\u016bras diapazons -40 &#8211; 55 Celsija<\/span><\/p>\n<p><span style=\"font-size: 12px\">Spilgtuma iestat\u012bjumi 0<\/span><\/p>\n<p><span style=\"font-size: 12px\">Iz&scaron;\u0137irtsp\u0113ja 4000 pikse\u013ci<\/span><\/p>\n<p><span style=\"font-size: 12px\">Battery Life 18 + stundas<\/span><\/p>\n<p><span style=\"font-size: 12px\">Atsvaidzes frekvence 120 kadri sekund\u0113<\/span><\/p>\n<p><span style=\"font-size: 12px\">Akumulatora tips Iek&scaron;\u0113jais litija jonu<\/span><\/p>\n<p><span style=\"font-size: 12px\">Detektora diapazons 10 m<\/span><\/p>\n<p><span style=\"font-size: 12px\">Kr\u0101sa melna<\/span><\/p>\n<\/div>\n","protected":false},"excerpt":{"rendered":"<p>Specifik\u0101cija Laika pretest\u012bba J\u0101 Augstums 3 collas Objekt\u012bva diametrs 70 mm Platums 3 collas Dioptru regul\u0113&scaron;anas diapazons -5 &#8211; 5 dpt 240 p\u0113das laukums pie 1000 j\u016bd\u017eu Acu atvieglojums 90 mm Palielin\u0101juma diapazons 5 &#8211; 20 x Minim\u0101lais fokusa att\u0101lums 10 m \u016adens pretest\u012bbas l\u012bmenis \u016adensiztur\u012bgs Svars 2,2 lbs Fokusa diapazons 10 m l\u012bdz bezgal\u012bbai [&hellip;]<\/p>\n","protected":false},"featured_media":71807,"template":"","meta":[],"product_brand":[],"product_cat":[4938,4943],"product_tag":[],"class_list":{"0":"post-79385","1":"product","2":"type-product","3":"status-publish","4":"has-post-thumbnail","6":"product_cat-optics-recreation","7":"product_cat---optics-recreation","9":"first","10":"instock","11":"shipping-taxable","12":"purchasable","13":"product-type-simple"},"_links":{"self":[{"href":"https:\/\/sezona.lv\/en\/wp-json\/wp\/v2\/product\/79385","targetHints":{"allow":["GET"]}}],"collection":[{"href":"https:\/\/sezona.lv\/en\/wp-json\/wp\/v2\/product"}],"about":[{"href":"https:\/\/sezona.lv\/en\/wp-json\/wp\/v2\/types\/product"}],"wp:featuredmedia":[{"embeddable":true,"href":"https:\/\/sezona.lv\/en\/wp-json\/wp\/v2\/media\/71807"}],"wp:attachment":[{"href":"https:\/\/sezona.lv\/en\/wp-json\/wp\/v2\/media?parent=79385"}],"wp:term":[{"taxonomy":"product_brand","embeddable":true,"href":"https:\/\/sezona.lv\/en\/wp-json\/wp\/v2\/product_brand?post=79385"},{"taxonomy":"product_cat","embeddable":true,"href":"https:\/\/sezona.lv\/en\/wp-json\/wp\/v2\/product_cat?post=79385"},{"taxonomy":"product_tag","embeddable":true,"href":"https:\/\/sezona.lv\/en\/wp-json\/wp\/v2\/product_tag?post=79385"}],"curies":[{"name":"wp","href":"https:\/\/api.w.org\/{rel}","templated":true}]}}